{"id":82794,"date":"2018-04-26T18:10:52","date_gmt":"2018-04-26T18:10:52","guid":{"rendered":"http:\/\/www.irdin.org.br\/site\/produto\/a-irritacao-esse-veneno\/"},"modified":"2023-01-20T16:27:10","modified_gmt":"2023-01-20T16:27:10","slug":"a-irritacao-esse-veneno","status":"publish","type":"product","link":"https:\/\/www.irdin.org.br\/site\/produtos\/a-irritacao-esse-veneno\/","title":{"rendered":"A irrita\u00e7\u00e3o, esse veneno"},"content":{"rendered":"<p>Com base na ci\u00eancia espiritual, um conjunto de provid\u00eancias para a compreens\u00e3o espiritual da vida.<\/p>\n<p>Palestra 1:<\/p>\n<p>Como age negativamente a irrita\u00e7\u00e3o em nossos corpos \/ A causa de muitas doen\u00e7as,\u00a0 segundo o Agni Ioga\u00a0 \/ A presun\u00e7\u00e3o e a autopiedade causam tanta debilidade quanto a irrita\u00e7\u00e3o \/ Compreens\u00e3o amorosa como ant\u00eddoto de muitos males \/ Mestre Morya define o &#8220;imperil&#8221;.<\/p>\n<p>&nbsp;<\/p>\n<p>Palestra 2:<\/p>\n<p>Como a ci\u00eancia espiritual considera o barulho e a sua influ\u00eancia sobre nosso ser \/ A cobi\u00e7a e a ambi\u00e7\u00e3o como sobrecargas \u00e0s tempestades eletromagn\u00e9ticas \u00e0s quais estamos sujeitos \/ Barulhos aud\u00edveis e inaud\u00edveis que impedem o fluir nos circuitos espirituais \/ Sil\u00eancio do pensamento como imunizante \u00e0s irrita\u00e7\u00f5es.<\/p>\n<p><strong>Faixas:<\/strong><\/p>\n<p><span data-href=\"https:\/\/www.irdin.org.br\/site\/envios\/audios\/2901_0001__por_por__a_irritacao_esse_veneno_1.mp3\" data-title=\"1 - a irrita\u00e7\u00e3o, esse veneno - 1\" data-rel=\"\" data-target=\"\" data-meta=\"#fap-meta-6a036952cca5c\" class=\"fap-single-track fap-track-button fap-play-button\" data-enqueue=\"no\" data-autoenqueue=\"no\" title=\"1 - a irrita\u00e7\u00e3o, esse veneno - 1\"><span class=\"fap-icon-play\"><\/span>Ouvir<\/span> <a class=\"baixar\" href=\"https:\/\/www.irdin.org.br\/site\/envios\/audios\/2901_0001__por_por__a_irritacao_esse_veneno_1.mp3\">Baixar<\/a> <span class=\"textobaixar\"> 1 &#8211; a irrita\u00e7\u00e3o, esse veneno &#8211; 1<\/span><br \/>\n<span data-href=\"https:\/\/www.irdin.org.br\/site\/envios\/audios\/2901_0002__por_por__a_irritacao_esse_veneno_2.mp3\" data-title=\"2 - a irrita\u00e7\u00e3o, esse veneno - 2\" data-rel=\"\" data-target=\"\" data-meta=\"#fap-meta-6a036952ccade\" class=\"fap-single-track fap-track-button fap-play-button\" data-enqueue=\"no\" data-autoenqueue=\"no\" title=\"2 - a irrita\u00e7\u00e3o, esse veneno - 2\"><span class=\"fap-icon-play\"><\/span>Ouvir<\/span> <a class=\"baixar\" href=\"https:\/\/www.irdin.org.br\/site\/envios\/audios\/2901_0002__por_por__a_irritacao_esse_veneno_2.mp3\">Baixar<\/a> <span class=\"textobaixar\"> 2 &#8211; a irrita\u00e7\u00e3o, esse veneno &#8211; 2<\/span><\/p>\n<p>&nbsp;<\/p>\n","protected":false},"excerpt":{"rendered":"<p>Com base na ci\u00eancia espiritual, um conjunto de provid\u00eancias para a compreens\u00e3o espiritual da vida. Palestra 1: Como age negativamente<\/p>\n","protected":false},"featured_media":8072,"template":"","meta":{"_acf_changed":false},"product_brand":[],"product_cat":[18076,33109],"product_tag":[38973],"class_list":{"0":"post-82794","1":"product","2":"type-product","3":"status-publish","4":"has-post-thumbnail","6":"product_cat-cddvd","7":"product_cat-colecoes","8":"product_tag-38973","9":"pa_autor-trigueirinho","10":"pa_codigo-da-serie-24024","11":"pa_data-de-gravacao-24194","12":"pa_idioma-de-destino-portugues","13":"pa_lancamento-no","14":"pa_midia-cd","15":"pa_moac-38972","16":"pa_quantidade-de-saldo-33067","17":"pa_sequencial-da-serie-31925","18":"pa_tipo-de-traducao-nao-classificado","20":"first","21":"outofstock","22":"product-type-simple"},"acf":[],"_links":{"self":[{"href":"https:\/\/www.irdin.org.br\/site\/wp-json\/wp\/v2\/product\/82794","targetHints":{"allow":["GET"]}}],"collection":[{"href":"https:\/\/www.irdin.org.br\/site\/wp-json\/wp\/v2\/product"}],"about":[{"href":"https:\/\/www.irdin.org.br\/site\/wp-json\/wp\/v2\/types\/product"}],"version-history":[{"count":1,"href":"https:\/\/www.irdin.org.br\/site\/wp-json\/wp\/v2\/product\/82794\/revisions"}],"predecessor-version":[{"id":103683,"href":"https:\/\/www.irdin.org.br\/site\/wp-json\/wp\/v2\/product\/82794\/revisions\/103683"}],"wp:featuredmedia":[{"embeddable":true,"href":"https:\/\/www.irdin.org.br\/site\/wp-json\/wp\/v2\/media\/8072"}],"wp:attachment":[{"href":"https:\/\/www.irdin.org.br\/site\/wp-json\/wp\/v2\/media?parent=82794"}],"wp:term":[{"taxonomy":"product_brand","embeddable":true,"href":"https:\/\/www.irdin.org.br\/site\/wp-json\/wp\/v2\/product_brand?post=82794"},{"taxonomy":"product_cat","embeddable":true,"href":"https:\/\/www.irdin.org.br\/site\/wp-json\/wp\/v2\/product_cat?post=82794"},{"taxonomy":"product_tag","embeddable":true,"href":"https:\/\/www.irdin.org.br\/site\/wp-json\/wp\/v2\/product_tag?post=82794"}],"curies":[{"name":"wp","href":"https:\/\/api.w.org\/{rel}","templated":true}]}}