{"id":82795,"date":"2018-04-26T18:10:52","date_gmt":"2018-04-26T18:10:52","guid":{"rendered":"http:\/\/www.irdin.org.br\/site\/produto\/a-mae-que-encarna-e-a-outra-mae\/"},"modified":"2022-01-31T13:40:58","modified_gmt":"2022-01-31T13:40:58","slug":"a-mae-que-encarna-e-a-outra-mae","status":"publish","type":"product","link":"https:\/\/www.irdin.org.br\/site\/produtos\/a-mae-que-encarna-e-a-outra-mae\/","title":{"rendered":"A M\u00e3e que encarna e a Outra M\u00e3e"},"content":{"rendered":"<p>O n\u00edvel divino de consci\u00eancia, que era familiar \u00e0 M\u00e3e, permeia as ideias aqui selecionadas e nos orientam amorosamente. Desde o princ\u00edpio, em Figueira, se trabalha os pensamentos da M\u00e3e em alguns estudos, e esta colet\u00e2nea representa uma s\u00edntese que consideramos oportuna para o momento atual.<\/p>\n<p>&nbsp;<br \/>\n<strong>Faixas:<\/strong><\/p>\n<p><span data-href=\"https:\/\/www.irdin.org.br\/site\/envios\/audios\/2893_0001__por_por__a_mae_que_encarna_e_a_outra_mae_1.mp3\" data-title=\"1 - a m\u00e3e que encarna e a outra m\u00e3e - 1\" data-rel=\"\" data-target=\"\" data-meta=\"#fap-meta-6a0357e75c903\" class=\"fap-single-track fap-track-button fap-play-button\" data-enqueue=\"no\" data-autoenqueue=\"no\" title=\"1 - a m\u00e3e que encarna e a outra m\u00e3e - 1\"><span class=\"fap-icon-play\"><\/span>Ouvir<\/span> <a href=\"https:\/\/www.irdin.org.br\/site\/envios\/audios\/2893_0001__por_por__a_mae_que_encarna_e_a_outra_mae_1.mp3\" class=\"baixar\"><span class=\"fa fa-arrow-down\"><\/span>Baixar<\/span><\/a> <span class=\"textobaixar\"> 1 &#8211; a m\u00e3e que encarna e a outra m\u00e3e &#8211; 1<\/span><br \/>\n<span data-href=\"https:\/\/www.irdin.org.br\/site\/envios\/audios\/2893_0002__por_por__a_mae_que_encarna_e_a_outra_mae_2.mp3\" data-title=\"2 - a m\u00e3e que encarna e a outra m\u00e3e - 2\" data-rel=\"\" data-target=\"\" data-meta=\"#fap-meta-6a0357e75c976\" class=\"fap-single-track fap-track-button fap-play-button\" data-enqueue=\"no\" data-autoenqueue=\"no\" title=\"2 - a m\u00e3e que encarna e a outra m\u00e3e - 2\"><span class=\"fap-icon-play\"><\/span>Ouvir<\/span> <a href=\"https:\/\/www.irdin.org.br\/site\/envios\/audios\/2893_0002__por_por__a_mae_que_encarna_e_a_outra_mae_2.mp3\" class=\"baixar\"><span class=\"fa fa-arrow-down\"><\/span>Baixar<\/span><\/a> <span class=\"textobaixar\"> 2 &#8211; a m\u00e3e que encarna e a outra m\u00e3e &#8211; 2<\/span><br \/>\n<span data-href=\"https:\/\/www.irdin.org.br\/site\/envios\/audios\/2893_0003__por_por__a_mae_que_encarna_e_a_outra_mae_3.mp3\" data-title=\"3 - a m\u00e3e que encarna e a outra m\u00e3e - 3\" data-rel=\"\" data-target=\"\" data-meta=\"#fap-meta-6a0357e75c9c5\" class=\"fap-single-track fap-track-button fap-play-button\" data-enqueue=\"no\" data-autoenqueue=\"no\" title=\"3 - a m\u00e3e que encarna e a outra m\u00e3e - 3\"><span class=\"fap-icon-play\"><\/span>Ouvir<\/span> <a href=\"https:\/\/www.irdin.org.br\/site\/envios\/audios\/2893_0003__por_por__a_mae_que_encarna_e_a_outra_mae_3.mp3\" class=\"baixar\"><span class=\"fa fa-arrow-down\"><\/span>Baixar<\/span><\/a> <span class=\"textobaixar\"> 3 &#8211; a m\u00e3e que encarna e a outra m\u00e3e &#8211; 3<\/span><\/p>\n<p>&nbsp;<\/p>\n","protected":false},"excerpt":{"rendered":"<p>O n\u00edvel divino de consci\u00eancia, que era familiar \u00e0 M\u00e3e, permeia as ideias aqui selecionadas e nos orientam amorosamente. Desde<\/p>\n","protected":false},"featured_media":8030,"template":"","meta":{"_acf_changed":false},"product_brand":[],"product_cat":[18076,33109],"product_tag":[38975],"class_list":{"0":"post-82795","1":"product","2":"type-product","3":"status-publish","4":"has-post-thumbnail","6":"product_cat-cddvd","7":"product_cat-colecoes","8":"product_tag-38975","9":"pa_autor-trigueirinho","10":"pa_codigo-da-serie-24024","11":"pa_data-de-gravacao-24102","12":"pa_idioma-de-destino-portugues","13":"pa_lancamento-no","14":"pa_midia-cd","15":"pa_moac-38974","16":"pa_quantidade-de-saldo-33067","17":"pa_sequencial-da-serie-31900","18":"pa_tipo-de-traducao-nao-classificado","20":"first","21":"outofstock","22":"product-type-simple"},"acf":[],"_links":{"self":[{"href":"https:\/\/www.irdin.org.br\/site\/wp-json\/wp\/v2\/product\/82795","targetHints":{"allow":["GET"]}}],"collection":[{"href":"https:\/\/www.irdin.org.br\/site\/wp-json\/wp\/v2\/product"}],"about":[{"href":"https:\/\/www.irdin.org.br\/site\/wp-json\/wp\/v2\/types\/product"}],"version-history":[{"count":0,"href":"https:\/\/www.irdin.org.br\/site\/wp-json\/wp\/v2\/product\/82795\/revisions"}],"wp:featuredmedia":[{"embeddable":true,"href":"https:\/\/www.irdin.org.br\/site\/wp-json\/wp\/v2\/media\/8030"}],"wp:attachment":[{"href":"https:\/\/www.irdin.org.br\/site\/wp-json\/wp\/v2\/media?parent=82795"}],"wp:term":[{"taxonomy":"product_brand","embeddable":true,"href":"https:\/\/www.irdin.org.br\/site\/wp-json\/wp\/v2\/product_brand?post=82795"},{"taxonomy":"product_cat","embeddable":true,"href":"https:\/\/www.irdin.org.br\/site\/wp-json\/wp\/v2\/product_cat?post=82795"},{"taxonomy":"product_tag","embeddable":true,"href":"https:\/\/www.irdin.org.br\/site\/wp-json\/wp\/v2\/product_tag?post=82795"}],"curies":[{"name":"wp","href":"https:\/\/api.w.org\/{rel}","templated":true}]}}