{"id":82796,"date":"2018-04-26T18:10:52","date_gmt":"2018-04-26T18:10:52","guid":{"rendered":"http:\/\/www.irdin.org.br\/site\/produto\/a-mae-universal-e-a-emergencia-planetaria\/"},"modified":"2022-01-28T21:54:50","modified_gmt":"2022-01-28T21:54:50","slug":"a-mae-universal-e-a-emergencia-planetaria","status":"publish","type":"product","link":"https:\/\/www.irdin.org.br\/site\/produtos\/a-mae-universal-e-a-emergencia-planetaria\/","title":{"rendered":"A M\u00e3e Universal e a emerg\u00eancia planet\u00e1ria"},"content":{"rendered":"<p>O lado espiritual, o material e o simb\u00f3lico nas comunica\u00e7\u00f5es doadas pela Hierarquia, nesta \u00e9poca. Detalhes pungentes que nos tocam a todos.<\/p>\n<p>&nbsp;<br \/>\n<strong>Faixas:<\/strong><\/p>\n<p><span data-href=\"https:\/\/www.irdin.org.br\/site\/envios\/audios\/2819_0001__por_por__a _mae_universal_e_a_emergencia_planetaria_1.mp3\" data-title=\"1 - a m\u00e3e universal e a emerg\u00eancia planet\u00e1ria i\" data-rel=\"\" data-target=\"\" data-meta=\"#fap-meta-6a04bf625e54d\" class=\"fap-single-track fap-track-button fap-play-button\" data-enqueue=\"no\" data-autoenqueue=\"no\" title=\"1 - a m\u00e3e universal e a emerg\u00eancia planet\u00e1ria i\"><span class=\"fap-icon-play\"><\/span>Ouvir<\/span> <a href=\"https:\/\/www.irdin.org.br\/site\/envios\/audios\/2819_0001__por_por__a _mae_universal_e_a_emergencia_planetaria_1.mp3\" class=\"baixar\"><span class=\"fa fa-arrow-down\"><\/span>Baixar<\/span><\/a> <span class=\"textobaixar\"> 1 &#8211; a m\u00e3e universal e a emerg\u00eancia planet\u00e1ria i<\/span><br \/>\n<span data-href=\"https:\/\/www.irdin.org.br\/site\/envios\/audios\/2819_0002__por_por__a _mae_universal_e_a_emergencia_planetaria_2.mp3\" data-title=\"2 - a m\u00e3e universal e a emerg\u00eancia planet\u00e1ria ii\" data-rel=\"\" data-target=\"\" data-meta=\"#fap-meta-6a04bf625e644\" class=\"fap-single-track fap-track-button fap-play-button\" data-enqueue=\"no\" data-autoenqueue=\"no\" title=\"2 - a m\u00e3e universal e a emerg\u00eancia planet\u00e1ria ii\"><span class=\"fap-icon-play\"><\/span>Ouvir<\/span> <a href=\"https:\/\/www.irdin.org.br\/site\/envios\/audios\/2819_0002__por_por__a _mae_universal_e_a_emergencia_planetaria_2.mp3\" class=\"baixar\"><span class=\"fa fa-arrow-down\"><\/span>Baixar<\/span><\/a> <span class=\"textobaixar\"> 2 &#8211; a m\u00e3e universal e a emerg\u00eancia planet\u00e1ria ii<\/span><br \/>\n<span data-href=\"https:\/\/www.irdin.org.br\/site\/envios\/audios\/2819_0003__por_por__a _mae_universal_e_a_emergencia_planetaria_3.mp3\" data-title=\"3 - a m\u00e3e universal e a emerg\u00eancia planet\u00e1ria iii\" data-rel=\"\" data-target=\"\" data-meta=\"#fap-meta-6a04bf625e6dd\" class=\"fap-single-track fap-track-button fap-play-button\" data-enqueue=\"no\" data-autoenqueue=\"no\" title=\"3 - a m\u00e3e universal e a emerg\u00eancia planet\u00e1ria iii\"><span class=\"fap-icon-play\"><\/span>Ouvir<\/span> <a href=\"https:\/\/www.irdin.org.br\/site\/envios\/audios\/2819_0003__por_por__a _mae_universal_e_a_emergencia_planetaria_3.mp3\" class=\"baixar\"><span class=\"fa fa-arrow-down\"><\/span>Baixar<\/span><\/a> <span class=\"textobaixar\"> 3 &#8211; a m\u00e3e universal e a emerg\u00eancia planet\u00e1ria iii<\/span><\/p>\n<p>&nbsp;<\/p>\n","protected":false},"excerpt":{"rendered":"<p>O lado espiritual, o material e o simb\u00f3lico nas comunica\u00e7\u00f5es doadas pela Hierarquia, nesta \u00e9poca. Detalhes pungentes que nos tocam<\/p>\n","protected":false},"featured_media":7982,"template":"","meta":{"_acf_changed":false},"product_brand":[],"product_cat":[18076,33068],"product_tag":[38977],"class_list":{"0":"post-82796","1":"product","2":"type-product","3":"status-publish","4":"has-post-thumbnail","6":"product_cat-cddvd","7":"product_cat-palestras","8":"product_tag-38977","9":"pa_autor-trigueirinho","10":"pa_codigo-da-serie-24014","11":"pa_data-de-gravacao-24011","12":"pa_idioma-de-destino-portugues","13":"pa_lancamento-no","14":"pa_midia-cd","15":"pa_moac-38976","16":"pa_quantidade-de-saldo-33067","17":"pa_sequencial-da-serie-31880","18":"pa_tipo-de-traducao-nao-classificado","20":"first","21":"outofstock","22":"product-type-simple"},"acf":[],"_links":{"self":[{"href":"https:\/\/www.irdin.org.br\/site\/wp-json\/wp\/v2\/product\/82796","targetHints":{"allow":["GET"]}}],"collection":[{"href":"https:\/\/www.irdin.org.br\/site\/wp-json\/wp\/v2\/product"}],"about":[{"href":"https:\/\/www.irdin.org.br\/site\/wp-json\/wp\/v2\/types\/product"}],"version-history":[{"count":0,"href":"https:\/\/www.irdin.org.br\/site\/wp-json\/wp\/v2\/product\/82796\/revisions"}],"wp:featuredmedia":[{"embeddable":true,"href":"https:\/\/www.irdin.org.br\/site\/wp-json\/wp\/v2\/media\/7982"}],"wp:attachment":[{"href":"https:\/\/www.irdin.org.br\/site\/wp-json\/wp\/v2\/media?parent=82796"}],"wp:term":[{"taxonomy":"product_brand","embeddable":true,"href":"https:\/\/www.irdin.org.br\/site\/wp-json\/wp\/v2\/product_brand?post=82796"},{"taxonomy":"product_cat","embeddable":true,"href":"https:\/\/www.irdin.org.br\/site\/wp-json\/wp\/v2\/product_cat?post=82796"},{"taxonomy":"product_tag","embeddable":true,"href":"https:\/\/www.irdin.org.br\/site\/wp-json\/wp\/v2\/product_tag?post=82796"}],"curies":[{"name":"wp","href":"https:\/\/api.w.org\/{rel}","templated":true}]}}