{"id":82802,"date":"2018-04-26T18:11:08","date_gmt":"2018-04-26T18:11:08","guid":{"rendered":"http:\/\/www.irdin.org.br\/site\/produto\/anjos-e-devas\/"},"modified":"2022-02-14T16:25:56","modified_gmt":"2022-02-14T16:25:56","slug":"anjos-e-devas","status":"publish","type":"product","link":"https:\/\/www.irdin.org.br\/site\/produtos\/anjos-e-devas\/","title":{"rendered":"Anjos e Devas"},"content":{"rendered":"<p>Colet\u00e2nea de sete palestras sobre Anjos e Devas, seres que, embora estejam pr\u00f3ximos de n\u00f3s, ainda s\u00e3o misteriosos para a maioria da humanidade da superf\u00edcie. A intera\u00e7\u00e3o com Anjos e Devas nos auxilia a entrar em contato com novos potenciais do conhecimento espiritual e a aprofundar o trabalho de aproxima\u00e7\u00e3o com os planos superiores de consci\u00eancia.<\/p>\n<p><strong>Faixas:<\/strong><\/p>\n<p><span data-href=\"https:\/\/www.irdin.org.br\/site\/envios\/audios\/0202_0001__por_por__contato_com_as_hierarquias_criadoras.mp3\" data-title=\"1 - contato com as hierarquias criadoras\" data-rel=\"\" data-target=\"\" data-meta=\"#fap-meta-69f1da646b90d\" class=\"fap-single-track fap-track-button fap-play-button\" data-enqueue=\"no\" data-autoenqueue=\"no\" title=\"1 - contato com as hierarquias criadoras\"><span class=\"fap-icon-play\"><\/span>Ouvir<\/span> <a class=\"baixar\" href=\"https:\/\/www.irdin.org.br\/site\/envios\/audios\/0202_0001__por_por__contato_com_as_hierarquias_criadoras.mp3\">Baixar<\/a> <span class=\"textobaixar\"> 1 &#8211; contato com as hierarquias criadoras<\/span><br \/>\n<span data-href=\"https:\/\/www.irdin.org.br\/site\/envios\/audios\/0214_0001__por_por__a_magia_branca_de_hoje.mp3\" data-title=\"3 - a magia branca de hoje\" data-rel=\"\" data-target=\"\" data-meta=\"#fap-meta-69f1da646b9bb\" class=\"fap-single-track fap-track-button fap-play-button\" data-enqueue=\"no\" data-autoenqueue=\"no\" title=\"3 - a magia branca de hoje\"><span class=\"fap-icon-play\"><\/span>Ouvir<\/span> <a class=\"baixar\" href=\"https:\/\/www.irdin.org.br\/site\/envios\/audios\/0214_0001__por_por__a_magia_branca_de_hoje.mp3\">Baixar<\/a> <span class=\"textobaixar\"> 3 &#8211; a magia branca de hoje<\/span><br \/>\n<span data-href=\"https:\/\/www.irdin.org.br\/site\/envios\/audios\/0053_0001__por_por__os_anjos_e_a_humanidade_1.mp3\" data-title=\"4 - os anjos e a humanidade - 1\" data-rel=\"\" data-target=\"\" data-meta=\"#fap-meta-69f1da646ba47\" class=\"fap-single-track fap-track-button fap-play-button\" data-enqueue=\"no\" data-autoenqueue=\"no\" title=\"4 - os anjos e a humanidade - 1\"><span class=\"fap-icon-play\"><\/span>Ouvir<\/span> <a class=\"baixar\" href=\"https:\/\/www.irdin.org.br\/site\/envios\/audios\/0053_0001__por_por__os_anjos_e_a_humanidade_1.mp3\">Baixar<\/a> <span class=\"textobaixar\"> 4 &#8211; os anjos e a humanidade &#8211; 1<\/span><br \/>\n<span data-href=\"https:\/\/www.irdin.org.br\/site\/envios\/audios\/0014_0274__por_por__colaboracao_com_florestas_plantas_e_devas.mp3\" data-title=\"5 - colabora\u00e7\u00e3o com florestas, plantas e devas\" data-rel=\"\" data-target=\"\" data-meta=\"#fap-meta-69f1da646bc90\" class=\"fap-single-track fap-track-button fap-play-button\" data-enqueue=\"no\" data-autoenqueue=\"no\" title=\"5 - colabora\u00e7\u00e3o com florestas, plantas e devas\"><span class=\"fap-icon-play\"><\/span>Ouvir<\/span> <a class=\"baixar\" href=\"https:\/\/www.irdin.org.br\/site\/envios\/audios\/0014_0274__por_por__colaboracao_com_florestas_plantas_e_devas.mp3\">Baixar<\/a> <span class=\"textobaixar\"> 5 &#8211; colabora\u00e7\u00e3o com florestas, plantas e devas<\/span><br \/>\n<span data-href=\"https:\/\/www.irdin.org.br\/site\/envios\/audios\/0014_0275__por_por__crises_paz_e_trabalho_de_anjos_e_devas.mp3\" data-title=\"6 - crises, paz e trabalho de anjos e devas\" data-rel=\"\" data-target=\"\" data-meta=\"#fap-meta-69f1da646bd38\" class=\"fap-single-track fap-track-button fap-play-button\" data-enqueue=\"no\" data-autoenqueue=\"no\" title=\"6 - crises, paz e trabalho de anjos e devas\"><span class=\"fap-icon-play\"><\/span>Ouvir<\/span> <a class=\"baixar\" href=\"https:\/\/www.irdin.org.br\/site\/envios\/audios\/0014_0275__por_por__crises_paz_e_trabalho_de_anjos_e_devas.mp3\">Baixar<\/a> <span class=\"textobaixar\"> 6 &#8211; crises, paz e trabalho de anjos e devas<\/span><\/p>\n<p>&nbsp;<\/p>\n","protected":false},"excerpt":{"rendered":"<p>Colet\u00e2nea de sete palestras sobre Anjos e Devas, seres que, embora estejam pr\u00f3ximos de n\u00f3s, ainda s\u00e3o misteriosos para a<\/p>\n","protected":false},"featured_media":7961,"template":"","meta":{"_acf_changed":false},"product_brand":[],"product_cat":[18076,33109],"product_tag":[38987],"class_list":{"0":"post-82802","1":"product","2":"type-product","3":"status-publish","4":"has-post-thumbnail","6":"product_cat-cddvd","7":"product_cat-colecoes","8":"product_tag-38987","9":"pa_autor-madre-maria-shimani","10":"pa_autor-trigueirinho","11":"pa_codigo-da-serie-23922","12":"pa_data-de-gravacao-23955","13":"pa_idioma-de-destino-portugues","14":"pa_lancamento-no","15":"pa_midia-cd","16":"pa_moac-38986","17":"pa_quantidade-de-saldo-33067","18":"pa_sequencial-da-serie-31882","19":"pa_tipo-de-traducao-nao-classificado","21":"first","22":"outofstock","23":"product-type-simple"},"acf":[],"_links":{"self":[{"href":"https:\/\/www.irdin.org.br\/site\/wp-json\/wp\/v2\/product\/82802","targetHints":{"allow":["GET"]}}],"collection":[{"href":"https:\/\/www.irdin.org.br\/site\/wp-json\/wp\/v2\/product"}],"about":[{"href":"https:\/\/www.irdin.org.br\/site\/wp-json\/wp\/v2\/types\/product"}],"version-history":[{"count":1,"href":"https:\/\/www.irdin.org.br\/site\/wp-json\/wp\/v2\/product\/82802\/revisions"}],"predecessor-version":[{"id":86340,"href":"https:\/\/www.irdin.org.br\/site\/wp-json\/wp\/v2\/product\/82802\/revisions\/86340"}],"wp:featuredmedia":[{"embeddable":true,"href":"https:\/\/www.irdin.org.br\/site\/wp-json\/wp\/v2\/media\/7961"}],"wp:attachment":[{"href":"https:\/\/www.irdin.org.br\/site\/wp-json\/wp\/v2\/media?parent=82802"}],"wp:term":[{"taxonomy":"product_brand","embeddable":true,"href":"https:\/\/www.irdin.org.br\/site\/wp-json\/wp\/v2\/product_brand?post=82802"},{"taxonomy":"product_cat","embeddable":true,"href":"https:\/\/www.irdin.org.br\/site\/wp-json\/wp\/v2\/product_cat?post=82802"},{"taxonomy":"product_tag","embeddable":true,"href":"https:\/\/www.irdin.org.br\/site\/wp-json\/wp\/v2\/product_tag?post=82802"}],"curies":[{"name":"wp","href":"https:\/\/api.w.org\/{rel}","templated":true}]}}