{"id":82806,"date":"2018-04-26T18:11:08","date_gmt":"2018-04-26T18:11:08","guid":{"rendered":"http:\/\/www.irdin.org.br\/site\/produto\/as-virtudes-e-os-dons\/"},"modified":"2024-09-09T01:56:30","modified_gmt":"2024-09-09T01:56:30","slug":"as-virtudes-e-os-dons","status":"publish","type":"product","link":"https:\/\/www.irdin.org.br\/site\/produtos\/as-virtudes-e-os-dons\/","title":{"rendered":"As Virtudes e os Dons"},"content":{"rendered":"<p>Esta s\u00e9rie cont\u00e9m 8 CDs individuais.<\/p>\n<p>&nbsp;<br \/>\n<strong>Faixas:<\/strong><\/p>\n<p><span data-href=\"https:\/\/www.irdin.org.br\/site\/envios\/audios\/0044_0001__por_por__prudencia_sabedoria.mp3\" data-title=\"1 - prud\u00eancia \u0095 sabedoria\" data-rel=\"\" data-target=\"\" data-meta=\"#fap-meta-69f9e8b5d6a7f\" class=\"fap-single-track fap-track-button fap-play-button\" data-enqueue=\"no\" data-autoenqueue=\"no\" title=\"1 - prud\u00eancia \u0095 sabedoria\"><span class=\"fap-icon-play\"><\/span>Ouvir<\/span> <a href=\"https:\/\/www.irdin.org.br\/site\/envios\/audios\/0044_0001__por_por__prudencia_sabedoria.mp3\" class=\"baixar\" download><span class=\"fa fa-arrow-down\"><\/span>Baixar<\/span><\/a> <span class=\"textobaixar\"> 1 &#8211; prud\u00eancia \u0095 sabedoria<\/span><br \/>\n<span data-href=\"https:\/\/www.irdin.org.br\/site\/envios\/audios\/0044_0002__por_por__justica_opiniao_madura.mp3\" data-title=\"2 - justi\u00e7a \u0095 opini\u00e3o madura\" data-rel=\"\" data-target=\"\" data-meta=\"#fap-meta-69f9e8b5d6bc2\" class=\"fap-single-track fap-track-button fap-play-button\" data-enqueue=\"no\" data-autoenqueue=\"no\" title=\"2 - justi\u00e7a \u0095 opini\u00e3o madura\"><span class=\"fap-icon-play\"><\/span>Ouvir<\/span> <a href=\"https:\/\/www.irdin.org.br\/site\/envios\/audios\/0044_0002__por_por__justica_opiniao_madura.mp3\" class=\"baixar\" download><span class=\"fa fa-arrow-down\"><\/span>Baixar<\/span><\/a> <span class=\"textobaixar\"> 2 &#8211; justi\u00e7a \u0095 opini\u00e3o madura<\/span><br \/>\n<span data-href=\"https:\/\/www.irdin.org.br\/site\/envios\/audios\/0044_0003__por_por__fortaleza_ciencia.mp3\" data-title=\"3 - fortaleza \u0095 ci\u00eancia\" data-rel=\"\" data-target=\"\" data-meta=\"#fap-meta-69f9e8b5d6cbd\" class=\"fap-single-track fap-track-button fap-play-button\" data-enqueue=\"no\" data-autoenqueue=\"no\" title=\"3 - fortaleza \u0095 ci\u00eancia\"><span class=\"fap-icon-play\"><\/span>Ouvir<\/span> <a href=\"https:\/\/www.irdin.org.br\/site\/envios\/audios\/0044_0003__por_por__fortaleza_ciencia.mp3\" class=\"baixar\" download><span class=\"fa fa-arrow-down\"><\/span>Baixar<\/span><\/a> <span class=\"textobaixar\"> 3 &#8211; fortaleza \u0095 ci\u00eancia<\/span><br \/>\n<span data-href=\"https:\/\/www.irdin.org.br\/site\/envios\/audios\/0044_0004__por_por__temperanca_inteligencia.mp3\" data-title=\"4 - temperan\u00e7a \u0095 intelig\u00eancia\" data-rel=\"\" data-target=\"\" data-meta=\"#fap-meta-69f9e8b5d6d89\" class=\"fap-single-track fap-track-button fap-play-button\" data-enqueue=\"no\" data-autoenqueue=\"no\" title=\"4 - temperan\u00e7a \u0095 intelig\u00eancia\"><span class=\"fap-icon-play\"><\/span>Ouvir<\/span> <a href=\"https:\/\/www.irdin.org.br\/site\/envios\/audios\/0044_0004__por_por__temperanca_inteligencia.mp3\" class=\"baixar\" download><span class=\"fa fa-arrow-down\"><\/span>Baixar<\/span><\/a> <span class=\"textobaixar\"> 4 &#8211; temperan\u00e7a \u0095 intelig\u00eancia<\/span><br \/>\n<span data-href=\"https:\/\/www.irdin.org.br\/site\/envios\/audios\/0044_0005__por_por__fe_esperanca.mp3\" data-title=\"5 - f\u00e9 \u0095 esperan\u00e7a\" data-rel=\"\" data-target=\"\" data-meta=\"#fap-meta-69f9e8b5d6e49\" class=\"fap-single-track fap-track-button fap-play-button\" data-enqueue=\"no\" data-autoenqueue=\"no\" title=\"5 - f\u00e9 \u0095 esperan\u00e7a\"><span class=\"fap-icon-play\"><\/span>Ouvir<\/span> <a href=\"https:\/\/www.irdin.org.br\/site\/envios\/audios\/0044_0005__por_por__fe_esperanca.mp3\" class=\"baixar\" download><span class=\"fa fa-arrow-down\"><\/span>Baixar<\/span><\/a> <span class=\"textobaixar\"> 5 &#8211; f\u00e9 \u0095 esperan\u00e7a<\/span><br \/>\n<span data-href=\"https:\/\/www.irdin.org.br\/site\/envios\/audios\/0044_0006__por_por__caridade_piedade_1a_parte.mp3\" data-title=\"6 - caridade \u0095 piedade (1\u00aa parte)\" data-rel=\"\" data-target=\"\" data-meta=\"#fap-meta-69f9e8b5d6f50\" class=\"fap-single-track fap-track-button fap-play-button\" data-enqueue=\"no\" data-autoenqueue=\"no\" title=\"6 - caridade \u0095 piedade (1\u00aa parte)\"><span class=\"fap-icon-play\"><\/span>Ouvir<\/span> <a href=\"https:\/\/www.irdin.org.br\/site\/envios\/audios\/0044_0006__por_por__caridade_piedade_1a_parte.mp3\" class=\"baixar\" download><span class=\"fa fa-arrow-down\"><\/span>Baixar<\/span><\/a> <span class=\"textobaixar\"> 6 &#8211; caridade \u0095 piedade (1\u00aa parte)<\/span><br \/>\n<span data-href=\"https:\/\/www.irdin.org.br\/site\/envios\/audios\/0044_0007__por_por__caridade_piedade_2a_parte.mp3\" data-title=\"7 - caridade \u0095 piedade (2\u00aa parte)\" data-rel=\"\" data-target=\"\" data-meta=\"#fap-meta-69f9e8b5d702b\" class=\"fap-single-track fap-track-button fap-play-button\" data-enqueue=\"no\" data-autoenqueue=\"no\" title=\"7 - caridade \u0095 piedade (2\u00aa parte)\"><span class=\"fap-icon-play\"><\/span>Ouvir<\/span> <a href=\"https:\/\/www.irdin.org.br\/site\/envios\/audios\/0044_0007__por_por__caridade_piedade_2a_parte.mp3\" class=\"baixar\" download><span class=\"fa fa-arrow-down\"><\/span>Baixar<\/span><\/a> <span class=\"textobaixar\"> 7 &#8211; caridade \u0095 piedade (2\u00aa parte)<\/span><br \/>\n<span data-href=\"https:\/\/www.irdin.org.br\/site\/envios\/audios\/0044_0008__por_por__a_graca_da_uniao.mp3\" data-title=\"8 - a gra\u00e7a da uni\u00e3o\" data-rel=\"\" data-target=\"\" data-meta=\"#fap-meta-69f9e8b5d70e0\" class=\"fap-single-track fap-track-button fap-play-button\" data-enqueue=\"no\" data-autoenqueue=\"no\" title=\"8 - a gra\u00e7a da uni\u00e3o\"><span class=\"fap-icon-play\"><\/span>Ouvir<\/span> <a href=\"https:\/\/www.irdin.org.br\/site\/envios\/audios\/0044_0008__por_por__a_graca_da_uniao.mp3\" class=\"baixar\" download><span class=\"fa fa-arrow-down\"><\/span>Baixar<\/span><\/a> <span class=\"textobaixar\"> 8 &#8211; a gra\u00e7a da uni\u00e3o<\/span><\/p>\n<p>&nbsp;<\/p>\n","protected":false},"excerpt":{"rendered":"<p>Esta s\u00e9rie cont\u00e9m 8 CDs individuais. &nbsp; Faixas: Baixar 1 &#8211; prud\u00eancia \u0095 sabedoria Baixar 2 &#8211; justi\u00e7a \u0095 opini\u00e3o<\/p>\n","protected":false},"featured_media":8000,"template":"","meta":{"_acf_changed":false},"product_brand":[],"product_cat":[18076,33068],"product_tag":[38995],"class_list":{"0":"post-82806","1":"product","2":"type-product","3":"status-publish","4":"has-post-thumbnail","6":"product_cat-cddvd","7":"product_cat-palestras","8":"product_tag-38995","9":"pa_autor-trigueirinho","10":"pa_codigo-da-serie-24024","11":"pa_data-de-gravacao-24044","12":"pa_idioma-de-destino-portugues","13":"pa_lancamento-no","14":"pa_midia-cd","15":"pa_moac-38994","16":"pa_quantidade-de-saldo-33067","17":"pa_sequencial-da-serie-31888","18":"pa_tipo-de-traducao-nao-classificado","20":"first","21":"outofstock","22":"product-type-simple"},"acf":[],"_links":{"self":[{"href":"https:\/\/www.irdin.org.br\/site\/wp-json\/wp\/v2\/product\/82806","targetHints":{"allow":["GET"]}}],"collection":[{"href":"https:\/\/www.irdin.org.br\/site\/wp-json\/wp\/v2\/product"}],"about":[{"href":"https:\/\/www.irdin.org.br\/site\/wp-json\/wp\/v2\/types\/product"}],"version-history":[{"count":2,"href":"https:\/\/www.irdin.org.br\/site\/wp-json\/wp\/v2\/product\/82806\/revisions"}],"predecessor-version":[{"id":106950,"href":"https:\/\/www.irdin.org.br\/site\/wp-json\/wp\/v2\/product\/82806\/revisions\/106950"}],"wp:featuredmedia":[{"embeddable":true,"href":"https:\/\/www.irdin.org.br\/site\/wp-json\/wp\/v2\/media\/8000"}],"wp:attachment":[{"href":"https:\/\/www.irdin.org.br\/site\/wp-json\/wp\/v2\/media?parent=82806"}],"wp:term":[{"taxonomy":"product_brand","embeddable":true,"href":"https:\/\/www.irdin.org.br\/site\/wp-json\/wp\/v2\/product_brand?post=82806"},{"taxonomy":"product_cat","embeddable":true,"href":"https:\/\/www.irdin.org.br\/site\/wp-json\/wp\/v2\/product_cat?post=82806"},{"taxonomy":"product_tag","embeddable":true,"href":"https:\/\/www.irdin.org.br\/site\/wp-json\/wp\/v2\/product_tag?post=82806"}],"curies":[{"name":"wp","href":"https:\/\/api.w.org\/{rel}","templated":true}]}}