{"id":82808,"date":"2018-04-26T18:11:08","date_gmt":"2018-04-26T18:11:08","guid":{"rendered":"http:\/\/www.irdin.org.br\/site\/produto\/aurora\/"},"modified":"2025-03-15T01:31:00","modified_gmt":"2025-03-15T01:31:00","slug":"aurora","status":"publish","type":"product","link":"https:\/\/www.irdin.org.br\/site\/produtos\/aurora\/","title":{"rendered":"AURORA"},"content":{"rendered":"<p>O Centro Planet\u00e1rio e Intraterreno Aurora \u00e9 um canal para a realiza\u00e7\u00e3o da cura c\u00f3smica, a qual retorna nos dias de hoje com novas luzes. Enquanto na antiguidade o processo de cura no Templo\u00b4 era controlado por Escul\u00e1pio (que atuava dos n\u00edveis supraf\u00edsicos), agora o trabalho est\u00e1 sob a inspira\u00e7\u00e3o de seres c\u00f3smicos que se encontram ativos em outra civiliza\u00e7\u00f5es ou em outros n\u00edveis.<\/p>\n<p><strong>Faixas:<\/strong><\/p>\n<p><span data-href=\"https:\/\/www.irdin.org.br\/site\/envios\/audios\/0014_0167__por_por__aurora_e_o_desenvolvimento_da_fe.mp3\" data-title=\"1 - aurora e o desenvolvimento da f\u00e9\" data-rel=\"\" data-target=\"\" data-meta=\"#fap-meta-69e691cb9346d\" class=\"fap-single-track fap-track-button fap-play-button\" data-enqueue=\"no\" data-autoenqueue=\"no\" title=\"1 - aurora e o desenvolvimento da f\u00e9\"><span class=\"fap-icon-play\"><\/span>Ouvir<\/span> <a class=\"baixar\" href=\"https:\/\/www.irdin.org.br\/site\/envios\/audios\/0014_0167__por_por__aurora_e_o_desenvolvimento_da_fe.mp3\">Baixar<\/a> <span class=\"textobaixar\"> 1 &#8211; aurora e o desenvolvimento da f\u00e9<\/span><br \/>\n<span data-href=\"https:\/\/www.irdin.org.br\/site\/envios\/audios\/0201_0006__por_por__aurora_em_nossa_vida.mp3\" data-title=\"2 - aurora em nossa vida\" data-rel=\"\" data-target=\"\" data-meta=\"#fap-meta-69e691cb93541\" class=\"fap-single-track fap-track-button fap-play-button\" data-enqueue=\"no\" data-autoenqueue=\"no\" title=\"2 - aurora em nossa vida\"><span class=\"fap-icon-play\"><\/span>Ouvir<\/span> <a class=\"baixar\" href=\"https:\/\/www.irdin.org.br\/site\/envios\/audios\/0201_0006__por_por__aurora_em_nossa_vida.mp3\">Baixar<\/a> <span class=\"textobaixar\"> 2 &#8211; aurora em nossa vida<\/span><br \/>\n<span data-href=\"https:\/\/www.irdin.org.br\/site\/envios\/audios\/2101_0001__spa_spa__revelaciones_de_aurora.mp3\" data-title=\"3 - revelaciones de aurora\" data-rel=\"\" data-target=\"\" data-meta=\"#fap-meta-69e691cb935b8\" class=\"fap-single-track fap-track-button fap-play-button\" data-enqueue=\"no\" data-autoenqueue=\"no\" title=\"3 - revelaciones de aurora\"><span class=\"fap-icon-play\"><\/span>Ouvir<\/span> <a class=\"baixar\" href=\"https:\/\/www.irdin.org.br\/site\/envios\/audios\/2101_0001__spa_spa__revelaciones_de_aurora.mp3\">Baixar<\/a> <span class=\"textobaixar\"> 3 &#8211; revelaciones de aurora<\/span><br \/>\n<span data-href=\"https:\/\/www.irdin.org.br\/site\/envios\/audios\/0014_0299__por_por__sob_a_luz_de_aurora_centro_planetario.mp3\" data-title=\"4 - sob a luz de aurora, centro planet\u00e1rio\" data-rel=\"\" data-target=\"\" data-meta=\"#fap-meta-69e691cb93670\" class=\"fap-single-track fap-track-button fap-play-button\" data-enqueue=\"no\" data-autoenqueue=\"no\" title=\"4 - sob a luz de aurora, centro planet\u00e1rio\"><span class=\"fap-icon-play\"><\/span>Ouvir<\/span> <a class=\"baixar\" href=\"https:\/\/www.irdin.org.br\/site\/envios\/audios\/0014_0299__por_por__sob_a_luz_de_aurora_centro_planetario.mp3\">Baixar<\/a> <span class=\"textobaixar\"> 4 &#8211; sob a luz de aurora, centro planet\u00e1rio<\/span><br \/>\n<span data-href=\"https:\/\/www.irdin.org.br\/site\/envios\/audios\/2101_0007__spa_spa__el_proceso_de_cura_en_aurora_1_parte.mp3\" data-title=\"5 - el proceso de cura en aurora - 1\u00aa parte\" data-rel=\"\" data-target=\"\" data-meta=\"#fap-meta-69e691cb936ed\" class=\"fap-single-track fap-track-button fap-play-button\" data-enqueue=\"no\" data-autoenqueue=\"no\" title=\"5 - el proceso de cura en aurora - 1\u00aa parte\"><span class=\"fap-icon-play\"><\/span>Ouvir<\/span> <a class=\"baixar\" href=\"https:\/\/www.irdin.org.br\/site\/envios\/audios\/2101_0007__spa_spa__el_proceso_de_cura_en_aurora_1_parte.mp3\">Baixar<\/a> <span class=\"textobaixar\"> 5 &#8211; el proceso de cura en aurora &#8211; 1\u00aa parte<\/span><br \/>\n<span data-href=\"https:\/\/www.irdin.org.br\/site\/envios\/audios\/2101_0008__spa_spa__el_proceso_de_cura_en_aurora_2_parte.mp3\" data-title=\"6 - el proceso de cura en aurora - 2\u00aa parte\" data-rel=\"\" data-target=\"\" data-meta=\"#fap-meta-69e691cb9375b\" class=\"fap-single-track fap-track-button fap-play-button\" data-enqueue=\"no\" data-autoenqueue=\"no\" title=\"6 - el proceso de cura en aurora - 2\u00aa parte\"><span class=\"fap-icon-play\"><\/span>Ouvir<\/span> <a class=\"baixar\" href=\"https:\/\/www.irdin.org.br\/site\/envios\/audios\/2101_0008__spa_spa__el_proceso_de_cura_en_aurora_2_parte.mp3\">Baixar<\/a> <span class=\"textobaixar\"> 6 &#8211; el proceso de cura en aurora &#8211; 2\u00aa parte<\/span><br \/>\n<span data-href=\"https:\/\/www.irdin.org.br\/site\/envios\/audios\/2101_0014__spa_spa__depuracion_del_planeta_y_de_la_humanidad.mp3\" data-title=\"7 - depuraci\u00f3n del planeta y de la humanidad\" data-rel=\"\" data-target=\"\" data-meta=\"#fap-meta-69e691cb937c5\" class=\"fap-single-track fap-track-button fap-play-button\" data-enqueue=\"no\" data-autoenqueue=\"no\" title=\"7 - depuraci\u00f3n del planeta y de la humanidad\"><span class=\"fap-icon-play\"><\/span>Ouvir<\/span> <a class=\"baixar\" href=\"https:\/\/www.irdin.org.br\/site\/envios\/audios\/2101_0014__spa_spa__depuracion_del_planeta_y_de_la_humanidad.mp3\">Baixar<\/a> <span class=\"textobaixar\"> 7 &#8211; depuraci\u00f3n del planeta y de la humanidad<\/span><\/p>\n<p>&nbsp;<\/p>\n","protected":false},"excerpt":{"rendered":"<p>O Centro Planet\u00e1rio e Intraterreno Aurora \u00e9 um canal para a realiza\u00e7\u00e3o da cura c\u00f3smica, a qual retorna nos dias<\/p>\n","protected":false},"featured_media":7963,"template":"","meta":{"_acf_changed":false},"product_brand":[],"product_cat":[18076,33109],"product_tag":[38999],"class_list":{"0":"post-82808","1":"product","2":"type-product","3":"status-publish","4":"has-post-thumbnail","6":"product_cat-cddvd","7":"product_cat-colecoes","8":"product_tag-38999","9":"pa_autor-madre-maria-shimani","10":"pa_autor-trigueirinho","11":"pa_codigo-da-serie-23922","12":"pa_data-de-gravacao-18841","13":"pa_idioma-de-destino-portugues","14":"pa_lancamento-no","15":"pa_midia-cd","16":"pa_moac-38998","17":"pa_quantidade-de-saldo-33067","18":"pa_sequencial-da-serie-31883","19":"pa_tipo-de-traducao-nao-classificado","21":"first","22":"outofstock","23":"product-type-simple"},"acf":[],"_links":{"self":[{"href":"https:\/\/www.irdin.org.br\/site\/wp-json\/wp\/v2\/product\/82808","targetHints":{"allow":["GET"]}}],"collection":[{"href":"https:\/\/www.irdin.org.br\/site\/wp-json\/wp\/v2\/product"}],"about":[{"href":"https:\/\/www.irdin.org.br\/site\/wp-json\/wp\/v2\/types\/product"}],"version-history":[{"count":1,"href":"https:\/\/www.irdin.org.br\/site\/wp-json\/wp\/v2\/product\/82808\/revisions"}],"predecessor-version":[{"id":106683,"href":"https:\/\/www.irdin.org.br\/site\/wp-json\/wp\/v2\/product\/82808\/revisions\/106683"}],"wp:featuredmedia":[{"embeddable":true,"href":"https:\/\/www.irdin.org.br\/site\/wp-json\/wp\/v2\/media\/7963"}],"wp:attachment":[{"href":"https:\/\/www.irdin.org.br\/site\/wp-json\/wp\/v2\/media?parent=82808"}],"wp:term":[{"taxonomy":"product_brand","embeddable":true,"href":"https:\/\/www.irdin.org.br\/site\/wp-json\/wp\/v2\/product_brand?post=82808"},{"taxonomy":"product_cat","embeddable":true,"href":"https:\/\/www.irdin.org.br\/site\/wp-json\/wp\/v2\/product_cat?post=82808"},{"taxonomy":"product_tag","embeddable":true,"href":"https:\/\/www.irdin.org.br\/site\/wp-json\/wp\/v2\/product_tag?post=82808"}],"curies":[{"name":"wp","href":"https:\/\/api.w.org\/{rel}","templated":true}]}}