{"id":82809,"date":"2018-04-26T18:11:08","date_gmt":"2018-04-26T18:11:08","guid":{"rendered":"http:\/\/www.irdin.org.br\/site\/produto\/bandeira-de-paz-para-o-fim-destes-tempos\/"},"modified":"2025-03-15T23:50:10","modified_gmt":"2025-03-15T23:50:10","slug":"bandeira-de-paz-para-o-fim-destes-tempos","status":"publish","type":"product","link":"https:\/\/www.irdin.org.br\/site\/produtos\/bandeira-de-paz-para-o-fim-destes-tempos\/","title":{"rendered":"Bandeira de Paz para o fim destes tempos"},"content":{"rendered":"<p>S\u00edntese do que encontramos em nosso interior para vivermos nesta \u00e9poca de transi\u00e7\u00e3o.<\/p>\n<p>&nbsp;<br \/>\n<strong>Faixas:<\/strong><\/p>\n<p><span data-href=\"https:\/\/www.irdin.org.br\/site\/envios\/audios\/2902_0001__por_por__bandeira_de_paz_para_o_fim_destes_tempos_1.mp3\" data-title=\"1 - bandeira de paz para o fim destes tempos - 1\" data-rel=\"\" data-target=\"\" data-meta=\"#fap-meta-6a04ccf136c38\" class=\"fap-single-track fap-track-button fap-play-button\" data-enqueue=\"no\" data-autoenqueue=\"no\" title=\"1 - bandeira de paz para o fim destes tempos - 1\"><span class=\"fap-icon-play\"><\/span>Ouvir<\/span> <a href=\"https:\/\/www.irdin.org.br\/site\/envios\/audios\/2902_0001__por_por__bandeira_de_paz_para_o_fim_destes_tempos_1.mp3\" class=\"baixar\" download><span class=\"fa fa-arrow-down\"><\/span>Baixar<\/span><\/a> <span class=\"textobaixar\"> 1 &#8211; bandeira de paz para o fim destes tempos &#8211; 1<\/span><br \/>\n<span data-href=\"https:\/\/www.irdin.org.br\/site\/envios\/audios\/2902_0002__por_por__bandeira_de_paz_para_o_fim_destes_tempos_2.mp3\" data-title=\"2 - bandeira de paz para o fim destes tempos - 2\" data-rel=\"\" data-target=\"\" data-meta=\"#fap-meta-6a04ccf136c92\" class=\"fap-single-track fap-track-button fap-play-button\" data-enqueue=\"no\" data-autoenqueue=\"no\" title=\"2 - bandeira de paz para o fim destes tempos - 2\"><span class=\"fap-icon-play\"><\/span>Ouvir<\/span> <a href=\"https:\/\/www.irdin.org.br\/site\/envios\/audios\/2902_0002__por_por__bandeira_de_paz_para_o_fim_destes_tempos_2.mp3\" class=\"baixar\" download><span class=\"fa fa-arrow-down\"><\/span>Baixar<\/span><\/a> <span class=\"textobaixar\"> 2 &#8211; bandeira de paz para o fim destes tempos &#8211; 2<\/span><\/p>\n<p>&nbsp;<\/p>\n","protected":false},"excerpt":{"rendered":"<p>S\u00edntese do que encontramos em nosso interior para vivermos nesta \u00e9poca de transi\u00e7\u00e3o. &nbsp; Faixas: Baixar 1 &#8211; bandeira de<\/p>\n","protected":false},"featured_media":85300,"template":"","meta":{"_acf_changed":false},"product_brand":[],"product_cat":[18076,33109],"product_tag":[39001],"class_list":{"0":"post-82809","1":"product","2":"type-product","3":"status-publish","4":"has-post-thumbnail","6":"product_cat-cddvd","7":"product_cat-colecoes","8":"product_tag-39001","9":"pa_autor-trigueirinho","10":"pa_codigo-da-serie-24024","11":"pa_data-de-gravacao-24205","12":"pa_idioma-de-destino-portugues","13":"pa_lancamento-no","14":"pa_midia-cd","15":"pa_moac-39000","16":"pa_quantidade-de-saldo-33067","17":"pa_sequencial-da-serie-31927","18":"pa_tipo-de-traducao-nao-classificado","20":"first","21":"outofstock","22":"product-type-simple"},"acf":[],"_links":{"self":[{"href":"https:\/\/www.irdin.org.br\/site\/wp-json\/wp\/v2\/product\/82809","targetHints":{"allow":["GET"]}}],"collection":[{"href":"https:\/\/www.irdin.org.br\/site\/wp-json\/wp\/v2\/product"}],"about":[{"href":"https:\/\/www.irdin.org.br\/site\/wp-json\/wp\/v2\/types\/product"}],"version-history":[{"count":1,"href":"https:\/\/www.irdin.org.br\/site\/wp-json\/wp\/v2\/product\/82809\/revisions"}],"predecessor-version":[{"id":106684,"href":"https:\/\/www.irdin.org.br\/site\/wp-json\/wp\/v2\/product\/82809\/revisions\/106684"}],"wp:featuredmedia":[{"embeddable":true,"href":"https:\/\/www.irdin.org.br\/site\/wp-json\/wp\/v2\/media\/85300"}],"wp:attachment":[{"href":"https:\/\/www.irdin.org.br\/site\/wp-json\/wp\/v2\/media?parent=82809"}],"wp:term":[{"taxonomy":"product_brand","embeddable":true,"href":"https:\/\/www.irdin.org.br\/site\/wp-json\/wp\/v2\/product_brand?post=82809"},{"taxonomy":"product_cat","embeddable":true,"href":"https:\/\/www.irdin.org.br\/site\/wp-json\/wp\/v2\/product_cat?post=82809"},{"taxonomy":"product_tag","embeddable":true,"href":"https:\/\/www.irdin.org.br\/site\/wp-json\/wp\/v2\/product_tag?post=82809"}],"curies":[{"name":"wp","href":"https:\/\/api.w.org\/{rel}","templated":true}]}}