{"id":82812,"date":"2018-04-26T18:11:08","date_gmt":"2018-04-26T18:11:08","guid":{"rendered":"http:\/\/www.irdin.org.br\/site\/produto\/centros-planetarios-introducao\/"},"modified":"2024-07-21T23:00:12","modified_gmt":"2024-07-21T23:00:12","slug":"centros-planetarios-introducao","status":"publish","type":"product","link":"https:\/\/www.irdin.org.br\/site\/produtos\/centros-planetarios-introducao\/","title":{"rendered":"Centros Planet\u00e1rios Introdu\u00e7\u00e3o"},"content":{"rendered":"<p>Os Centros Planet\u00e1rios, n\u00facelos intraterrenos que permaneceram desconhecidos da maioria desta humanidade, aproximam-se hoje do homem terrestre, dando-se a conhecer cada vez mais. Esta colet\u00e2nea de palestras nos fornece uma vis\u00e3o de suas tarefas e energias, as quais estimulam a evolu\u00e7\u00e3o da humanidade da superf\u00edcie da Terra nestes tempos de transi\u00e7\u00e3o.<\/p>\n<p>&nbsp;<br \/>\n<strong>Faixas:<\/strong><\/p>\n<p><span data-href=\"https:\/\/www.irdin.org.br\/site\/envios\/audios\/0020_0062__por_por__dados_sobre_a_nova_terra_e_a_nova_humanidade.mp3\" data-title=\"1 - dados sobre a nova terra e a nova humanidade\" data-rel=\"\" data-target=\"\" data-meta=\"#fap-meta-69f9c3eeea978\" class=\"fap-single-track fap-track-button fap-play-button\" data-enqueue=\"no\" data-autoenqueue=\"no\" title=\"1 - dados sobre a nova terra e a nova humanidade\"><span class=\"fap-icon-play\"><\/span>Ouvir<\/span> <a href=\"https:\/\/www.irdin.org.br\/site\/envios\/audios\/0020_0062__por_por__dados_sobre_a_nova_terra_e_a_nova_humanidade.mp3\" class=\"baixar\"><span class=\"fa fa-arrow-down\"><\/span>Baixar<\/span><\/a> <span class=\"textobaixar\"> 1 &#8211; dados sobre a nova terra e a nova humanidade<\/span><br \/>\n<span data-href=\"https:\/\/www.irdin.org.br\/site\/envios\/audios\/0032_0067__por_por__portal_para_um_reino.mp3\" data-title=\"2 - portal para um reino\" data-rel=\"\" data-target=\"\" data-meta=\"#fap-meta-69f9c3eeeaac7\" class=\"fap-single-track fap-track-button fap-play-button\" data-enqueue=\"no\" data-autoenqueue=\"no\" title=\"2 - portal para um reino\"><span class=\"fap-icon-play\"><\/span>Ouvir<\/span> <a href=\"https:\/\/www.irdin.org.br\/site\/envios\/audios\/0032_0067__por_por__portal_para_um_reino.mp3\" class=\"baixar\"><span class=\"fa fa-arrow-down\"><\/span>Baixar<\/span><\/a> <span class=\"textobaixar\"> 2 &#8211; portal para um reino<\/span><br \/>\n<span data-href=\"https:\/\/www.irdin.org.br\/site\/envios\/audios\/0014_0202__por_por__recordando_conhecimentos_erks_e_mirna_jad.mp3\" data-title=\"3 - recordando conhecimentos: erks e mirna jad\" data-rel=\"\" data-target=\"\" data-meta=\"#fap-meta-69f9c3eeeabd0\" class=\"fap-single-track fap-track-button fap-play-button\" data-enqueue=\"no\" data-autoenqueue=\"no\" title=\"3 - recordando conhecimentos: erks e mirna jad\"><span class=\"fap-icon-play\"><\/span>Ouvir<\/span> <a href=\"https:\/\/www.irdin.org.br\/site\/envios\/audios\/0014_0202__por_por__recordando_conhecimentos_erks_e_mirna_jad.mp3\" class=\"baixar\"><span class=\"fa fa-arrow-down\"><\/span>Baixar<\/span><\/a> <span class=\"textobaixar\"> 3 &#8211; recordando conhecimentos: erks e mirna jad<\/span><br \/>\n<span data-href=\"https:\/\/www.irdin.org.br\/site\/envios\/audios\/0014_0299__por_por__sob_a_luz_de_aurora_centro_planetario.mp3\" data-title=\"4 - Sob a luz de Aurora, centro planet\u00e1rio\" data-rel=\"\" data-target=\"\" data-meta=\"#fap-meta-69f9c3eeeacf5\" class=\"fap-single-track fap-track-button fap-play-button\" data-enqueue=\"no\" data-autoenqueue=\"no\" title=\"4 - Sob a luz de Aurora, centro planet\u00e1rio\"><span class=\"fap-icon-play\"><\/span>Ouvir<\/span> <a href=\"https:\/\/www.irdin.org.br\/site\/envios\/audios\/0014_0299__por_por__sob_a_luz_de_aurora_centro_planetario.mp3\" class=\"baixar\"><span class=\"fa fa-arrow-down\"><\/span>Baixar<\/span><\/a> <span class=\"textobaixar\"> 4 &#8211; Sob a luz de Aurora, centro planet\u00e1rio<\/span><br \/>\n<span data-href=\"https:\/\/www.irdin.org.br\/site\/envios\/audios\/0014_0201__por_por__recordando_conhecimentos_miz_tli_tlan_o_centro_do_proposito.mp3\" data-title=\"6 - recordando conhecimentos: miz tli tlan, o centro do prop\u00f3sito\" data-rel=\"\" data-target=\"\" data-meta=\"#fap-meta-69f9c3eeeadce\" class=\"fap-single-track fap-track-button fap-play-button\" data-enqueue=\"no\" data-autoenqueue=\"no\" title=\"6 - recordando conhecimentos: miz tli tlan, o centro do prop\u00f3sito\"><span class=\"fap-icon-play\"><\/span>Ouvir<\/span> <a href=\"https:\/\/www.irdin.org.br\/site\/envios\/audios\/0014_0201__por_por__recordando_conhecimentos_miz_tli_tlan_o_centro_do_proposito.mp3\" class=\"baixar\"><span class=\"fa fa-arrow-down\"><\/span>Baixar<\/span><\/a> <span class=\"textobaixar\"> 6 &#8211; recordando conhecimentos: miz tli tlan, o centro do prop\u00f3sito<\/span><\/p>\n<p>&nbsp;<\/p>\n","protected":false},"excerpt":{"rendered":"<p>Os Centros Planet\u00e1rios, n\u00facelos intraterrenos que permaneceram desconhecidos da maioria desta humanidade, aproximam-se hoje do homem terrestre, dando-se a conhecer<\/p>\n","protected":false},"featured_media":7955,"template":"","meta":{"_acf_changed":false},"product_brand":[],"product_cat":[18076,33109],"product_tag":[39007],"class_list":{"0":"post-82812","1":"product","2":"type-product","3":"status-publish","4":"has-post-thumbnail","6":"product_cat-cddvd","7":"product_cat-colecoes","8":"product_tag-39007","9":"pa_autor-trigueirinho","10":"pa_codigo-da-serie-23922","11":"pa_data-de-gravacao-18832","12":"pa_idioma-de-destino-portugues","13":"pa_lancamento-no","14":"pa_midia-cd","15":"pa_moac-39006","16":"pa_quantidade-de-saldo-33067","17":"pa_sequencial-da-serie-31879","18":"pa_tipo-de-traducao-nao-classificado","20":"first","21":"outofstock","22":"product-type-simple"},"acf":[],"_links":{"self":[{"href":"https:\/\/www.irdin.org.br\/site\/wp-json\/wp\/v2\/product\/82812","targetHints":{"allow":["GET"]}}],"collection":[{"href":"https:\/\/www.irdin.org.br\/site\/wp-json\/wp\/v2\/product"}],"about":[{"href":"https:\/\/www.irdin.org.br\/site\/wp-json\/wp\/v2\/types\/product"}],"version-history":[{"count":2,"href":"https:\/\/www.irdin.org.br\/site\/wp-json\/wp\/v2\/product\/82812\/revisions"}],"predecessor-version":[{"id":106687,"href":"https:\/\/www.irdin.org.br\/site\/wp-json\/wp\/v2\/product\/82812\/revisions\/106687"}],"wp:featuredmedia":[{"embeddable":true,"href":"https:\/\/www.irdin.org.br\/site\/wp-json\/wp\/v2\/media\/7955"}],"wp:attachment":[{"href":"https:\/\/www.irdin.org.br\/site\/wp-json\/wp\/v2\/media?parent=82812"}],"wp:term":[{"taxonomy":"product_brand","embeddable":true,"href":"https:\/\/www.irdin.org.br\/site\/wp-json\/wp\/v2\/product_brand?post=82812"},{"taxonomy":"product_cat","embeddable":true,"href":"https:\/\/www.irdin.org.br\/site\/wp-json\/wp\/v2\/product_cat?post=82812"},{"taxonomy":"product_tag","embeddable":true,"href":"https:\/\/www.irdin.org.br\/site\/wp-json\/wp\/v2\/product_tag?post=82812"}],"curies":[{"name":"wp","href":"https:\/\/api.w.org\/{rel}","templated":true}]}}