{"id":82817,"date":"2018-04-26T18:11:08","date_gmt":"2018-04-26T18:11:08","guid":{"rendered":"http:\/\/www.irdin.org.br\/site\/produto\/presenca-de-sao-jose-volume-1\/"},"modified":"2024-07-21T23:18:59","modified_gmt":"2024-07-21T23:18:59","slug":"presenca-de-sao-jose-volume-1","status":"publish","type":"product","link":"https:\/\/www.irdin.org.br\/site\/produtos\/presenca-de-sao-jose-volume-1\/","title":{"rendered":"Presen\u00e7a de S\u00e3o Jos\u00e9 &#8211; Volume 1"},"content":{"rendered":"<p>Esta cole\u00e7\u00e3o re\u00fane as palestras em que Trigueirinho vem aprofundando temas apresentados nas recentes mensagens transmitidas por S\u00e3o Jos\u00e9 a um grupo de videntes.<\/p>\n<p>&nbsp;<br \/>\n<strong>Faixas:<\/strong><\/p>\n<p><span data-href=\"https:\/\/www.irdin.org.br\/site\/envios\/audios\/2867_0001__por_por__a_sublime_obra_de_sao_jose_em_nossas_vidas.mp3\" data-title=\"1 - a sublime obra de s\u00e3o jos\u00e9 em nossas vidas\" data-rel=\"\" data-target=\"\" data-meta=\"#fap-meta-6a04cd70c9fd5\" class=\"fap-single-track fap-track-button fap-play-button\" data-enqueue=\"no\" data-autoenqueue=\"no\" title=\"1 - a sublime obra de s\u00e3o jos\u00e9 em nossas vidas\"><span class=\"fap-icon-play\"><\/span>Ouvir<\/span> <a href=\"https:\/\/www.irdin.org.br\/site\/envios\/audios\/2867_0001__por_por__a_sublime_obra_de_sao_jose_em_nossas_vidas.mp3\" class=\"baixar\" download><span class=\"fa fa-arrow-down\"><\/span>Baixar<\/span><\/a> <span class=\"textobaixar\"> 1 &#8211; a sublime obra de s\u00e3o jos\u00e9 em nossas vidas<\/span><br \/>\n<span data-href=\"https:\/\/www.irdin.org.br\/site\/envios\/audios\/2867_0002__por_por__a_sagrada_alegria_da_devocao_segundo_sao_jose.mp3\" data-title=\"2 - a sagrada alegria da devo\u00e7\u00e3o segundo s\u00e3o jos\u00e9\" data-rel=\"\" data-target=\"\" data-meta=\"#fap-meta-6a04cd70ca087\" class=\"fap-single-track fap-track-button fap-play-button\" data-enqueue=\"no\" data-autoenqueue=\"no\" title=\"2 - a sagrada alegria da devo\u00e7\u00e3o segundo s\u00e3o jos\u00e9\"><span class=\"fap-icon-play\"><\/span>Ouvir<\/span> <a href=\"https:\/\/www.irdin.org.br\/site\/envios\/audios\/2867_0002__por_por__a_sagrada_alegria_da_devocao_segundo_sao_jose.mp3\" class=\"baixar\" download><span class=\"fa fa-arrow-down\"><\/span>Baixar<\/span><\/a> <span class=\"textobaixar\"> 2 &#8211; a sagrada alegria da devo\u00e7\u00e3o segundo s\u00e3o jos\u00e9<\/span><br \/>\n<span data-href=\"https:\/\/www.irdin.org.br\/site\/envios\/audios\/2867_0003__por_por__sao_jose_e_a_reverencia_que_leva_ao_silencio.mp3\" data-title=\"3 - s\u00e3o jos\u00e9 e a rever\u00eancia que leva ao sil\u00eancio\" data-rel=\"\" data-target=\"\" data-meta=\"#fap-meta-6a04cd70ca0f5\" class=\"fap-single-track fap-track-button fap-play-button\" data-enqueue=\"no\" data-autoenqueue=\"no\" title=\"3 - s\u00e3o jos\u00e9 e a rever\u00eancia que leva ao sil\u00eancio\"><span class=\"fap-icon-play\"><\/span>Ouvir<\/span> <a href=\"https:\/\/www.irdin.org.br\/site\/envios\/audios\/2867_0003__por_por__sao_jose_e_a_reverencia_que_leva_ao_silencio.mp3\" class=\"baixar\" download><span class=\"fa fa-arrow-down\"><\/span>Baixar<\/span><\/a> <span class=\"textobaixar\"> 3 &#8211; s\u00e3o jos\u00e9 e a rever\u00eancia que leva ao sil\u00eancio<\/span><br \/>\n<span data-href=\"https:\/\/www.irdin.org.br\/site\/envios\/audios\/2867_0004__por_por__sao_jose_e_a_vida_no_coracao.mp3\" data-title=\"4 - s\u00e3o jos\u00e9 e a vida no cora\u00e7\u00e3o\" data-rel=\"\" data-target=\"\" data-meta=\"#fap-meta-6a04cd70ca157\" class=\"fap-single-track fap-track-button fap-play-button\" data-enqueue=\"no\" data-autoenqueue=\"no\" title=\"4 - s\u00e3o jos\u00e9 e a vida no cora\u00e7\u00e3o\"><span class=\"fap-icon-play\"><\/span>Ouvir<\/span> <a href=\"https:\/\/www.irdin.org.br\/site\/envios\/audios\/2867_0004__por_por__sao_jose_e_a_vida_no_coracao.mp3\" class=\"baixar\" download><span class=\"fa fa-arrow-down\"><\/span>Baixar<\/span><\/a> <span class=\"textobaixar\"> 4 &#8211; s\u00e3o jos\u00e9 e a vida no cora\u00e7\u00e3o<\/span><br \/>\n<span data-href=\"https:\/\/www.irdin.org.br\/site\/envios\/audios\/2867_0005__por_por__sao_jose_e_a_manifestacao_da_nova_terra.mp3\" data-title=\"5 - s\u00e3o jos\u00e9 e a manifesta\u00e7\u00e3o da nova terra\" data-rel=\"\" data-target=\"\" data-meta=\"#fap-meta-6a04cd70ca1b9\" class=\"fap-single-track fap-track-button fap-play-button\" data-enqueue=\"no\" data-autoenqueue=\"no\" title=\"5 - s\u00e3o jos\u00e9 e a manifesta\u00e7\u00e3o da nova terra\"><span class=\"fap-icon-play\"><\/span>Ouvir<\/span> <a href=\"https:\/\/www.irdin.org.br\/site\/envios\/audios\/2867_0005__por_por__sao_jose_e_a_manifestacao_da_nova_terra.mp3\" class=\"baixar\" download><span class=\"fa fa-arrow-down\"><\/span>Baixar<\/span><\/a> <span class=\"textobaixar\"> 5 &#8211; s\u00e3o jos\u00e9 e a manifesta\u00e7\u00e3o da nova terra<\/span><br \/>\n<span data-href=\"https:\/\/www.irdin.org.br\/site\/envios\/audios\/2867_0006__por_por__sao_jose_e_a_transformacao_do_nosso_mundo_interior.mp3\" data-title=\"6 - s\u00e3o jos\u00e9 e a transforma\u00e7\u00e3o do nosso mundo interior\" data-rel=\"\" data-target=\"\" data-meta=\"#fap-meta-6a04cd70ca21b\" class=\"fap-single-track fap-track-button fap-play-button\" data-enqueue=\"no\" data-autoenqueue=\"no\" title=\"6 - s\u00e3o jos\u00e9 e a transforma\u00e7\u00e3o do nosso mundo interior\"><span class=\"fap-icon-play\"><\/span>Ouvir<\/span> <a href=\"https:\/\/www.irdin.org.br\/site\/envios\/audios\/2867_0006__por_por__sao_jose_e_a_transformacao_do_nosso_mundo_interior.mp3\" class=\"baixar\" download><span class=\"fa fa-arrow-down\"><\/span>Baixar<\/span><\/a> <span class=\"textobaixar\"> 6 &#8211; s\u00e3o jos\u00e9 e a transforma\u00e7\u00e3o do nosso mundo interior<\/span><\/p>\n<p>&nbsp;<\/p>\n","protected":false},"excerpt":{"rendered":"<p>Esta cole\u00e7\u00e3o re\u00fane as palestras em que Trigueirinho vem aprofundando temas apresentados nas recentes mensagens transmitidas por S\u00e3o Jos\u00e9 a<\/p>\n","protected":false},"featured_media":8002,"template":"","meta":{"_acf_changed":false},"product_brand":[],"product_cat":[18076,33109],"product_tag":[39017],"class_list":{"0":"post-82817","1":"product","2":"type-product","3":"status-publish","4":"has-post-thumbnail","6":"product_cat-cddvd","7":"product_cat-colecoes","8":"product_tag-39017","9":"pa_autor-trigueirinho","10":"pa_codigo-da-serie-24024","11":"pa_data-de-gravacao-24048","12":"pa_idioma-de-destino-portugues","13":"pa_lancamento-no","14":"pa_midia-cd","15":"pa_moac-39016","16":"pa_quantidade-de-saldo-33067","17":"pa_sequencial-da-serie-31889","18":"pa_tipo-de-traducao-nao-classificado","20":"first","21":"outofstock","22":"product-type-simple"},"acf":[],"_links":{"self":[{"href":"https:\/\/www.irdin.org.br\/site\/wp-json\/wp\/v2\/product\/82817","targetHints":{"allow":["GET"]}}],"collection":[{"href":"https:\/\/www.irdin.org.br\/site\/wp-json\/wp\/v2\/product"}],"about":[{"href":"https:\/\/www.irdin.org.br\/site\/wp-json\/wp\/v2\/types\/product"}],"version-history":[{"count":1,"href":"https:\/\/www.irdin.org.br\/site\/wp-json\/wp\/v2\/product\/82817\/revisions"}],"predecessor-version":[{"id":106704,"href":"https:\/\/www.irdin.org.br\/site\/wp-json\/wp\/v2\/product\/82817\/revisions\/106704"}],"wp:featuredmedia":[{"embeddable":true,"href":"https:\/\/www.irdin.org.br\/site\/wp-json\/wp\/v2\/media\/8002"}],"wp:attachment":[{"href":"https:\/\/www.irdin.org.br\/site\/wp-json\/wp\/v2\/media?parent=82817"}],"wp:term":[{"taxonomy":"product_brand","embeddable":true,"href":"https:\/\/www.irdin.org.br\/site\/wp-json\/wp\/v2\/product_brand?post=82817"},{"taxonomy":"product_cat","embeddable":true,"href":"https:\/\/www.irdin.org.br\/site\/wp-json\/wp\/v2\/product_cat?post=82817"},{"taxonomy":"product_tag","embeddable":true,"href":"https:\/\/www.irdin.org.br\/site\/wp-json\/wp\/v2\/product_tag?post=82817"}],"curies":[{"name":"wp","href":"https:\/\/api.w.org\/{rel}","templated":true}]}}