{"id":82818,"date":"2018-04-26T18:11:49","date_gmt":"2018-04-26T18:11:49","guid":{"rendered":"http:\/\/www.irdin.org.br\/site\/produto\/presenca-de-sao-jose-volume-2\/"},"modified":"2025-03-15T23:47:07","modified_gmt":"2025-03-15T23:47:07","slug":"presenca-de-sao-jose-volume-2","status":"publish","type":"product","link":"https:\/\/www.irdin.org.br\/site\/produtos\/presenca-de-sao-jose-volume-2\/","title":{"rendered":"Presen\u00e7a de S\u00e3o Jos\u00e9 &#8211; Volume 2"},"content":{"rendered":"<p>&nbsp;<br \/>\n<strong>Faixas:<\/strong><\/p>\n<p><span data-href=\"https:\/\/www.irdin.org.br\/site\/envios\/audios\/2867_0007__por_por__sao_jose_e_a_nova_forma_de_viver_e_de_amar.mp3\" data-title=\"01 - s\u00e3o jos\u00e9 e a nova forma de viver e de amar\" data-rel=\"\" data-target=\"\" data-meta=\"#fap-meta-6a04e3cf1b455\" class=\"fap-single-track fap-track-button fap-play-button\" data-enqueue=\"no\" data-autoenqueue=\"no\" title=\"01 - s\u00e3o jos\u00e9 e a nova forma de viver e de amar\"><span class=\"fap-icon-play\"><\/span>Ouvir<\/span> <a href=\"https:\/\/www.irdin.org.br\/site\/envios\/audios\/2867_0007__por_por__sao_jose_e_a_nova_forma_de_viver_e_de_amar.mp3\" class=\"baixar\" download><span class=\"fa fa-arrow-down\"><\/span>Baixar<\/span><\/a> <span class=\"textobaixar\"> 01 &#8211; s\u00e3o jos\u00e9 e a nova forma de viver e de amar<\/span><br \/>\n<span data-href=\"https:\/\/www.irdin.org.br\/site\/envios\/audios\/2867_0008__por_por__sao_jose_diante_de_nossas_escolhas.mp3\" data-title=\"02 - s\u00e3o jos\u00e9 diante de nossas escolhas\" data-rel=\"\" data-target=\"\" data-meta=\"#fap-meta-6a04e3cf1b517\" class=\"fap-single-track fap-track-button fap-play-button\" data-enqueue=\"no\" data-autoenqueue=\"no\" title=\"02 - s\u00e3o jos\u00e9 diante de nossas escolhas\"><span class=\"fap-icon-play\"><\/span>Ouvir<\/span> <a href=\"https:\/\/www.irdin.org.br\/site\/envios\/audios\/2867_0008__por_por__sao_jose_diante_de_nossas_escolhas.mp3\" class=\"baixar\" download><span class=\"fa fa-arrow-down\"><\/span>Baixar<\/span><\/a> <span class=\"textobaixar\"> 02 &#8211; s\u00e3o jos\u00e9 diante de nossas escolhas<\/span><br \/>\n<span data-href=\"https:\/\/www.irdin.org.br\/site\/envios\/audios\/2867_0009__por_por__sao_jose_e_o_chamado_para_um_grande_passo.mp3\" data-title=\"03 - s\u00e3o jos\u00e9 e o chamado para um grande passo\" data-rel=\"\" data-target=\"\" data-meta=\"#fap-meta-6a04e3cf1b59e\" class=\"fap-single-track fap-track-button fap-play-button\" data-enqueue=\"no\" data-autoenqueue=\"no\" title=\"03 - s\u00e3o jos\u00e9 e o chamado para um grande passo\"><span class=\"fap-icon-play\"><\/span>Ouvir<\/span> <a href=\"https:\/\/www.irdin.org.br\/site\/envios\/audios\/2867_0009__por_por__sao_jose_e_o_chamado_para_um_grande_passo.mp3\" class=\"baixar\" download><span class=\"fa fa-arrow-down\"><\/span>Baixar<\/span><\/a> <span class=\"textobaixar\"> 03 &#8211; s\u00e3o jos\u00e9 e o chamado para um grande passo<\/span><br \/>\n<span data-href=\"https:\/\/www.irdin.org.br\/site\/envios\/audios\/2867_0010__por_por__estar_consciente_e_estar_simples_na_aura_de_sao_jose.mp3\" data-title=\"04 - estar consciente e estar simples, na aura de s\u00e3o jos\u00e9\" data-rel=\"\" data-target=\"\" data-meta=\"#fap-meta-6a04e3cf1b62a\" class=\"fap-single-track fap-track-button fap-play-button\" data-enqueue=\"no\" data-autoenqueue=\"no\" title=\"04 - estar consciente e estar simples, na aura de s\u00e3o jos\u00e9\"><span class=\"fap-icon-play\"><\/span>Ouvir<\/span> <a href=\"https:\/\/www.irdin.org.br\/site\/envios\/audios\/2867_0010__por_por__estar_consciente_e_estar_simples_na_aura_de_sao_jose.mp3\" class=\"baixar\" download><span class=\"fa fa-arrow-down\"><\/span>Baixar<\/span><\/a> <span class=\"textobaixar\"> 04 &#8211; estar consciente e estar simples, na aura de s\u00e3o jos\u00e9<\/span><\/p>\n<p>&nbsp;<\/p>\n","protected":false},"excerpt":{"rendered":"<p>&nbsp; Faixas: Baixar 01 &#8211; s\u00e3o jos\u00e9 e a nova forma de viver e de amar Baixar 02 &#8211; s\u00e3o<\/p>\n","protected":false},"featured_media":8077,"template":"","meta":{"_acf_changed":false},"product_brand":[],"product_cat":[18076,33109],"product_tag":[39019],"class_list":{"0":"post-82818","1":"product","2":"type-product","3":"status-publish","4":"has-post-thumbnail","6":"product_cat-cddvd","7":"product_cat-colecoes","8":"product_tag-39019","9":"pa_autor-trigueirinho","10":"pa_codigo-da-serie-24024","11":"pa_data-de-gravacao-24209","12":"pa_idioma-de-destino-portugues","13":"pa_lancamento-no","14":"pa_midia-cd","15":"pa_moac-39018","16":"pa_quantidade-de-saldo-33067","17":"pa_sequencial-da-serie-31928","18":"pa_tipo-de-traducao-nao-classificado","20":"first","21":"outofstock","22":"product-type-simple"},"acf":[],"_links":{"self":[{"href":"https:\/\/www.irdin.org.br\/site\/wp-json\/wp\/v2\/product\/82818","targetHints":{"allow":["GET"]}}],"collection":[{"href":"https:\/\/www.irdin.org.br\/site\/wp-json\/wp\/v2\/product"}],"about":[{"href":"https:\/\/www.irdin.org.br\/site\/wp-json\/wp\/v2\/types\/product"}],"version-history":[{"count":1,"href":"https:\/\/www.irdin.org.br\/site\/wp-json\/wp\/v2\/product\/82818\/revisions"}],"predecessor-version":[{"id":106705,"href":"https:\/\/www.irdin.org.br\/site\/wp-json\/wp\/v2\/product\/82818\/revisions\/106705"}],"wp:featuredmedia":[{"embeddable":true,"href":"https:\/\/www.irdin.org.br\/site\/wp-json\/wp\/v2\/media\/8077"}],"wp:attachment":[{"href":"https:\/\/www.irdin.org.br\/site\/wp-json\/wp\/v2\/media?parent=82818"}],"wp:term":[{"taxonomy":"product_brand","embeddable":true,"href":"https:\/\/www.irdin.org.br\/site\/wp-json\/wp\/v2\/product_brand?post=82818"},{"taxonomy":"product_cat","embeddable":true,"href":"https:\/\/www.irdin.org.br\/site\/wp-json\/wp\/v2\/product_cat?post=82818"},{"taxonomy":"product_tag","embeddable":true,"href":"https:\/\/www.irdin.org.br\/site\/wp-json\/wp\/v2\/product_tag?post=82818"}],"curies":[{"name":"wp","href":"https:\/\/api.w.org\/{rel}","templated":true}]}}