{"id":82822,"date":"2018-04-26T18:11:49","date_gmt":"2018-04-26T18:11:49","guid":{"rendered":"http:\/\/www.irdin.org.br\/site\/produto\/conversas-especiais-volume-1\/"},"modified":"2024-09-27T13:07:57","modified_gmt":"2024-09-27T13:07:57","slug":"conversas-especiais-volume-1","status":"publish","type":"product","link":"https:\/\/www.irdin.org.br\/site\/produtos\/conversas-especiais-volume-1\/","title":{"rendered":"Conversas especiais &#8211; volume 1"},"content":{"rendered":"<p>Nesta colet\u00e2nea de cinco palestras Trigueirinho compartilha diversos assuntos que se mostram de especial import\u00e2ncia em sua obra fonogr\u00e1fica. Temas de grande simplicidade que se desdobram em perspectivas e convidam a uma inusitada reflex\u00e3o. Da vida comum \u00e0 vida superior, somos convidados a ver o que pode estar por tr\u00e1s de cada acontecimento e a oportunidade de transforma\u00e7\u00e3o que guardam.<\/p>\n<p>&nbsp;<br \/>\n<strong>Faixas:<\/strong><\/p>\n<p><span data-href=\"https:\/\/www.irdin.org.br\/site\/envios\/audios\/0068_0001__por_por__conversas_especiais_n01.mp3\" data-title=\"1 - conversas especiais - 1\" data-rel=\"\" data-target=\"\" data-meta=\"#fap-meta-69e1e0c517e35\" class=\"fap-single-track fap-track-button fap-play-button\" data-enqueue=\"no\" data-autoenqueue=\"no\" title=\"1 - conversas especiais - 1\"><span class=\"fap-icon-play\"><\/span>Ouvir<\/span> <a href=\"https:\/\/www.irdin.org.br\/site\/envios\/audios\/0068_0001__por_por__conversas_especiais_n01.mp3\" class=\"baixar\" download><span class=\"fa fa-arrow-down\"><\/span>Baixar<\/span><\/a> <span class=\"textobaixar\"> 1 &#8211; conversas especiais &#8211; 1<\/span><br \/>\n<span data-href=\"https:\/\/www.irdin.org.br\/site\/envios\/audios\/0068_0002__por_por__conversas_especiais_n02.mp3\" data-title=\"2 - conversas especiais - 2\" data-rel=\"\" data-target=\"\" data-meta=\"#fap-meta-69e1e0c517ed7\" class=\"fap-single-track fap-track-button fap-play-button\" data-enqueue=\"no\" data-autoenqueue=\"no\" title=\"2 - conversas especiais - 2\"><span class=\"fap-icon-play\"><\/span>Ouvir<\/span> <a href=\"https:\/\/www.irdin.org.br\/site\/envios\/audios\/0068_0002__por_por__conversas_especiais_n02.mp3\" class=\"baixar\" download><span class=\"fa fa-arrow-down\"><\/span>Baixar<\/span><\/a> <span class=\"textobaixar\"> 2 &#8211; conversas especiais &#8211; 2<\/span><br \/>\n<span data-href=\"https:\/\/www.irdin.org.br\/site\/envios\/audios\/0068_0003__por_por__conversas_especiais_n03.mp3\" data-title=\"3 - conversas especiais - 3\" data-rel=\"\" data-target=\"\" data-meta=\"#fap-meta-69e1e0c517f7e\" class=\"fap-single-track fap-track-button fap-play-button\" data-enqueue=\"no\" data-autoenqueue=\"no\" title=\"3 - conversas especiais - 3\"><span class=\"fap-icon-play\"><\/span>Ouvir<\/span> <a href=\"https:\/\/www.irdin.org.br\/site\/envios\/audios\/0068_0003__por_por__conversas_especiais_n03.mp3\" class=\"baixar\" download><span class=\"fa fa-arrow-down\"><\/span>Baixar<\/span><\/a> <span class=\"textobaixar\"> 3 &#8211; conversas especiais &#8211; 3<\/span><br \/>\n<span data-href=\"https:\/\/www.irdin.org.br\/site\/envios\/audios\/0068_0004__por_por__conversas_especiais_n04.mp3\" data-title=\"4 - conversas especiais - 4\" data-rel=\"\" data-target=\"\" data-meta=\"#fap-meta-69e1e0c5180a2\" class=\"fap-single-track fap-track-button fap-play-button\" data-enqueue=\"no\" data-autoenqueue=\"no\" title=\"4 - conversas especiais - 4\"><span class=\"fap-icon-play\"><\/span>Ouvir<\/span> <a href=\"https:\/\/www.irdin.org.br\/site\/envios\/audios\/0068_0004__por_por__conversas_especiais_n04.mp3\" class=\"baixar\" download><span class=\"fa fa-arrow-down\"><\/span>Baixar<\/span><\/a> <span class=\"textobaixar\"> 4 &#8211; conversas especiais &#8211; 4<\/span><br \/>\n<span data-href=\"https:\/\/www.irdin.org.br\/site\/envios\/audios\/0068_0005__por_por__conversas_especiais_n05.mp3\" data-title=\"5 - conversas especiais - 5\" data-rel=\"\" data-target=\"\" data-meta=\"#fap-meta-69e1e0c51812a\" class=\"fap-single-track fap-track-button fap-play-button\" data-enqueue=\"no\" data-autoenqueue=\"no\" title=\"5 - conversas especiais - 5\"><span class=\"fap-icon-play\"><\/span>Ouvir<\/span> <a href=\"https:\/\/www.irdin.org.br\/site\/envios\/audios\/0068_0005__por_por__conversas_especiais_n05.mp3\" class=\"baixar\" download><span class=\"fa fa-arrow-down\"><\/span>Baixar<\/span><\/a> <span class=\"textobaixar\"> 5 &#8211; conversas especiais &#8211; 5<\/span><\/p>\n<p>&nbsp;<\/p>\n","protected":false},"excerpt":{"rendered":"<p>Nesta colet\u00e2nea de cinco palestras Trigueirinho compartilha diversos assuntos que se mostram de especial import\u00e2ncia em sua obra fonogr\u00e1fica. Temas<\/p>\n","protected":false},"featured_media":7965,"template":"","meta":{"_acf_changed":false},"product_brand":[],"product_cat":[18076,33109],"product_tag":[39027],"class_list":{"0":"post-82822","1":"product","2":"type-product","3":"status-publish","4":"has-post-thumbnail","6":"product_cat-cddvd","7":"product_cat-colecoes","8":"product_tag-39027","9":"pa_autor-trigueirinho","10":"pa_codigo-da-serie-23922","11":"pa_data-de-gravacao-23962","12":"pa_idioma-de-destino-portugues","13":"pa_lancamento-no","14":"pa_midia-cd","15":"pa_moac-39026","16":"pa_quantidade-de-saldo-33067","17":"pa_sequencial-da-serie-31888","18":"pa_tipo-de-traducao-nao-classificado","20":"first","21":"outofstock","22":"product-type-simple"},"acf":[],"_links":{"self":[{"href":"https:\/\/www.irdin.org.br\/site\/wp-json\/wp\/v2\/product\/82822","targetHints":{"allow":["GET"]}}],"collection":[{"href":"https:\/\/www.irdin.org.br\/site\/wp-json\/wp\/v2\/product"}],"about":[{"href":"https:\/\/www.irdin.org.br\/site\/wp-json\/wp\/v2\/types\/product"}],"version-history":[{"count":2,"href":"https:\/\/www.irdin.org.br\/site\/wp-json\/wp\/v2\/product\/82822\/revisions"}],"predecessor-version":[{"id":106685,"href":"https:\/\/www.irdin.org.br\/site\/wp-json\/wp\/v2\/product\/82822\/revisions\/106685"}],"wp:featuredmedia":[{"embeddable":true,"href":"https:\/\/www.irdin.org.br\/site\/wp-json\/wp\/v2\/media\/7965"}],"wp:attachment":[{"href":"https:\/\/www.irdin.org.br\/site\/wp-json\/wp\/v2\/media?parent=82822"}],"wp:term":[{"taxonomy":"product_brand","embeddable":true,"href":"https:\/\/www.irdin.org.br\/site\/wp-json\/wp\/v2\/product_brand?post=82822"},{"taxonomy":"product_cat","embeddable":true,"href":"https:\/\/www.irdin.org.br\/site\/wp-json\/wp\/v2\/product_cat?post=82822"},{"taxonomy":"product_tag","embeddable":true,"href":"https:\/\/www.irdin.org.br\/site\/wp-json\/wp\/v2\/product_tag?post=82822"}],"curies":[{"name":"wp","href":"https:\/\/api.w.org\/{rel}","templated":true}]}}