{"id":82823,"date":"2018-04-26T18:11:49","date_gmt":"2018-04-26T18:11:49","guid":{"rendered":"http:\/\/www.irdin.org.br\/site\/produto\/cristo-trilogia-espiritual-de-oracao-devocao-e-contemplacao\/"},"modified":"2022-02-15T12:42:34","modified_gmt":"2022-02-15T12:42:34","slug":"cristo-trilogia-espiritual-de-oracao-devocao-e-contemplacao","status":"publish","type":"product","link":"https:\/\/www.irdin.org.br\/site\/produtos\/cristo-trilogia-espiritual-de-oracao-devocao-e-contemplacao\/","title":{"rendered":"Cristo. Trilogia espiritual de ora\u00e7\u00e3o, devo\u00e7\u00e3o e contempla\u00e7\u00e3o"},"content":{"rendered":"<p>\u00b4Quem rezar com amor e honra o Devocion\u00e1rio \u00e0s Cinco Sagradas Chagas e o Devocion\u00e1rio ao Poderoso Sangue dessa trilogia espiritual de ora\u00e7\u00e3o, devo\u00e7\u00e3o e contempla\u00e7\u00e3o, encontrar\u00e1 ajuda r\u00e1pida para suas dificuldades e problemas\u00b4. Cristo Jesus<\/p>\n<p>&nbsp;<br \/>\n<strong>Faixas:<\/strong><\/p>\n<p><span data-href=\"https:\/\/www.irdin.org.br\/site\/envios\/audios\/2890_0001__por_por__introducao_a_trilogia.mp3\" data-title=\"1 - introdu\u00e7\u00e3o \u00e0 trilogia\" data-rel=\"\" data-target=\"\" data-meta=\"#fap-meta-69fe19f2a426b\" class=\"fap-single-track fap-track-button fap-play-button\" data-enqueue=\"no\" data-autoenqueue=\"no\" title=\"1 - introdu\u00e7\u00e3o \u00e0 trilogia\"><span class=\"fap-icon-play\"><\/span>Ouvir<\/span> <a href=\"https:\/\/www.irdin.org.br\/site\/envios\/audios\/2890_0001__por_por__introducao_a_trilogia.mp3\" class=\"baixar\"><span class=\"fa fa-arrow-down\"><\/span>Baixar<\/span><\/a> <span class=\"textobaixar\"> 1 &#8211; introdu\u00e7\u00e3o \u00e0 trilogia<\/span><br \/>\n<span data-href=\"https:\/\/www.irdin.org.br\/site\/envios\/audios\/2888_0001__por_por__entrevista_com_as_orantes_da_trilogia.mp3\" data-title=\"2 - entrevista com as orantes da trilogia\" data-rel=\"\" data-target=\"\" data-meta=\"#fap-meta-69fe19f2a43db\" class=\"fap-single-track fap-track-button fap-play-button\" data-enqueue=\"no\" data-autoenqueue=\"no\" title=\"2 - entrevista com as orantes da trilogia\"><span class=\"fap-icon-play\"><\/span>Ouvir<\/span> <a href=\"https:\/\/www.irdin.org.br\/site\/envios\/audios\/2888_0001__por_por__entrevista_com_as_orantes_da_trilogia.mp3\" class=\"baixar\"><span class=\"fa fa-arrow-down\"><\/span>Baixar<\/span><\/a> <span class=\"textobaixar\"> 2 &#8211; entrevista com as orantes da trilogia<\/span><br \/>\n<span data-href=\"https:\/\/www.irdin.org.br\/site\/envios\/audios\/2888_0002__por_por__devocionario_ao_poderoso_sangue_de_jesus.mp3\" data-title=\"3 - devocion\u00e1rio ao poderoso sangue de jesus\" data-rel=\"\" data-target=\"\" data-meta=\"#fap-meta-69fe19f2a4490\" class=\"fap-single-track fap-track-button fap-play-button\" data-enqueue=\"no\" data-autoenqueue=\"no\" title=\"3 - devocion\u00e1rio ao poderoso sangue de jesus\"><span class=\"fap-icon-play\"><\/span>Ouvir<\/span> <a href=\"https:\/\/www.irdin.org.br\/site\/envios\/audios\/2888_0002__por_por__devocionario_ao_poderoso_sangue_de_jesus.mp3\" class=\"baixar\"><span class=\"fa fa-arrow-down\"><\/span>Baixar<\/span><\/a> <span class=\"textobaixar\"> 3 &#8211; devocion\u00e1rio ao poderoso sangue de jesus<\/span><br \/>\n<span data-href=\"https:\/\/www.irdin.org.br\/site\/envios\/audios\/2888_0003__por_por__devocionario_as_cinco_sagradas_chagas_de_jesus.mp3\" data-title=\"4 - devocion\u00e1rio \u00e0s cinco sagradas chagas de jesus\" data-rel=\"\" data-target=\"\" data-meta=\"#fap-meta-69fe19f2a452e\" class=\"fap-single-track fap-track-button fap-play-button\" data-enqueue=\"no\" data-autoenqueue=\"no\" title=\"4 - devocion\u00e1rio \u00e0s cinco sagradas chagas de jesus\"><span class=\"fap-icon-play\"><\/span>Ouvir<\/span> <a href=\"https:\/\/www.irdin.org.br\/site\/envios\/audios\/2888_0003__por_por__devocionario_as_cinco_sagradas_chagas_de_jesus.mp3\" class=\"baixar\"><span class=\"fa fa-arrow-down\"><\/span>Baixar<\/span><\/a> <span class=\"textobaixar\"> 4 &#8211; devocion\u00e1rio \u00e0s cinco sagradas chagas de jesus<\/span><br \/>\n<span data-href=\"https:\/\/www.irdin.org.br\/site\/envios\/audios\/2888_0004__por_por__contas_das_sete_agonias_de_jesus.mp3\" data-title=\"5 - contas das sete agonias de jesus\" data-rel=\"\" data-target=\"\" data-meta=\"#fap-meta-69fe19f2a45bc\" class=\"fap-single-track fap-track-button fap-play-button\" data-enqueue=\"no\" data-autoenqueue=\"no\" title=\"5 - contas das sete agonias de jesus\"><span class=\"fap-icon-play\"><\/span>Ouvir<\/span> <a href=\"https:\/\/www.irdin.org.br\/site\/envios\/audios\/2888_0004__por_por__contas_das_sete_agonias_de_jesus.mp3\" class=\"baixar\"><span class=\"fa fa-arrow-down\"><\/span>Baixar<\/span><\/a> <span class=\"textobaixar\"> 5 &#8211; contas das sete agonias de jesus<\/span><\/p>\n<p>&nbsp;<\/p>\n","protected":false},"excerpt":{"rendered":"<p>\u00b4Quem rezar com amor e honra o Devocion\u00e1rio \u00e0s Cinco Sagradas Chagas e o Devocion\u00e1rio ao Poderoso Sangue dessa trilogia<\/p>\n","protected":false},"featured_media":8101,"template":"","meta":{"_acf_changed":false},"product_brand":[],"product_cat":[18076,33109],"product_tag":[39029],"class_list":{"0":"post-82823","1":"product","2":"type-product","3":"status-publish","4":"has-post-thumbnail","6":"product_cat-cddvd","7":"product_cat-colecoes","8":"product_tag-39029","9":"pa_autor-ordem-graca-misericordia","10":"pa_autor-trigueirinho","11":"pa_codigo-da-serie-24279","12":"pa_data-de-gravacao-24276","13":"pa_idioma-de-destino-portugues","14":"pa_lancamento-no","15":"pa_midia-cd","16":"pa_moac-39028","17":"pa_quantidade-de-saldo-33067","18":"pa_sequencial-da-serie-31877","19":"pa_tipo-de-traducao-nao-classificado","21":"first","22":"outofstock","23":"product-type-simple"},"acf":[],"_links":{"self":[{"href":"https:\/\/www.irdin.org.br\/site\/wp-json\/wp\/v2\/product\/82823","targetHints":{"allow":["GET"]}}],"collection":[{"href":"https:\/\/www.irdin.org.br\/site\/wp-json\/wp\/v2\/product"}],"about":[{"href":"https:\/\/www.irdin.org.br\/site\/wp-json\/wp\/v2\/types\/product"}],"version-history":[{"count":0,"href":"https:\/\/www.irdin.org.br\/site\/wp-json\/wp\/v2\/product\/82823\/revisions"}],"wp:featuredmedia":[{"embeddable":true,"href":"https:\/\/www.irdin.org.br\/site\/wp-json\/wp\/v2\/media\/8101"}],"wp:attachment":[{"href":"https:\/\/www.irdin.org.br\/site\/wp-json\/wp\/v2\/media?parent=82823"}],"wp:term":[{"taxonomy":"product_brand","embeddable":true,"href":"https:\/\/www.irdin.org.br\/site\/wp-json\/wp\/v2\/product_brand?post=82823"},{"taxonomy":"product_cat","embeddable":true,"href":"https:\/\/www.irdin.org.br\/site\/wp-json\/wp\/v2\/product_cat?post=82823"},{"taxonomy":"product_tag","embeddable":true,"href":"https:\/\/www.irdin.org.br\/site\/wp-json\/wp\/v2\/product_tag?post=82823"}],"curies":[{"name":"wp","href":"https:\/\/api.w.org\/{rel}","templated":true}]}}