{"id":82824,"date":"2018-04-26T18:11:49","date_gmt":"2018-04-26T18:11:49","guid":{"rendered":"http:\/\/www.irdin.org.br\/site\/produto\/cura-caminho-de-luz\/"},"modified":"2022-01-31T13:48:21","modified_gmt":"2022-01-31T13:48:21","slug":"cura-caminho-de-luz","status":"publish","type":"product","link":"https:\/\/www.irdin.org.br\/site\/produtos\/cura-caminho-de-luz\/","title":{"rendered":"Cura &#8211; Caminho de Luz"},"content":{"rendered":"<p>A cura \u00e9 express\u00e3o da Vida pulsante e anima todo o cosmos. Manifesta-se como ci\u00eancia, como arte, como filosofia e como religiosidade. Nasce do sil\u00eancio e da entrega, do esvaziamento do ser que se volta ao mais Alto, tornando-se preenchido pela verdadeira exist\u00eancia. Corpo e alma devem fundir-se e tornarem-se o templo que acolhe a vida do esp\u00edrito.<\/p>\n<p>&nbsp;<br \/>\n<strong>Faixas:<\/strong><\/p>\n<p><span data-href=\"https:\/\/www.irdin.org.br\/site\/envios\/audios\/0059_0012__por_por__a_cura_do_corpo_e_a_cura_da_alma_palestra_em_sao_paulo.mp3\" data-title=\"1 - a cura do corpo e a cura da alma - palestra em s\u00e3o paulo\" data-rel=\"\" data-target=\"\" data-meta=\"#fap-meta-69fe2c975564d\" class=\"fap-single-track fap-track-button fap-play-button\" data-enqueue=\"no\" data-autoenqueue=\"no\" title=\"1 - a cura do corpo e a cura da alma - palestra em s\u00e3o paulo\"><span class=\"fap-icon-play\"><\/span>Ouvir<\/span> <a href=\"https:\/\/www.irdin.org.br\/site\/envios\/audios\/0059_0012__por_por__a_cura_do_corpo_e_a_cura_da_alma_palestra_em_sao_paulo.mp3\" class=\"baixar\" download><span class=\"fa fa-arrow-down\"><\/span>Baixar<\/span><\/a> <span class=\"textobaixar\"> 1 &#8211; a cura do corpo e a cura da alma &#8211; palestra em s\u00e3o paulo<\/span><br \/>\n<span data-href=\"https:\/\/www.irdin.org.br\/site\/envios\/audios\/0014_0271__por_por__as_cores_na_liberacao_e_cura_do_ser.mp3\" data-title=\"2 - as cores na libera\u00e7\u00e3o e cura do ser\" data-rel=\"\" data-target=\"\" data-meta=\"#fap-meta-69fe2c975574e\" class=\"fap-single-track fap-track-button fap-play-button\" data-enqueue=\"no\" data-autoenqueue=\"no\" title=\"2 - as cores na libera\u00e7\u00e3o e cura do ser\"><span class=\"fap-icon-play\"><\/span>Ouvir<\/span> <a href=\"https:\/\/www.irdin.org.br\/site\/envios\/audios\/0014_0271__por_por__as_cores_na_liberacao_e_cura_do_ser.mp3\" class=\"baixar\" download><span class=\"fa fa-arrow-down\"><\/span>Baixar<\/span><\/a> <span class=\"textobaixar\"> 2 &#8211; as cores na libera\u00e7\u00e3o e cura do ser<\/span><br \/>\n<span data-href=\"https:\/\/www.irdin.org.br\/site\/envios\/audios\/0014_0229__por_por__a_necessidade_de_cura_interior.mp3\" data-title=\"3 - a necessidade de cura interior\" data-rel=\"\" data-target=\"\" data-meta=\"#fap-meta-69fe2c97557c8\" class=\"fap-single-track fap-track-button fap-play-button\" data-enqueue=\"no\" data-autoenqueue=\"no\" title=\"3 - a necessidade de cura interior\"><span class=\"fap-icon-play\"><\/span>Ouvir<\/span> <a href=\"https:\/\/www.irdin.org.br\/site\/envios\/audios\/0014_0229__por_por__a_necessidade_de_cura_interior.mp3\" class=\"baixar\" download><span class=\"fa fa-arrow-down\"><\/span>Baixar<\/span><\/a> <span class=\"textobaixar\"> 3 &#8211; a necessidade de cura interior<\/span><br \/>\n<span data-href=\"https:\/\/www.irdin.org.br\/site\/envios\/audios\/0024_0014__por_por__que_e_viver_em_cura_.mp3\" data-title=\"4 - que \u00e9 viver em cura?\" data-rel=\"\" data-target=\"\" data-meta=\"#fap-meta-69fe2c975583b\" class=\"fap-single-track fap-track-button fap-play-button\" data-enqueue=\"no\" data-autoenqueue=\"no\" title=\"4 - que \u00e9 viver em cura?\"><span class=\"fap-icon-play\"><\/span>Ouvir<\/span> <a href=\"https:\/\/www.irdin.org.br\/site\/envios\/audios\/0024_0014__por_por__que_e_viver_em_cura_.mp3\" class=\"baixar\" download><span class=\"fa fa-arrow-down\"><\/span>Baixar<\/span><\/a> <span class=\"textobaixar\"> 4 &#8211; que \u00e9 viver em cura?<\/span><br \/>\n<span data-href=\"https:\/\/www.irdin.org.br\/site\/envios\/audios\/0009_0004__por_por__a_cura_extraterrestre.mp3\" data-title=\"5 - a cura extraterrestre\" data-rel=\"\" data-target=\"\" data-meta=\"#fap-meta-69fe2c9755886\" class=\"fap-single-track fap-track-button fap-play-button\" data-enqueue=\"no\" data-autoenqueue=\"no\" title=\"5 - a cura extraterrestre\"><span class=\"fap-icon-play\"><\/span>Ouvir<\/span> <a href=\"https:\/\/www.irdin.org.br\/site\/envios\/audios\/0009_0004__por_por__a_cura_extraterrestre.mp3\" class=\"baixar\" download><span class=\"fa fa-arrow-down\"><\/span>Baixar<\/span><\/a> <span class=\"textobaixar\"> 5 &#8211; a cura extraterrestre<\/span><br \/>\n<span data-href=\"https:\/\/www.irdin.org.br\/site\/envios\/audios\/0014_0010__por_por__cura_viagem_de_luz.mp3\" data-title=\"6 - cura: viagem de luz\" data-rel=\"\" data-target=\"\" data-meta=\"#fap-meta-69fe2c97558df\" class=\"fap-single-track fap-track-button fap-play-button\" data-enqueue=\"no\" data-autoenqueue=\"no\" title=\"6 - cura: viagem de luz\"><span class=\"fap-icon-play\"><\/span>Ouvir<\/span> <a href=\"https:\/\/www.irdin.org.br\/site\/envios\/audios\/0014_0010__por_por__cura_viagem_de_luz.mp3\" class=\"baixar\" download><span class=\"fa fa-arrow-down\"><\/span>Baixar<\/span><\/a> <span class=\"textobaixar\"> 6 &#8211; cura: viagem de luz<\/span><\/p>\n<p>&nbsp;<\/p>\n","protected":false},"excerpt":{"rendered":"<p>A cura \u00e9 express\u00e3o da Vida pulsante e anima todo o cosmos. Manifesta-se como ci\u00eancia, como arte, como filosofia e<\/p>\n","protected":false},"featured_media":24397,"template":"","meta":{"_acf_changed":false},"product_brand":[],"product_cat":[18076,33109],"product_tag":[39031],"class_list":{"0":"post-82824","1":"product","2":"type-product","3":"status-publish","4":"has-post-thumbnail","6":"product_cat-cddvd","7":"product_cat-colecoes","8":"product_tag-39031","9":"pa_autor-trigueirinho","10":"pa_codigo-da-serie-33116","11":"pa_data-de-gravacao-18305","12":"pa_idioma-de-destino-portugues","13":"pa_lancamento-no","14":"pa_midia-cd","15":"pa_moac-39030","16":"pa_quantidade-de-saldo-33067","17":"pa_sequencial-da-serie-31880","18":"pa_tipo-de-traducao-nao-classificado","20":"first","21":"outofstock","22":"product-type-simple"},"acf":[],"_links":{"self":[{"href":"https:\/\/www.irdin.org.br\/site\/wp-json\/wp\/v2\/product\/82824","targetHints":{"allow":["GET"]}}],"collection":[{"href":"https:\/\/www.irdin.org.br\/site\/wp-json\/wp\/v2\/product"}],"about":[{"href":"https:\/\/www.irdin.org.br\/site\/wp-json\/wp\/v2\/types\/product"}],"version-history":[{"count":0,"href":"https:\/\/www.irdin.org.br\/site\/wp-json\/wp\/v2\/product\/82824\/revisions"}],"wp:featuredmedia":[{"embeddable":true,"href":"https:\/\/www.irdin.org.br\/site\/wp-json\/wp\/v2\/media\/24397"}],"wp:attachment":[{"href":"https:\/\/www.irdin.org.br\/site\/wp-json\/wp\/v2\/media?parent=82824"}],"wp:term":[{"taxonomy":"product_brand","embeddable":true,"href":"https:\/\/www.irdin.org.br\/site\/wp-json\/wp\/v2\/product_brand?post=82824"},{"taxonomy":"product_cat","embeddable":true,"href":"https:\/\/www.irdin.org.br\/site\/wp-json\/wp\/v2\/product_cat?post=82824"},{"taxonomy":"product_tag","embeddable":true,"href":"https:\/\/www.irdin.org.br\/site\/wp-json\/wp\/v2\/product_tag?post=82824"}],"curies":[{"name":"wp","href":"https:\/\/api.w.org\/{rel}","templated":true}]}}