{"id":82825,"date":"2018-04-26T18:11:49","date_gmt":"2018-04-26T18:11:49","guid":{"rendered":"http:\/\/www.irdin.org.br\/site\/produto\/da-ilusao-a-realidade-impulsos-especiais-da-hierarquia-mishuk\/"},"modified":"2022-01-31T13:49:03","modified_gmt":"2022-01-31T13:49:03","slug":"da-ilusao-a-realidade-impulsos-especiais-da-hierarquia-mishuk","status":"publish","type":"product","link":"https:\/\/www.irdin.org.br\/site\/produtos\/da-ilusao-a-realidade-impulsos-especiais-da-hierarquia-mishuk\/","title":{"rendered":"Da ilus\u00e3o \u00e0 realidade &#8211; Impulsos especiais da Hierarquia Mishuk"},"content":{"rendered":"<p>Com clareza e profundidade somos instru\u00eddos por Mishuk para viver com seguran\u00e7a os momentos decisivos durante a transi\u00e7\u00e3o planet\u00e1ria.<\/p>\n<p>&nbsp;<br \/>\n<strong>Faixas:<\/strong><\/p>\n<p><span data-href=\"https:\/\/www.irdin.org.br\/site\/envios\/audios\/2900_0001__por_por__da_ilusao_a_realidade_1.mp3\" data-title=\"1 - da ilus\u00e3o \u00e0 realidade - 1\" data-rel=\"\" data-target=\"\" data-meta=\"#fap-meta-69eca3da8cecd\" class=\"fap-single-track fap-track-button fap-play-button\" data-enqueue=\"no\" data-autoenqueue=\"no\" title=\"1 - da ilus\u00e3o \u00e0 realidade - 1\"><span class=\"fap-icon-play\"><\/span>Ouvir<\/span> <a href=\"https:\/\/www.irdin.org.br\/site\/envios\/audios\/2900_0001__por_por__da_ilusao_a_realidade_1.mp3\" class=\"baixar\"><span class=\"fa fa-arrow-down\"><\/span>Baixar<\/span><\/a> <span class=\"textobaixar\"> 1 &#8211; da ilus\u00e3o \u00e0 realidade &#8211; 1<\/span><br \/>\n<span data-href=\"https:\/\/www.irdin.org.br\/site\/envios\/audios\/2900_0002__por_por__da_ilusao_a_realidade_2.mp3\" data-title=\"2 - da ilus\u00e3o \u00e0 realidade - 2\" data-rel=\"\" data-target=\"\" data-meta=\"#fap-meta-69eca3da8d033\" class=\"fap-single-track fap-track-button fap-play-button\" data-enqueue=\"no\" data-autoenqueue=\"no\" title=\"2 - da ilus\u00e3o \u00e0 realidade - 2\"><span class=\"fap-icon-play\"><\/span>Ouvir<\/span> <a href=\"https:\/\/www.irdin.org.br\/site\/envios\/audios\/2900_0002__por_por__da_ilusao_a_realidade_2.mp3\" class=\"baixar\"><span class=\"fa fa-arrow-down\"><\/span>Baixar<\/span><\/a> <span class=\"textobaixar\"> 2 &#8211; da ilus\u00e3o \u00e0 realidade &#8211; 2<\/span><\/p>\n<p>&nbsp;<\/p>\n","protected":false},"excerpt":{"rendered":"<p>Com clareza e profundidade somos instru\u00eddos por Mishuk para viver com seguran\u00e7a os momentos decisivos durante a transi\u00e7\u00e3o planet\u00e1ria. &nbsp;<\/p>\n","protected":false},"featured_media":8068,"template":"","meta":{"_acf_changed":false},"product_brand":[],"product_cat":[18076,33109],"product_tag":[39033],"class_list":{"0":"post-82825","1":"product","2":"type-product","3":"status-publish","4":"has-post-thumbnail","6":"product_cat-cddvd","7":"product_cat-colecoes","8":"product_tag-39033","9":"pa_autor-trigueirinho","10":"pa_codigo-da-serie-24024","11":"pa_data-de-gravacao-24190","12":"pa_idioma-de-destino-portugues","13":"pa_lancamento-no","14":"pa_midia-cd","15":"pa_moac-39032","16":"pa_quantidade-de-saldo-33067","17":"pa_sequencial-da-serie-31924","18":"pa_tipo-de-traducao-nao-classificado","20":"first","21":"outofstock","22":"product-type-simple"},"acf":[],"_links":{"self":[{"href":"https:\/\/www.irdin.org.br\/site\/wp-json\/wp\/v2\/product\/82825","targetHints":{"allow":["GET"]}}],"collection":[{"href":"https:\/\/www.irdin.org.br\/site\/wp-json\/wp\/v2\/product"}],"about":[{"href":"https:\/\/www.irdin.org.br\/site\/wp-json\/wp\/v2\/types\/product"}],"version-history":[{"count":0,"href":"https:\/\/www.irdin.org.br\/site\/wp-json\/wp\/v2\/product\/82825\/revisions"}],"wp:featuredmedia":[{"embeddable":true,"href":"https:\/\/www.irdin.org.br\/site\/wp-json\/wp\/v2\/media\/8068"}],"wp:attachment":[{"href":"https:\/\/www.irdin.org.br\/site\/wp-json\/wp\/v2\/media?parent=82825"}],"wp:term":[{"taxonomy":"product_brand","embeddable":true,"href":"https:\/\/www.irdin.org.br\/site\/wp-json\/wp\/v2\/product_brand?post=82825"},{"taxonomy":"product_cat","embeddable":true,"href":"https:\/\/www.irdin.org.br\/site\/wp-json\/wp\/v2\/product_cat?post=82825"},{"taxonomy":"product_tag","embeddable":true,"href":"https:\/\/www.irdin.org.br\/site\/wp-json\/wp\/v2\/product_tag?post=82825"}],"curies":[{"name":"wp","href":"https:\/\/api.w.org\/{rel}","templated":true}]}}