{"id":82828,"date":"2018-04-26T18:11:49","date_gmt":"2018-04-26T18:11:49","guid":{"rendered":"http:\/\/www.irdin.org.br\/site\/produto\/encontro-geral-das-redes-cura-instrucao-oracao-e-servico\/"},"modified":"2025-03-15T23:47:32","modified_gmt":"2025-03-15T23:47:32","slug":"encontro-geral-das-redes-cura-instrucao-oracao-e-servico","status":"publish","type":"product","link":"https:\/\/www.irdin.org.br\/site\/produtos\/encontro-geral-das-redes-cura-instrucao-oracao-e-servico\/","title":{"rendered":"Encontro Geral das Redes: Cura, Instru\u00e7\u00e3o, Ora\u00e7\u00e3o e Servi\u00e7o"},"content":{"rendered":"<p>Cura interior \/ N\u00facleo de Figueira em S\u00e3o Paulo \/ Ponte para uma vida dedicada \u00e0 busca espiritual \/ Respeito \u00e0 hora da morte \/ Desilus\u00e3o mental \/ Influ\u00eancia da opini\u00e3o p\u00fablica \/ Sonho com perda de energia vital \/ Vencer o mal com o bem \/ Diferentes graus de ora\u00e7\u00e3o \/ Rumo \u00e0 a\u00e7\u00e3o desinteressada \/ O que regula o aparecimento de naves extraterrestres \/ Rede que protege a Terra \/ Sil\u00eancio e desapego                                                                                                                                                                                                                                                                                                                                                                                                                                                                                                                                                                                                                                                Um chamado para aliviar o sofrimento do planeta.<\/p>\n<p>&nbsp;<br \/>\n<strong>Faixas:<\/strong><br \/>\n<span data-href=\"https:\/\/www.irdin.org.br\/site\/envios\/audios\/0014_0364__por_por__abertura_do_encontro_geral_das_redes.mp3\" data-title=\"1 - Abertura do Encontro Geral das Redes\" data-rel=\"\" data-target=\"\" data-meta=\"#fap-meta-6a04eee793fd0\" class=\"fap-single-track fap-track-button fap-play-button\" data-enqueue=\"no\" data-autoenqueue=\"no\" title=\"1 - Abertura do Encontro Geral das Redes\"><span class=\"fap-icon-play\"><\/span>Ouvir<\/span> <a href=\"https:\/\/www.irdin.org.br\/site\/envios\/audios\/0014_0364__por_por__abertura_do_encontro_geral_das_redes.mp3\" class=\"baixar\" download><span class=\"fa fa-arrow-down\"><\/span>Baixar<\/span><\/a> <span class=\"textobaixar\"> 1 &#8211; Abertura do Encontro Geral das Redes<\/span><br \/>\n<span data-href=\"https:\/\/www.irdin.org.br\/site\/envios\/audios\/0201_0056__por_por__as_quatro_redes_de_luz.mp3\" data-title=\"2 - As quatro Redes de Luz\" data-rel=\"\" data-target=\"\" data-meta=\"#fap-meta-6a04eee794028\" class=\"fap-single-track fap-track-button fap-play-button\" data-enqueue=\"no\" data-autoenqueue=\"no\" title=\"2 - As quatro Redes de Luz\"><span class=\"fap-icon-play\"><\/span>Ouvir<\/span> <a href=\"https:\/\/www.irdin.org.br\/site\/envios\/audios\/0201_0056__por_por__as_quatro_redes_de_luz.mp3\" class=\"baixar\" download><span class=\"fa fa-arrow-down\"><\/span>Baixar<\/span><\/a> <span class=\"textobaixar\"> 2 &#8211; As quatro Redes de Luz<\/span><br \/>\n<span data-href=\"https:\/\/www.irdin.org.br\/site\/envios\/audios\/0201_0057__por_por__uma_cronica_de_trabalhos.mp3\" data-title=\"3 - Uma cr\u00f4nica de trabalhos\" data-rel=\"\" data-target=\"\" data-meta=\"#fap-meta-6a04eee794148\" class=\"fap-single-track fap-track-button fap-play-button\" data-enqueue=\"no\" data-autoenqueue=\"no\" title=\"3 - Uma cr\u00f4nica de trabalhos\"><span class=\"fap-icon-play\"><\/span>Ouvir<\/span> <a href=\"https:\/\/www.irdin.org.br\/site\/envios\/audios\/0201_0057__por_por__uma_cronica_de_trabalhos.mp3\" class=\"baixar\" download><span class=\"fa fa-arrow-down\"><\/span>Baixar<\/span><\/a> <span class=\"textobaixar\"> 3 &#8211; Uma cr\u00f4nica de trabalhos<\/span><br \/>\n<span data-href=\"https:\/\/www.irdin.org.br\/site\/envios\/audios\/0201_0058__por_por__encerramento_compartilhado.mp3\" data-title=\"4 - Encerramento compartilhado\" data-rel=\"\" data-target=\"\" data-meta=\"#fap-meta-6a04eee794199\" class=\"fap-single-track fap-track-button fap-play-button\" data-enqueue=\"no\" data-autoenqueue=\"no\" title=\"4 - Encerramento compartilhado\"><span class=\"fap-icon-play\"><\/span>Ouvir<\/span> <a href=\"https:\/\/www.irdin.org.br\/site\/envios\/audios\/0201_0058__por_por__encerramento_compartilhado.mp3\" class=\"baixar\" download><span class=\"fa fa-arrow-down\"><\/span>Baixar<\/span><\/a> <span class=\"textobaixar\"> 4 &#8211; Encerramento compartilhado<\/span><\/p>\n<p>&nbsp;<\/p>\n","protected":false},"excerpt":{"rendered":"<p>Cura interior \/ N\u00facleo de Figueira em S\u00e3o Paulo \/ Ponte para uma vida dedicada \u00e0 busca espiritual \/ Respeito<\/p>\n","protected":false},"featured_media":7969,"template":"","meta":{"_acf_changed":false},"product_brand":[],"product_cat":[18076,33068],"product_tag":[33801],"class_list":{"0":"post-82828","1":"product","2":"type-product","3":"status-publish","4":"has-post-thumbnail","6":"product_cat-cddvd","7":"product_cat-palestras","8":"product_tag-33801","9":"pa_autor-trigueirinho","10":"pa_codigo-da-serie-23922","11":"pa_codigo-de-barras-23972","12":"pa_codigo-externo-co-24000011","13":"pa_data-de-edicao-24498","14":"pa_data-de-gravacao-19760","15":"pa_duracao-3h24min19s","16":"pa_idioma-de-destino-portugues","17":"pa_idioma-de-origem-portugues","18":"pa_lancamento-no","19":"pa_midia-cd","20":"pa_moac-33800","21":"pa_quantidade-de-saldo-33067","22":"pa_sequencial-da-serie-31891","23":"pa_tipo-de-traducao-nao-traduzido","25":"first","26":"outofstock","27":"product-type-simple"},"acf":[],"_links":{"self":[{"href":"https:\/\/www.irdin.org.br\/site\/wp-json\/wp\/v2\/product\/82828","targetHints":{"allow":["GET"]}}],"collection":[{"href":"https:\/\/www.irdin.org.br\/site\/wp-json\/wp\/v2\/product"}],"about":[{"href":"https:\/\/www.irdin.org.br\/site\/wp-json\/wp\/v2\/types\/product"}],"version-history":[{"count":2,"href":"https:\/\/www.irdin.org.br\/site\/wp-json\/wp\/v2\/product\/82828\/revisions"}],"predecessor-version":[{"id":109201,"href":"https:\/\/www.irdin.org.br\/site\/wp-json\/wp\/v2\/product\/82828\/revisions\/109201"}],"wp:featuredmedia":[{"embeddable":true,"href":"https:\/\/www.irdin.org.br\/site\/wp-json\/wp\/v2\/media\/7969"}],"wp:attachment":[{"href":"https:\/\/www.irdin.org.br\/site\/wp-json\/wp\/v2\/media?parent=82828"}],"wp:term":[{"taxonomy":"product_brand","embeddable":true,"href":"https:\/\/www.irdin.org.br\/site\/wp-json\/wp\/v2\/product_brand?post=82828"},{"taxonomy":"product_cat","embeddable":true,"href":"https:\/\/www.irdin.org.br\/site\/wp-json\/wp\/v2\/product_cat?post=82828"},{"taxonomy":"product_tag","embeddable":true,"href":"https:\/\/www.irdin.org.br\/site\/wp-json\/wp\/v2\/product_tag?post=82828"}],"curies":[{"name":"wp","href":"https:\/\/api.w.org\/{rel}","templated":true}]}}