{"id":82829,"date":"2018-04-26T18:11:49","date_gmt":"2018-04-26T18:11:49","guid":{"rendered":"http:\/\/www.irdin.org.br\/site\/produto\/energias-da-transicao-planetaria\/"},"modified":"2025-03-15T23:47:48","modified_gmt":"2025-03-15T23:47:48","slug":"energias-da-transicao-planetaria","status":"publish","type":"product","link":"https:\/\/www.irdin.org.br\/site\/produtos\/energias-da-transicao-planetaria\/","title":{"rendered":"Energias da Transi\u00e7\u00e3o Planet\u00e1ria"},"content":{"rendered":"<p>&nbsp;<br \/>\n<strong>Faixas:<\/strong><\/p>\n<p><span data-href=\"https:\/\/www.irdin.org.br\/site\/envios\/audios\/0061_0001__por_por__energias_da_transicao_planetaria_1.mp3\" data-title=\"1 - energias da transi\u00e7\u00e3o planet\u00e1ria - 1\" data-rel=\"\" data-target=\"\" data-meta=\"#fap-meta-69f525ce1e0bf\" class=\"fap-single-track fap-track-button fap-play-button\" data-enqueue=\"no\" data-autoenqueue=\"no\" title=\"1 - energias da transi\u00e7\u00e3o planet\u00e1ria - 1\"><span class=\"fap-icon-play\"><\/span>Ouvir<\/span> <a href=\"https:\/\/www.irdin.org.br\/site\/envios\/audios\/0061_0001__por_por__energias_da_transicao_planetaria_1.mp3\" class=\"baixar\" download><span class=\"fa fa-arrow-down\"><\/span>Baixar<\/span><\/a> <span class=\"textobaixar\"> 1 &#8211; energias da transi\u00e7\u00e3o planet\u00e1ria &#8211; 1<\/span><br \/>\n<span data-href=\"https:\/\/www.irdin.org.br\/site\/envios\/audios\/0061_0002__por_por__energias_da_transicao_planetaria_2.mp3\" data-title=\"2 - energias da transi\u00e7\u00e3o planet\u00e1ria - 2\" data-rel=\"\" data-target=\"\" data-meta=\"#fap-meta-69f525ce1e1f3\" class=\"fap-single-track fap-track-button fap-play-button\" data-enqueue=\"no\" data-autoenqueue=\"no\" title=\"2 - energias da transi\u00e7\u00e3o planet\u00e1ria - 2\"><span class=\"fap-icon-play\"><\/span>Ouvir<\/span> <a href=\"https:\/\/www.irdin.org.br\/site\/envios\/audios\/0061_0002__por_por__energias_da_transicao_planetaria_2.mp3\" class=\"baixar\" download><span class=\"fa fa-arrow-down\"><\/span>Baixar<\/span><\/a> <span class=\"textobaixar\"> 2 &#8211; energias da transi\u00e7\u00e3o planet\u00e1ria &#8211; 2<\/span><br \/>\n<span data-href=\"https:\/\/www.irdin.org.br\/site\/envios\/audios\/0061_0003__por_por__energias_da_transicao_planetaria_3.mp3\" data-title=\"3 - energias da transi\u00e7\u00e3o planet\u00e1ria - 3\" data-rel=\"\" data-target=\"\" data-meta=\"#fap-meta-69f525ce1e317\" class=\"fap-single-track fap-track-button fap-play-button\" data-enqueue=\"no\" data-autoenqueue=\"no\" title=\"3 - energias da transi\u00e7\u00e3o planet\u00e1ria - 3\"><span class=\"fap-icon-play\"><\/span>Ouvir<\/span> <a href=\"https:\/\/www.irdin.org.br\/site\/envios\/audios\/0061_0003__por_por__energias_da_transicao_planetaria_3.mp3\" class=\"baixar\" download><span class=\"fa fa-arrow-down\"><\/span>Baixar<\/span><\/a> <span class=\"textobaixar\"> 3 &#8211; energias da transi\u00e7\u00e3o planet\u00e1ria &#8211; 3<\/span><br \/>\n<span data-href=\"https:\/\/www.irdin.org.br\/site\/envios\/audios\/0061_0004__por_por__energias_da_transicao_planetaria_4.mp3\" data-title=\"4 - energias da transi\u00e7\u00e3o planet\u00e1ria - 4\" data-rel=\"\" data-target=\"\" data-meta=\"#fap-meta-69f525ce1e429\" class=\"fap-single-track fap-track-button fap-play-button\" data-enqueue=\"no\" data-autoenqueue=\"no\" title=\"4 - energias da transi\u00e7\u00e3o planet\u00e1ria - 4\"><span class=\"fap-icon-play\"><\/span>Ouvir<\/span> <a href=\"https:\/\/www.irdin.org.br\/site\/envios\/audios\/0061_0004__por_por__energias_da_transicao_planetaria_4.mp3\" class=\"baixar\" download><span class=\"fa fa-arrow-down\"><\/span>Baixar<\/span><\/a> <span class=\"textobaixar\"> 4 &#8211; energias da transi\u00e7\u00e3o planet\u00e1ria &#8211; 4<\/span><br \/>\n<span data-href=\"https:\/\/www.irdin.org.br\/site\/envios\/audios\/0061_0005__por_por__energias_da_transicao_planetaria_5.mp3\" data-title=\"5 - energias da transi\u00e7\u00e3o planet\u00e1ria - 5\" data-rel=\"\" data-target=\"\" data-meta=\"#fap-meta-69f525ce1e51e\" class=\"fap-single-track fap-track-button fap-play-button\" data-enqueue=\"no\" data-autoenqueue=\"no\" title=\"5 - energias da transi\u00e7\u00e3o planet\u00e1ria - 5\"><span class=\"fap-icon-play\"><\/span>Ouvir<\/span> <a href=\"https:\/\/www.irdin.org.br\/site\/envios\/audios\/0061_0005__por_por__energias_da_transicao_planetaria_5.mp3\" class=\"baixar\" download><span class=\"fa fa-arrow-down\"><\/span>Baixar<\/span><\/a> <span class=\"textobaixar\"> 5 &#8211; energias da transi\u00e7\u00e3o planet\u00e1ria &#8211; 5<\/span><br \/>\n<span data-href=\"https:\/\/www.irdin.org.br\/site\/envios\/audios\/0061_0006__por_por__energias_da_transicao_planetaria_6.mp3\" data-title=\"6 - energias da transi\u00e7\u00e3o planet\u00e1ria - 6\" data-rel=\"\" data-target=\"\" data-meta=\"#fap-meta-69f525ce1e614\" class=\"fap-single-track fap-track-button fap-play-button\" data-enqueue=\"no\" data-autoenqueue=\"no\" title=\"6 - energias da transi\u00e7\u00e3o planet\u00e1ria - 6\"><span class=\"fap-icon-play\"><\/span>Ouvir<\/span> <a href=\"https:\/\/www.irdin.org.br\/site\/envios\/audios\/0061_0006__por_por__energias_da_transicao_planetaria_6.mp3\" class=\"baixar\" download><span class=\"fa fa-arrow-down\"><\/span>Baixar<\/span><\/a> <span class=\"textobaixar\"> 6 &#8211; energias da transi\u00e7\u00e3o planet\u00e1ria &#8211; 6<\/span><\/p>\n<p>&nbsp;<\/p>\n","protected":false},"excerpt":{"rendered":"<p>&nbsp; Faixas: Baixar 1 &#8211; energias da transi\u00e7\u00e3o planet\u00e1ria &#8211; 1 Baixar 2 &#8211; energias da transi\u00e7\u00e3o planet\u00e1ria &#8211; 2<\/p>\n","protected":false},"featured_media":8066,"template":"","meta":{"_acf_changed":false},"product_brand":[],"product_cat":[18076,33068],"product_tag":[39039],"class_list":{"0":"post-82829","1":"product","2":"type-product","3":"status-publish","4":"has-post-thumbnail","6":"product_cat-cddvd","7":"product_cat-palestras","8":"product_tag-39039","9":"pa_autor-trigueirinho","10":"pa_codigo-da-serie-24024","11":"pa_data-de-gravacao-24187","12":"pa_idioma-de-destino-portugues","13":"pa_lancamento-no","14":"pa_midia-cd","15":"pa_moac-39038","16":"pa_quantidade-de-saldo-33067","17":"pa_sequencial-da-serie-31923","18":"pa_tipo-de-traducao-nao-classificado","20":"first","21":"outofstock","22":"product-type-simple"},"acf":[],"_links":{"self":[{"href":"https:\/\/www.irdin.org.br\/site\/wp-json\/wp\/v2\/product\/82829","targetHints":{"allow":["GET"]}}],"collection":[{"href":"https:\/\/www.irdin.org.br\/site\/wp-json\/wp\/v2\/product"}],"about":[{"href":"https:\/\/www.irdin.org.br\/site\/wp-json\/wp\/v2\/types\/product"}],"version-history":[{"count":1,"href":"https:\/\/www.irdin.org.br\/site\/wp-json\/wp\/v2\/product\/82829\/revisions"}],"predecessor-version":[{"id":109202,"href":"https:\/\/www.irdin.org.br\/site\/wp-json\/wp\/v2\/product\/82829\/revisions\/109202"}],"wp:featuredmedia":[{"embeddable":true,"href":"https:\/\/www.irdin.org.br\/site\/wp-json\/wp\/v2\/media\/8066"}],"wp:attachment":[{"href":"https:\/\/www.irdin.org.br\/site\/wp-json\/wp\/v2\/media?parent=82829"}],"wp:term":[{"taxonomy":"product_brand","embeddable":true,"href":"https:\/\/www.irdin.org.br\/site\/wp-json\/wp\/v2\/product_brand?post=82829"},{"taxonomy":"product_cat","embeddable":true,"href":"https:\/\/www.irdin.org.br\/site\/wp-json\/wp\/v2\/product_cat?post=82829"},{"taxonomy":"product_tag","embeddable":true,"href":"https:\/\/www.irdin.org.br\/site\/wp-json\/wp\/v2\/product_tag?post=82829"}],"curies":[{"name":"wp","href":"https:\/\/api.w.org\/{rel}","templated":true}]}}