{"id":82830,"date":"2018-04-26T18:11:49","date_gmt":"2018-04-26T18:11:49","guid":{"rendered":"http:\/\/www.irdin.org.br\/site\/produto\/erks\/"},"modified":"2025-03-15T23:48:02","modified_gmt":"2025-03-15T23:48:02","slug":"erks","status":"publish","type":"product","link":"https:\/\/www.irdin.org.br\/site\/produtos\/erks\/","title":{"rendered":"ERKS Cole\u00e7\u00e3o"},"content":{"rendered":"<p>Colet\u00e2nea de seis palestras sobre ERKS, Centro Planet\u00e1rio que tra\u00e7a caminhos evolutivos nos quais a humanidade pode trilhar hoje.ERKS contribui para a forma\u00e7\u00e3o interna dos seres humanos, preparando-os para reconhecer e contatar conscientemente sua ess\u00eancia imaterial. Nos planos internos, acolhe os que se voltam para a realiza\u00e7\u00e3o espiritual. Com seu trabalho invis\u00edvel, esse Centro introduz a consci\u00eancia humana na nova filosofia, na nova religiosidade e na nova educa\u00e7\u00e3o. Fonte de impulso na senda inici\u00e1tica, \u00e9 um dos guardi\u00e3es dos mist\u00e9rios do cosmos.<\/p>\n<p>&nbsp;<br \/>\n<strong>Faixas:<\/strong><\/p>\n<p><span data-href=\"https:\/\/www.irdin.org.br\/site\/envios\/audios\/0032_0020__por_por__a_revelacao_que_erks_nos_traz.mp3\" data-title=\"1 - a revela\u00e7\u00e3o que erks nos traz\" data-rel=\"\" data-target=\"\" data-meta=\"#fap-meta-6a04c612c1d0e\" class=\"fap-single-track fap-track-button fap-play-button\" data-enqueue=\"no\" data-autoenqueue=\"no\" title=\"1 - a revela\u00e7\u00e3o que erks nos traz\"><span class=\"fap-icon-play\"><\/span>Ouvir<\/span> <a href=\"https:\/\/www.irdin.org.br\/site\/envios\/audios\/0032_0020__por_por__a_revelacao_que_erks_nos_traz.mp3\" class=\"baixar\"><span class=\"fa fa-arrow-down\"><\/span>Baixar<\/span><\/a> <span class=\"textobaixar\"> 1 &#8211; a revela\u00e7\u00e3o que erks nos traz<\/span><br \/>\n<span data-href=\"https:\/\/www.irdin.org.br\/site\/envios\/audios\/0032_0046__por_por__novos_sinais_de_contato_2.mp3\" data-title=\"2 - novos sinais de contato - 2\" data-rel=\"\" data-target=\"\" data-meta=\"#fap-meta-6a04c612c1d8f\" class=\"fap-single-track fap-track-button fap-play-button\" data-enqueue=\"no\" data-autoenqueue=\"no\" title=\"2 - novos sinais de contato - 2\"><span class=\"fap-icon-play\"><\/span>Ouvir<\/span> <a href=\"https:\/\/www.irdin.org.br\/site\/envios\/audios\/0032_0046__por_por__novos_sinais_de_contato_2.mp3\" class=\"baixar\"><span class=\"fa fa-arrow-down\"><\/span>Baixar<\/span><\/a> <span class=\"textobaixar\"> 2 &#8211; novos sinais de contato &#8211; 2<\/span><br \/>\n<span data-href=\"https:\/\/www.irdin.org.br\/site\/envios\/audios\/0032_0078__por_por__mais_luz_no_horizonte.mp3\" data-title=\"3 - mais luz no horizonte\" data-rel=\"\" data-target=\"\" data-meta=\"#fap-meta-6a04c612c1dd6\" class=\"fap-single-track fap-track-button fap-play-button\" data-enqueue=\"no\" data-autoenqueue=\"no\" title=\"3 - mais luz no horizonte\"><span class=\"fap-icon-play\"><\/span>Ouvir<\/span> <a href=\"https:\/\/www.irdin.org.br\/site\/envios\/audios\/0032_0078__por_por__mais_luz_no_horizonte.mp3\" class=\"baixar\"><span class=\"fa fa-arrow-down\"><\/span>Baixar<\/span><\/a> <span class=\"textobaixar\"> 3 &#8211; mais luz no horizonte<\/span><br \/>\n<span data-href=\"https:\/\/www.irdin.org.br\/site\/envios\/audios\/0014_0313__por_por__erks_em_visao_mais_profunda.mp3\" data-title=\"4 - erks em vis\u00e3o mais profunda\" data-rel=\"\" data-target=\"\" data-meta=\"#fap-meta-6a04c612c1e23\" class=\"fap-single-track fap-track-button fap-play-button\" data-enqueue=\"no\" data-autoenqueue=\"no\" title=\"4 - erks em vis\u00e3o mais profunda\"><span class=\"fap-icon-play\"><\/span>Ouvir<\/span> <a href=\"https:\/\/www.irdin.org.br\/site\/envios\/audios\/0014_0313__por_por__erks_em_visao_mais_profunda.mp3\" class=\"baixar\"><span class=\"fa fa-arrow-down\"><\/span>Baixar<\/span><\/a> <span class=\"textobaixar\"> 4 &#8211; erks em vis\u00e3o mais profunda<\/span><br \/>\n<span data-href=\"https:\/\/www.irdin.org.br\/site\/envios\/audios\/0060_0005__por_por__os_monges_brancos_de_erks_e_a_cidade_de_figueira.mp3\" data-title=\"5 - os monges brancos de erks e a cidade de figueira\" data-rel=\"\" data-target=\"\" data-meta=\"#fap-meta-6a04c612c1e6f\" class=\"fap-single-track fap-track-button fap-play-button\" data-enqueue=\"no\" data-autoenqueue=\"no\" title=\"5 - os monges brancos de erks e a cidade de figueira\"><span class=\"fap-icon-play\"><\/span>Ouvir<\/span> <a href=\"https:\/\/www.irdin.org.br\/site\/envios\/audios\/0060_0005__por_por__os_monges_brancos_de_erks_e_a_cidade_de_figueira.mp3\" class=\"baixar\"><span class=\"fa fa-arrow-down\"><\/span>Baixar<\/span><\/a> <span class=\"textobaixar\"> 5 &#8211; os monges brancos de erks e a cidade de figueira<\/span><br \/>\n<span data-href=\"https:\/\/www.irdin.org.br\/site\/envios\/audios\/0021_0020__por_por__da_vida_comum_a_vida_de_erks.mp3\" data-title=\"6 - da vida comum \u00e0 vida de erks\" data-rel=\"\" data-target=\"\" data-meta=\"#fap-meta-6a04c612c1eb7\" class=\"fap-single-track fap-track-button fap-play-button\" data-enqueue=\"no\" data-autoenqueue=\"no\" title=\"6 - da vida comum \u00e0 vida de erks\"><span class=\"fap-icon-play\"><\/span>Ouvir<\/span> <a href=\"https:\/\/www.irdin.org.br\/site\/envios\/audios\/0021_0020__por_por__da_vida_comum_a_vida_de_erks.mp3\" class=\"baixar\"><span class=\"fa fa-arrow-down\"><\/span>Baixar<\/span><\/a> <span class=\"textobaixar\"> 6 &#8211; da vida comum \u00e0 vida de erks<\/span><\/p>\n<p>&nbsp;<\/p>\n","protected":false},"excerpt":{"rendered":"<p>Colet\u00e2nea de seis palestras sobre ERKS, Centro Planet\u00e1rio que tra\u00e7a caminhos evolutivos nos quais a humanidade pode trilhar hoje.ERKS contribui<\/p>\n","protected":false},"featured_media":7967,"template":"","meta":{"_acf_changed":false},"product_brand":[],"product_cat":[18076,33109],"product_tag":[43789],"class_list":{"0":"post-82830","1":"product","2":"type-product","3":"status-publish","4":"has-post-thumbnail","6":"product_cat-cddvd","7":"product_cat-colecoes","8":"product_tag-43789","9":"pa_autor-trigueirinho","10":"pa_codigo-da-serie-23922","11":"pa_data-de-gravacao-23966","12":"pa_idioma-de-destino-portugues","13":"pa_lancamento-no","14":"pa_midia-cd","15":"pa_moac-43788","16":"pa_quantidade-de-saldo-33067","17":"pa_sequencial-da-serie-31890","18":"pa_tipo-de-traducao-nao-classificado","20":"first","21":"outofstock","22":"product-type-simple"},"acf":[],"_links":{"self":[{"href":"https:\/\/www.irdin.org.br\/site\/wp-json\/wp\/v2\/product\/82830","targetHints":{"allow":["GET"]}}],"collection":[{"href":"https:\/\/www.irdin.org.br\/site\/wp-json\/wp\/v2\/product"}],"about":[{"href":"https:\/\/www.irdin.org.br\/site\/wp-json\/wp\/v2\/types\/product"}],"version-history":[{"count":1,"href":"https:\/\/www.irdin.org.br\/site\/wp-json\/wp\/v2\/product\/82830\/revisions"}],"predecessor-version":[{"id":106688,"href":"https:\/\/www.irdin.org.br\/site\/wp-json\/wp\/v2\/product\/82830\/revisions\/106688"}],"wp:featuredmedia":[{"embeddable":true,"href":"https:\/\/www.irdin.org.br\/site\/wp-json\/wp\/v2\/media\/7967"}],"wp:attachment":[{"href":"https:\/\/www.irdin.org.br\/site\/wp-json\/wp\/v2\/media?parent=82830"}],"wp:term":[{"taxonomy":"product_brand","embeddable":true,"href":"https:\/\/www.irdin.org.br\/site\/wp-json\/wp\/v2\/product_brand?post=82830"},{"taxonomy":"product_cat","embeddable":true,"href":"https:\/\/www.irdin.org.br\/site\/wp-json\/wp\/v2\/product_cat?post=82830"},{"taxonomy":"product_tag","embeddable":true,"href":"https:\/\/www.irdin.org.br\/site\/wp-json\/wp\/v2\/product_tag?post=82830"}],"curies":[{"name":"wp","href":"https:\/\/api.w.org\/{rel}","templated":true}]}}