{"id":82831,"date":"2018-04-26T18:11:49","date_gmt":"2018-04-26T18:11:49","guid":{"rendered":"http:\/\/www.irdin.org.br\/site\/produto\/falas-do-cristo-volume-1\/"},"modified":"2025-03-15T23:48:15","modified_gmt":"2025-03-15T23:48:15","slug":"falas-do-cristo-volume-1","status":"publish","type":"product","link":"https:\/\/www.irdin.org.br\/site\/produtos\/falas-do-cristo-volume-1\/","title":{"rendered":"Falas do Cristo &#8211; Volume 1"},"content":{"rendered":"<p>Esta cole\u00e7\u00e3o re\u00fane as palestras em que Trigueirinho vem aprofundando a leitura das recentes mensagens transmitidas por Cristo Jesus a um grupo de videntes.<\/p>\n<p>&nbsp;<br \/>\n<strong>Faixas:<\/strong><\/p>\n<p><span data-href=\"https:\/\/www.irdin.org.br\/site\/envios\/audios\/2863_0001__por_por__do_cristo_cosmico_ao_cristo_interno.mp3\" data-title=\"1 - do cristo c\u00f3smico ao cristo interno\" data-rel=\"\" data-target=\"\" data-meta=\"#fap-meta-69e1a830753c0\" class=\"fap-single-track fap-track-button fap-play-button\" data-enqueue=\"no\" data-autoenqueue=\"no\" title=\"1 - do cristo c\u00f3smico ao cristo interno\"><span class=\"fap-icon-play\"><\/span>Ouvir<\/span> <a href=\"https:\/\/www.irdin.org.br\/site\/envios\/audios\/2863_0001__por_por__do_cristo_cosmico_ao_cristo_interno.mp3\" class=\"baixar\" download><span class=\"fa fa-arrow-down\"><\/span>Baixar<\/span><\/a> <span class=\"textobaixar\"> 1 &#8211; do cristo c\u00f3smico ao cristo interno<\/span><br \/>\n<span data-href=\"https:\/\/www.irdin.org.br\/site\/envios\/audios\/2863_0002__por_por__fala_conosco_o_cristo_interno.mp3\" data-title=\"2 - fala conosco o cristo interno\" data-rel=\"\" data-target=\"\" data-meta=\"#fap-meta-69e1a83075558\" class=\"fap-single-track fap-track-button fap-play-button\" data-enqueue=\"no\" data-autoenqueue=\"no\" title=\"2 - fala conosco o cristo interno\"><span class=\"fap-icon-play\"><\/span>Ouvir<\/span> <a href=\"https:\/\/www.irdin.org.br\/site\/envios\/audios\/2863_0002__por_por__fala_conosco_o_cristo_interno.mp3\" class=\"baixar\" download><span class=\"fa fa-arrow-down\"><\/span>Baixar<\/span><\/a> <span class=\"textobaixar\"> 2 &#8211; fala conosco o cristo interno<\/span><br \/>\n<span data-href=\"https:\/\/www.irdin.org.br\/site\/envios\/audios\/2863_0003__por_por__os_tres_humildes_e_sabios_coracoes.mp3\" data-title=\"3 - os tr\u00eas humildes e s\u00e1bios cora\u00e7\u00f5es\" data-rel=\"\" data-target=\"\" data-meta=\"#fap-meta-69e1a8307563d\" class=\"fap-single-track fap-track-button fap-play-button\" data-enqueue=\"no\" data-autoenqueue=\"no\" title=\"3 - os tr\u00eas humildes e s\u00e1bios cora\u00e7\u00f5es\"><span class=\"fap-icon-play\"><\/span>Ouvir<\/span> <a href=\"https:\/\/www.irdin.org.br\/site\/envios\/audios\/2863_0003__por_por__os_tres_humildes_e_sabios_coracoes.mp3\" class=\"baixar\" download><span class=\"fa fa-arrow-down\"><\/span>Baixar<\/span><\/a> <span class=\"textobaixar\"> 3 &#8211; os tr\u00eas humildes e s\u00e1bios cora\u00e7\u00f5es<\/span><br \/>\n<span data-href=\"https:\/\/www.irdin.org.br\/site\/envios\/audios\/2863_0004__por_por__aos_poucos_com_os_quais_se_conta.mp3\" data-title=\"4 - aos poucos com os quais se conta\" data-rel=\"\" data-target=\"\" data-meta=\"#fap-meta-69e1a830756dc\" class=\"fap-single-track fap-track-button fap-play-button\" data-enqueue=\"no\" data-autoenqueue=\"no\" title=\"4 - aos poucos com os quais se conta\"><span class=\"fap-icon-play\"><\/span>Ouvir<\/span> <a href=\"https:\/\/www.irdin.org.br\/site\/envios\/audios\/2863_0004__por_por__aos_poucos_com_os_quais_se_conta.mp3\" class=\"baixar\" download><span class=\"fa fa-arrow-down\"><\/span>Baixar<\/span><\/a> <span class=\"textobaixar\"> 4 &#8211; aos poucos com os quais se conta<\/span><br \/>\n<span data-href=\"https:\/\/www.irdin.org.br\/site\/envios\/audios\/2863_0005__por_por__da_ilusao_mundial_aos_desafios_que_a_verdade_traz.mp3\" data-title=\"5 - da ilus\u00e3o mundial aos desafios que a verdade traz\" data-rel=\"\" data-target=\"\" data-meta=\"#fap-meta-69e1a8307579c\" class=\"fap-single-track fap-track-button fap-play-button\" data-enqueue=\"no\" data-autoenqueue=\"no\" title=\"5 - da ilus\u00e3o mundial aos desafios que a verdade traz\"><span class=\"fap-icon-play\"><\/span>Ouvir<\/span> <a href=\"https:\/\/www.irdin.org.br\/site\/envios\/audios\/2863_0005__por_por__da_ilusao_mundial_aos_desafios_que_a_verdade_traz.mp3\" class=\"baixar\" download><span class=\"fa fa-arrow-down\"><\/span>Baixar<\/span><\/a> <span class=\"textobaixar\"> 5 &#8211; da ilus\u00e3o mundial aos desafios que a verdade traz<\/span><br \/>\n<span data-href=\"https:\/\/www.irdin.org.br\/site\/envios\/audios\/2863_0006__por_por__contemplar_em_silencio_e_viver_da_misericordia.mp3\" data-title=\"6 - contemplar em sil\u00eancio e viver da miseric\u00f3rdia\" data-rel=\"\" data-target=\"\" data-meta=\"#fap-meta-69e1a83075890\" class=\"fap-single-track fap-track-button fap-play-button\" data-enqueue=\"no\" data-autoenqueue=\"no\" title=\"6 - contemplar em sil\u00eancio e viver da miseric\u00f3rdia\"><span class=\"fap-icon-play\"><\/span>Ouvir<\/span> <a href=\"https:\/\/www.irdin.org.br\/site\/envios\/audios\/2863_0006__por_por__contemplar_em_silencio_e_viver_da_misericordia.mp3\" class=\"baixar\" download><span class=\"fa fa-arrow-down\"><\/span>Baixar<\/span><\/a> <span class=\"textobaixar\"> 6 &#8211; contemplar em sil\u00eancio e viver da miseric\u00f3rdia<\/span><br \/>\n<span data-href=\"https:\/\/www.irdin.org.br\/site\/envios\/audios\/2863_0007__por_por__a_cura_e_o_trabalho_com_as_cores_na_nova_humanidade.mp3\" data-title=\"7 - a cura e o trabalho com as cores na nova humanidade\" data-rel=\"\" data-target=\"\" data-meta=\"#fap-meta-69e1a83075998\" class=\"fap-single-track fap-track-button fap-play-button\" data-enqueue=\"no\" data-autoenqueue=\"no\" title=\"7 - a cura e o trabalho com as cores na nova humanidade\"><span class=\"fap-icon-play\"><\/span>Ouvir<\/span> <a href=\"https:\/\/www.irdin.org.br\/site\/envios\/audios\/2863_0007__por_por__a_cura_e_o_trabalho_com_as_cores_na_nova_humanidade.mp3\" class=\"baixar\" download><span class=\"fa fa-arrow-down\"><\/span>Baixar<\/span><\/a> <span class=\"textobaixar\"> 7 &#8211; a cura e o trabalho com as cores na nova humanidade<\/span><\/p>\n<p>&nbsp;<\/p>\n","protected":false},"excerpt":{"rendered":"<p>Esta cole\u00e7\u00e3o re\u00fane as palestras em que Trigueirinho vem aprofundando a leitura das recentes mensagens transmitidas por Cristo Jesus a<\/p>\n","protected":false},"featured_media":8004,"template":"","meta":{"_acf_changed":false},"product_brand":[],"product_cat":[18076,33109],"product_tag":[39043],"class_list":{"0":"post-82831","1":"product","2":"type-product","3":"status-publish","4":"has-post-thumbnail","6":"product_cat-cddvd","7":"product_cat-colecoes","8":"product_tag-39043","9":"pa_autor-trigueirinho","10":"pa_codigo-da-serie-24024","11":"pa_data-de-gravacao-24052","12":"pa_idioma-de-destino-portugues","13":"pa_lancamento-no","14":"pa_midia-cd","15":"pa_moac-39042","16":"pa_quantidade-de-saldo-33067","17":"pa_sequencial-da-serie-31890","18":"pa_tipo-de-traducao-nao-classificado","20":"first","21":"outofstock","22":"product-type-simple"},"acf":[],"_links":{"self":[{"href":"https:\/\/www.irdin.org.br\/site\/wp-json\/wp\/v2\/product\/82831","targetHints":{"allow":["GET"]}}],"collection":[{"href":"https:\/\/www.irdin.org.br\/site\/wp-json\/wp\/v2\/product"}],"about":[{"href":"https:\/\/www.irdin.org.br\/site\/wp-json\/wp\/v2\/types\/product"}],"version-history":[{"count":1,"href":"https:\/\/www.irdin.org.br\/site\/wp-json\/wp\/v2\/product\/82831\/revisions"}],"predecessor-version":[{"id":106690,"href":"https:\/\/www.irdin.org.br\/site\/wp-json\/wp\/v2\/product\/82831\/revisions\/106690"}],"wp:featuredmedia":[{"embeddable":true,"href":"https:\/\/www.irdin.org.br\/site\/wp-json\/wp\/v2\/media\/8004"}],"wp:attachment":[{"href":"https:\/\/www.irdin.org.br\/site\/wp-json\/wp\/v2\/media?parent=82831"}],"wp:term":[{"taxonomy":"product_brand","embeddable":true,"href":"https:\/\/www.irdin.org.br\/site\/wp-json\/wp\/v2\/product_brand?post=82831"},{"taxonomy":"product_cat","embeddable":true,"href":"https:\/\/www.irdin.org.br\/site\/wp-json\/wp\/v2\/product_cat?post=82831"},{"taxonomy":"product_tag","embeddable":true,"href":"https:\/\/www.irdin.org.br\/site\/wp-json\/wp\/v2\/product_tag?post=82831"}],"curies":[{"name":"wp","href":"https:\/\/api.w.org\/{rel}","templated":true}]}}