{"id":82832,"date":"2018-04-26T18:11:49","date_gmt":"2018-04-26T18:11:49","guid":{"rendered":"http:\/\/www.irdin.org.br\/site\/produto\/falas-do-cristo-volume-2\/"},"modified":"2025-03-15T23:48:28","modified_gmt":"2025-03-15T23:48:28","slug":"falas-do-cristo-volume-2","status":"publish","type":"product","link":"https:\/\/www.irdin.org.br\/site\/produtos\/falas-do-cristo-volume-2\/","title":{"rendered":"Falas do Cristo &#8211; Volume 2"},"content":{"rendered":"<p>Esta cole\u00e7\u00e3o re\u00fane as palestras em que Trigueirinho vem aprofundando a leitura das recentes mensagens transmitidas por Cristo Jesus a um grupo de videntes.<\/p>\n<p>&nbsp;<br \/>\n<strong>Faixas:<\/strong><\/p>\n<p><span data-href=\"https:\/\/www.irdin.org.br\/site\/envios\/audios\/2863_0009__por_por__a_coligacao_ceu_e_terra.mp3\" data-title=\"1 - a coliga\u00e7\u00e3o c\u00e9u e terra\" data-rel=\"\" data-target=\"\" data-meta=\"#fap-meta-6a04c63812145\" class=\"fap-single-track fap-track-button fap-play-button\" data-enqueue=\"no\" data-autoenqueue=\"no\" title=\"1 - a coliga\u00e7\u00e3o c\u00e9u e terra\"><span class=\"fap-icon-play\"><\/span>Ouvir<\/span> <a href=\"https:\/\/www.irdin.org.br\/site\/envios\/audios\/2863_0009__por_por__a_coligacao_ceu_e_terra.mp3\" class=\"baixar\" download><span class=\"fa fa-arrow-down\"><\/span>Baixar<\/span><\/a> <span class=\"textobaixar\"> 1 &#8211; a coliga\u00e7\u00e3o c\u00e9u e terra<\/span><br \/>\n<span data-href=\"https:\/\/www.irdin.org.br\/site\/envios\/audios\/2863_0008__por_por__o_que_e_um_discipulo_do_cristo.mp3\" data-title=\"2 - o que \u00e9 um disc\u00edpulo do cristo\" data-rel=\"\" data-target=\"\" data-meta=\"#fap-meta-6a04c638121b4\" class=\"fap-single-track fap-track-button fap-play-button\" data-enqueue=\"no\" data-autoenqueue=\"no\" title=\"2 - o que \u00e9 um disc\u00edpulo do cristo\"><span class=\"fap-icon-play\"><\/span>Ouvir<\/span> <a href=\"https:\/\/www.irdin.org.br\/site\/envios\/audios\/2863_0008__por_por__o_que_e_um_discipulo_do_cristo.mp3\" class=\"baixar\" download><span class=\"fa fa-arrow-down\"><\/span>Baixar<\/span><\/a> <span class=\"textobaixar\"> 2 &#8211; o que \u00e9 um disc\u00edpulo do cristo<\/span><br \/>\n<span data-href=\"https:\/\/www.irdin.org.br\/site\/envios\/audios\/2863_0010__por_por__as_bases_do_encontro_com_cristo.mp3\" data-title=\"3 - as bases do encontro com cristo\" data-rel=\"\" data-target=\"\" data-meta=\"#fap-meta-6a04c63812203\" class=\"fap-single-track fap-track-button fap-play-button\" data-enqueue=\"no\" data-autoenqueue=\"no\" title=\"3 - as bases do encontro com cristo\"><span class=\"fap-icon-play\"><\/span>Ouvir<\/span> <a href=\"https:\/\/www.irdin.org.br\/site\/envios\/audios\/2863_0010__por_por__as_bases_do_encontro_com_cristo.mp3\" class=\"baixar\" download><span class=\"fa fa-arrow-down\"><\/span>Baixar<\/span><\/a> <span class=\"textobaixar\"> 3 &#8211; as bases do encontro com cristo<\/span><br \/>\n<span data-href=\"https:\/\/www.irdin.org.br\/site\/envios\/audios\/2863_0011__por_por__tesouros_a_serem_preservados.mp3\" data-title=\"4 - tesouros a serem preservados\" data-rel=\"\" data-target=\"\" data-meta=\"#fap-meta-6a04c6381224a\" class=\"fap-single-track fap-track-button fap-play-button\" data-enqueue=\"no\" data-autoenqueue=\"no\" title=\"4 - tesouros a serem preservados\"><span class=\"fap-icon-play\"><\/span>Ouvir<\/span> <a href=\"https:\/\/www.irdin.org.br\/site\/envios\/audios\/2863_0011__por_por__tesouros_a_serem_preservados.mp3\" class=\"baixar\" download><span class=\"fa fa-arrow-down\"><\/span>Baixar<\/span><\/a> <span class=\"textobaixar\"> 4 &#8211; tesouros a serem preservados<\/span><br \/>\n<span data-href=\"https:\/\/www.irdin.org.br\/site\/envios\/audios\/2863_0012__por_por__a_busca_dos_verdadeiros_tesouros.mp3\" data-title=\"5 - a busca dos verdadeiros tesouros\" data-rel=\"\" data-target=\"\" data-meta=\"#fap-meta-6a04c638122ae\" class=\"fap-single-track fap-track-button fap-play-button\" data-enqueue=\"no\" data-autoenqueue=\"no\" title=\"5 - a busca dos verdadeiros tesouros\"><span class=\"fap-icon-play\"><\/span>Ouvir<\/span> <a href=\"https:\/\/www.irdin.org.br\/site\/envios\/audios\/2863_0012__por_por__a_busca_dos_verdadeiros_tesouros.mp3\" class=\"baixar\" download><span class=\"fa fa-arrow-down\"><\/span>Baixar<\/span><\/a> <span class=\"textobaixar\"> 5 &#8211; a busca dos verdadeiros tesouros<\/span><br \/>\n<span data-href=\"https:\/\/www.irdin.org.br\/site\/envios\/audios\/2863_0013__por_por__o_milagre_do_amor_e_da_redencao_segundo_cristo.mp3\" data-title=\"6 - o milagre do amor e da reden\u00e7\u00e3o, segundo cristo\" data-rel=\"\" data-target=\"\" data-meta=\"#fap-meta-6a04c6381233a\" class=\"fap-single-track fap-track-button fap-play-button\" data-enqueue=\"no\" data-autoenqueue=\"no\" title=\"6 - o milagre do amor e da reden\u00e7\u00e3o, segundo cristo\"><span class=\"fap-icon-play\"><\/span>Ouvir<\/span> <a href=\"https:\/\/www.irdin.org.br\/site\/envios\/audios\/2863_0013__por_por__o_milagre_do_amor_e_da_redencao_segundo_cristo.mp3\" class=\"baixar\" download><span class=\"fa fa-arrow-down\"><\/span>Baixar<\/span><\/a> <span class=\"textobaixar\"> 6 &#8211; o milagre do amor e da reden\u00e7\u00e3o, segundo cristo<\/span><br \/>\n<span data-href=\"https:\/\/www.irdin.org.br\/site\/envios\/audios\/2863_0014__por_por__cristo_e_a_compreensao_de_leis_superiores.mp3\" data-title=\"7 - cristo e a compreens\u00e3o de leis superiores\" data-rel=\"\" data-target=\"\" data-meta=\"#fap-meta-6a04c6381238e\" class=\"fap-single-track fap-track-button fap-play-button\" data-enqueue=\"no\" data-autoenqueue=\"no\" title=\"7 - cristo e a compreens\u00e3o de leis superiores\"><span class=\"fap-icon-play\"><\/span>Ouvir<\/span> <a href=\"https:\/\/www.irdin.org.br\/site\/envios\/audios\/2863_0014__por_por__cristo_e_a_compreensao_de_leis_superiores.mp3\" class=\"baixar\" download><span class=\"fa fa-arrow-down\"><\/span>Baixar<\/span><\/a> <span class=\"textobaixar\"> 7 &#8211; cristo e a compreens\u00e3o de leis superiores<\/span><br \/>\n<span data-href=\"https:\/\/www.irdin.org.br\/site\/envios\/audios\/2863_0015__por_por__rumo_ao_templo_do_coracao.mp3\" data-title=\"8 - rumo ao templo do cora\u00e7\u00e3o\" data-rel=\"\" data-target=\"\" data-meta=\"#fap-meta-6a04c638123d7\" class=\"fap-single-track fap-track-button fap-play-button\" data-enqueue=\"no\" data-autoenqueue=\"no\" title=\"8 - rumo ao templo do cora\u00e7\u00e3o\"><span class=\"fap-icon-play\"><\/span>Ouvir<\/span> <a href=\"https:\/\/www.irdin.org.br\/site\/envios\/audios\/2863_0015__por_por__rumo_ao_templo_do_coracao.mp3\" class=\"baixar\" download><span class=\"fa fa-arrow-down\"><\/span>Baixar<\/span><\/a> <span class=\"textobaixar\"> 8 &#8211; rumo ao templo do cora\u00e7\u00e3o<\/span><\/p>\n<p>&nbsp;<\/p>\n","protected":false},"excerpt":{"rendered":"<p>Esta cole\u00e7\u00e3o re\u00fane as palestras em que Trigueirinho vem aprofundando a leitura das recentes mensagens transmitidas por Cristo Jesus a<\/p>\n","protected":false},"featured_media":8006,"template":"","meta":{"_acf_changed":false},"product_brand":[],"product_cat":[18076,33109],"product_tag":[39045],"class_list":{"0":"post-82832","1":"product","2":"type-product","3":"status-publish","4":"has-post-thumbnail","6":"product_cat-cddvd","7":"product_cat-colecoes","8":"product_tag-39045","9":"pa_autor-trigueirinho","10":"pa_codigo-da-serie-24024","11":"pa_data-de-gravacao-24056","12":"pa_idioma-de-destino-portugues","13":"pa_lancamento-no","14":"pa_midia-cd","15":"pa_moac-39044","16":"pa_quantidade-de-saldo-33067","17":"pa_sequencial-da-serie-31891","18":"pa_tipo-de-traducao-nao-classificado","20":"first","21":"outofstock","22":"product-type-simple"},"acf":[],"_links":{"self":[{"href":"https:\/\/www.irdin.org.br\/site\/wp-json\/wp\/v2\/product\/82832","targetHints":{"allow":["GET"]}}],"collection":[{"href":"https:\/\/www.irdin.org.br\/site\/wp-json\/wp\/v2\/product"}],"about":[{"href":"https:\/\/www.irdin.org.br\/site\/wp-json\/wp\/v2\/types\/product"}],"version-history":[{"count":1,"href":"https:\/\/www.irdin.org.br\/site\/wp-json\/wp\/v2\/product\/82832\/revisions"}],"predecessor-version":[{"id":106691,"href":"https:\/\/www.irdin.org.br\/site\/wp-json\/wp\/v2\/product\/82832\/revisions\/106691"}],"wp:featuredmedia":[{"embeddable":true,"href":"https:\/\/www.irdin.org.br\/site\/wp-json\/wp\/v2\/media\/8006"}],"wp:attachment":[{"href":"https:\/\/www.irdin.org.br\/site\/wp-json\/wp\/v2\/media?parent=82832"}],"wp:term":[{"taxonomy":"product_brand","embeddable":true,"href":"https:\/\/www.irdin.org.br\/site\/wp-json\/wp\/v2\/product_brand?post=82832"},{"taxonomy":"product_cat","embeddable":true,"href":"https:\/\/www.irdin.org.br\/site\/wp-json\/wp\/v2\/product_cat?post=82832"},{"taxonomy":"product_tag","embeddable":true,"href":"https:\/\/www.irdin.org.br\/site\/wp-json\/wp\/v2\/product_tag?post=82832"}],"curies":[{"name":"wp","href":"https:\/\/api.w.org\/{rel}","templated":true}]}}