{"id":82833,"date":"2018-04-26T18:11:49","date_gmt":"2018-04-26T18:11:49","guid":{"rendered":"http:\/\/www.irdin.org.br\/site\/produto\/falas-do-cristo-volume-3\/"},"modified":"2025-03-15T23:48:42","modified_gmt":"2025-03-15T23:48:42","slug":"falas-do-cristo-volume-3","status":"publish","type":"product","link":"https:\/\/www.irdin.org.br\/site\/produtos\/falas-do-cristo-volume-3\/","title":{"rendered":"Falas do Cristo &#8211; Volume 3"},"content":{"rendered":"<p>Esta cole\u00e7\u00e3o re\u00fane as palestras em que Trigueirinho vem aprofundando a leitura das recentes mensagens transmitidas por Cristo Jesus a um grupo de videntes.<\/p>\n<p>&nbsp;<br \/>\n<strong>Faixas:<\/strong><\/p>\n<p><span data-href=\"https:\/\/www.irdin.org.br\/site\/envios\/audios\/2863_0016__por_por__preparo_para_o_juizo_e_a_justica_divina.mp3\" data-title=\"1 - preparo para o ju\u00edzo e a justi\u00e7a divina\" data-rel=\"\" data-target=\"\" data-meta=\"#fap-meta-6a04bf001a123\" class=\"fap-single-track fap-track-button fap-play-button\" data-enqueue=\"no\" data-autoenqueue=\"no\" title=\"1 - preparo para o ju\u00edzo e a justi\u00e7a divina\"><span class=\"fap-icon-play\"><\/span>Ouvir<\/span> <a href=\"https:\/\/www.irdin.org.br\/site\/envios\/audios\/2863_0016__por_por__preparo_para_o_juizo_e_a_justica_divina.mp3\" class=\"baixar\"><span class=\"fa fa-arrow-down\"><\/span>Baixar<\/span><\/a> <span class=\"textobaixar\"> 1 &#8211; preparo para o ju\u00edzo e a justi\u00e7a divina<\/span><br \/>\n<span data-href=\"https:\/\/www.irdin.org.br\/site\/envios\/audios\/2863_0017__por_por__coisas_novas_em_mensagens_conhecidas.mp3\" data-title=\"2 - coisas novas em mensagens conhecidas\" data-rel=\"\" data-target=\"\" data-meta=\"#fap-meta-6a04bf001a19a\" class=\"fap-single-track fap-track-button fap-play-button\" data-enqueue=\"no\" data-autoenqueue=\"no\" title=\"2 - coisas novas em mensagens conhecidas\"><span class=\"fap-icon-play\"><\/span>Ouvir<\/span> <a href=\"https:\/\/www.irdin.org.br\/site\/envios\/audios\/2863_0017__por_por__coisas_novas_em_mensagens_conhecidas.mp3\" class=\"baixar\"><span class=\"fa fa-arrow-down\"><\/span>Baixar<\/span><\/a> <span class=\"textobaixar\"> 2 &#8211; coisas novas em mensagens conhecidas<\/span><br \/>\n<span data-href=\"https:\/\/www.irdin.org.br\/site\/envios\/audios\/2863_0018__por_por__o_chamado_da_paz_e_da_misericordia.mp3\" data-title=\"3 - o chamado da paz e da miseric\u00f3rdia\" data-rel=\"\" data-target=\"\" data-meta=\"#fap-meta-6a04bf001a1ff\" class=\"fap-single-track fap-track-button fap-play-button\" data-enqueue=\"no\" data-autoenqueue=\"no\" title=\"3 - o chamado da paz e da miseric\u00f3rdia\"><span class=\"fap-icon-play\"><\/span>Ouvir<\/span> <a href=\"https:\/\/www.irdin.org.br\/site\/envios\/audios\/2863_0018__por_por__o_chamado_da_paz_e_da_misericordia.mp3\" class=\"baixar\"><span class=\"fa fa-arrow-down\"><\/span>Baixar<\/span><\/a> <span class=\"textobaixar\"> 3 &#8211; o chamado da paz e da miseric\u00f3rdia<\/span><br \/>\n<span data-href=\"https:\/\/www.irdin.org.br\/site\/envios\/audios\/2863_0019__por_por__oferta_de_cristo_para_o_equilibrio_de_nos_todos.mp3\" data-title=\"4 - oferta de cristo para o equil\u00edbro de n\u00f3s todos\" data-rel=\"\" data-target=\"\" data-meta=\"#fap-meta-6a04bf001a262\" class=\"fap-single-track fap-track-button fap-play-button\" data-enqueue=\"no\" data-autoenqueue=\"no\" title=\"4 - oferta de cristo para o equil\u00edbro de n\u00f3s todos\"><span class=\"fap-icon-play\"><\/span>Ouvir<\/span> <a href=\"https:\/\/www.irdin.org.br\/site\/envios\/audios\/2863_0019__por_por__oferta_de_cristo_para_o_equilibrio_de_nos_todos.mp3\" class=\"baixar\"><span class=\"fa fa-arrow-down\"><\/span>Baixar<\/span><\/a> <span class=\"textobaixar\"> 4 &#8211; oferta de cristo para o equil\u00edbro de n\u00f3s todos<\/span><br \/>\n<span data-href=\"https:\/\/www.irdin.org.br\/site\/envios\/audios\/2863_0020__por_por__que_as_almas_se_consagrem_na_fe.mp3\" data-title=\"5 - que as almas se consagrem na f\u00e9\" data-rel=\"\" data-target=\"\" data-meta=\"#fap-meta-6a04bf001a2bf\" class=\"fap-single-track fap-track-button fap-play-button\" data-enqueue=\"no\" data-autoenqueue=\"no\" title=\"5 - que as almas se consagrem na f\u00e9\"><span class=\"fap-icon-play\"><\/span>Ouvir<\/span> <a href=\"https:\/\/www.irdin.org.br\/site\/envios\/audios\/2863_0020__por_por__que_as_almas_se_consagrem_na_fe.mp3\" class=\"baixar\"><span class=\"fa fa-arrow-down\"><\/span>Baixar<\/span><\/a> <span class=\"textobaixar\"> 5 &#8211; que as almas se consagrem na f\u00e9<\/span><br \/>\n<span data-href=\"https:\/\/www.irdin.org.br\/site\/envios\/audios\/2863_0021__por_por__uma_nova_relacao_com_cristo.mp3\" data-title=\"6 - uma nova rela\u00e7\u00e3o com cristo\" data-rel=\"\" data-target=\"\" data-meta=\"#fap-meta-6a04bf001a316\" class=\"fap-single-track fap-track-button fap-play-button\" data-enqueue=\"no\" data-autoenqueue=\"no\" title=\"6 - uma nova rela\u00e7\u00e3o com cristo\"><span class=\"fap-icon-play\"><\/span>Ouvir<\/span> <a href=\"https:\/\/www.irdin.org.br\/site\/envios\/audios\/2863_0021__por_por__uma_nova_relacao_com_cristo.mp3\" class=\"baixar\"><span class=\"fa fa-arrow-down\"><\/span>Baixar<\/span><\/a> <span class=\"textobaixar\"> 6 &#8211; uma nova rela\u00e7\u00e3o com cristo<\/span><br \/>\n<span data-href=\"https:\/\/www.irdin.org.br\/site\/envios\/audios\/2863_0022__por_por__avisos_definitivos_de_cristo.mp3\" data-title=\"7 - avisos definitivos de cristo\" data-rel=\"\" data-target=\"\" data-meta=\"#fap-meta-6a04bf001a366\" class=\"fap-single-track fap-track-button fap-play-button\" data-enqueue=\"no\" data-autoenqueue=\"no\" title=\"7 - avisos definitivos de cristo\"><span class=\"fap-icon-play\"><\/span>Ouvir<\/span> <a href=\"https:\/\/www.irdin.org.br\/site\/envios\/audios\/2863_0022__por_por__avisos_definitivos_de_cristo.mp3\" class=\"baixar\"><span class=\"fa fa-arrow-down\"><\/span>Baixar<\/span><\/a> <span class=\"textobaixar\"> 7 &#8211; avisos definitivos de cristo<\/span><br \/>\n<span data-href=\"https:\/\/www.irdin.org.br\/site\/envios\/audios\/2863_0023__por_por__revelacoes_sobre_as_palavras_de_cristo.mp3\" data-title=\"8 - revela\u00e7\u00f5es sobre as palavras de cristo\" data-rel=\"\" data-target=\"\" data-meta=\"#fap-meta-6a04bf001a3bd\" class=\"fap-single-track fap-track-button fap-play-button\" data-enqueue=\"no\" data-autoenqueue=\"no\" title=\"8 - revela\u00e7\u00f5es sobre as palavras de cristo\"><span class=\"fap-icon-play\"><\/span>Ouvir<\/span> <a href=\"https:\/\/www.irdin.org.br\/site\/envios\/audios\/2863_0023__por_por__revelacoes_sobre_as_palavras_de_cristo.mp3\" class=\"baixar\"><span class=\"fa fa-arrow-down\"><\/span>Baixar<\/span><\/a> <span class=\"textobaixar\"> 8 &#8211; revela\u00e7\u00f5es sobre as palavras de cristo<\/span><\/p>\n<p>&nbsp;<\/p>\n","protected":false},"excerpt":{"rendered":"<p>Esta cole\u00e7\u00e3o re\u00fane as palestras em que Trigueirinho vem aprofundando a leitura das recentes mensagens transmitidas por Cristo Jesus a<\/p>\n","protected":false},"featured_media":8019,"template":"","meta":{"_acf_changed":false},"product_brand":[],"product_cat":[18076,33109],"product_tag":[39047],"class_list":{"0":"post-82833","1":"product","2":"type-product","3":"status-publish","4":"has-post-thumbnail","6":"product_cat-cddvd","7":"product_cat-colecoes","8":"product_tag-39047","9":"pa_autor-trigueirinho","10":"pa_codigo-da-serie-24024","11":"pa_data-de-gravacao-24081","12":"pa_idioma-de-destino-portugues","13":"pa_lancamento-no","14":"pa_midia-cd","15":"pa_moac-39046","16":"pa_quantidade-de-saldo-33067","17":"pa_sequencial-da-serie-31871","18":"pa_tipo-de-traducao-nao-classificado","20":"first","21":"outofstock","22":"product-type-simple"},"acf":[],"_links":{"self":[{"href":"https:\/\/www.irdin.org.br\/site\/wp-json\/wp\/v2\/product\/82833","targetHints":{"allow":["GET"]}}],"collection":[{"href":"https:\/\/www.irdin.org.br\/site\/wp-json\/wp\/v2\/product"}],"about":[{"href":"https:\/\/www.irdin.org.br\/site\/wp-json\/wp\/v2\/types\/product"}],"version-history":[{"count":1,"href":"https:\/\/www.irdin.org.br\/site\/wp-json\/wp\/v2\/product\/82833\/revisions"}],"predecessor-version":[{"id":106692,"href":"https:\/\/www.irdin.org.br\/site\/wp-json\/wp\/v2\/product\/82833\/revisions\/106692"}],"wp:featuredmedia":[{"embeddable":true,"href":"https:\/\/www.irdin.org.br\/site\/wp-json\/wp\/v2\/media\/8019"}],"wp:attachment":[{"href":"https:\/\/www.irdin.org.br\/site\/wp-json\/wp\/v2\/media?parent=82833"}],"wp:term":[{"taxonomy":"product_brand","embeddable":true,"href":"https:\/\/www.irdin.org.br\/site\/wp-json\/wp\/v2\/product_brand?post=82833"},{"taxonomy":"product_cat","embeddable":true,"href":"https:\/\/www.irdin.org.br\/site\/wp-json\/wp\/v2\/product_cat?post=82833"},{"taxonomy":"product_tag","embeddable":true,"href":"https:\/\/www.irdin.org.br\/site\/wp-json\/wp\/v2\/product_tag?post=82833"}],"curies":[{"name":"wp","href":"https:\/\/api.w.org\/{rel}","templated":true}]}}