{"id":82834,"date":"2018-04-26T18:11:49","date_gmt":"2018-04-26T18:11:49","guid":{"rendered":"http:\/\/www.irdin.org.br\/site\/produto\/falas-do-cristo-volume-4\/"},"modified":"2025-03-15T23:48:54","modified_gmt":"2025-03-15T23:48:54","slug":"falas-do-cristo-volume-4","status":"publish","type":"product","link":"https:\/\/www.irdin.org.br\/site\/produtos\/falas-do-cristo-volume-4\/","title":{"rendered":"Falas do Cristo &#8211; Volume 4"},"content":{"rendered":"<p>Esta cole\u00e7\u00e3o re\u00fane as palestras em que Trigueirinho vem aprofundando a leitura das recentes mensagens transmitidas por Cristo Jesus a um grupo de videntes.<\/p>\n<p>&nbsp;<br \/>\n<strong>Faixas:<\/strong><\/p>\n<p><span data-href=\"https:\/\/www.irdin.org.br\/site\/envios\/audios\/2863_0024__por_por__a_arte_da_contemplacao.mp3\" data-title=\"1 - a arte da contempla\u00e7\u00e3o\" data-rel=\"\" data-target=\"\" data-meta=\"#fap-meta-6a04ade1c0007\" class=\"fap-single-track fap-track-button fap-play-button\" data-enqueue=\"no\" data-autoenqueue=\"no\" title=\"1 - a arte da contempla\u00e7\u00e3o\"><span class=\"fap-icon-play\"><\/span>Ouvir<\/span> <a href=\"https:\/\/www.irdin.org.br\/site\/envios\/audios\/2863_0024__por_por__a_arte_da_contemplacao.mp3\" class=\"baixar\"><span class=\"fa fa-arrow-down\"><\/span>Baixar<\/span><\/a> <span class=\"textobaixar\"> 1 &#8211; a arte da contempla\u00e7\u00e3o<\/span><br \/>\n<span data-href=\"https:\/\/www.irdin.org.br\/site\/envios\/audios\/2863_0025__por_por__cristo_e_a_paz_inalteravel.mp3\" data-title=\"2 - cristo e a paz inalter\u00e1vel\" data-rel=\"\" data-target=\"\" data-meta=\"#fap-meta-6a04ade1c00ba\" class=\"fap-single-track fap-track-button fap-play-button\" data-enqueue=\"no\" data-autoenqueue=\"no\" title=\"2 - cristo e a paz inalter\u00e1vel\"><span class=\"fap-icon-play\"><\/span>Ouvir<\/span> <a href=\"https:\/\/www.irdin.org.br\/site\/envios\/audios\/2863_0025__por_por__cristo_e_a_paz_inalteravel.mp3\" class=\"baixar\"><span class=\"fa fa-arrow-down\"><\/span>Baixar<\/span><\/a> <span class=\"textobaixar\"> 2 &#8211; cristo e a paz inalter\u00e1vel<\/span><br \/>\n<span data-href=\"https:\/\/www.irdin.org.br\/site\/envios\/audios\/2863_0026__por_por__a_simplicidade_do_amor_nas_mensagens_de_cristo.mp3\" data-title=\"3 - a simplicidade do amor nas mensagens de cristo\" data-rel=\"\" data-target=\"\" data-meta=\"#fap-meta-6a04ade1c012c\" class=\"fap-single-track fap-track-button fap-play-button\" data-enqueue=\"no\" data-autoenqueue=\"no\" title=\"3 - a simplicidade do amor nas mensagens de cristo\"><span class=\"fap-icon-play\"><\/span>Ouvir<\/span> <a href=\"https:\/\/www.irdin.org.br\/site\/envios\/audios\/2863_0026__por_por__a_simplicidade_do_amor_nas_mensagens_de_cristo.mp3\" class=\"baixar\"><span class=\"fa fa-arrow-down\"><\/span>Baixar<\/span><\/a> <span class=\"textobaixar\"> 3 &#8211; a simplicidade do amor nas mensagens de cristo<\/span><br \/>\n<span data-href=\"https:\/\/www.irdin.org.br\/site\/envios\/audios\/2863_0027__por_por__cristo_e_o_caminho_do_coracao.mp3\" data-title=\"4 - cristo e o caminho do cora\u00e7\u00e3o\" data-rel=\"\" data-target=\"\" data-meta=\"#fap-meta-6a04ade1c0180\" class=\"fap-single-track fap-track-button fap-play-button\" data-enqueue=\"no\" data-autoenqueue=\"no\" title=\"4 - cristo e o caminho do cora\u00e7\u00e3o\"><span class=\"fap-icon-play\"><\/span>Ouvir<\/span> <a href=\"https:\/\/www.irdin.org.br\/site\/envios\/audios\/2863_0027__por_por__cristo_e_o_caminho_do_coracao.mp3\" class=\"baixar\"><span class=\"fa fa-arrow-down\"><\/span>Baixar<\/span><\/a> <span class=\"textobaixar\"> 4 &#8211; cristo e o caminho do cora\u00e7\u00e3o<\/span><br \/>\n<span data-href=\"https:\/\/www.irdin.org.br\/site\/envios\/audios\/2863_0028__por_por__no_ritmo_da_adoracao.mp3\" data-title=\"5 - no ritmo da adora\u00e7\u00e3o\" data-rel=\"\" data-target=\"\" data-meta=\"#fap-meta-6a04ade1c01cc\" class=\"fap-single-track fap-track-button fap-play-button\" data-enqueue=\"no\" data-autoenqueue=\"no\" title=\"5 - no ritmo da adora\u00e7\u00e3o\"><span class=\"fap-icon-play\"><\/span>Ouvir<\/span> <a href=\"https:\/\/www.irdin.org.br\/site\/envios\/audios\/2863_0028__por_por__no_ritmo_da_adoracao.mp3\" class=\"baixar\"><span class=\"fa fa-arrow-down\"><\/span>Baixar<\/span><\/a> <span class=\"textobaixar\"> 5 &#8211; no ritmo da adora\u00e7\u00e3o<\/span><\/p>\n<p>&nbsp;<\/p>\n","protected":false},"excerpt":{"rendered":"<p>Esta cole\u00e7\u00e3o re\u00fane as palestras em que Trigueirinho vem aprofundando a leitura das recentes mensagens transmitidas por Cristo Jesus a<\/p>\n","protected":false},"featured_media":8074,"template":"","meta":{"_acf_changed":false},"product_brand":[],"product_cat":[18076,33109],"product_tag":[39049],"class_list":{"0":"post-82834","1":"product","2":"type-product","3":"status-publish","4":"has-post-thumbnail","6":"product_cat-cddvd","7":"product_cat-colecoes","8":"product_tag-39049","9":"pa_autor-trigueirinho","10":"pa_codigo-da-serie-24024","11":"pa_data-de-gravacao-24201","12":"pa_idioma-de-destino-portugues","13":"pa_lancamento-no","14":"pa_midia-cd","15":"pa_moac-39048","16":"pa_quantidade-de-saldo-33067","17":"pa_sequencial-da-serie-31926","18":"pa_tipo-de-traducao-nao-classificado","20":"first","21":"outofstock","22":"product-type-simple"},"acf":[],"_links":{"self":[{"href":"https:\/\/www.irdin.org.br\/site\/wp-json\/wp\/v2\/product\/82834","targetHints":{"allow":["GET"]}}],"collection":[{"href":"https:\/\/www.irdin.org.br\/site\/wp-json\/wp\/v2\/product"}],"about":[{"href":"https:\/\/www.irdin.org.br\/site\/wp-json\/wp\/v2\/types\/product"}],"version-history":[{"count":1,"href":"https:\/\/www.irdin.org.br\/site\/wp-json\/wp\/v2\/product\/82834\/revisions"}],"predecessor-version":[{"id":106693,"href":"https:\/\/www.irdin.org.br\/site\/wp-json\/wp\/v2\/product\/82834\/revisions\/106693"}],"wp:featuredmedia":[{"embeddable":true,"href":"https:\/\/www.irdin.org.br\/site\/wp-json\/wp\/v2\/media\/8074"}],"wp:attachment":[{"href":"https:\/\/www.irdin.org.br\/site\/wp-json\/wp\/v2\/media?parent=82834"}],"wp:term":[{"taxonomy":"product_brand","embeddable":true,"href":"https:\/\/www.irdin.org.br\/site\/wp-json\/wp\/v2\/product_brand?post=82834"},{"taxonomy":"product_cat","embeddable":true,"href":"https:\/\/www.irdin.org.br\/site\/wp-json\/wp\/v2\/product_cat?post=82834"},{"taxonomy":"product_tag","embeddable":true,"href":"https:\/\/www.irdin.org.br\/site\/wp-json\/wp\/v2\/product_tag?post=82834"}],"curies":[{"name":"wp","href":"https:\/\/api.w.org\/{rel}","templated":true}]}}