{"id":82835,"date":"2018-04-26T18:11:49","date_gmt":"2018-04-26T18:11:49","guid":{"rendered":"http:\/\/www.irdin.org.br\/site\/produto\/forcas-ocultas-da-vida\/"},"modified":"2025-03-15T23:49:07","modified_gmt":"2025-03-15T23:49:07","slug":"forcas-ocultas-da-vida","status":"publish","type":"product","link":"https:\/\/www.irdin.org.br\/site\/produtos\/forcas-ocultas-da-vida\/","title":{"rendered":"For\u00e7as Ocultas da Vida"},"content":{"rendered":"<p>Um grupo de almas reunidas para estudar o Mist\u00e9rio, para estar diante dele e aprender, pode chegar a tocar \u00e1reas superiores da consci\u00eancia e prestar importantes servi\u00e7os \u00e0 humanidade, ao planeta e a todo o Universo.Seus membros se elevar\u00e3o gradualmente quando com todo o ser, desde os n\u00edveis mais externos aos mais internos, buscarem a Fonte Sublime que os inspira nesse tipo de estudo. Come\u00e7ar\u00e3o a se desidentificar da vida ilus\u00f3ria e impermanente e entrar\u00e3o na via desconhecida que no passado era chamada de Caminho Inici\u00e1tico.<\/p>\n<p>&nbsp;<br \/>\n<strong>Faixas:<\/strong><\/p>\n<p><span data-href=\"https:\/\/www.irdin.org.br\/site\/envios\/audios\/0057_0001__por_por__forcas_ocultas_da_vida_1.mp3\" data-title=\"1 - for\u00e7as ocultas da vida - 1\" data-rel=\"\" data-target=\"\" data-meta=\"#fap-meta-69e1a5bf35756\" class=\"fap-single-track fap-track-button fap-play-button\" data-enqueue=\"no\" data-autoenqueue=\"no\" title=\"1 - for\u00e7as ocultas da vida - 1\"><span class=\"fap-icon-play\"><\/span>Ouvir<\/span> <a href=\"https:\/\/www.irdin.org.br\/site\/envios\/audios\/0057_0001__por_por__forcas_ocultas_da_vida_1.mp3\" class=\"baixar\"><span class=\"fa fa-arrow-down\"><\/span>Baixar<\/span><\/a> <span class=\"textobaixar\"> 1 &#8211; for\u00e7as ocultas da vida &#8211; 1<\/span><br \/>\n<span data-href=\"https:\/\/www.irdin.org.br\/site\/envios\/audios\/0057_0002__por_por__forcas_ocultas_da_vida_2.mp3\" data-title=\"2 - for\u00e7as ocultas da vida - 2\" data-rel=\"\" data-target=\"\" data-meta=\"#fap-meta-69e1a5bf3587c\" class=\"fap-single-track fap-track-button fap-play-button\" data-enqueue=\"no\" data-autoenqueue=\"no\" title=\"2 - for\u00e7as ocultas da vida - 2\"><span class=\"fap-icon-play\"><\/span>Ouvir<\/span> <a href=\"https:\/\/www.irdin.org.br\/site\/envios\/audios\/0057_0002__por_por__forcas_ocultas_da_vida_2.mp3\" class=\"baixar\"><span class=\"fa fa-arrow-down\"><\/span>Baixar<\/span><\/a> <span class=\"textobaixar\"> 2 &#8211; for\u00e7as ocultas da vida &#8211; 2<\/span><br \/>\n<span data-href=\"https:\/\/www.irdin.org.br\/site\/envios\/audios\/0057_0003__por_por__forcas_ocultas_da_vida_3.mp3\" data-title=\"3 - for\u00e7as ocultas da vida - 3\" data-rel=\"\" data-target=\"\" data-meta=\"#fap-meta-69e1a5bf35991\" class=\"fap-single-track fap-track-button fap-play-button\" data-enqueue=\"no\" data-autoenqueue=\"no\" title=\"3 - for\u00e7as ocultas da vida - 3\"><span class=\"fap-icon-play\"><\/span>Ouvir<\/span> <a href=\"https:\/\/www.irdin.org.br\/site\/envios\/audios\/0057_0003__por_por__forcas_ocultas_da_vida_3.mp3\" class=\"baixar\"><span class=\"fa fa-arrow-down\"><\/span>Baixar<\/span><\/a> <span class=\"textobaixar\"> 3 &#8211; for\u00e7as ocultas da vida &#8211; 3<\/span><br \/>\n<span data-href=\"https:\/\/www.irdin.org.br\/site\/envios\/audios\/0057_0004__por_por__forcas_ocultas_da_vida_4.mp3\" data-title=\"4 - for\u00e7as ocultas da vida - 4\" data-rel=\"\" data-target=\"\" data-meta=\"#fap-meta-69e1a5bf35a7b\" class=\"fap-single-track fap-track-button fap-play-button\" data-enqueue=\"no\" data-autoenqueue=\"no\" title=\"4 - for\u00e7as ocultas da vida - 4\"><span class=\"fap-icon-play\"><\/span>Ouvir<\/span> <a href=\"https:\/\/www.irdin.org.br\/site\/envios\/audios\/0057_0004__por_por__forcas_ocultas_da_vida_4.mp3\" class=\"baixar\"><span class=\"fa fa-arrow-down\"><\/span>Baixar<\/span><\/a> <span class=\"textobaixar\"> 4 &#8211; for\u00e7as ocultas da vida &#8211; 4<\/span><br \/>\n<span data-href=\"https:\/\/www.irdin.org.br\/site\/envios\/audios\/0057_0005__por_por__forcas_ocultas_da_vida_5.mp3\" data-title=\"5 - for\u00e7as ocultas da vida - 5\" data-rel=\"\" data-target=\"\" data-meta=\"#fap-meta-69e1a5bf35b65\" class=\"fap-single-track fap-track-button fap-play-button\" data-enqueue=\"no\" data-autoenqueue=\"no\" title=\"5 - for\u00e7as ocultas da vida - 5\"><span class=\"fap-icon-play\"><\/span>Ouvir<\/span> <a href=\"https:\/\/www.irdin.org.br\/site\/envios\/audios\/0057_0005__por_por__forcas_ocultas_da_vida_5.mp3\" class=\"baixar\"><span class=\"fa fa-arrow-down\"><\/span>Baixar<\/span><\/a> <span class=\"textobaixar\"> 5 &#8211; for\u00e7as ocultas da vida &#8211; 5<\/span><br \/>\n<span data-href=\"https:\/\/www.irdin.org.br\/site\/envios\/audios\/0057_0006__por_por__forcas_ocultas_da_vida_6.mp3\" data-title=\"6 - for\u00e7as ocultas da vida - 6\" data-rel=\"\" data-target=\"\" data-meta=\"#fap-meta-69e1a5bf35c5b\" class=\"fap-single-track fap-track-button fap-play-button\" data-enqueue=\"no\" data-autoenqueue=\"no\" title=\"6 - for\u00e7as ocultas da vida - 6\"><span class=\"fap-icon-play\"><\/span>Ouvir<\/span> <a href=\"https:\/\/www.irdin.org.br\/site\/envios\/audios\/0057_0006__por_por__forcas_ocultas_da_vida_6.mp3\" class=\"baixar\"><span class=\"fa fa-arrow-down\"><\/span>Baixar<\/span><\/a> <span class=\"textobaixar\"> 6 &#8211; for\u00e7as ocultas da vida &#8211; 6<\/span><br \/>\n<span data-href=\"https:\/\/www.irdin.org.br\/site\/envios\/audios\/0057_0007__por_por__forcas_ocultas_da_vida_7.mp3\" data-title=\"7 - for\u00e7as ocultas da vida - 7\" data-rel=\"\" data-target=\"\" data-meta=\"#fap-meta-69e1a5bf35d28\" class=\"fap-single-track fap-track-button fap-play-button\" data-enqueue=\"no\" data-autoenqueue=\"no\" title=\"7 - for\u00e7as ocultas da vida - 7\"><span class=\"fap-icon-play\"><\/span>Ouvir<\/span> <a href=\"https:\/\/www.irdin.org.br\/site\/envios\/audios\/0057_0007__por_por__forcas_ocultas_da_vida_7.mp3\" class=\"baixar\"><span class=\"fa fa-arrow-down\"><\/span>Baixar<\/span><\/a> <span class=\"textobaixar\"> 7 &#8211; for\u00e7as ocultas da vida &#8211; 7<\/span><br \/>\n<span data-href=\"https:\/\/www.irdin.org.br\/site\/envios\/audios\/0057_0008__por_por__forcas_ocultas_da_vida_8.mp3\" data-title=\"8 - for\u00e7as ocultas da vida - 8\" data-rel=\"\" data-target=\"\" data-meta=\"#fap-meta-69e1a5bf35df4\" class=\"fap-single-track fap-track-button fap-play-button\" data-enqueue=\"no\" data-autoenqueue=\"no\" title=\"8 - for\u00e7as ocultas da vida - 8\"><span class=\"fap-icon-play\"><\/span>Ouvir<\/span> <a href=\"https:\/\/www.irdin.org.br\/site\/envios\/audios\/0057_0008__por_por__forcas_ocultas_da_vida_8.mp3\" class=\"baixar\"><span class=\"fa fa-arrow-down\"><\/span>Baixar<\/span><\/a> <span class=\"textobaixar\"> 8 &#8211; for\u00e7as ocultas da vida &#8211; 8<\/span><br \/>\n<span data-href=\"https:\/\/www.irdin.org.br\/site\/envios\/audios\/0057_0009__por_por__forcas_ocultas_da_vida_9.mp3\" data-title=\"9 - for\u00e7as ocultas da vida - 9\" data-rel=\"\" data-target=\"\" data-meta=\"#fap-meta-69e1a5bf35ea0\" class=\"fap-single-track fap-track-button fap-play-button\" data-enqueue=\"no\" data-autoenqueue=\"no\" title=\"9 - for\u00e7as ocultas da vida - 9\"><span class=\"fap-icon-play\"><\/span>Ouvir<\/span> <a href=\"https:\/\/www.irdin.org.br\/site\/envios\/audios\/0057_0009__por_por__forcas_ocultas_da_vida_9.mp3\" class=\"baixar\"><span class=\"fa fa-arrow-down\"><\/span>Baixar<\/span><\/a> <span class=\"textobaixar\"> 9 &#8211; for\u00e7as ocultas da vida &#8211; 9<\/span><br \/>\n<span data-href=\"https:\/\/www.irdin.org.br\/site\/envios\/audios\/0057_0010__por_por__forcas_ocultas_da_vida_10.mp3\" data-title=\"10 - for\u00e7as ocultas da vida - 10\" data-rel=\"\" data-target=\"\" data-meta=\"#fap-meta-69e1a5bf35f21\" class=\"fap-single-track fap-track-button fap-play-button\" data-enqueue=\"no\" data-autoenqueue=\"no\" title=\"10 - for\u00e7as ocultas da vida - 10\"><span class=\"fap-icon-play\"><\/span>Ouvir<\/span> <a href=\"https:\/\/www.irdin.org.br\/site\/envios\/audios\/0057_0010__por_por__forcas_ocultas_da_vida_10.mp3\" class=\"baixar\"><span class=\"fa fa-arrow-down\"><\/span>Baixar<\/span><\/a> <span class=\"textobaixar\"> 10 &#8211; for\u00e7as ocultas da vida &#8211; 10<\/span><br \/>\n<span data-href=\"https:\/\/www.irdin.org.br\/site\/envios\/audios\/0057_0011__por_por__forcas_ocultas_da_vida_11.mp3\" data-title=\"11 - for\u00e7as ocultas da vida - 11\" data-rel=\"\" data-target=\"\" data-meta=\"#fap-meta-69e1a5bf35f98\" class=\"fap-single-track fap-track-button fap-play-button\" data-enqueue=\"no\" data-autoenqueue=\"no\" title=\"11 - for\u00e7as ocultas da vida - 11\"><span class=\"fap-icon-play\"><\/span>Ouvir<\/span> <a href=\"https:\/\/www.irdin.org.br\/site\/envios\/audios\/0057_0011__por_por__forcas_ocultas_da_vida_11.mp3\" class=\"baixar\"><span class=\"fa fa-arrow-down\"><\/span>Baixar<\/span><\/a> <span class=\"textobaixar\"> 11 &#8211; for\u00e7as ocultas da vida &#8211; 11<\/span><br \/>\n<span data-href=\"https:\/\/www.irdin.org.br\/site\/envios\/audios\/0057_0012__por_por__forcas_ocultas_da_vida_12.mp3\" data-title=\"12 - for\u00e7as ocultas da vida - 12\" data-rel=\"\" data-target=\"\" data-meta=\"#fap-meta-69e1a5bf36008\" class=\"fap-single-track fap-track-button fap-play-button\" data-enqueue=\"no\" data-autoenqueue=\"no\" title=\"12 - for\u00e7as ocultas da vida - 12\"><span class=\"fap-icon-play\"><\/span>Ouvir<\/span> <a href=\"https:\/\/www.irdin.org.br\/site\/envios\/audios\/0057_0012__por_por__forcas_ocultas_da_vida_12.mp3\" class=\"baixar\"><span class=\"fa fa-arrow-down\"><\/span>Baixar<\/span><\/a> <span class=\"textobaixar\"> 12 &#8211; for\u00e7as ocultas da vida &#8211; 12<\/span><\/p>\n<p>&nbsp;<\/p>\n","protected":false},"excerpt":{"rendered":"<p>Um grupo de almas reunidas para estudar o Mist\u00e9rio, para estar diante dele e aprender, pode chegar a tocar \u00e1reas<\/p>\n","protected":false},"featured_media":24395,"template":"","meta":{"_acf_changed":false},"product_brand":[],"product_cat":[18076,33109],"product_tag":[39051],"class_list":{"0":"post-82835","1":"product","2":"type-product","3":"status-publish","4":"has-post-thumbnail","6":"product_cat-cddvd","7":"product_cat-colecoes","8":"product_tag-39051","9":"pa_autor-trigueirinho","10":"pa_codigo-da-serie-33116","11":"pa_data-de-gravacao-23848","12":"pa_idioma-de-destino-portugues","13":"pa_lancamento-no","14":"pa_midia-cd","15":"pa_moac-39050","16":"pa_quantidade-de-saldo-33067","17":"pa_sequencial-da-serie-31878","18":"pa_tipo-de-traducao-nao-classificado","20":"first","21":"outofstock","22":"product-type-simple"},"acf":[],"_links":{"self":[{"href":"https:\/\/www.irdin.org.br\/site\/wp-json\/wp\/v2\/product\/82835","targetHints":{"allow":["GET"]}}],"collection":[{"href":"https:\/\/www.irdin.org.br\/site\/wp-json\/wp\/v2\/product"}],"about":[{"href":"https:\/\/www.irdin.org.br\/site\/wp-json\/wp\/v2\/types\/product"}],"version-history":[{"count":1,"href":"https:\/\/www.irdin.org.br\/site\/wp-json\/wp\/v2\/product\/82835\/revisions"}],"predecessor-version":[{"id":106694,"href":"https:\/\/www.irdin.org.br\/site\/wp-json\/wp\/v2\/product\/82835\/revisions\/106694"}],"wp:featuredmedia":[{"embeddable":true,"href":"https:\/\/www.irdin.org.br\/site\/wp-json\/wp\/v2\/media\/24395"}],"wp:attachment":[{"href":"https:\/\/www.irdin.org.br\/site\/wp-json\/wp\/v2\/media?parent=82835"}],"wp:term":[{"taxonomy":"product_brand","embeddable":true,"href":"https:\/\/www.irdin.org.br\/site\/wp-json\/wp\/v2\/product_brand?post=82835"},{"taxonomy":"product_cat","embeddable":true,"href":"https:\/\/www.irdin.org.br\/site\/wp-json\/wp\/v2\/product_cat?post=82835"},{"taxonomy":"product_tag","embeddable":true,"href":"https:\/\/www.irdin.org.br\/site\/wp-json\/wp\/v2\/product_tag?post=82835"}],"curies":[{"name":"wp","href":"https:\/\/api.w.org\/{rel}","templated":true}]}}