{"id":82836,"date":"2018-04-26T18:11:49","date_gmt":"2018-04-26T18:11:49","guid":{"rendered":"http:\/\/www.irdin.org.br\/site\/produto\/historia-escrita-nos-espelhos\/"},"modified":"2022-01-28T22:35:14","modified_gmt":"2022-01-28T22:35:14","slug":"historia-escrita-nos-espelhos","status":"publish","type":"product","link":"https:\/\/www.irdin.org.br\/site\/produtos\/historia-escrita-nos-espelhos\/","title":{"rendered":"Hist\u00f3ria Escrita nos Espelhos"},"content":{"rendered":"<p>Espelhos s\u00e3o sistemas de comunica\u00e7\u00e3o c\u00f3smica, dos quais podemos vir a fazer parte. O ser espelho contata a ess\u00eancia das criaturas e das coisas. Os espelhos do cosmos captam arqu\u00e9tipos, identificam-se com os que devem ser manifestados e os transmitem.<\/p>\n<p>&nbsp;<br \/>\n<strong>Faixas:<\/strong><\/p>\n<p><span data-href=\"https:\/\/www.irdin.org.br\/site\/envios\/audios\/2896_0001__por_por__historia_escrita_nos_espelhos_1.mp3\" data-title=\"1 - hist\u00f3ria escrita nos espelhos - 1\" data-rel=\"\" data-target=\"\" data-meta=\"#fap-meta-6a04d84c5c3dc\" class=\"fap-single-track fap-track-button fap-play-button\" data-enqueue=\"no\" data-autoenqueue=\"no\" title=\"1 - hist\u00f3ria escrita nos espelhos - 1\"><span class=\"fap-icon-play\"><\/span>Ouvir<\/span> <a href=\"https:\/\/www.irdin.org.br\/site\/envios\/audios\/2896_0001__por_por__historia_escrita_nos_espelhos_1.mp3\" class=\"baixar\"><span class=\"fa fa-arrow-down\"><\/span>Baixar<\/span><\/a> <span class=\"textobaixar\"> 1 &#8211; hist\u00f3ria escrita nos espelhos &#8211; 1<\/span><br \/>\n<span data-href=\"https:\/\/www.irdin.org.br\/site\/envios\/audios\/2896_0002__por_por__historia_escrita_nos_espelhos_2.mp3\" data-title=\"2 - hist\u00f3ria escrita nos espelhos - 2\" data-rel=\"\" data-target=\"\" data-meta=\"#fap-meta-6a04d84c5c49e\" class=\"fap-single-track fap-track-button fap-play-button\" data-enqueue=\"no\" data-autoenqueue=\"no\" title=\"2 - hist\u00f3ria escrita nos espelhos - 2\"><span class=\"fap-icon-play\"><\/span>Ouvir<\/span> <a href=\"https:\/\/www.irdin.org.br\/site\/envios\/audios\/2896_0002__por_por__historia_escrita_nos_espelhos_2.mp3\" class=\"baixar\"><span class=\"fa fa-arrow-down\"><\/span>Baixar<\/span><\/a> <span class=\"textobaixar\"> 2 &#8211; hist\u00f3ria escrita nos espelhos &#8211; 2<\/span><\/p>\n<p>&nbsp;<\/p>\n","protected":false},"excerpt":{"rendered":"<p>Espelhos s\u00e3o sistemas de comunica\u00e7\u00e3o c\u00f3smica, dos quais podemos vir a fazer parte. O ser espelho contata a ess\u00eancia das<\/p>\n","protected":false},"featured_media":8059,"template":"","meta":{"_acf_changed":false},"product_brand":[],"product_cat":[18076,33068],"product_tag":[33415],"class_list":{"0":"post-82836","1":"product","2":"type-product","3":"status-publish","4":"has-post-thumbnail","6":"product_cat-cddvd","7":"product_cat-palestras","8":"product_tag-33415","9":"pa_autor-trigueirinho","10":"pa_codigo-da-serie-24024","11":"pa_data-de-gravacao-24173","12":"pa_idioma-de-destino-portugues","13":"pa_lancamento-no","14":"pa_midia-cd","15":"pa_moac-33676","16":"pa_quantidade-de-saldo-33067","17":"pa_sequencial-da-serie-31919","18":"pa_tipo-de-traducao-nao-classificado","20":"first","21":"outofstock","22":"product-type-simple"},"acf":[],"_links":{"self":[{"href":"https:\/\/www.irdin.org.br\/site\/wp-json\/wp\/v2\/product\/82836","targetHints":{"allow":["GET"]}}],"collection":[{"href":"https:\/\/www.irdin.org.br\/site\/wp-json\/wp\/v2\/product"}],"about":[{"href":"https:\/\/www.irdin.org.br\/site\/wp-json\/wp\/v2\/types\/product"}],"version-history":[{"count":0,"href":"https:\/\/www.irdin.org.br\/site\/wp-json\/wp\/v2\/product\/82836\/revisions"}],"wp:featuredmedia":[{"embeddable":true,"href":"https:\/\/www.irdin.org.br\/site\/wp-json\/wp\/v2\/media\/8059"}],"wp:attachment":[{"href":"https:\/\/www.irdin.org.br\/site\/wp-json\/wp\/v2\/media?parent=82836"}],"wp:term":[{"taxonomy":"product_brand","embeddable":true,"href":"https:\/\/www.irdin.org.br\/site\/wp-json\/wp\/v2\/product_brand?post=82836"},{"taxonomy":"product_cat","embeddable":true,"href":"https:\/\/www.irdin.org.br\/site\/wp-json\/wp\/v2\/product_cat?post=82836"},{"taxonomy":"product_tag","embeddable":true,"href":"https:\/\/www.irdin.org.br\/site\/wp-json\/wp\/v2\/product_tag?post=82836"}],"curies":[{"name":"wp","href":"https:\/\/api.w.org\/{rel}","templated":true}]}}