{"id":82841,"date":"2018-04-26T18:12:17","date_gmt":"2018-04-26T18:12:17","guid":{"rendered":"http:\/\/www.irdin.org.br\/site\/produto\/mirna-jad\/"},"modified":"2025-03-15T23:44:17","modified_gmt":"2025-03-15T23:44:17","slug":"mirna-jad","status":"publish","type":"product","link":"https:\/\/www.irdin.org.br\/site\/produtos\/mirna-jad\/","title":{"rendered":"MIRNA JAD"},"content":{"rendered":"<p>Mirna Jad revela-se como avan\u00e7ada civiliza\u00e7\u00e3o nos planos supraf\u00edsicos da Am\u00e9rica do Sul, na Regi\u00e3o Sudeste do Brasil. Intermedeia as emiss\u00f5es de outros centros intraterrenos para a humanidade da superf\u00edcie e re\u00fane energias que influenciaram civiliza\u00e7\u00f5es e grupos evolu\u00eddos do passado.<\/p>\n<p>&nbsp;<br \/>\n<strong>Faixas:<\/strong><\/p>\n<p><span data-href=\"https:\/\/www.irdin.org.br\/site\/envios\/audios\/0020_0033__por_por__mirna_jad_e_tres_etapas_evolutivas_da_nossa_vida.mp3\" data-title=\"1 - mirna jad e tr\u00eas etapas evolutivas da nossa vida\" data-rel=\"\" data-target=\"\" data-meta=\"#fap-meta-6a04f071aad4c\" class=\"fap-single-track fap-track-button fap-play-button\" data-enqueue=\"no\" data-autoenqueue=\"no\" title=\"1 - mirna jad e tr\u00eas etapas evolutivas da nossa vida\"><span class=\"fap-icon-play\"><\/span>Ouvir<\/span> <a href=\"https:\/\/www.irdin.org.br\/site\/envios\/audios\/0020_0033__por_por__mirna_jad_e_tres_etapas_evolutivas_da_nossa_vida.mp3\" class=\"baixar\"><span class=\"fa fa-arrow-down\"><\/span>Baixar<\/span><\/a> <span class=\"textobaixar\"> 1 &#8211; mirna jad e tr\u00eas etapas evolutivas da nossa vida<\/span><br \/>\n<span data-href=\"https:\/\/www.irdin.org.br\/site\/envios\/audios\/0032_0015__por_por__novas_luzes_de_mirna_jad.mp3\" data-title=\"2 - novas luzes de mirna jad\" data-rel=\"\" data-target=\"\" data-meta=\"#fap-meta-6a04f071aada4\" class=\"fap-single-track fap-track-button fap-play-button\" data-enqueue=\"no\" data-autoenqueue=\"no\" title=\"2 - novas luzes de mirna jad\"><span class=\"fap-icon-play\"><\/span>Ouvir<\/span> <a href=\"https:\/\/www.irdin.org.br\/site\/envios\/audios\/0032_0015__por_por__novas_luzes_de_mirna_jad.mp3\" class=\"baixar\"><span class=\"fa fa-arrow-down\"><\/span>Baixar<\/span><\/a> <span class=\"textobaixar\"> 2 &#8211; novas luzes de mirna jad<\/span><br \/>\n<span data-href=\"https:\/\/www.irdin.org.br\/site\/envios\/audios\/0032_0074__por_por__o_encontro_do_templo.mp3\" data-title=\"4 - o encontro do templo\" data-rel=\"\" data-target=\"\" data-meta=\"#fap-meta-6a04f071aade2\" class=\"fap-single-track fap-track-button fap-play-button\" data-enqueue=\"no\" data-autoenqueue=\"no\" title=\"4 - o encontro do templo\"><span class=\"fap-icon-play\"><\/span>Ouvir<\/span> <a href=\"https:\/\/www.irdin.org.br\/site\/envios\/audios\/0032_0074__por_por__o_encontro_do_templo.mp3\" class=\"baixar\"><span class=\"fa fa-arrow-down\"><\/span>Baixar<\/span><\/a> <span class=\"textobaixar\"> 4 &#8211; o encontro do templo<\/span><br \/>\n<span data-href=\"https:\/\/www.irdin.org.br\/site\/envios\/audios\/0009_0003__por_por__templos_de_cura_cura_nas_naves_e_a_nossa_parte_na_cura.mp3\" data-title=\"6 - templos de cura, cura nas naves e a nossa parte na cura\" data-rel=\"\" data-target=\"\" data-meta=\"#fap-meta-6a04f071aae2d\" class=\"fap-single-track fap-track-button fap-play-button\" data-enqueue=\"no\" data-autoenqueue=\"no\" title=\"6 - templos de cura, cura nas naves e a nossa parte na cura\"><span class=\"fap-icon-play\"><\/span>Ouvir<\/span> <a href=\"https:\/\/www.irdin.org.br\/site\/envios\/audios\/0009_0003__por_por__templos_de_cura_cura_nas_naves_e_a_nossa_parte_na_cura.mp3\" class=\"baixar\"><span class=\"fa fa-arrow-down\"><\/span>Baixar<\/span><\/a> <span class=\"textobaixar\"> 6 &#8211; templos de cura, cura nas naves e a nossa parte na cura<\/span><\/p>\n<p>&nbsp;<\/p>\n","protected":false},"excerpt":{"rendered":"<p>Mirna Jad revela-se como avan\u00e7ada civiliza\u00e7\u00e3o nos planos supraf\u00edsicos da Am\u00e9rica do Sul, na Regi\u00e3o Sudeste do Brasil. Intermedeia as<\/p>\n","protected":false},"featured_media":7959,"template":"","meta":{"_acf_changed":false},"product_brand":[],"product_cat":[18076,33109],"product_tag":[39061],"class_list":{"0":"post-82841","1":"product","2":"type-product","3":"status-publish","4":"has-post-thumbnail","6":"product_cat-cddvd","7":"product_cat-colecoes","8":"product_tag-39061","9":"pa_autor-trigueirinho","10":"pa_codigo-da-serie-23922","11":"pa_data-de-gravacao-20286","12":"pa_idioma-de-destino-portugues","13":"pa_lancamento-no","14":"pa_midia-cd","15":"pa_moac-39060","16":"pa_quantidade-de-saldo-33067","17":"pa_sequencial-da-serie-31881","18":"pa_tipo-de-traducao-nao-classificado","20":"first","21":"outofstock","22":"product-type-simple"},"acf":[],"_links":{"self":[{"href":"https:\/\/www.irdin.org.br\/site\/wp-json\/wp\/v2\/product\/82841","targetHints":{"allow":["GET"]}}],"collection":[{"href":"https:\/\/www.irdin.org.br\/site\/wp-json\/wp\/v2\/product"}],"about":[{"href":"https:\/\/www.irdin.org.br\/site\/wp-json\/wp\/v2\/types\/product"}],"version-history":[{"count":1,"href":"https:\/\/www.irdin.org.br\/site\/wp-json\/wp\/v2\/product\/82841\/revisions"}],"predecessor-version":[{"id":106697,"href":"https:\/\/www.irdin.org.br\/site\/wp-json\/wp\/v2\/product\/82841\/revisions\/106697"}],"wp:featuredmedia":[{"embeddable":true,"href":"https:\/\/www.irdin.org.br\/site\/wp-json\/wp\/v2\/media\/7959"}],"wp:attachment":[{"href":"https:\/\/www.irdin.org.br\/site\/wp-json\/wp\/v2\/media?parent=82841"}],"wp:term":[{"taxonomy":"product_brand","embeddable":true,"href":"https:\/\/www.irdin.org.br\/site\/wp-json\/wp\/v2\/product_brand?post=82841"},{"taxonomy":"product_cat","embeddable":true,"href":"https:\/\/www.irdin.org.br\/site\/wp-json\/wp\/v2\/product_cat?post=82841"},{"taxonomy":"product_tag","embeddable":true,"href":"https:\/\/www.irdin.org.br\/site\/wp-json\/wp\/v2\/product_tag?post=82841"}],"curies":[{"name":"wp","href":"https:\/\/api.w.org\/{rel}","templated":true}]}}