{"id":82851,"date":"2018-04-26T18:12:17","date_gmt":"2018-04-26T18:12:17","guid":{"rendered":"http:\/\/www.irdin.org.br\/site\/produto\/os-12-trabalhos-de-hercules-na-vida-de-hoje\/"},"modified":"2019-12-06T20:50:48","modified_gmt":"2019-12-06T20:50:48","slug":"os-12-trabalhos-de-hercules-na-vida-de-hoje","status":"publish","type":"product","link":"https:\/\/www.irdin.org.br\/site\/produtos\/os-12-trabalhos-de-hercules-na-vida-de-hoje\/","title":{"rendered":"Os 12 trabalhos de H\u00e9rcules na vida de hoje"},"content":{"rendered":"<p>O mito de H\u00e9rcules \u00e9 universal. As hist\u00f3rias de seus 12 trabalhos v\u00eam-nos estimulando a superar limita\u00e7\u00f5es e a fazer mudan\u00e7as profundas em n\u00f3s mesmos. Entrela\u00e7ando hist\u00f3rias mitol\u00f3gicas e situa\u00e7\u00f5es da vida moderna, os estudos aqui apresentados oferecem-nos uma nova sugest\u00e3o de alinhamento entre o nosso eu consciente e a nossa alma.<\/p>\n<p>&nbsp;<br \/>\n<strong>Faixas:<\/strong><\/p>\n<p><span data-href=\"https:\/\/www.irdin.org.br\/site\/envios\/audios\/0007_0001__por_por__a_captura_das_eguas_devoradoras_de_homens.mp3\" data-title=\"1 - a captura das \u00e9guas devoradoras de homens\" data-rel=\"\" data-target=\"\" data-meta=\"#fap-meta-69f9e8fc9c49a\" class=\"fap-single-track fap-track-button fap-play-button\" data-enqueue=\"no\" data-autoenqueue=\"no\" title=\"1 - a captura das \u00e9guas devoradoras de homens\"><span class=\"fap-icon-play\"><\/span>Ouvir<\/span> <a href=\"https:\/\/www.irdin.org.br\/site\/envios\/audios\/0007_0001__por_por__a_captura_das_eguas_devoradoras_de_homens.mp3\" class=\"baixar\" download><span class=\"fa fa-arrow-down\"><\/span>Baixar<\/span><\/a> <span class=\"textobaixar\"> 1 &#8211; a captura das \u00e9guas devoradoras de homens<\/span><br \/>\n<span data-href=\"https:\/\/www.irdin.org.br\/site\/envios\/audios\/0007_0002__por_por__o_touro_da_ilha_sagrada.mp3\" data-title=\"2 - o touro da ilha sagrada\" data-rel=\"\" data-target=\"\" data-meta=\"#fap-meta-69f9e8fc9c5e0\" class=\"fap-single-track fap-track-button fap-play-button\" data-enqueue=\"no\" data-autoenqueue=\"no\" title=\"2 - o touro da ilha sagrada\"><span class=\"fap-icon-play\"><\/span>Ouvir<\/span> <a href=\"https:\/\/www.irdin.org.br\/site\/envios\/audios\/0007_0002__por_por__o_touro_da_ilha_sagrada.mp3\" class=\"baixar\" download><span class=\"fa fa-arrow-down\"><\/span>Baixar<\/span><\/a> <span class=\"textobaixar\"> 2 &#8211; o touro da ilha sagrada<\/span><br \/>\n<span data-href=\"https:\/\/www.irdin.org.br\/site\/envios\/audios\/0007_0003__por_por__colhendo_as_macas_de_ouro.mp3\" data-title=\"3 - colhendo as ma\u00e7\u00e3s de ouro\" data-rel=\"\" data-target=\"\" data-meta=\"#fap-meta-69f9e8fc9c6dd\" class=\"fap-single-track fap-track-button fap-play-button\" data-enqueue=\"no\" data-autoenqueue=\"no\" title=\"3 - colhendo as ma\u00e7\u00e3s de ouro\"><span class=\"fap-icon-play\"><\/span>Ouvir<\/span> <a href=\"https:\/\/www.irdin.org.br\/site\/envios\/audios\/0007_0003__por_por__colhendo_as_macas_de_ouro.mp3\" class=\"baixar\" download><span class=\"fa fa-arrow-down\"><\/span>Baixar<\/span><\/a> <span class=\"textobaixar\"> 3 &#8211; colhendo as ma\u00e7\u00e3s de ouro<\/span><br \/>\n<span data-href=\"https:\/\/www.irdin.org.br\/site\/envios\/audios\/0007_0004__por_por__a_captura_da_corca.mp3\" data-title=\"4 - a captura da cor\u00e7a\" data-rel=\"\" data-target=\"\" data-meta=\"#fap-meta-69f9e8fc9c7c1\" class=\"fap-single-track fap-track-button fap-play-button\" data-enqueue=\"no\" data-autoenqueue=\"no\" title=\"4 - a captura da cor\u00e7a\"><span class=\"fap-icon-play\"><\/span>Ouvir<\/span> <a href=\"https:\/\/www.irdin.org.br\/site\/envios\/audios\/0007_0004__por_por__a_captura_da_corca.mp3\" class=\"baixar\" download><span class=\"fa fa-arrow-down\"><\/span>Baixar<\/span><\/a> <span class=\"textobaixar\"> 4 &#8211; a captura da cor\u00e7a<\/span><br \/>\n<span data-href=\"https:\/\/www.irdin.org.br\/site\/envios\/audios\/0007_0005__por_por__a_morte_do_leao_de_nemeia.mp3\" data-title=\"5 - a morte do le\u00e3o de nem\u00e9ia\" data-rel=\"\" data-target=\"\" data-meta=\"#fap-meta-69f9e8fc9c8a9\" class=\"fap-single-track fap-track-button fap-play-button\" data-enqueue=\"no\" data-autoenqueue=\"no\" title=\"5 - a morte do le\u00e3o de nem\u00e9ia\"><span class=\"fap-icon-play\"><\/span>Ouvir<\/span> <a href=\"https:\/\/www.irdin.org.br\/site\/envios\/audios\/0007_0005__por_por__a_morte_do_leao_de_nemeia.mp3\" class=\"baixar\" download><span class=\"fa fa-arrow-down\"><\/span>Baixar<\/span><\/a> <span class=\"textobaixar\"> 5 &#8211; a morte do le\u00e3o de nem\u00e9ia<\/span><br \/>\n<span data-href=\"https:\/\/www.irdin.org.br\/site\/envios\/audios\/0007_0006__por_por__apoderando_se_do_cinto_da_uniao.mp3\" data-title=\"6 - apoderando-se do cinto da uni\u00e3o\" data-rel=\"\" data-target=\"\" data-meta=\"#fap-meta-69f9e8fc9c9d8\" class=\"fap-single-track fap-track-button fap-play-button\" data-enqueue=\"no\" data-autoenqueue=\"no\" title=\"6 - apoderando-se do cinto da uni\u00e3o\"><span class=\"fap-icon-play\"><\/span>Ouvir<\/span> <a href=\"https:\/\/www.irdin.org.br\/site\/envios\/audios\/0007_0006__por_por__apoderando_se_do_cinto_da_uniao.mp3\" class=\"baixar\" download><span class=\"fa fa-arrow-down\"><\/span>Baixar<\/span><\/a> <span class=\"textobaixar\"> 6 &#8211; apoderando-se do cinto da uni\u00e3o<\/span><br \/>\n<span data-href=\"https:\/\/www.irdin.org.br\/site\/envios\/audios\/0007_0007__por_por__a_captura_do_javali.mp3\" data-title=\"7 - a captura do javali\" data-rel=\"\" data-target=\"\" data-meta=\"#fap-meta-69f9e8fc9ca9e\" class=\"fap-single-track fap-track-button fap-play-button\" data-enqueue=\"no\" data-autoenqueue=\"no\" title=\"7 - a captura do javali\"><span class=\"fap-icon-play\"><\/span>Ouvir<\/span> <a href=\"https:\/\/www.irdin.org.br\/site\/envios\/audios\/0007_0007__por_por__a_captura_do_javali.mp3\" class=\"baixar\" download><span class=\"fa fa-arrow-down\"><\/span>Baixar<\/span><\/a> <span class=\"textobaixar\"> 7 &#8211; a captura do javali<\/span><br \/>\n<span data-href=\"https:\/\/www.irdin.org.br\/site\/envios\/audios\/0007_0008__por_por__erguendo_a_hidra_de_lerna.mp3\" data-title=\"8 - erguendo a hidra de lerna\" data-rel=\"\" data-target=\"\" data-meta=\"#fap-meta-69f9e8fc9cb84\" class=\"fap-single-track fap-track-button fap-play-button\" data-enqueue=\"no\" data-autoenqueue=\"no\" title=\"8 - erguendo a hidra de lerna\"><span class=\"fap-icon-play\"><\/span>Ouvir<\/span> <a href=\"https:\/\/www.irdin.org.br\/site\/envios\/audios\/0007_0008__por_por__erguendo_a_hidra_de_lerna.mp3\" class=\"baixar\" download><span class=\"fa fa-arrow-down\"><\/span>Baixar<\/span><\/a> <span class=\"textobaixar\"> 8 &#8211; erguendo a hidra de lerna<\/span><br \/>\n<span data-href=\"https:\/\/www.irdin.org.br\/site\/envios\/audios\/0007_0009__por_por__passaros_devastadores.mp3\" data-title=\"9 - p\u00e1ssaros devastadores\" data-rel=\"\" data-target=\"\" data-meta=\"#fap-meta-69f9e8fc9cc8d\" class=\"fap-single-track fap-track-button fap-play-button\" data-enqueue=\"no\" data-autoenqueue=\"no\" title=\"9 - p\u00e1ssaros devastadores\"><span class=\"fap-icon-play\"><\/span>Ouvir<\/span> <a href=\"https:\/\/www.irdin.org.br\/site\/envios\/audios\/0007_0009__por_por__passaros_devastadores.mp3\" class=\"baixar\" download><span class=\"fa fa-arrow-down\"><\/span>Baixar<\/span><\/a> <span class=\"textobaixar\"> 9 &#8211; p\u00e1ssaros devastadores<\/span><br \/>\n<span data-href=\"https:\/\/www.irdin.org.br\/site\/envios\/audios\/0007_0010__por_por__cerbero_morre.mp3\" data-title=\"10 - c\u00e9rbero morre\" data-rel=\"\" data-target=\"\" data-meta=\"#fap-meta-69f9e8fc9cda1\" class=\"fap-single-track fap-track-button fap-play-button\" data-enqueue=\"no\" data-autoenqueue=\"no\" title=\"10 - c\u00e9rbero morre\"><span class=\"fap-icon-play\"><\/span>Ouvir<\/span> <a href=\"https:\/\/www.irdin.org.br\/site\/envios\/audios\/0007_0010__por_por__cerbero_morre.mp3\" class=\"baixar\" download><span class=\"fa fa-arrow-down\"><\/span>Baixar<\/span><\/a> <span class=\"textobaixar\"> 10 &#8211; c\u00e9rbero morre<\/span><br \/>\n<span data-href=\"https:\/\/www.irdin.org.br\/site\/envios\/audios\/0007_0011__por_por__limpando_estabulos.mp3\" data-title=\"11 - limpando est\u00e1bulos\" data-rel=\"\" data-target=\"\" data-meta=\"#fap-meta-69f9e8fc9ce76\" class=\"fap-single-track fap-track-button fap-play-button\" data-enqueue=\"no\" data-autoenqueue=\"no\" title=\"11 - limpando est\u00e1bulos\"><span class=\"fap-icon-play\"><\/span>Ouvir<\/span> <a href=\"https:\/\/www.irdin.org.br\/site\/envios\/audios\/0007_0011__por_por__limpando_estabulos.mp3\" class=\"baixar\" download><span class=\"fa fa-arrow-down\"><\/span>Baixar<\/span><\/a> <span class=\"textobaixar\"> 11 &#8211; limpando est\u00e1bulos<\/span><br \/>\n<span data-href=\"https:\/\/www.irdin.org.br\/site\/envios\/audios\/0007_0012__por_por__conduzindo_o_gado_vermelho.mp3\" data-title=\"12 - conduzindo o gado vermelho\" data-rel=\"\" data-target=\"\" data-meta=\"#fap-meta-69f9e8fc9cf3e\" class=\"fap-single-track fap-track-button fap-play-button\" data-enqueue=\"no\" data-autoenqueue=\"no\" title=\"12 - conduzindo o gado vermelho\"><span class=\"fap-icon-play\"><\/span>Ouvir<\/span> <a href=\"https:\/\/www.irdin.org.br\/site\/envios\/audios\/0007_0012__por_por__conduzindo_o_gado_vermelho.mp3\" class=\"baixar\" download><span class=\"fa fa-arrow-down\"><\/span>Baixar<\/span><\/a> <span class=\"textobaixar\"> 12 &#8211; conduzindo o gado vermelho<\/span><\/p>\n<p>&nbsp;<\/p>\n","protected":false},"excerpt":{"rendered":"<p>O mito de H\u00e9rcules \u00e9 universal. As hist\u00f3rias de seus 12 trabalhos v\u00eam-nos estimulando a superar limita\u00e7\u00f5es e a fazer<\/p>\n","protected":false},"featured_media":8010,"template":"","meta":{"_acf_changed":false},"product_brand":[],"product_cat":[18076,33109],"product_tag":[39081],"class_list":{"0":"post-82851","1":"product","2":"type-product","3":"status-publish","4":"has-post-thumbnail","6":"product_cat-cddvd","7":"product_cat-colecoes","8":"product_tag-39081","9":"pa_autor-trigueirinho","10":"pa_codigo-da-serie-24024","11":"pa_data-de-gravacao-18216","12":"pa_idioma-de-destino-portugues","13":"pa_lancamento-no","14":"pa_midia-cd","15":"pa_moac-39080","16":"pa_quantidade-de-saldo-33067","17":"pa_sequencial-da-serie-31895","18":"pa_tipo-de-traducao-nao-classificado","20":"first","21":"outofstock","22":"product-type-simple"},"acf":[],"_links":{"self":[{"href":"https:\/\/www.irdin.org.br\/site\/wp-json\/wp\/v2\/product\/82851","targetHints":{"allow":["GET"]}}],"collection":[{"href":"https:\/\/www.irdin.org.br\/site\/wp-json\/wp\/v2\/product"}],"about":[{"href":"https:\/\/www.irdin.org.br\/site\/wp-json\/wp\/v2\/types\/product"}],"version-history":[{"count":0,"href":"https:\/\/www.irdin.org.br\/site\/wp-json\/wp\/v2\/product\/82851\/revisions"}],"wp:featuredmedia":[{"embeddable":true,"href":"https:\/\/www.irdin.org.br\/site\/wp-json\/wp\/v2\/media\/8010"}],"wp:attachment":[{"href":"https:\/\/www.irdin.org.br\/site\/wp-json\/wp\/v2\/media?parent=82851"}],"wp:term":[{"taxonomy":"product_brand","embeddable":true,"href":"https:\/\/www.irdin.org.br\/site\/wp-json\/wp\/v2\/product_brand?post=82851"},{"taxonomy":"product_cat","embeddable":true,"href":"https:\/\/www.irdin.org.br\/site\/wp-json\/wp\/v2\/product_cat?post=82851"},{"taxonomy":"product_tag","embeddable":true,"href":"https:\/\/www.irdin.org.br\/site\/wp-json\/wp\/v2\/product_tag?post=82851"}],"curies":[{"name":"wp","href":"https:\/\/api.w.org\/{rel}","templated":true}]}}