{"id":82856,"date":"2018-04-26T18:12:17","date_gmt":"2018-04-26T18:12:17","guid":{"rendered":"http:\/\/www.irdin.org.br\/site\/produto\/para-compreender-o-ego\/"},"modified":"2025-03-15T23:46:05","modified_gmt":"2025-03-15T23:46:05","slug":"para-compreender-o-ego","status":"publish","type":"product","link":"https:\/\/www.irdin.org.br\/site\/produtos\/para-compreender-o-ego\/","title":{"rendered":"Para Compreender o Ego"},"content":{"rendered":"<p>&nbsp;<br \/>\n<strong>Faixas:<\/strong><\/p>\n<p><span data-href=\"https:\/\/www.irdin.org.br\/site\/envios\/audios\/0036_0001__por_por__a_verdade_do_coracao_o_ego_e_a_personalidade.mp3\" data-title=\"1 - a verdade do cora\u00e7\u00e3o, o ego e a personalidade\" data-rel=\"\" data-target=\"\" data-meta=\"#fap-meta-6a0587c659c07\" class=\"fap-single-track fap-track-button fap-play-button\" data-enqueue=\"no\" data-autoenqueue=\"no\" title=\"1 - a verdade do cora\u00e7\u00e3o, o ego e a personalidade\"><span class=\"fap-icon-play\"><\/span>Ouvir<\/span> <a href=\"https:\/\/www.irdin.org.br\/site\/envios\/audios\/0036_0001__por_por__a_verdade_do_coracao_o_ego_e_a_personalidade.mp3\" class=\"baixar\" download><span class=\"fa fa-arrow-down\"><\/span>Baixar<\/span><\/a> <span class=\"textobaixar\"> 1 &#8211; a verdade do cora\u00e7\u00e3o, o ego e a personalidade<\/span><br \/>\n<span data-href=\"https:\/\/www.irdin.org.br\/site\/envios\/audios\/0036_0002__por_por__consciencia_mente_concreta_e_ego.mp3\" data-title=\"2 - consci\u00eancia, mente concreta e ego\" data-rel=\"\" data-target=\"\" data-meta=\"#fap-meta-6a0587c659cc9\" class=\"fap-single-track fap-track-button fap-play-button\" data-enqueue=\"no\" data-autoenqueue=\"no\" title=\"2 - consci\u00eancia, mente concreta e ego\"><span class=\"fap-icon-play\"><\/span>Ouvir<\/span> <a href=\"https:\/\/www.irdin.org.br\/site\/envios\/audios\/0036_0002__por_por__consciencia_mente_concreta_e_ego.mp3\" class=\"baixar\" download><span class=\"fa fa-arrow-down\"><\/span>Baixar<\/span><\/a> <span class=\"textobaixar\"> 2 &#8211; consci\u00eancia, mente concreta e ego<\/span><br \/>\n<span data-href=\"https:\/\/www.irdin.org.br\/site\/envios\/audios\/0036_0003__por_por__humildade_e_pensamento_do_ser_interior.mp3\" data-title=\"3 - humildade e pensamento do ser interior\" data-rel=\"\" data-target=\"\" data-meta=\"#fap-meta-6a0587c659d12\" class=\"fap-single-track fap-track-button fap-play-button\" data-enqueue=\"no\" data-autoenqueue=\"no\" title=\"3 - humildade e pensamento do ser interior\"><span class=\"fap-icon-play\"><\/span>Ouvir<\/span> <a href=\"https:\/\/www.irdin.org.br\/site\/envios\/audios\/0036_0003__por_por__humildade_e_pensamento_do_ser_interior.mp3\" class=\"baixar\" download><span class=\"fa fa-arrow-down\"><\/span>Baixar<\/span><\/a> <span class=\"textobaixar\"> 3 &#8211; humildade e pensamento do ser interior<\/span><\/p>\n<p>&nbsp;<\/p>\n","protected":false},"excerpt":{"rendered":"<p>&nbsp; Faixas: Baixar 1 &#8211; a verdade do cora\u00e7\u00e3o, o ego e a personalidade Baixar 2 &#8211; consci\u00eancia, mente concreta<\/p>\n","protected":false},"featured_media":8034,"template":"","meta":{"_acf_changed":false},"product_brand":[],"product_cat":[18076,33068],"product_tag":[39091],"class_list":{"0":"post-82856","1":"product","2":"type-product","3":"status-publish","4":"has-post-thumbnail","6":"product_cat-cddvd","7":"product_cat-palestras","8":"product_tag-39091","9":"pa_autor-trigueirinho","10":"pa_codigo-da-serie-24024","11":"pa_data-de-gravacao-20151","12":"pa_idioma-de-destino-portugues","13":"pa_lancamento-no","14":"pa_midia-cd","15":"pa_moac-39090","16":"pa_quantidade-de-saldo-33067","17":"pa_sequencial-da-serie-31902","18":"pa_tipo-de-traducao-nao-classificado","20":"first","21":"outofstock","22":"product-type-simple"},"acf":[],"_links":{"self":[{"href":"https:\/\/www.irdin.org.br\/site\/wp-json\/wp\/v2\/product\/82856","targetHints":{"allow":["GET"]}}],"collection":[{"href":"https:\/\/www.irdin.org.br\/site\/wp-json\/wp\/v2\/product"}],"about":[{"href":"https:\/\/www.irdin.org.br\/site\/wp-json\/wp\/v2\/types\/product"}],"version-history":[{"count":1,"href":"https:\/\/www.irdin.org.br\/site\/wp-json\/wp\/v2\/product\/82856\/revisions"}],"predecessor-version":[{"id":109199,"href":"https:\/\/www.irdin.org.br\/site\/wp-json\/wp\/v2\/product\/82856\/revisions\/109199"}],"wp:featuredmedia":[{"embeddable":true,"href":"https:\/\/www.irdin.org.br\/site\/wp-json\/wp\/v2\/media\/8034"}],"wp:attachment":[{"href":"https:\/\/www.irdin.org.br\/site\/wp-json\/wp\/v2\/media?parent=82856"}],"wp:term":[{"taxonomy":"product_brand","embeddable":true,"href":"https:\/\/www.irdin.org.br\/site\/wp-json\/wp\/v2\/product_brand?post=82856"},{"taxonomy":"product_cat","embeddable":true,"href":"https:\/\/www.irdin.org.br\/site\/wp-json\/wp\/v2\/product_cat?post=82856"},{"taxonomy":"product_tag","embeddable":true,"href":"https:\/\/www.irdin.org.br\/site\/wp-json\/wp\/v2\/product_tag?post=82856"}],"curies":[{"name":"wp","href":"https:\/\/api.w.org\/{rel}","templated":true}]}}