{"id":82862,"date":"2018-04-26T18:12:34","date_gmt":"2018-04-26T18:12:34","guid":{"rendered":"http:\/\/www.irdin.org.br\/site\/produto\/questoes-existenciais\/"},"modified":"2025-03-15T23:41:49","modified_gmt":"2025-03-15T23:41:49","slug":"questoes-existenciais","status":"publish","type":"product","link":"https:\/\/www.irdin.org.br\/site\/produtos\/questoes-existenciais\/","title":{"rendered":"Quest\u00f5es Existenciais"},"content":{"rendered":"<p>&nbsp;<br \/>\n<strong>Faixas:<\/strong><\/p>\n<p><span data-href=\"https:\/\/www.irdin.org.br\/site\/envios\/audios\/0033_0001__por_por__questoes_existenciais_1.mp3\" data-title=\"1 - quest\u00f5es existenciais - 1\" data-rel=\"\" data-target=\"\" data-meta=\"#fap-meta-6a04c4db5b114\" class=\"fap-single-track fap-track-button fap-play-button\" data-enqueue=\"no\" data-autoenqueue=\"no\" title=\"1 - quest\u00f5es existenciais - 1\"><span class=\"fap-icon-play\"><\/span>Ouvir<\/span> <a href=\"https:\/\/www.irdin.org.br\/site\/envios\/audios\/0033_0001__por_por__questoes_existenciais_1.mp3\" class=\"baixar\" download><span class=\"fa fa-arrow-down\"><\/span>Baixar<\/span><\/a> <span class=\"textobaixar\"> 1 &#8211; quest\u00f5es existenciais &#8211; 1<\/span><br \/>\n<span data-href=\"https:\/\/www.irdin.org.br\/site\/envios\/audios\/0033_0002__por_por__questoes_existenciais_2.mp3\" data-title=\"2 - quest\u00f5es existenciais - 2\" data-rel=\"\" data-target=\"\" data-meta=\"#fap-meta-6a04c4db5b173\" class=\"fap-single-track fap-track-button fap-play-button\" data-enqueue=\"no\" data-autoenqueue=\"no\" title=\"2 - quest\u00f5es existenciais - 2\"><span class=\"fap-icon-play\"><\/span>Ouvir<\/span> <a href=\"https:\/\/www.irdin.org.br\/site\/envios\/audios\/0033_0002__por_por__questoes_existenciais_2.mp3\" class=\"baixar\" download><span class=\"fa fa-arrow-down\"><\/span>Baixar<\/span><\/a> <span class=\"textobaixar\"> 2 &#8211; quest\u00f5es existenciais &#8211; 2<\/span><br \/>\n<span data-href=\"https:\/\/www.irdin.org.br\/site\/envios\/audios\/0033_0003__por_por__questoes_existenciais_3.mp3\" data-title=\"3 - quest\u00f5es existenciais - 3\" data-rel=\"\" data-target=\"\" data-meta=\"#fap-meta-6a04c4db5b1d1\" class=\"fap-single-track fap-track-button fap-play-button\" data-enqueue=\"no\" data-autoenqueue=\"no\" title=\"3 - quest\u00f5es existenciais - 3\"><span class=\"fap-icon-play\"><\/span>Ouvir<\/span> <a href=\"https:\/\/www.irdin.org.br\/site\/envios\/audios\/0033_0003__por_por__questoes_existenciais_3.mp3\" class=\"baixar\" download><span class=\"fa fa-arrow-down\"><\/span>Baixar<\/span><\/a> <span class=\"textobaixar\"> 3 &#8211; quest\u00f5es existenciais &#8211; 3<\/span><br \/>\n<span data-href=\"https:\/\/www.irdin.org.br\/site\/envios\/audios\/0033_0004__por_por__questoes_existenciais_4.mp3\" data-title=\"4 - quest\u00f5es existenciais - 4\" data-rel=\"\" data-target=\"\" data-meta=\"#fap-meta-6a04c4db5b255\" class=\"fap-single-track fap-track-button fap-play-button\" data-enqueue=\"no\" data-autoenqueue=\"no\" title=\"4 - quest\u00f5es existenciais - 4\"><span class=\"fap-icon-play\"><\/span>Ouvir<\/span> <a href=\"https:\/\/www.irdin.org.br\/site\/envios\/audios\/0033_0004__por_por__questoes_existenciais_4.mp3\" class=\"baixar\" download><span class=\"fa fa-arrow-down\"><\/span>Baixar<\/span><\/a> <span class=\"textobaixar\"> 4 &#8211; quest\u00f5es existenciais &#8211; 4<\/span><\/p>\n<p>&nbsp;<\/p>\n","protected":false},"excerpt":{"rendered":"<p>&nbsp; Faixas: Baixar 1 &#8211; quest\u00f5es existenciais &#8211; 1 Baixar 2 &#8211; quest\u00f5es existenciais &#8211; 2 Baixar 3 &#8211; quest\u00f5es<\/p>\n","protected":false},"featured_media":8044,"template":"","meta":{"_acf_changed":false},"product_brand":[],"product_cat":[18076,33068],"product_tag":[43795],"class_list":{"0":"post-82862","1":"product","2":"type-product","3":"status-publish","4":"has-post-thumbnail","6":"product_cat-cddvd","7":"product_cat-palestras","8":"product_tag-43795","9":"pa_autor-trigueirinho","10":"pa_codigo-da-serie-24024","11":"pa_data-de-gravacao-18818","12":"pa_idioma-de-destino-portugues","13":"pa_lancamento-no","14":"pa_midia-cd","15":"pa_moac-43794","16":"pa_quantidade-de-saldo-33067","17":"pa_sequencial-da-serie-31907","18":"pa_tipo-de-traducao-nao-classificado","20":"first","21":"outofstock","22":"product-type-simple"},"acf":[],"_links":{"self":[{"href":"https:\/\/www.irdin.org.br\/site\/wp-json\/wp\/v2\/product\/82862","targetHints":{"allow":["GET"]}}],"collection":[{"href":"https:\/\/www.irdin.org.br\/site\/wp-json\/wp\/v2\/product"}],"about":[{"href":"https:\/\/www.irdin.org.br\/site\/wp-json\/wp\/v2\/types\/product"}],"version-history":[{"count":1,"href":"https:\/\/www.irdin.org.br\/site\/wp-json\/wp\/v2\/product\/82862\/revisions"}],"predecessor-version":[{"id":109188,"href":"https:\/\/www.irdin.org.br\/site\/wp-json\/wp\/v2\/product\/82862\/revisions\/109188"}],"wp:featuredmedia":[{"embeddable":true,"href":"https:\/\/www.irdin.org.br\/site\/wp-json\/wp\/v2\/media\/8044"}],"wp:attachment":[{"href":"https:\/\/www.irdin.org.br\/site\/wp-json\/wp\/v2\/media?parent=82862"}],"wp:term":[{"taxonomy":"product_brand","embeddable":true,"href":"https:\/\/www.irdin.org.br\/site\/wp-json\/wp\/v2\/product_brand?post=82862"},{"taxonomy":"product_cat","embeddable":true,"href":"https:\/\/www.irdin.org.br\/site\/wp-json\/wp\/v2\/product_cat?post=82862"},{"taxonomy":"product_tag","embeddable":true,"href":"https:\/\/www.irdin.org.br\/site\/wp-json\/wp\/v2\/product_tag?post=82862"}],"curies":[{"name":"wp","href":"https:\/\/api.w.org\/{rel}","templated":true}]}}