{"id":82863,"date":"2018-04-26T18:12:34","date_gmt":"2018-04-26T18:12:34","guid":{"rendered":"http:\/\/www.irdin.org.br\/site\/produto\/retiros-intraterrenos-volume-1\/"},"modified":"2025-03-15T01:28:51","modified_gmt":"2025-03-15T01:28:51","slug":"retiros-intraterrenos-volume-1","status":"publish","type":"product","link":"https:\/\/www.irdin.org.br\/site\/produtos\/retiros-intraterrenos-volume-1\/","title":{"rendered":"Retiros Intraterrenos Volume 1"},"content":{"rendered":"<p>Colet\u00e2nea de palestras sobre os Retiros Intraterrenos, n\u00facleos supraf\u00edsicos que irraidam energias c\u00f3smicas para a superf\u00edcie da Terra. O presente volume tem como tema os retiros que formam a Rede do Tempo, ditribu\u00edda pelo continente americano e Ant\u00e1rtida.<\/p>\n<p><strong>Faixas:<\/strong><\/p>\n<p><span data-href=\"https:\/\/www.irdin.org.br\/site\/envios\/audios\/2101_0002__spa_spa__los_retiros_intraterrenos_y_los_13_discos_solares.mp3\" data-title=\"1 - los retiros intraterrenos y los 13 discos solares\" data-rel=\"\" data-target=\"\" data-meta=\"#fap-meta-69e1a7da71509\" class=\"fap-single-track fap-track-button fap-play-button\" data-enqueue=\"no\" data-autoenqueue=\"no\" title=\"1 - los retiros intraterrenos y los 13 discos solares\"><span class=\"fap-icon-play\"><\/span>Ouvir<\/span> <a class=\"baixar\" href=\"https:\/\/www.irdin.org.br\/site\/envios\/audios\/2101_0002__spa_spa__los_retiros_intraterrenos_y_los_13_discos_solares.mp3\" download=\"\">Baixar<\/a> <span class=\"textobaixar\"> 1 &#8211; los retiros intraterrenos y los 13 discos solares<\/span><br \/>\n<span data-href=\"https:\/\/www.irdin.org.br\/site\/envios\/audios\/0216_0007__por_por__discos_solares_e_vida_futura.mp3\" data-title=\"2 - discos solares e vida futura\" data-rel=\"\" data-target=\"\" data-meta=\"#fap-meta-69e1a7da715d5\" class=\"fap-single-track fap-track-button fap-play-button\" data-enqueue=\"no\" data-autoenqueue=\"no\" title=\"2 - discos solares e vida futura\"><span class=\"fap-icon-play\"><\/span>Ouvir<\/span> <a class=\"baixar\" href=\"https:\/\/www.irdin.org.br\/site\/envios\/audios\/0216_0007__por_por__discos_solares_e_vida_futura.mp3\" download=\"\">Baixar<\/a> <span class=\"textobaixar\"> 2 &#8211; discos solares e vida futura<\/span><br \/>\n<span data-href=\"https:\/\/www.irdin.org.br\/site\/envios\/audios\/2101_0020__spa_spa__discos_solares_y_otros_temas_vitales.mp3\" data-title=\"3 - discos solares y otros temas vitales\" data-rel=\"\" data-target=\"\" data-meta=\"#fap-meta-69e1a7da7164c\" class=\"fap-single-track fap-track-button fap-play-button\" data-enqueue=\"no\" data-autoenqueue=\"no\" title=\"3 - discos solares y otros temas vitales\"><span class=\"fap-icon-play\"><\/span>Ouvir<\/span> <a class=\"baixar\" href=\"https:\/\/www.irdin.org.br\/site\/envios\/audios\/2101_0020__spa_spa__discos_solares_y_otros_temas_vitales.mp3\" download=\"\">Baixar<\/a> <span class=\"textobaixar\"> 3 &#8211; discos solares y otros temas vitales<\/span><br \/>\n<span data-href=\"https:\/\/www.irdin.org.br\/site\/envios\/audios\/0062_0005__por_por__visao_espiritual_nas_emergencias_5.mp3\" data-title=\"4 - vis\u00e3o espiritual nas emerg\u00eancias - 5\" data-rel=\"\" data-target=\"\" data-meta=\"#fap-meta-69e1a7da71852\" class=\"fap-single-track fap-track-button fap-play-button\" data-enqueue=\"no\" data-autoenqueue=\"no\" title=\"4 - vis\u00e3o espiritual nas emerg\u00eancias - 5\"><span class=\"fap-icon-play\"><\/span>Ouvir<\/span> <a class=\"baixar\" href=\"https:\/\/www.irdin.org.br\/site\/envios\/audios\/0062_0005__por_por__visao_espiritual_nas_emergencias_5.mp3\" download=\"\">Baixar<\/a> <span class=\"textobaixar\"> 4 &#8211; vis\u00e3o espiritual nas emerg\u00eancias &#8211; 5<\/span><br \/>\n<span data-href=\"https:\/\/www.irdin.org.br\/site\/envios\/audios\/0014_0314__por_por__retiros_da_fraternidade_branca_licancabur.mp3\" data-title=\"5 - retiros da fraternidade branca - licanc\u00e1bur\" data-rel=\"\" data-target=\"\" data-meta=\"#fap-meta-69e1a7da71926\" class=\"fap-single-track fap-track-button fap-play-button\" data-enqueue=\"no\" data-autoenqueue=\"no\" title=\"5 - retiros da fraternidade branca - licanc\u00e1bur\"><span class=\"fap-icon-play\"><\/span>Ouvir<\/span> <a class=\"baixar\" href=\"https:\/\/www.irdin.org.br\/site\/envios\/audios\/0014_0314__por_por__retiros_da_fraternidade_branca_licancabur.mp3\" download=\"\">Baixar<\/a> <span class=\"textobaixar\"> 5 &#8211; retiros da fraternidade branca &#8211; licanc\u00e1bur<\/span><br \/>\n<span data-href=\"https:\/\/www.irdin.org.br\/site\/envios\/audios\/0014_0305__por_por__sob_o_manto_do_templo_de_ibez.mp3\" data-title=\"6 - sob o manto do templo de ibez\" data-rel=\"\" data-target=\"\" data-meta=\"#fap-meta-69e1a7da719e2\" class=\"fap-single-track fap-track-button fap-play-button\" data-enqueue=\"no\" data-autoenqueue=\"no\" title=\"6 - sob o manto do templo de ibez\"><span class=\"fap-icon-play\"><\/span>Ouvir<\/span> <a class=\"baixar\" href=\"https:\/\/www.irdin.org.br\/site\/envios\/audios\/0014_0305__por_por__sob_o_manto_do_templo_de_ibez.mp3\" download=\"\">Baixar<\/a> <span class=\"textobaixar\"> 6 &#8211; sob o manto do templo de ibez<\/span><\/p>\n<p>&nbsp;<\/p>\n","protected":false},"excerpt":{"rendered":"<p>Colet\u00e2nea de palestras sobre os Retiros Intraterrenos, n\u00facleos supraf\u00edsicos que irraidam energias c\u00f3smicas para a superf\u00edcie da Terra. O presente<\/p>\n","protected":false},"featured_media":7951,"template":"","meta":{"_acf_changed":false},"product_brand":[],"product_cat":[18076,33109],"product_tag":[39105],"class_list":{"0":"post-82863","1":"product","2":"type-product","3":"status-publish","4":"has-post-thumbnail","6":"product_cat-cddvd","7":"product_cat-colecoes","8":"product_tag-39105","9":"pa_autor-madre-maria-shimani","10":"pa_autor-trigueirinho","11":"pa_codigo-da-serie-23922","12":"pa_data-de-gravacao-23937","13":"pa_idioma-de-destino-portugues","14":"pa_lancamento-no","15":"pa_midia-cd","16":"pa_moac-39104","17":"pa_quantidade-de-saldo-33067","18":"pa_sequencial-da-serie-31877","19":"pa_tipo-de-traducao-nao-classificado","21":"first","22":"outofstock","23":"product-type-simple"},"acf":[],"_links":{"self":[{"href":"https:\/\/www.irdin.org.br\/site\/wp-json\/wp\/v2\/product\/82863","targetHints":{"allow":["GET"]}}],"collection":[{"href":"https:\/\/www.irdin.org.br\/site\/wp-json\/wp\/v2\/product"}],"about":[{"href":"https:\/\/www.irdin.org.br\/site\/wp-json\/wp\/v2\/types\/product"}],"version-history":[{"count":1,"href":"https:\/\/www.irdin.org.br\/site\/wp-json\/wp\/v2\/product\/82863\/revisions"}],"predecessor-version":[{"id":106709,"href":"https:\/\/www.irdin.org.br\/site\/wp-json\/wp\/v2\/product\/82863\/revisions\/106709"}],"wp:featuredmedia":[{"embeddable":true,"href":"https:\/\/www.irdin.org.br\/site\/wp-json\/wp\/v2\/media\/7951"}],"wp:attachment":[{"href":"https:\/\/www.irdin.org.br\/site\/wp-json\/wp\/v2\/media?parent=82863"}],"wp:term":[{"taxonomy":"product_brand","embeddable":true,"href":"https:\/\/www.irdin.org.br\/site\/wp-json\/wp\/v2\/product_brand?post=82863"},{"taxonomy":"product_cat","embeddable":true,"href":"https:\/\/www.irdin.org.br\/site\/wp-json\/wp\/v2\/product_cat?post=82863"},{"taxonomy":"product_tag","embeddable":true,"href":"https:\/\/www.irdin.org.br\/site\/wp-json\/wp\/v2\/product_tag?post=82863"}],"curies":[{"name":"wp","href":"https:\/\/api.w.org\/{rel}","templated":true}]}}