{"id":82876,"date":"2018-04-26T18:12:34","date_gmt":"2018-04-26T18:12:34","guid":{"rendered":"http:\/\/www.irdin.org.br\/site\/produto\/uma-conversa-a-tres\/"},"modified":"2025-03-15T23:43:33","modified_gmt":"2025-03-15T23:43:33","slug":"uma-conversa-a-tres","status":"publish","type":"product","link":"https:\/\/www.irdin.org.br\/site\/produtos\/uma-conversa-a-tres\/","title":{"rendered":"Uma Conversa a Tr\u00eas"},"content":{"rendered":"<p>Centros Planet\u00e1rios e Intra Oce\u00e2nicos\/ Trabalho conjunto de Aurora e Mirna Jad\/ Onde est\u00e1 a necessidade\/ S\u00e3o Jo\u00e3o da Cruz e o caminho direto\/ Trabalho de Aurora na transi\u00e7\u00e3o planet\u00e1ria\/ Ser salvo?\/ Comunidade Luz\/ Linhagens mon\u00e1dicas\/ Monast\u00e9rios em Aurora\/ Jesus, Cristo e Samana\/ Ilumina\u00e7\u00e3o\/ For\u00e7as involutivas\/ Paci\u00eancia e coragem<\/p>\n<p>&nbsp;<br \/>\n<strong>Faixas:<\/strong><\/p>\n<p><span data-href=\"https:\/\/www.irdin.org.br\/site\/envios\/audios\/0047_0007__por_por__uma_conversa_a_tres_1_parte.mp3\" data-title=\"1 - uma conversa a tr\u00eas - 1\u00aa parte\" data-rel=\"\" data-target=\"\" data-meta=\"#fap-meta-69e838b809c36\" class=\"fap-single-track fap-track-button fap-play-button\" data-enqueue=\"no\" data-autoenqueue=\"no\" title=\"1 - uma conversa a tr\u00eas - 1\u00aa parte\"><span class=\"fap-icon-play\"><\/span>Ouvir<\/span> <a href=\"https:\/\/www.irdin.org.br\/site\/envios\/audios\/0047_0007__por_por__uma_conversa_a_tres_1_parte.mp3\" class=\"baixar\" download><span class=\"fa fa-arrow-down\"><\/span>Baixar<\/span><\/a> <span class=\"textobaixar\"> 1 &#8211; uma conversa a tr\u00eas &#8211; 1\u00aa parte<\/span><br \/>\n<span data-href=\"https:\/\/www.irdin.org.br\/site\/envios\/audios\/0047_0008__por_por__uma_conversa_a_tres_2_parte.mp3\" data-title=\"2 - uma conversa a tr\u00eas - 2\u00aa parte\" data-rel=\"\" data-target=\"\" data-meta=\"#fap-meta-69e838b809e05\" class=\"fap-single-track fap-track-button fap-play-button\" data-enqueue=\"no\" data-autoenqueue=\"no\" title=\"2 - uma conversa a tr\u00eas - 2\u00aa parte\"><span class=\"fap-icon-play\"><\/span>Ouvir<\/span> <a href=\"https:\/\/www.irdin.org.br\/site\/envios\/audios\/0047_0008__por_por__uma_conversa_a_tres_2_parte.mp3\" class=\"baixar\" download><span class=\"fa fa-arrow-down\"><\/span>Baixar<\/span><\/a> <span class=\"textobaixar\"> 2 &#8211; uma conversa a tr\u00eas &#8211; 2\u00aa parte<\/span><br \/>\n<span data-href=\"https:\/\/www.irdin.org.br\/site\/envios\/audios\/0047_0009__por_por__uma_conversa_a_tres_3_parte.mp3\" data-title=\"3 - uma conversa a tr\u00eas - 3\u00aa parte\" data-rel=\"\" data-target=\"\" data-meta=\"#fap-meta-69e838b809f9f\" class=\"fap-single-track fap-track-button fap-play-button\" data-enqueue=\"no\" data-autoenqueue=\"no\" title=\"3 - uma conversa a tr\u00eas - 3\u00aa parte\"><span class=\"fap-icon-play\"><\/span>Ouvir<\/span> <a href=\"https:\/\/www.irdin.org.br\/site\/envios\/audios\/0047_0009__por_por__uma_conversa_a_tres_3_parte.mp3\" class=\"baixar\" download><span class=\"fa fa-arrow-down\"><\/span>Baixar<\/span><\/a> <span class=\"textobaixar\"> 3 &#8211; uma conversa a tr\u00eas &#8211; 3\u00aa parte<\/span><\/p>\n<p>&nbsp;<\/p>\n","protected":false},"excerpt":{"rendered":"<p>Centros Planet\u00e1rios e Intra Oce\u00e2nicos\/ Trabalho conjunto de Aurora e Mirna Jad\/ Onde est\u00e1 a necessidade\/ S\u00e3o Jo\u00e3o da Cruz<\/p>\n","protected":false},"featured_media":7973,"template":"","meta":{"_acf_changed":false},"product_brand":[],"product_cat":[18076,33068],"product_tag":[39131],"class_list":{"0":"post-82876","1":"product","2":"type-product","3":"status-publish","4":"has-post-thumbnail","6":"product_cat-cddvd","7":"product_cat-palestras","8":"product_tag-39131","9":"pa_autor-trigueirinho","10":"pa_codigo-da-serie-23922","11":"pa_data-de-gravacao-23980","12":"pa_idioma-de-destino-portugues","13":"pa_lancamento-no","14":"pa_midia-cd","15":"pa_moac-39130","16":"pa_quantidade-de-saldo-33067","17":"pa_sequencial-da-serie-31895","18":"pa_tipo-de-traducao-nao-classificado","20":"first","21":"outofstock","22":"product-type-simple"},"acf":[],"_links":{"self":[{"href":"https:\/\/www.irdin.org.br\/site\/wp-json\/wp\/v2\/product\/82876","targetHints":{"allow":["GET"]}}],"collection":[{"href":"https:\/\/www.irdin.org.br\/site\/wp-json\/wp\/v2\/product"}],"about":[{"href":"https:\/\/www.irdin.org.br\/site\/wp-json\/wp\/v2\/types\/product"}],"version-history":[{"count":1,"href":"https:\/\/www.irdin.org.br\/site\/wp-json\/wp\/v2\/product\/82876\/revisions"}],"predecessor-version":[{"id":109192,"href":"https:\/\/www.irdin.org.br\/site\/wp-json\/wp\/v2\/product\/82876\/revisions\/109192"}],"wp:featuredmedia":[{"embeddable":true,"href":"https:\/\/www.irdin.org.br\/site\/wp-json\/wp\/v2\/media\/7973"}],"wp:attachment":[{"href":"https:\/\/www.irdin.org.br\/site\/wp-json\/wp\/v2\/media?parent=82876"}],"wp:term":[{"taxonomy":"product_brand","embeddable":true,"href":"https:\/\/www.irdin.org.br\/site\/wp-json\/wp\/v2\/product_brand?post=82876"},{"taxonomy":"product_cat","embeddable":true,"href":"https:\/\/www.irdin.org.br\/site\/wp-json\/wp\/v2\/product_cat?post=82876"},{"taxonomy":"product_tag","embeddable":true,"href":"https:\/\/www.irdin.org.br\/site\/wp-json\/wp\/v2\/product_tag?post=82876"}],"curies":[{"name":"wp","href":"https:\/\/api.w.org\/{rel}","templated":true}]}}