{"id":82880,"date":"2018-04-26T18:12:51","date_gmt":"2018-04-26T18:12:51","guid":{"rendered":"http:\/\/www.irdin.org.br\/site\/produto\/vivir-lo-extraordinario\/"},"modified":"2025-07-04T08:59:38","modified_gmt":"2025-07-04T11:59:38","slug":"vivir-lo-extraordinario","status":"publish","type":"product","link":"https:\/\/www.irdin.org.br\/site\/produtos\/vivir-lo-extraordinario\/","title":{"rendered":"Vivir lo extraordinario"},"content":{"rendered":"<p>6\u00ba Encuentro de Oraci\u00f3n en el Centro Mariano de Aurora, Uruguay \/ Celebraci\u00f3n de los 6 a\u00f1os de Apariciones de Mar\u00eda, Madre de la Divina Concepci\u00f3n de la Trinidad \/ 7 al 11 de agosto del 2013<\/p>\n<p><strong>Faixas:<\/strong><\/p>\n<p><span data-href=\"https:\/\/www.irdin.org.br\/site\/envios\/audios\/2870_0005__spa_por__para_situarnos_en_este_momento_planetario.mp3\" data-title=\"1 - para situarnos en este momento planetario\" data-rel=\"\" data-target=\"\" data-meta=\"#fap-meta-69fa5706115af\" class=\"fap-single-track fap-track-button fap-play-button\" data-enqueue=\"no\" data-autoenqueue=\"no\" title=\"1 - para situarnos en este momento planetario\"><span class=\"fap-icon-play\"><\/span>Ouvir<\/span> <a class=\"baixar\" href=\"https:\/\/www.irdin.org.br\/site\/envios\/audios\/2870_0005__spa_por__para_situarnos_en_este_momento_planetario.mp3\" download=\"\">Baixar<\/a> <span class=\"textobaixar\"> 1 &#8211; para situarnos en este momento planetario<\/span><br \/>\n<span data-href=\"https:\/\/www.irdin.org.br\/site\/envios\/audios\/2871_0003__spa_spa__camino_para_el_centro_Aurora.mp3\" data-title=\"2 - camino para el centro aurora\" data-rel=\"\" data-target=\"\" data-meta=\"#fap-meta-69fa5706116cd\" class=\"fap-single-track fap-track-button fap-play-button\" data-enqueue=\"no\" data-autoenqueue=\"no\" title=\"2 - camino para el centro aurora\"><span class=\"fap-icon-play\"><\/span>Ouvir<\/span> <a class=\"baixar\" href=\"https:\/\/www.irdin.org.br\/site\/envios\/audios\/2871_0003__spa_spa__camino_para_el_centro_Aurora.mp3\" download=\"\">Baixar<\/a> <span class=\"textobaixar\"> 2 &#8211; camino para el centro aurora<\/span><br \/>\n<span data-href=\"https:\/\/www.irdin.org.br\/site\/envios\/audios\/2871_0002__spa_por__comentarios_sobre_el_mensaje_diario_de_cristo_jesus_para_el_dia.mp3\" data-title=\"3 - comentarios sobre el mensaje diario de cristo jesus para el d\u00eda 09 de agosto de 2013\" data-rel=\"\" data-target=\"\" data-meta=\"#fap-meta-69fa5706117e9\" class=\"fap-single-track fap-track-button fap-play-button\" data-enqueue=\"no\" data-autoenqueue=\"no\" title=\"3 - comentarios sobre el mensaje diario de cristo jesus para el d\u00eda 09 de agosto de 2013\"><span class=\"fap-icon-play\"><\/span>Ouvir<\/span> <a class=\"baixar\" href=\"https:\/\/www.irdin.org.br\/site\/envios\/audios\/2871_0002__spa_por__comentarios_sobre_el_mensaje_diario_de_cristo_jesus_para_el_dia.mp3\" download=\"\">Baixar<\/a> <span class=\"textobaixar\"> 3 &#8211; comentarios sobre el mensaje diario de cristo jesus para el d\u00eda 09 de agosto de 2013<\/span><br \/>\n<span data-href=\"https:\/\/www.irdin.org.br\/site\/envios\/audios\/2870_0004__por_por__tudo_pelo_bem_geral.mp3\" data-title=\"4 - tudo pelo bem geral\" data-rel=\"\" data-target=\"\" data-meta=\"#fap-meta-69fa5706118b9\" class=\"fap-single-track fap-track-button fap-play-button\" data-enqueue=\"no\" data-autoenqueue=\"no\" title=\"4 - tudo pelo bem geral\"><span class=\"fap-icon-play\"><\/span>Ouvir<\/span> <a class=\"baixar\" href=\"https:\/\/www.irdin.org.br\/site\/envios\/audios\/2870_0004__por_por__tudo_pelo_bem_geral.mp3\" download=\"\">Baixar<\/a> <span class=\"textobaixar\"> 4 &#8211; tudo pelo bem geral<\/span><br \/>\n<span data-href=\"https:\/\/www.irdin.org.br\/site\/envios\/audios\/2872_0001__por_por__cristo_a_humanidade_e_os_arquetipos_divinos.mp3\" data-title=\"5 - cristo, a humanidade e os arqu\u00e9tipos divinos\" data-rel=\"\" data-target=\"\" data-meta=\"#fap-meta-69fa5706119aa\" class=\"fap-single-track fap-track-button fap-play-button\" data-enqueue=\"no\" data-autoenqueue=\"no\" title=\"5 - cristo, a humanidade e os arqu\u00e9tipos divinos\"><span class=\"fap-icon-play\"><\/span>Ouvir<\/span> <a class=\"baixar\" href=\"https:\/\/www.irdin.org.br\/site\/envios\/audios\/2872_0001__por_por__cristo_a_humanidade_e_os_arquetipos_divinos.mp3\" download=\"\">Baixar<\/a> <span class=\"textobaixar\"> 5 &#8211; cristo, a humanidade e os arqu\u00e9tipos divinos<\/span><br \/>\n<span data-href=\"https:\/\/www.irdin.org.br\/site\/envios\/audios\/2870_0003__spa_por__preguntas_y_respuestas.mp3\" data-title=\"6 - preguntas y respuestas\" data-rel=\"\" data-target=\"\" data-meta=\"#fap-meta-69fa570611aa9\" class=\"fap-single-track fap-track-button fap-play-button\" data-enqueue=\"no\" data-autoenqueue=\"no\" title=\"6 - preguntas y respuestas\"><span class=\"fap-icon-play\"><\/span>Ouvir<\/span> <a class=\"baixar\" href=\"https:\/\/www.irdin.org.br\/site\/envios\/audios\/2870_0003__spa_por__preguntas_y_respuestas.mp3\" download=\"\">Baixar<\/a> <span class=\"textobaixar\"> 6 &#8211; preguntas y respuestas<\/span><br \/>\n<span data-href=\"https:\/\/www.irdin.org.br\/site\/envios\/audios\/2870_0002__por_por__outras_perguntas_e_respostas.mp3\" data-title=\"7 - outras perguntas e respostas\" data-rel=\"\" data-target=\"\" data-meta=\"#fap-meta-69fa570611b71\" class=\"fap-single-track fap-track-button fap-play-button\" data-enqueue=\"no\" data-autoenqueue=\"no\" title=\"7 - outras perguntas e respostas\"><span class=\"fap-icon-play\"><\/span>Ouvir<\/span> <a class=\"baixar\" href=\"https:\/\/www.irdin.org.br\/site\/envios\/audios\/2870_0002__por_por__outras_perguntas_e_respostas.mp3\" download=\"\">Baixar<\/a> <span class=\"textobaixar\"> 7 &#8211; outras perguntas e respostas<\/span><br \/>\n<span data-href=\"https:\/\/www.irdin.org.br\/site\/envios\/audios\/2871_0001__spa_por__experiencias_poco_comunes.mp3\" data-title=\"8 - experiencias poco comunes\" data-rel=\"\" data-target=\"\" data-meta=\"#fap-meta-69fa570611c36\" class=\"fap-single-track fap-track-button fap-play-button\" data-enqueue=\"no\" data-autoenqueue=\"no\" title=\"8 - experiencias poco comunes\"><span class=\"fap-icon-play\"><\/span>Ouvir<\/span> <a class=\"baixar\" href=\"https:\/\/www.irdin.org.br\/site\/envios\/audios\/2871_0001__spa_por__experiencias_poco_comunes.mp3\" download=\"\">Baixar<\/a> <span class=\"textobaixar\"> 8 &#8211; experiencias poco comunes<\/span><br \/>\n<span data-href=\"https:\/\/www.irdin.org.br\/site\/envios\/audios\/2873_0003__spa_por__introduccion_y_lectura_del_mensaje_de_maria_para_la_aparicion.mp3\" data-title=\"9 - introducci\u00f3n y lectura del mensaje de mar\u00eda para la aparici\u00f3n anual del d\u00eda 8 de agosto de 2013, transmitido al vidente fray el\u00edas\" data-rel=\"\" data-target=\"\" data-meta=\"#fap-meta-69fa570611d5c\" class=\"fap-single-track fap-track-button fap-play-button\" data-enqueue=\"no\" data-autoenqueue=\"no\" title=\"9 - introducci\u00f3n y lectura del mensaje de mar\u00eda para la aparici\u00f3n anual del d\u00eda 8 de agosto de 2013, transmitido al vidente fray el\u00edas\"><span class=\"fap-icon-play\"><\/span>Ouvir<\/span> <a class=\"baixar\" href=\"https:\/\/www.irdin.org.br\/site\/envios\/audios\/2873_0003__spa_por__introduccion_y_lectura_del_mensaje_de_maria_para_la_aparicion.mp3\" download=\"\">Baixar<\/a> <span class=\"textobaixar\"> 9 &#8211; introducci\u00f3n y lectura del mensaje de mar\u00eda para la aparici\u00f3n anual del d\u00eda 8 de agosto de 2013, transmitido al vidente fray el\u00edas<\/span><br \/>\n<span data-href=\"https:\/\/www.irdin.org.br\/site\/envios\/audios\/2871_0004__spa_por__lectura_del_mensaje_de_maria_para_la_aparicion_anual.mp3\" data-title=\"10 - lectura del mensaje de mar\u00eda para la aparici\u00f3n anual del d\u00eda 8 de agosto de 2013, transmitido a la vidente hermana luc\u00eda\" data-rel=\"\" data-target=\"\" data-meta=\"#fap-meta-69fa570611eb6\" class=\"fap-single-track fap-track-button fap-play-button\" data-enqueue=\"no\" data-autoenqueue=\"no\" title=\"10 - lectura del mensaje de mar\u00eda para la aparici\u00f3n anual del d\u00eda 8 de agosto de 2013, transmitido a la vidente hermana luc\u00eda\"><span class=\"fap-icon-play\"><\/span>Ouvir<\/span> <a class=\"baixar\" href=\"https:\/\/www.irdin.org.br\/site\/envios\/audios\/2871_0004__spa_por__lectura_del_mensaje_de_maria_para_la_aparicion_anual.mp3\" download=\"\">Baixar<\/a> <span class=\"textobaixar\"> 10 &#8211; lectura del mensaje de mar\u00eda para la aparici\u00f3n anual del d\u00eda 8 de agosto de 2013, transmitido a la vidente hermana luc\u00eda<\/span><br \/>\n<span data-href=\"https:\/\/www.irdin.org.br\/site\/envios\/audios\/2873_0004__spa_por__aparicion_anual_de_maria_madre_de_la_divina_concepcion.mp3\" data-title=\"11 - aparici\u00f3n anual de mar\u00eda, madre de la divina concepci\u00f3n de la trinidad, el d\u00eda 8 de agosto de 2013, en el centro mariano de aurora\" data-rel=\"\" data-target=\"\" data-meta=\"#fap-meta-69fa570611fbd\" class=\"fap-single-track fap-track-button fap-play-button\" data-enqueue=\"no\" data-autoenqueue=\"no\" title=\"11 - aparici\u00f3n anual de mar\u00eda, madre de la divina concepci\u00f3n de la trinidad, el d\u00eda 8 de agosto de 2013, en el centro mariano de aurora\"><span class=\"fap-icon-play\"><\/span>Ouvir<\/span> <a class=\"baixar\" href=\"https:\/\/www.irdin.org.br\/site\/envios\/audios\/2873_0004__spa_por__aparicion_anual_de_maria_madre_de_la_divina_concepcion.mp3\" download=\"\">Baixar<\/a> <span class=\"textobaixar\"> 11 &#8211; aparici\u00f3n anual de mar\u00eda, madre de la divina concepci\u00f3n de la trinidad, el d\u00eda 8 de agosto de 2013, en el centro mariano de aurora<\/span><br \/>\n<span data-href=\"https:\/\/www.irdin.org.br\/site\/envios\/audios\/2873_0005__spa_spa__mensaje_diario_de_cristo_jesus_para_el_dia.mp3\" data-title=\"12 - mensaje diario de cristo jes\u00fas para el d\u00eda 9 de agosto de 2013, transmitido al vidente fray el\u00edas\" data-rel=\"\" data-target=\"\" data-meta=\"#fap-meta-69fa57061208e\" class=\"fap-single-track fap-track-button fap-play-button\" data-enqueue=\"no\" data-autoenqueue=\"no\" title=\"12 - mensaje diario de cristo jes\u00fas para el d\u00eda 9 de agosto de 2013, transmitido al vidente fray el\u00edas\"><span class=\"fap-icon-play\"><\/span>Ouvir<\/span> <a class=\"baixar\" href=\"https:\/\/www.irdin.org.br\/site\/envios\/audios\/2873_0005__spa_spa__mensaje_diario_de_cristo_jesus_para_el_dia.mp3\" download=\"\">Baixar<\/a> <span class=\"textobaixar\"> 12 &#8211; mensaje diario de cristo jes\u00fas para el d\u00eda 9 de agosto de 2013, transmitido al vidente fray el\u00edas<\/span><\/p>\n<p>&nbsp;<\/p>\n","protected":false},"excerpt":{"rendered":"<p>6\u00ba Encuentro de Oraci\u00f3n en el Centro Mariano de Aurora, Uruguay \/ Celebraci\u00f3n de los 6 a\u00f1os de Apariciones de<\/p>\n","protected":false},"featured_media":8090,"template":"","meta":{"_acf_changed":false},"product_brand":[],"product_cat":[18076,33109],"product_tag":[39137],"class_list":{"0":"post-82880","1":"product","2":"type-product","3":"status-publish","4":"has-post-thumbnail","6":"product_cat-cddvd","7":"product_cat-colecoes","8":"product_tag-39137","9":"pa_autor-artur","10":"pa_autor-frei-elias-del-sagrado-corazon","11":"pa_autor-madre-maria-shimani","12":"pa_autor-trigueirinho","13":"pa_codigo-da-serie-24245","14":"pa_data-de-gravacao-24242","15":"pa_idioma-de-destino-portugues","16":"pa_lancamento-no","17":"pa_midia-cd","18":"pa_moac-39136","19":"pa_quantidade-de-saldo-33067","20":"pa_sequencial-da-serie-31882","21":"pa_tipo-de-traducao-nao-classificado","23":"first","24":"outofstock","25":"product-type-simple"},"acf":[],"_links":{"self":[{"href":"https:\/\/www.irdin.org.br\/site\/wp-json\/wp\/v2\/product\/82880","targetHints":{"allow":["GET"]}}],"collection":[{"href":"https:\/\/www.irdin.org.br\/site\/wp-json\/wp\/v2\/product"}],"about":[{"href":"https:\/\/www.irdin.org.br\/site\/wp-json\/wp\/v2\/types\/product"}],"version-history":[{"count":2,"href":"https:\/\/www.irdin.org.br\/site\/wp-json\/wp\/v2\/product\/82880\/revisions"}],"predecessor-version":[{"id":108233,"href":"https:\/\/www.irdin.org.br\/site\/wp-json\/wp\/v2\/product\/82880\/revisions\/108233"}],"wp:featuredmedia":[{"embeddable":true,"href":"https:\/\/www.irdin.org.br\/site\/wp-json\/wp\/v2\/media\/8090"}],"wp:attachment":[{"href":"https:\/\/www.irdin.org.br\/site\/wp-json\/wp\/v2\/media?parent=82880"}],"wp:term":[{"taxonomy":"product_brand","embeddable":true,"href":"https:\/\/www.irdin.org.br\/site\/wp-json\/wp\/v2\/product_brand?post=82880"},{"taxonomy":"product_cat","embeddable":true,"href":"https:\/\/www.irdin.org.br\/site\/wp-json\/wp\/v2\/product_cat?post=82880"},{"taxonomy":"product_tag","embeddable":true,"href":"https:\/\/www.irdin.org.br\/site\/wp-json\/wp\/v2\/product_tag?post=82880"}],"curies":[{"name":"wp","href":"https:\/\/api.w.org\/{rel}","templated":true}]}}