{"id":82884,"date":"2018-04-26T18:12:51","date_gmt":"2018-04-26T18:12:51","guid":{"rendered":"http:\/\/www.irdin.org.br\/site\/produto\/as-19-portas-incertas\/"},"modified":"2019-12-06T17:21:14","modified_gmt":"2019-12-06T17:21:14","slug":"as-19-portas-incertas","status":"publish","type":"product","link":"https:\/\/www.irdin.org.br\/site\/produtos\/as-19-portas-incertas\/","title":{"rendered":"As 19 Portas Incertas"},"content":{"rendered":"<p>O resgate de nossa prote\u00e7\u00e3o interior \/ Como resguardar-se das portas incertas \/ Cuidados preventivos em tempos de extrema interfer\u00eancia inferior em nossas vidas \/ A prote\u00e7\u00e3o que nasce da doa\u00e7\u00e3o de si \/ A necessidade de selecionarmos nossos pensamentos, sentimentos e ambientes que frequentamos<\/p>\n<p>&nbsp;<br \/>\n<strong>Faixas:<\/strong><\/p>\n<p><span data-href=\"https:\/\/www.irdin.org.br\/site\/envios\/audios\/2886_0007__por_por__as_19_portas_incertas_1.mp3\" data-title=\"as 19 portas incertas - 1\" data-rel=\"\" data-target=\"\" data-meta=\"#fap-meta-6a04954cf08ff\" class=\"fap-single-track fap-track-button fap-play-button\" data-enqueue=\"no\" data-autoenqueue=\"no\" title=\"as 19 portas incertas - 1\"><span class=\"fap-icon-play\"><\/span>Ouvir<\/span> <a href=\"https:\/\/www.irdin.org.br\/site\/envios\/audios\/2886_0007__por_por__as_19_portas_incertas_1.mp3\" class=\"baixar\"><span class=\"fa fa-arrow-down\"><\/span>Baixar<\/span><\/a> <span class=\"textobaixar\"> as 19 portas incertas &#8211; 1<\/span><br \/>\n<span data-href=\"https:\/\/www.irdin.org.br\/site\/envios\/audios\/2886_0008__por_por__as_19_portas_incertas_2.mp3\" data-title=\"as 19 portas incertas - 2\" data-rel=\"\" data-target=\"\" data-meta=\"#fap-meta-6a04954cf0959\" class=\"fap-single-track fap-track-button fap-play-button\" data-enqueue=\"no\" data-autoenqueue=\"no\" title=\"as 19 portas incertas - 2\"><span class=\"fap-icon-play\"><\/span>Ouvir<\/span> <a href=\"https:\/\/www.irdin.org.br\/site\/envios\/audios\/2886_0008__por_por__as_19_portas_incertas_2.mp3\" class=\"baixar\"><span class=\"fa fa-arrow-down\"><\/span>Baixar<\/span><\/a> <span class=\"textobaixar\"> as 19 portas incertas &#8211; 2<\/span><\/p>\n<p>&nbsp;<\/p>\n","protected":false},"excerpt":{"rendered":"<p>O resgate de nossa prote\u00e7\u00e3o interior \/ Como resguardar-se das portas incertas \/ Cuidados preventivos em tempos de extrema interfer\u00eancia<\/p>\n","protected":false},"featured_media":8099,"template":"","meta":{"_acf_changed":false},"product_brand":[],"product_cat":[18076,33109],"product_tag":[39143],"class_list":{"0":"post-82884","1":"product","2":"type-product","3":"status-publish","4":"has-post-thumbnail","6":"product_cat-cddvd","7":"product_cat-colecoes","8":"product_tag-39143","9":"pa_autor-frei-luciano","10":"pa_codigo-da-serie-24263","11":"pa_data-de-gravacao-24273","12":"pa_idioma-de-destino-portugues","13":"pa_lancamento-no","14":"pa_midia-cd","15":"pa_moac-39142","16":"pa_quantidade-de-saldo-33067","17":"pa_sequencial-da-serie-31889","18":"pa_tipo-de-traducao-nao-classificado","20":"first","21":"outofstock","22":"product-type-simple"},"acf":[],"_links":{"self":[{"href":"https:\/\/www.irdin.org.br\/site\/wp-json\/wp\/v2\/product\/82884","targetHints":{"allow":["GET"]}}],"collection":[{"href":"https:\/\/www.irdin.org.br\/site\/wp-json\/wp\/v2\/product"}],"about":[{"href":"https:\/\/www.irdin.org.br\/site\/wp-json\/wp\/v2\/types\/product"}],"version-history":[{"count":0,"href":"https:\/\/www.irdin.org.br\/site\/wp-json\/wp\/v2\/product\/82884\/revisions"}],"wp:featuredmedia":[{"embeddable":true,"href":"https:\/\/www.irdin.org.br\/site\/wp-json\/wp\/v2\/media\/8099"}],"wp:attachment":[{"href":"https:\/\/www.irdin.org.br\/site\/wp-json\/wp\/v2\/media?parent=82884"}],"wp:term":[{"taxonomy":"product_brand","embeddable":true,"href":"https:\/\/www.irdin.org.br\/site\/wp-json\/wp\/v2\/product_brand?post=82884"},{"taxonomy":"product_cat","embeddable":true,"href":"https:\/\/www.irdin.org.br\/site\/wp-json\/wp\/v2\/product_cat?post=82884"},{"taxonomy":"product_tag","embeddable":true,"href":"https:\/\/www.irdin.org.br\/site\/wp-json\/wp\/v2\/product_tag?post=82884"}],"curies":[{"name":"wp","href":"https:\/\/api.w.org\/{rel}","templated":true}]}}