{"id":82886,"date":"2018-04-26T18:12:51","date_gmt":"2018-04-26T18:12:51","guid":{"rendered":"http:\/\/www.irdin.org.br\/site\/produto\/atributos-dos-monasterios-acao-abnegada-volume-4\/"},"modified":"2022-01-29T00:54:23","modified_gmt":"2022-01-29T00:54:23","slug":"atributos-dos-monasterios-acao-abnegada-volume-4","status":"publish","type":"product","link":"https:\/\/www.irdin.org.br\/site\/produtos\/atributos-dos-monasterios-acao-abnegada-volume-4\/","title":{"rendered":"Atributos dos Monast\u00e9rios &#8211; A\u00e7\u00e3o Abnegada &#8211; Volume 4"},"content":{"rendered":"<p>Os Monast\u00e9rios da Ordem Gra\u00e7a Miseric\u00f3rdia correspondem a um estado deconsci\u00eancia, uma realidade interna que se projeta na vida externa. Esse estado de consci\u00eancia, a ser descoberto e aprofundado, \u00e9 composto de leis e tarefas expressas em sete grupos de doze atributos.<\/p>\n<p><strong>Faixas:<\/strong><\/p>\n<p><span data-href=\"https:\/\/www.irdin.org.br\/site\/envios\/audios\/0019_0007__por_por__construir_rotas_para_os_que_devem_transcender_a_vida_terrestre.mp3\" data-title=\"1 - construir rotas para os que devem transcender a vida terrestre\" data-rel=\"\" data-target=\"\" data-meta=\"#fap-meta-69e20fdcc1988\" class=\"fap-single-track fap-track-button fap-play-button\" data-enqueue=\"no\" data-autoenqueue=\"no\" title=\"1 - construir rotas para os que devem transcender a vida terrestre\"><span class=\"fap-icon-play\"><\/span>Ouvir<\/span> <a class=\"baixar\" href=\"https:\/\/www.irdin.org.br\/site\/envios\/audios\/0019_0007__por_por__construir_rotas_para_os_que_devem_transcender_a_vida_terrestre.mp3\">Baixar<\/a> <span class=\"textobaixar\"> 1 &#8211; construir rotas para os que devem transcender a vida terrestre<\/span><br \/>\n<span data-href=\"https:\/\/www.irdin.org.br\/site\/envios\/audios\/0019_0052__por_por__pelo_servico_incondicional_vivificar_o_nucleo_interno_dos_sofredores.mp3\" data-title=\"2 - pelo servi\u00e7o incondicional, vivificar o n\u00facleo interno dos sofredores\" data-rel=\"\" data-target=\"\" data-meta=\"#fap-meta-69e20fdcc1c27\" class=\"fap-single-track fap-track-button fap-play-button\" data-enqueue=\"no\" data-autoenqueue=\"no\" title=\"2 - pelo servi\u00e7o incondicional, vivificar o n\u00facleo interno dos sofredores\"><span class=\"fap-icon-play\"><\/span>Ouvir<\/span> <a class=\"baixar\" href=\"https:\/\/www.irdin.org.br\/site\/envios\/audios\/0019_0052__por_por__pelo_servico_incondicional_vivificar_o_nucleo_interno_dos_sofredores.mp3\">Baixar<\/a> <span class=\"textobaixar\"> 2 &#8211; pelo servi\u00e7o incondicional, vivificar o n\u00facleo interno dos sofredores<\/span><br \/>\n<span data-href=\"https:\/\/www.irdin.org.br\/site\/envios\/audios\/0019_0063__por_por__despertar_o_magnetismo_interno.mp3\" data-title=\"3 - despertar o magnetismo interno\" data-rel=\"\" data-target=\"\" data-meta=\"#fap-meta-69e20fdcc1d13\" class=\"fap-single-track fap-track-button fap-play-button\" data-enqueue=\"no\" data-autoenqueue=\"no\" title=\"3 - despertar o magnetismo interno\"><span class=\"fap-icon-play\"><\/span>Ouvir<\/span> <a class=\"baixar\" href=\"https:\/\/www.irdin.org.br\/site\/envios\/audios\/0019_0063__por_por__despertar_o_magnetismo_interno.mp3\">Baixar<\/a> <span class=\"textobaixar\"> 3 &#8211; despertar o magnetismo interno<\/span><br \/>\n<span data-href=\"https:\/\/www.irdin.org.br\/site\/envios\/audios\/0019_0038__por_por__transformar_se_em_canal_de_impulsos_espirituais.mp3\" data-title=\"4 - transformar-se em canal de impulsos espirituais\" data-rel=\"\" data-target=\"\" data-meta=\"#fap-meta-69e20fdcc1db2\" class=\"fap-single-track fap-track-button fap-play-button\" data-enqueue=\"no\" data-autoenqueue=\"no\" title=\"4 - transformar-se em canal de impulsos espirituais\"><span class=\"fap-icon-play\"><\/span>Ouvir<\/span> <a class=\"baixar\" href=\"https:\/\/www.irdin.org.br\/site\/envios\/audios\/0019_0038__por_por__transformar_se_em_canal_de_impulsos_espirituais.mp3\">Baixar<\/a> <span class=\"textobaixar\"> 4 &#8211; transformar-se em canal de impulsos espirituais<\/span><br \/>\n<span data-href=\"https:\/\/www.irdin.org.br\/site\/envios\/audios\/0019_0033__por_por__render_se_a_um_amor_arrebatador_a_uma_loucura_santa.mp3\" data-title=\"5 - render-se a um \u0093amor arrebatador\u0094, a uma \u0093loucura santa\u0094\" data-rel=\"\" data-target=\"\" data-meta=\"#fap-meta-69e20fdcc1ec4\" class=\"fap-single-track fap-track-button fap-play-button\" data-enqueue=\"no\" data-autoenqueue=\"no\" title=\"5 - render-se a um \u0093amor arrebatador\u0094, a uma \u0093loucura santa\u0094\"><span class=\"fap-icon-play\"><\/span>Ouvir<\/span> <a class=\"baixar\" href=\"https:\/\/www.irdin.org.br\/site\/envios\/audios\/0019_0033__por_por__render_se_a_um_amor_arrebatador_a_uma_loucura_santa.mp3\">Baixar<\/a> <span class=\"textobaixar\"> 5 &#8211; render-se a um \u0093amor arrebatador\u0094, a uma \u0093loucura santa\u0094<\/span><br \/>\n<span data-href=\"https:\/\/www.irdin.org.br\/site\/envios\/audios\/0019_0035__por_por__nao_contar_com_a_compreensao_humana_nem_em_si_nem_no_semelhante.mp3\" data-title=\"6 - n\u00e3o contar com a compreens\u00e3o humana, nem em si nem no semelhante\" data-rel=\"\" data-target=\"\" data-meta=\"#fap-meta-69e20fdcc1ff4\" class=\"fap-single-track fap-track-button fap-play-button\" data-enqueue=\"no\" data-autoenqueue=\"no\" title=\"6 - n\u00e3o contar com a compreens\u00e3o humana, nem em si nem no semelhante\"><span class=\"fap-icon-play\"><\/span>Ouvir<\/span> <a class=\"baixar\" href=\"https:\/\/www.irdin.org.br\/site\/envios\/audios\/0019_0035__por_por__nao_contar_com_a_compreensao_humana_nem_em_si_nem_no_semelhante.mp3\">Baixar<\/a> <span class=\"textobaixar\"> 6 &#8211; n\u00e3o contar com a compreens\u00e3o humana, nem em si nem no semelhante<\/span><br \/>\n<span data-href=\"https:\/\/www.irdin.org.br\/site\/envios\/audios\/0019_0027__por_por__ajudar_na_expressao_dos_universos_e_assistir_impassivel_a_criacao_e_a_destruicao_das_formas.mp3\" data-title=\"7 - ajudar na express\u00e3o dos universos e assistir, impass\u00edvel, \u00e0 cria\u00e7\u00e3o e \u00e0 destrui\u00e7\u00e3o das formas\" data-rel=\"\" data-target=\"\" data-meta=\"#fap-meta-69e20fdcc20f8\" class=\"fap-single-track fap-track-button fap-play-button\" data-enqueue=\"no\" data-autoenqueue=\"no\" title=\"7 - ajudar na express\u00e3o dos universos e assistir, impass\u00edvel, \u00e0 cria\u00e7\u00e3o e \u00e0 destrui\u00e7\u00e3o das formas\"><span class=\"fap-icon-play\"><\/span>Ouvir<\/span> <a class=\"baixar\" href=\"https:\/\/www.irdin.org.br\/site\/envios\/audios\/0019_0027__por_por__ajudar_na_expressao_dos_universos_e_assistir_impassivel_a_criacao_e_a_destruicao_das_formas.mp3\">Baixar<\/a> <span class=\"textobaixar\"> 7 &#8211; ajudar na express\u00e3o dos universos e assistir, impass\u00edvel, \u00e0 cria\u00e7\u00e3o e \u00e0 destrui\u00e7\u00e3o das formas<\/span><br \/>\n<span data-href=\"https:\/\/www.irdin.org.br\/site\/envios\/audios\/0019_0041__por_por__ser_fonte_de_auxilio_para_o_plano_de_resgate.mp3\" data-title=\"8 - Ser fonte de aux\u00edlio para o plano de resgate\" data-rel=\"\" data-target=\"\" data-meta=\"#fap-meta-69e20fdcc21e6\" class=\"fap-single-track fap-track-button fap-play-button\" data-enqueue=\"no\" data-autoenqueue=\"no\" title=\"8 - Ser fonte de aux\u00edlio para o plano de resgate\"><span class=\"fap-icon-play\"><\/span>Ouvir<\/span> <a class=\"baixar\" href=\"https:\/\/www.irdin.org.br\/site\/envios\/audios\/0019_0041__por_por__ser_fonte_de_auxilio_para_o_plano_de_resgate.mp3\">Baixar<\/a> <span class=\"textobaixar\"> 8 &#8211; Ser fonte de aux\u00edlio para o plano de resgate<\/span><br \/>\n<span data-href=\"https:\/\/www.irdin.org.br\/site\/envios\/audios\/0019_0030__por_por__colaborar_na_redencao_da_vida_planetaria.mp3\" data-title=\"9 - colaborar na reden\u00e7\u00e3o da vida planet\u00e1ria\" data-rel=\"\" data-target=\"\" data-meta=\"#fap-meta-69e20fdcc2306\" class=\"fap-single-track fap-track-button fap-play-button\" data-enqueue=\"no\" data-autoenqueue=\"no\" title=\"9 - colaborar na reden\u00e7\u00e3o da vida planet\u00e1ria\"><span class=\"fap-icon-play\"><\/span>Ouvir<\/span> <a class=\"baixar\" href=\"https:\/\/www.irdin.org.br\/site\/envios\/audios\/0019_0030__por_por__colaborar_na_redencao_da_vida_planetaria.mp3\">Baixar<\/a> <span class=\"textobaixar\"> 9 &#8211; colaborar na reden\u00e7\u00e3o da vida planet\u00e1ria<\/span><br \/>\n<span data-href=\"https:\/\/www.irdin.org.br\/site\/envios\/audios\/0019_0037__por_por__suportar_as_correntes_poderosas_que_vem_em_auxilio_da_humanidade.mp3\" data-title=\"10 - suportar as correntes poderosas que v\u00eam em aux\u00edlio da humanidade\" data-rel=\"\" data-target=\"\" data-meta=\"#fap-meta-69e20fdcc2420\" class=\"fap-single-track fap-track-button fap-play-button\" data-enqueue=\"no\" data-autoenqueue=\"no\" title=\"10 - suportar as correntes poderosas que v\u00eam em aux\u00edlio da humanidade\"><span class=\"fap-icon-play\"><\/span>Ouvir<\/span> <a class=\"baixar\" href=\"https:\/\/www.irdin.org.br\/site\/envios\/audios\/0019_0037__por_por__suportar_as_correntes_poderosas_que_vem_em_auxilio_da_humanidade.mp3\">Baixar<\/a> <span class=\"textobaixar\"> 10 &#8211; suportar as correntes poderosas que v\u00eam em aux\u00edlio da humanidade<\/span><br \/>\n<span data-href=\"https:\/\/www.irdin.org.br\/site\/envios\/audios\/0019_0068__por_por__assumir_as_energias_dos_centros_primordiais.mp3\" data-title=\"11 - assumir as energias dos centros primordiais\" data-rel=\"\" data-target=\"\" data-meta=\"#fap-meta-69e20fdcc24c7\" class=\"fap-single-track fap-track-button fap-play-button\" data-enqueue=\"no\" data-autoenqueue=\"no\" title=\"11 - assumir as energias dos centros primordiais\"><span class=\"fap-icon-play\"><\/span>Ouvir<\/span> <a class=\"baixar\" href=\"https:\/\/www.irdin.org.br\/site\/envios\/audios\/0019_0068__por_por__assumir_as_energias_dos_centros_primordiais.mp3\">Baixar<\/a> <span class=\"textobaixar\"> 11 &#8211; assumir as energias dos centros primordiais<\/span><br \/>\n<span data-href=\"https:\/\/www.irdin.org.br\/site\/envios\/audios\/0019_0078__por_por__assistir_a_revelacao_da_propria_existencia.mp3\" data-title=\"12 - assistir \u00e0 revela\u00e7\u00e3o da pr\u00f3pria exist\u00eancia\" data-rel=\"\" data-target=\"\" data-meta=\"#fap-meta-69e20fdcc2571\" class=\"fap-single-track fap-track-button fap-play-button\" data-enqueue=\"no\" data-autoenqueue=\"no\" title=\"12 - assistir \u00e0 revela\u00e7\u00e3o da pr\u00f3pria exist\u00eancia\"><span class=\"fap-icon-play\"><\/span>Ouvir<\/span> <a class=\"baixar\" href=\"https:\/\/www.irdin.org.br\/site\/envios\/audios\/0019_0078__por_por__assistir_a_revelacao_da_propria_existencia.mp3\">Baixar<\/a> <span class=\"textobaixar\"> 12 &#8211; assistir \u00e0 revela\u00e7\u00e3o da pr\u00f3pria exist\u00eancia<\/span><\/p>\n<p>&nbsp;<\/p>\n","protected":false},"excerpt":{"rendered":"<p>Os Monast\u00e9rios da Ordem Gra\u00e7a Miseric\u00f3rdia correspondem a um estado deconsci\u00eancia, uma realidade interna que se projeta na vida externa.<\/p>\n","protected":false},"featured_media":7994,"template":"","meta":{"_acf_changed":false},"product_brand":[],"product_cat":[18076,33109],"product_tag":[39147],"class_list":{"0":"post-82886","1":"product","2":"type-product","3":"status-publish","4":"has-post-thumbnail","6":"product_cat-cddvd","7":"product_cat-colecoes","8":"product_tag-39147","9":"pa_autor-ordem-graca-misericordia","10":"pa_autor-trigueirinho","11":"pa_codigo-da-serie-24024","12":"pa_data-de-gravacao-19925","13":"pa_idioma-de-destino-portugues","14":"pa_lancamento-no","15":"pa_midia-cd","16":"pa_moac-39146","17":"pa_quantidade-de-saldo-33067","18":"pa_sequencial-da-serie-31881","19":"pa_tipo-de-traducao-nao-classificado","21":"first","22":"outofstock","23":"product-type-simple"},"acf":[],"_links":{"self":[{"href":"https:\/\/www.irdin.org.br\/site\/wp-json\/wp\/v2\/product\/82886","targetHints":{"allow":["GET"]}}],"collection":[{"href":"https:\/\/www.irdin.org.br\/site\/wp-json\/wp\/v2\/product"}],"about":[{"href":"https:\/\/www.irdin.org.br\/site\/wp-json\/wp\/v2\/types\/product"}],"version-history":[{"count":1,"href":"https:\/\/www.irdin.org.br\/site\/wp-json\/wp\/v2\/product\/82886\/revisions"}],"predecessor-version":[{"id":87567,"href":"https:\/\/www.irdin.org.br\/site\/wp-json\/wp\/v2\/product\/82886\/revisions\/87567"}],"wp:featuredmedia":[{"embeddable":true,"href":"https:\/\/www.irdin.org.br\/site\/wp-json\/wp\/v2\/media\/7994"}],"wp:attachment":[{"href":"https:\/\/www.irdin.org.br\/site\/wp-json\/wp\/v2\/media?parent=82886"}],"wp:term":[{"taxonomy":"product_brand","embeddable":true,"href":"https:\/\/www.irdin.org.br\/site\/wp-json\/wp\/v2\/product_brand?post=82886"},{"taxonomy":"product_cat","embeddable":true,"href":"https:\/\/www.irdin.org.br\/site\/wp-json\/wp\/v2\/product_cat?post=82886"},{"taxonomy":"product_tag","embeddable":true,"href":"https:\/\/www.irdin.org.br\/site\/wp-json\/wp\/v2\/product_tag?post=82886"}],"curies":[{"name":"wp","href":"https:\/\/api.w.org\/{rel}","templated":true}]}}