{"id":82888,"date":"2018-04-26T18:12:51","date_gmt":"2018-04-26T18:12:51","guid":{"rendered":"http:\/\/www.irdin.org.br\/site\/produto\/atributos-dos-monasterios-devocao-ardente-volume-6\/"},"modified":"2022-01-29T00:54:41","modified_gmt":"2022-01-29T00:54:41","slug":"atributos-dos-monasterios-devocao-ardente-volume-6","status":"publish","type":"product","link":"https:\/\/www.irdin.org.br\/site\/produtos\/atributos-dos-monasterios-devocao-ardente-volume-6\/","title":{"rendered":"Atributos dos Monast\u00e9rios &#8211; Devo\u00e7\u00e3o Ardente &#8211; Volume 6"},"content":{"rendered":"<p>Os Monast\u00e9rios da Ordem Gra\u00e7a Miseric\u00f3rdia correspondem a um estado de consci\u00eancia, uma realidade interna que se projeta na vida externa. Esse estado de consci\u00eancia, a ser descoberto e aprofundado, \u00e9 composto de leis e tarefas expressas em sete grupos de doze atributos.<\/p>\n<p>&nbsp;<br \/>\n<strong>Faixas:<\/strong><\/p>\n<p><span data-href=\"https:\/\/www.irdin.org.br\/site\/envios\/audios\/0019_0040__por_por__chamar_as_ovelhas_pelo_nome_e_conduzi_las_a_pastagem.mp3\" data-title=\"1 - chamar as ovelhas pelo nome e conduzi-las \u00e0 pastagem\" data-rel=\"\" data-target=\"\" data-meta=\"#fap-meta-69f35ca4004ca\" class=\"fap-single-track fap-track-button fap-play-button\" data-enqueue=\"no\" data-autoenqueue=\"no\" title=\"1 - chamar as ovelhas pelo nome e conduzi-las \u00e0 pastagem\"><span class=\"fap-icon-play\"><\/span>Ouvir<\/span> <a href=\"https:\/\/www.irdin.org.br\/site\/envios\/audios\/0019_0040__por_por__chamar_as_ovelhas_pelo_nome_e_conduzi_las_a_pastagem.mp3\" class=\"baixar\"><span class=\"fa fa-arrow-down\"><\/span>Baixar<\/span><\/a> <span class=\"textobaixar\"> 1 &#8211; chamar as ovelhas pelo nome e conduzi-las \u00e0 pastagem<\/span><br \/>\n<span data-href=\"https:\/\/www.irdin.org.br\/site\/envios\/audios\/0019_0065__por_por__falar_so_o_necessario.mp3\" data-title=\"2 - falar s\u00f3 o necess\u00e1rio\" data-rel=\"\" data-target=\"\" data-meta=\"#fap-meta-69f35ca40063a\" class=\"fap-single-track fap-track-button fap-play-button\" data-enqueue=\"no\" data-autoenqueue=\"no\" title=\"2 - falar s\u00f3 o necess\u00e1rio\"><span class=\"fap-icon-play\"><\/span>Ouvir<\/span> <a href=\"https:\/\/www.irdin.org.br\/site\/envios\/audios\/0019_0065__por_por__falar_so_o_necessario.mp3\" class=\"baixar\"><span class=\"fa fa-arrow-down\"><\/span>Baixar<\/span><\/a> <span class=\"textobaixar\"> 2 &#8211; falar s\u00f3 o necess\u00e1rio<\/span><br \/>\n<span data-href=\"https:\/\/www.irdin.org.br\/site\/envios\/audios\/0019_0018__por_por__considerar_os_corpos_como_templos_vivos.mp3\" data-title=\"3 - considerar os corpos como templos vivos\" data-rel=\"\" data-target=\"\" data-meta=\"#fap-meta-69f35ca4006cb\" class=\"fap-single-track fap-track-button fap-play-button\" data-enqueue=\"no\" data-autoenqueue=\"no\" title=\"3 - considerar os corpos como templos vivos\"><span class=\"fap-icon-play\"><\/span>Ouvir<\/span> <a href=\"https:\/\/www.irdin.org.br\/site\/envios\/audios\/0019_0018__por_por__considerar_os_corpos_como_templos_vivos.mp3\" class=\"baixar\"><span class=\"fa fa-arrow-down\"><\/span>Baixar<\/span><\/a> <span class=\"textobaixar\"> 3 &#8211; considerar os corpos como templos vivos<\/span><br \/>\n<span data-href=\"https:\/\/www.irdin.org.br\/site\/envios\/audios\/0019_0053__por_por__desconfiar_do_consolo_amar_o_laborioso.mp3\" data-title=\"4 - desconfiar do consolo, amar o laborioso\" data-rel=\"\" data-target=\"\" data-meta=\"#fap-meta-69f35ca400753\" class=\"fap-single-track fap-track-button fap-play-button\" data-enqueue=\"no\" data-autoenqueue=\"no\" title=\"4 - desconfiar do consolo, amar o laborioso\"><span class=\"fap-icon-play\"><\/span>Ouvir<\/span> <a href=\"https:\/\/www.irdin.org.br\/site\/envios\/audios\/0019_0053__por_por__desconfiar_do_consolo_amar_o_laborioso.mp3\" class=\"baixar\"><span class=\"fa fa-arrow-down\"><\/span>Baixar<\/span><\/a> <span class=\"textobaixar\"> 4 &#8211; desconfiar do consolo, amar o laborioso<\/span><br \/>\n<span data-href=\"https:\/\/www.irdin.org.br\/site\/envios\/audios\/0019_0071__por_por__preferir_ser_esquecido_a_ser_tentado.mp3\" data-title=\"5 - preferir ser esquecido a ser tentado\" data-rel=\"\" data-target=\"\" data-meta=\"#fap-meta-69f35ca40080f\" class=\"fap-single-track fap-track-button fap-play-button\" data-enqueue=\"no\" data-autoenqueue=\"no\" title=\"5 - preferir ser esquecido a ser tentado\"><span class=\"fap-icon-play\"><\/span>Ouvir<\/span> <a href=\"https:\/\/www.irdin.org.br\/site\/envios\/audios\/0019_0071__por_por__preferir_ser_esquecido_a_ser_tentado.mp3\" class=\"baixar\"><span class=\"fa fa-arrow-down\"><\/span>Baixar<\/span><\/a> <span class=\"textobaixar\"> 5 &#8211; preferir ser esquecido a ser tentado<\/span><br \/>\n<span data-href=\"https:\/\/www.irdin.org.br\/site\/envios\/audios\/0019_0029__por_por__entre_riquezas_nelas_nao_deter_o_coracao.mp3\" data-title=\"6 - entre riquezas, nelas n\u00e3o deter o cora\u00e7\u00e3o\" data-rel=\"\" data-target=\"\" data-meta=\"#fap-meta-69f35ca4008bc\" class=\"fap-single-track fap-track-button fap-play-button\" data-enqueue=\"no\" data-autoenqueue=\"no\" title=\"6 - entre riquezas, nelas n\u00e3o deter o cora\u00e7\u00e3o\"><span class=\"fap-icon-play\"><\/span>Ouvir<\/span> <a href=\"https:\/\/www.irdin.org.br\/site\/envios\/audios\/0019_0029__por_por__entre_riquezas_nelas_nao_deter_o_coracao.mp3\" class=\"baixar\"><span class=\"fa fa-arrow-down\"><\/span>Baixar<\/span><\/a> <span class=\"textobaixar\"> 6 &#8211; entre riquezas, nelas n\u00e3o deter o cora\u00e7\u00e3o<\/span><br \/>\n<span data-href=\"https:\/\/www.irdin.org.br\/site\/envios\/audios\/0019_0015__por_por__nao_ser_infiel_sequer_no_pouco_para_depois_nao_o_ser_no_muito.mp3\" data-title=\"7 - n\u00e3o ser infiel sequer no pouco, para depois n\u00e3o o ser no muito\" data-rel=\"\" data-target=\"\" data-meta=\"#fap-meta-69f35ca4009cc\" class=\"fap-single-track fap-track-button fap-play-button\" data-enqueue=\"no\" data-autoenqueue=\"no\" title=\"7 - n\u00e3o ser infiel sequer no pouco, para depois n\u00e3o o ser no muito\"><span class=\"fap-icon-play\"><\/span>Ouvir<\/span> <a href=\"https:\/\/www.irdin.org.br\/site\/envios\/audios\/0019_0015__por_por__nao_ser_infiel_sequer_no_pouco_para_depois_nao_o_ser_no_muito.mp3\" class=\"baixar\"><span class=\"fa fa-arrow-down\"><\/span>Baixar<\/span><\/a> <span class=\"textobaixar\"> 7 &#8211; n\u00e3o ser infiel sequer no pouco, para depois n\u00e3o o ser no muito<\/span><br \/>\n<span data-href=\"https:\/\/www.irdin.org.br\/site\/envios\/audios\/0019_0019__por_por__orar_e_nunca_faltar.mp3\" data-title=\"8 - orar e nunca faltar\" data-rel=\"\" data-target=\"\" data-meta=\"#fap-meta-69f35ca400a42\" class=\"fap-single-track fap-track-button fap-play-button\" data-enqueue=\"no\" data-autoenqueue=\"no\" title=\"8 - orar e nunca faltar\"><span class=\"fap-icon-play\"><\/span>Ouvir<\/span> <a href=\"https:\/\/www.irdin.org.br\/site\/envios\/audios\/0019_0019__por_por__orar_e_nunca_faltar.mp3\" class=\"baixar\"><span class=\"fa fa-arrow-down\"><\/span>Baixar<\/span><\/a> <span class=\"textobaixar\"> 8 &#8211; orar e nunca faltar<\/span><br \/>\n<span data-href=\"https:\/\/www.irdin.org.br\/site\/envios\/audios\/0019_0080__por_por__ter_presente_que_mesmo_distribuindo_os_bens_mesmo_profetizando_mesmo_tendo_fe_se_nao_tiver_caridade_nada_estara_fazendo.mp3\" data-title=\"9 - ter presente que, mesmo distribuindo os bens, mesmo profetizando, mesmo tendo f\u00e9, se n\u00e3o tiver caridade nada estar\u00e1 fazendo\" data-rel=\"\" data-target=\"\" data-meta=\"#fap-meta-69f35ca400ad2\" class=\"fap-single-track fap-track-button fap-play-button\" data-enqueue=\"no\" data-autoenqueue=\"no\" title=\"9 - ter presente que, mesmo distribuindo os bens, mesmo profetizando, mesmo tendo f\u00e9, se n\u00e3o tiver caridade nada estar\u00e1 fazendo\"><span class=\"fap-icon-play\"><\/span>Ouvir<\/span> <a href=\"https:\/\/www.irdin.org.br\/site\/envios\/audios\/0019_0080__por_por__ter_presente_que_mesmo_distribuindo_os_bens_mesmo_profetizando_mesmo_tendo_fe_se_nao_tiver_caridade_nada_estara_fazendo.mp3\" class=\"baixar\"><span class=\"fa fa-arrow-down\"><\/span>Baixar<\/span><\/a> <span class=\"textobaixar\"> 9 &#8211; ter presente que, mesmo distribuindo os bens, mesmo profetizando, mesmo tendo f\u00e9, se n\u00e3o tiver caridade nada estar\u00e1 fazendo<\/span><br \/>\n<span data-href=\"https:\/\/www.irdin.org.br\/site\/envios\/audios\/0019_0072__por_por__ser_exatamente_conforme_a_propria_pregacao.mp3\" data-title=\"10 - ser exatamente conforme a pr\u00f3pria prega\u00e7\u00e3o\" data-rel=\"\" data-target=\"\" data-meta=\"#fap-meta-69f35ca400b89\" class=\"fap-single-track fap-track-button fap-play-button\" data-enqueue=\"no\" data-autoenqueue=\"no\" title=\"10 - ser exatamente conforme a pr\u00f3pria prega\u00e7\u00e3o\"><span class=\"fap-icon-play\"><\/span>Ouvir<\/span> <a href=\"https:\/\/www.irdin.org.br\/site\/envios\/audios\/0019_0072__por_por__ser_exatamente_conforme_a_propria_pregacao.mp3\" class=\"baixar\"><span class=\"fa fa-arrow-down\"><\/span>Baixar<\/span><\/a> <span class=\"textobaixar\"> 10 &#8211; ser exatamente conforme a pr\u00f3pria prega\u00e7\u00e3o<\/span><br \/>\n<span data-href=\"https:\/\/www.irdin.org.br\/site\/envios\/audios\/0019_0059__por_por__ser_voz_no_deserto.mp3\" data-title=\"11 - ser voz no deserto\" data-rel=\"\" data-target=\"\" data-meta=\"#fap-meta-69f35ca400c18\" class=\"fap-single-track fap-track-button fap-play-button\" data-enqueue=\"no\" data-autoenqueue=\"no\" title=\"11 - ser voz no deserto\"><span class=\"fap-icon-play\"><\/span>Ouvir<\/span> <a href=\"https:\/\/www.irdin.org.br\/site\/envios\/audios\/0019_0059__por_por__ser_voz_no_deserto.mp3\" class=\"baixar\"><span class=\"fa fa-arrow-down\"><\/span>Baixar<\/span><\/a> <span class=\"textobaixar\"> 11 &#8211; ser voz no deserto<\/span><br \/>\n<span data-href=\"https:\/\/www.irdin.org.br\/site\/envios\/audios\/0019_0028__por_por__ser_e_fazer_incansavelmente_o_melhor_ate_o_fim.mp3\" data-title=\"12 - ser e fazer incansavelmente o melhor at\u00e9 o fim\" data-rel=\"\" data-target=\"\" data-meta=\"#fap-meta-69f35ca400cb8\" class=\"fap-single-track fap-track-button fap-play-button\" data-enqueue=\"no\" data-autoenqueue=\"no\" title=\"12 - ser e fazer incansavelmente o melhor at\u00e9 o fim\"><span class=\"fap-icon-play\"><\/span>Ouvir<\/span> <a href=\"https:\/\/www.irdin.org.br\/site\/envios\/audios\/0019_0028__por_por__ser_e_fazer_incansavelmente_o_melhor_ate_o_fim.mp3\" class=\"baixar\"><span class=\"fa fa-arrow-down\"><\/span>Baixar<\/span><\/a> <span class=\"textobaixar\"> 12 &#8211; ser e fazer incansavelmente o melhor at\u00e9 o fim<\/span><\/p>\n<p>&nbsp;<\/p>\n","protected":false},"excerpt":{"rendered":"<p>Os Monast\u00e9rios da Ordem Gra\u00e7a Miseric\u00f3rdia correspondem a um estado de consci\u00eancia, uma realidade interna que se projeta na vida<\/p>\n","protected":false},"featured_media":7996,"template":"","meta":{"_acf_changed":false},"product_brand":[],"product_cat":[18076,33109],"product_tag":[39151],"class_list":{"0":"post-82888","1":"product","2":"type-product","3":"status-publish","4":"has-post-thumbnail","6":"product_cat-cddvd","7":"product_cat-colecoes","8":"product_tag-39151","9":"pa_autor-ordem-graca-misericordia","10":"pa_autor-trigueirinho","11":"pa_codigo-da-serie-24024","12":"pa_data-de-gravacao-19952","13":"pa_idioma-de-destino-portugues","14":"pa_lancamento-no","15":"pa_midia-cd","16":"pa_moac-39150","17":"pa_quantidade-de-saldo-33067","18":"pa_sequencial-da-serie-31882","19":"pa_tipo-de-traducao-nao-classificado","21":"first","22":"outofstock","23":"product-type-simple"},"acf":[],"_links":{"self":[{"href":"https:\/\/www.irdin.org.br\/site\/wp-json\/wp\/v2\/product\/82888","targetHints":{"allow":["GET"]}}],"collection":[{"href":"https:\/\/www.irdin.org.br\/site\/wp-json\/wp\/v2\/product"}],"about":[{"href":"https:\/\/www.irdin.org.br\/site\/wp-json\/wp\/v2\/types\/product"}],"version-history":[{"count":0,"href":"https:\/\/www.irdin.org.br\/site\/wp-json\/wp\/v2\/product\/82888\/revisions"}],"wp:featuredmedia":[{"embeddable":true,"href":"https:\/\/www.irdin.org.br\/site\/wp-json\/wp\/v2\/media\/7996"}],"wp:attachment":[{"href":"https:\/\/www.irdin.org.br\/site\/wp-json\/wp\/v2\/media?parent=82888"}],"wp:term":[{"taxonomy":"product_brand","embeddable":true,"href":"https:\/\/www.irdin.org.br\/site\/wp-json\/wp\/v2\/product_brand?post=82888"},{"taxonomy":"product_cat","embeddable":true,"href":"https:\/\/www.irdin.org.br\/site\/wp-json\/wp\/v2\/product_cat?post=82888"},{"taxonomy":"product_tag","embeddable":true,"href":"https:\/\/www.irdin.org.br\/site\/wp-json\/wp\/v2\/product_tag?post=82888"}],"curies":[{"name":"wp","href":"https:\/\/api.w.org\/{rel}","templated":true}]}}