{"id":82889,"date":"2018-04-26T18:12:51","date_gmt":"2018-04-26T18:12:51","guid":{"rendered":"http:\/\/www.irdin.org.br\/site\/produto\/atributos-dos-monasterios-entrega-do-ser-volume-1\/"},"modified":"2022-01-29T00:51:55","modified_gmt":"2022-01-29T00:51:55","slug":"atributos-dos-monasterios-entrega-do-ser-volume-1","status":"publish","type":"product","link":"https:\/\/www.irdin.org.br\/site\/produtos\/atributos-dos-monasterios-entrega-do-ser-volume-1\/","title":{"rendered":"Atributos dos Monast\u00e9rios &#8211; Entrega do Ser &#8211; Volume 1"},"content":{"rendered":"<p>Os Monast\u00e9rios da Ordem Gra\u00e7a Miseric\u00f3rdia correspondem a um estado de consci\u00eancia, uma realidade interna que se projeta na vida externa. Esse estado de consci\u00eancia, a ser descoberto e aprofundado, \u00e9 composto de leis e tarefas expressas em sete grupos de doze atributos.<\/p>\n<p>&nbsp;<br \/>\n<strong>Faixas:<\/strong><\/p>\n<p><span data-href=\"https:\/\/www.irdin.org.br\/site\/envios\/audios\/0019_0013__por_por__como_semente_nao_so_romper_a_propria_casca_mas_perfurar_o_solo.mp3\" data-title=\"1 - como semente, n\u00e3o s\u00f3 romper a pr\u00f3pria casca, mas perfurar o solo\" data-rel=\"\" data-target=\"\" data-meta=\"#fap-meta-69e373d6a6579\" class=\"fap-single-track fap-track-button fap-play-button\" data-enqueue=\"no\" data-autoenqueue=\"no\" title=\"1 - como semente, n\u00e3o s\u00f3 romper a pr\u00f3pria casca, mas perfurar o solo\"><span class=\"fap-icon-play\"><\/span>Ouvir<\/span> <a href=\"https:\/\/www.irdin.org.br\/site\/envios\/audios\/0019_0013__por_por__como_semente_nao_so_romper_a_propria_casca_mas_perfurar_o_solo.mp3\" class=\"baixar\"><span class=\"fa fa-arrow-down\"><\/span>Baixar<\/span><\/a> <span class=\"textobaixar\"> 1 &#8211; como semente, n\u00e3o s\u00f3 romper a pr\u00f3pria casca, mas perfurar o solo<\/span><br \/>\n<span data-href=\"https:\/\/www.irdin.org.br\/site\/envios\/audios\/0019_0062__por_por__expressar_a_vontade_mesmo_nas_fases_de_transicao.mp3\" data-title=\"2 - expressar a vontade, mesmo nas fases de transi\u00e7\u00e3o\" data-rel=\"\" data-target=\"\" data-meta=\"#fap-meta-69e373d6a66ee\" class=\"fap-single-track fap-track-button fap-play-button\" data-enqueue=\"no\" data-autoenqueue=\"no\" title=\"2 - expressar a vontade, mesmo nas fases de transi\u00e7\u00e3o\"><span class=\"fap-icon-play\"><\/span>Ouvir<\/span> <a href=\"https:\/\/www.irdin.org.br\/site\/envios\/audios\/0019_0062__por_por__expressar_a_vontade_mesmo_nas_fases_de_transicao.mp3\" class=\"baixar\"><span class=\"fa fa-arrow-down\"><\/span>Baixar<\/span><\/a> <span class=\"textobaixar\"> 2 &#8211; expressar a vontade, mesmo nas fases de transi\u00e7\u00e3o<\/span><br \/>\n<span data-href=\"https:\/\/www.irdin.org.br\/site\/envios\/audios\/0019_0047__por_por__alargar_limites_e_arrancar_as_rochas_que_nao_se_aplainam_por_si.mp3\" data-title=\"3 - alargar limites e arrancar as rochas que n\u00e3o se aplainam por si\" data-rel=\"\" data-target=\"\" data-meta=\"#fap-meta-69e373d6a67d8\" class=\"fap-single-track fap-track-button fap-play-button\" data-enqueue=\"no\" data-autoenqueue=\"no\" title=\"3 - alargar limites e arrancar as rochas que n\u00e3o se aplainam por si\"><span class=\"fap-icon-play\"><\/span>Ouvir<\/span> <a href=\"https:\/\/www.irdin.org.br\/site\/envios\/audios\/0019_0047__por_por__alargar_limites_e_arrancar_as_rochas_que_nao_se_aplainam_por_si.mp3\" class=\"baixar\"><span class=\"fa fa-arrow-down\"><\/span>Baixar<\/span><\/a> <span class=\"textobaixar\"> 3 &#8211; alargar limites e arrancar as rochas que n\u00e3o se aplainam por si<\/span><br \/>\n<span data-href=\"https:\/\/www.irdin.org.br\/site\/envios\/audios\/0019_0020__por_por__reverenciar_perpetuamente.mp3\" data-title=\"4 - reverenciar perpetuamente\" data-rel=\"\" data-target=\"\" data-meta=\"#fap-meta-69e373d6a6953\" class=\"fap-single-track fap-track-button fap-play-button\" data-enqueue=\"no\" data-autoenqueue=\"no\" title=\"4 - reverenciar perpetuamente\"><span class=\"fap-icon-play\"><\/span>Ouvir<\/span> <a href=\"https:\/\/www.irdin.org.br\/site\/envios\/audios\/0019_0020__por_por__reverenciar_perpetuamente.mp3\" class=\"baixar\"><span class=\"fa fa-arrow-down\"><\/span>Baixar<\/span><\/a> <span class=\"textobaixar\"> 4 &#8211; reverenciar perpetuamente<\/span><br \/>\n<span data-href=\"https:\/\/www.irdin.org.br\/site\/envios\/audios\/0019_0048__por_por__na_simplicidade_chegar_a_essencia.mp3\" data-title=\"5 - na simplicidade, chegar \u00e0 ess\u00eancia\" data-rel=\"\" data-target=\"\" data-meta=\"#fap-meta-69e373d6a6a69\" class=\"fap-single-track fap-track-button fap-play-button\" data-enqueue=\"no\" data-autoenqueue=\"no\" title=\"5 - na simplicidade, chegar \u00e0 ess\u00eancia\"><span class=\"fap-icon-play\"><\/span>Ouvir<\/span> <a href=\"https:\/\/www.irdin.org.br\/site\/envios\/audios\/0019_0048__por_por__na_simplicidade_chegar_a_essencia.mp3\" class=\"baixar\"><span class=\"fa fa-arrow-down\"><\/span>Baixar<\/span><\/a> <span class=\"textobaixar\"> 5 &#8211; na simplicidade, chegar \u00e0 ess\u00eancia<\/span><br \/>\n<span data-href=\"https:\/\/www.irdin.org.br\/site\/envios\/audios\/0019_0067__por_por__reconhecer_o_impulso_que_leva_a_realidade.mp3\" data-title=\"6 - reconhecer o impulso que leva \u00e0 realidade\" data-rel=\"\" data-target=\"\" data-meta=\"#fap-meta-69e373d6a6b3a\" class=\"fap-single-track fap-track-button fap-play-button\" data-enqueue=\"no\" data-autoenqueue=\"no\" title=\"6 - reconhecer o impulso que leva \u00e0 realidade\"><span class=\"fap-icon-play\"><\/span>Ouvir<\/span> <a href=\"https:\/\/www.irdin.org.br\/site\/envios\/audios\/0019_0067__por_por__reconhecer_o_impulso_que_leva_a_realidade.mp3\" class=\"baixar\"><span class=\"fa fa-arrow-down\"><\/span>Baixar<\/span><\/a> <span class=\"textobaixar\"> 6 &#8211; reconhecer o impulso que leva \u00e0 realidade<\/span><br \/>\n<span data-href=\"https:\/\/www.irdin.org.br\/site\/envios\/audios\/0019_0002__por_por__buscar_em_primeiro_lugar_a_fonte_de_vida_e_deixar_que_o_regente_coordene_o_seu_ser.mp3\" data-title=\"7 - buscar em primeiro lugar a fonte de vida e deixar que o regente coordene o seu ser\" data-rel=\"\" data-target=\"\" data-meta=\"#fap-meta-69e373d6a6c54\" class=\"fap-single-track fap-track-button fap-play-button\" data-enqueue=\"no\" data-autoenqueue=\"no\" title=\"7 - buscar em primeiro lugar a fonte de vida e deixar que o regente coordene o seu ser\"><span class=\"fap-icon-play\"><\/span>Ouvir<\/span> <a href=\"https:\/\/www.irdin.org.br\/site\/envios\/audios\/0019_0002__por_por__buscar_em_primeiro_lugar_a_fonte_de_vida_e_deixar_que_o_regente_coordene_o_seu_ser.mp3\" class=\"baixar\"><span class=\"fa fa-arrow-down\"><\/span>Baixar<\/span><\/a> <span class=\"textobaixar\"> 7 &#8211; buscar em primeiro lugar a fonte de vida e deixar que o regente coordene o seu ser<\/span><br \/>\n<span data-href=\"https:\/\/www.irdin.org.br\/site\/envios\/audios\/0019_0009__por_por__construir_as_bases_elevar_as_paredes_e_entao_entregar_a_nova_morada.mp3\" data-title=\"8 - construir as bases, elevar as paredes e, ent\u00e3o, entregar a nova morada\" data-rel=\"\" data-target=\"\" data-meta=\"#fap-meta-69e373d6a6dd3\" class=\"fap-single-track fap-track-button fap-play-button\" data-enqueue=\"no\" data-autoenqueue=\"no\" title=\"8 - construir as bases, elevar as paredes e, ent\u00e3o, entregar a nova morada\"><span class=\"fap-icon-play\"><\/span>Ouvir<\/span> <a href=\"https:\/\/www.irdin.org.br\/site\/envios\/audios\/0019_0009__por_por__construir_as_bases_elevar_as_paredes_e_entao_entregar_a_nova_morada.mp3\" class=\"baixar\"><span class=\"fa fa-arrow-down\"><\/span>Baixar<\/span><\/a> <span class=\"textobaixar\"> 8 &#8211; construir as bases, elevar as paredes e, ent\u00e3o, entregar a nova morada<\/span><br \/>\n<span data-href=\"https:\/\/www.irdin.org.br\/site\/envios\/audios\/0019_0010__por_por__trabalhar_e_viver_em_solidao_tendo_como_unica_fonte_de_impulso_o_proprio_mundo_interior.mp3\" data-title=\"9 - trabalhar e viver em solid\u00e3o, tendo como \u00fanica fonte de impulso o pr\u00f3prio mundo interior\" data-rel=\"\" data-target=\"\" data-meta=\"#fap-meta-69e373d6a6ed6\" class=\"fap-single-track fap-track-button fap-play-button\" data-enqueue=\"no\" data-autoenqueue=\"no\" title=\"9 - trabalhar e viver em solid\u00e3o, tendo como \u00fanica fonte de impulso o pr\u00f3prio mundo interior\"><span class=\"fap-icon-play\"><\/span>Ouvir<\/span> <a href=\"https:\/\/www.irdin.org.br\/site\/envios\/audios\/0019_0010__por_por__trabalhar_e_viver_em_solidao_tendo_como_unica_fonte_de_impulso_o_proprio_mundo_interior.mp3\" class=\"baixar\"><span class=\"fa fa-arrow-down\"><\/span>Baixar<\/span><\/a> <span class=\"textobaixar\"> 9 &#8211; trabalhar e viver em solid\u00e3o, tendo como \u00fanica fonte de impulso o pr\u00f3prio mundo interior<\/span><br \/>\n<span data-href=\"https:\/\/www.irdin.org.br\/site\/envios\/audios\/0019_0075__por_por__nem_se_punir_nem_manter_autocompaixao_nem_autocomplacencia.mp3\" data-title=\"10 - nem se punir, nem manter autocompaix\u00e3o nem autocomplac\u00eancia\" data-rel=\"\" data-target=\"\" data-meta=\"#fap-meta-69e373d6a6f9e\" class=\"fap-single-track fap-track-button fap-play-button\" data-enqueue=\"no\" data-autoenqueue=\"no\" title=\"10 - nem se punir, nem manter autocompaix\u00e3o nem autocomplac\u00eancia\"><span class=\"fap-icon-play\"><\/span>Ouvir<\/span> <a href=\"https:\/\/www.irdin.org.br\/site\/envios\/audios\/0019_0075__por_por__nem_se_punir_nem_manter_autocompaixao_nem_autocomplacencia.mp3\" class=\"baixar\"><span class=\"fa fa-arrow-down\"><\/span>Baixar<\/span><\/a> <span class=\"textobaixar\"> 10 &#8211; nem se punir, nem manter autocompaix\u00e3o nem autocomplac\u00eancia<\/span><br \/>\n<span data-href=\"https:\/\/www.irdin.org.br\/site\/envios\/audios\/0019_0043__por_por__estar_no_lugar_correto_e_colaborar_com_as_hierarquias.mp3\" data-title=\"11 - estar no lugar correto e colaborar com as hierarquias\" data-rel=\"\" data-target=\"\" data-meta=\"#fap-meta-69e373d6a7172\" class=\"fap-single-track fap-track-button fap-play-button\" data-enqueue=\"no\" data-autoenqueue=\"no\" title=\"11 - estar no lugar correto e colaborar com as hierarquias\"><span class=\"fap-icon-play\"><\/span>Ouvir<\/span> <a href=\"https:\/\/www.irdin.org.br\/site\/envios\/audios\/0019_0043__por_por__estar_no_lugar_correto_e_colaborar_com_as_hierarquias.mp3\" class=\"baixar\"><span class=\"fa fa-arrow-down\"><\/span>Baixar<\/span><\/a> <span class=\"textobaixar\"> 11 &#8211; estar no lugar correto e colaborar com as hierarquias<\/span><br \/>\n<span data-href=\"https:\/\/www.irdin.org.br\/site\/envios\/audios\/0019_0034__por_por__ter_o_eterno_como_unica_verdade.mp3\" data-title=\"12 - ter o eterno como \u00fanica verdade\" data-rel=\"\" data-target=\"\" data-meta=\"#fap-meta-69e373d6a72b3\" class=\"fap-single-track fap-track-button fap-play-button\" data-enqueue=\"no\" data-autoenqueue=\"no\" title=\"12 - ter o eterno como \u00fanica verdade\"><span class=\"fap-icon-play\"><\/span>Ouvir<\/span> <a href=\"https:\/\/www.irdin.org.br\/site\/envios\/audios\/0019_0034__por_por__ter_o_eterno_como_unica_verdade.mp3\" class=\"baixar\"><span class=\"fa fa-arrow-down\"><\/span>Baixar<\/span><\/a> <span class=\"textobaixar\"> 12 &#8211; ter o eterno como \u00fanica verdade<\/span><\/p>\n<p>&nbsp;<\/p>\n","protected":false},"excerpt":{"rendered":"<p>Os Monast\u00e9rios da Ordem Gra\u00e7a Miseric\u00f3rdia correspondem a um estado de consci\u00eancia, uma realidade interna que se projeta na vida<\/p>\n","protected":false},"featured_media":7986,"template":"","meta":{"_acf_changed":false},"product_brand":[],"product_cat":[18076,33109],"product_tag":[39153],"class_list":{"0":"post-82889","1":"product","2":"type-product","3":"status-publish","4":"has-post-thumbnail","6":"product_cat-cddvd","7":"product_cat-colecoes","8":"product_tag-39153","9":"pa_autor-ordem-graca-misericordia","10":"pa_autor-trigueirinho","11":"pa_codigo-da-serie-24024","12":"pa_data-de-gravacao-19903","13":"pa_idioma-de-destino-portugues","14":"pa_lancamento-no","15":"pa_midia-cd","16":"pa_moac-39152","17":"pa_quantidade-de-saldo-33067","18":"pa_sequencial-da-serie-31877","19":"pa_tipo-de-traducao-nao-classificado","21":"first","22":"outofstock","23":"product-type-simple"},"acf":[],"_links":{"self":[{"href":"https:\/\/www.irdin.org.br\/site\/wp-json\/wp\/v2\/product\/82889","targetHints":{"allow":["GET"]}}],"collection":[{"href":"https:\/\/www.irdin.org.br\/site\/wp-json\/wp\/v2\/product"}],"about":[{"href":"https:\/\/www.irdin.org.br\/site\/wp-json\/wp\/v2\/types\/product"}],"version-history":[{"count":0,"href":"https:\/\/www.irdin.org.br\/site\/wp-json\/wp\/v2\/product\/82889\/revisions"}],"wp:featuredmedia":[{"embeddable":true,"href":"https:\/\/www.irdin.org.br\/site\/wp-json\/wp\/v2\/media\/7986"}],"wp:attachment":[{"href":"https:\/\/www.irdin.org.br\/site\/wp-json\/wp\/v2\/media?parent=82889"}],"wp:term":[{"taxonomy":"product_brand","embeddable":true,"href":"https:\/\/www.irdin.org.br\/site\/wp-json\/wp\/v2\/product_brand?post=82889"},{"taxonomy":"product_cat","embeddable":true,"href":"https:\/\/www.irdin.org.br\/site\/wp-json\/wp\/v2\/product_cat?post=82889"},{"taxonomy":"product_tag","embeddable":true,"href":"https:\/\/www.irdin.org.br\/site\/wp-json\/wp\/v2\/product_tag?post=82889"}],"curies":[{"name":"wp","href":"https:\/\/api.w.org\/{rel}","templated":true}]}}