{"id":82890,"date":"2018-04-26T18:12:51","date_gmt":"2018-04-26T18:12:51","guid":{"rendered":"http:\/\/www.irdin.org.br\/site\/produto\/atributos-dos-monasterios-governo-de-si-volume-7\/"},"modified":"2022-01-29T00:53:21","modified_gmt":"2022-01-29T00:53:21","slug":"atributos-dos-monasterios-governo-de-si-volume-7","status":"publish","type":"product","link":"https:\/\/www.irdin.org.br\/site\/produtos\/atributos-dos-monasterios-governo-de-si-volume-7\/","title":{"rendered":"Atributos dos Monast\u00e9rios &#8211; Governo de Si &#8211; Volume 7"},"content":{"rendered":"<p>Os Monast\u00e9rios da Ordem Gra\u00e7a Miseric\u00f3rdia correspondem a um estado de consci\u00eancia, uma realidade interna que se projeta na vida externa. Esse estado de consci\u00eancia, a ser descoberto e aprofundado, \u00e9 composto de leis e tarefas expressas em sete grupos de doze atributos.<\/p>\n<p>&nbsp;<br \/>\n<strong>Faixas:<\/strong><\/p>\n<p><span data-href=\"https:\/\/www.irdin.org.br\/site\/envios\/audios\/0019_0039__por_por__nao_ter_lar_ter_um_lugar_de_pouso_mas_nao_um_domicilio.mp3\" data-title=\"1 - n\u00e3o ter lar. ter um lugar de pouso, mas n\u00e3o um domic\u00edlio\" data-rel=\"\" data-target=\"\" data-meta=\"#fap-meta-69e16df8a6b15\" class=\"fap-single-track fap-track-button fap-play-button\" data-enqueue=\"no\" data-autoenqueue=\"no\" title=\"1 - n\u00e3o ter lar. ter um lugar de pouso, mas n\u00e3o um domic\u00edlio\"><span class=\"fap-icon-play\"><\/span>Ouvir<\/span> <a href=\"https:\/\/www.irdin.org.br\/site\/envios\/audios\/0019_0039__por_por__nao_ter_lar_ter_um_lugar_de_pouso_mas_nao_um_domicilio.mp3\" class=\"baixar\"><span class=\"fa fa-arrow-down\"><\/span>Baixar<\/span><\/a> <span class=\"textobaixar\"> 1 &#8211; n\u00e3o ter lar. ter um lugar de pouso, mas n\u00e3o um domic\u00edlio<\/span><br \/>\n<span data-href=\"https:\/\/www.irdin.org.br\/site\/envios\/audios\/0019_0066__por_por__lancar_se_a_vida_mas_pouco_fazer_se_notar_no_cotidiano.mp3\" data-title=\"2 - lan\u00e7ar-se \u00e0 vida, mas pouco fazer-se notar no cotidiano\" data-rel=\"\" data-target=\"\" data-meta=\"#fap-meta-69e16df8a6c49\" class=\"fap-single-track fap-track-button fap-play-button\" data-enqueue=\"no\" data-autoenqueue=\"no\" title=\"2 - lan\u00e7ar-se \u00e0 vida, mas pouco fazer-se notar no cotidiano\"><span class=\"fap-icon-play\"><\/span>Ouvir<\/span> <a href=\"https:\/\/www.irdin.org.br\/site\/envios\/audios\/0019_0066__por_por__lancar_se_a_vida_mas_pouco_fazer_se_notar_no_cotidiano.mp3\" class=\"baixar\"><span class=\"fa fa-arrow-down\"><\/span>Baixar<\/span><\/a> <span class=\"textobaixar\"> 2 &#8211; lan\u00e7ar-se \u00e0 vida, mas pouco fazer-se notar no cotidiano<\/span><br \/>\n<span data-href=\"https:\/\/www.irdin.org.br\/site\/envios\/audios\/0019_0016__por_por__tornar_bela_a_propria_presenca_mas_sem_prolonga_la.mp3\" data-title=\"3 - tornar bela a pr\u00f3pria presen\u00e7a, mas sem prolong\u00e1-la\" data-rel=\"\" data-target=\"\" data-meta=\"#fap-meta-69e16df8a6d49\" class=\"fap-single-track fap-track-button fap-play-button\" data-enqueue=\"no\" data-autoenqueue=\"no\" title=\"3 - tornar bela a pr\u00f3pria presen\u00e7a, mas sem prolong\u00e1-la\"><span class=\"fap-icon-play\"><\/span>Ouvir<\/span> <a href=\"https:\/\/www.irdin.org.br\/site\/envios\/audios\/0019_0016__por_por__tornar_bela_a_propria_presenca_mas_sem_prolonga_la.mp3\" class=\"baixar\"><span class=\"fa fa-arrow-down\"><\/span>Baixar<\/span><\/a> <span class=\"textobaixar\"> 3 &#8211; tornar bela a pr\u00f3pria presen\u00e7a, mas sem prolong\u00e1-la<\/span><br \/>\n<span data-href=\"https:\/\/www.irdin.org.br\/site\/envios\/audios\/0019_0073__por_por__ter_compaixao_mas_nao_deplorar.mp3\" data-title=\"4 - ter compaix\u00e3o, mas n\u00e3o deplorar\" data-rel=\"\" data-target=\"\" data-meta=\"#fap-meta-69e16df8a6e5f\" class=\"fap-single-track fap-track-button fap-play-button\" data-enqueue=\"no\" data-autoenqueue=\"no\" title=\"4 - ter compaix\u00e3o, mas n\u00e3o deplorar\"><span class=\"fap-icon-play\"><\/span>Ouvir<\/span> <a href=\"https:\/\/www.irdin.org.br\/site\/envios\/audios\/0019_0073__por_por__ter_compaixao_mas_nao_deplorar.mp3\" class=\"baixar\"><span class=\"fa fa-arrow-down\"><\/span>Baixar<\/span><\/a> <span class=\"textobaixar\"> 4 &#8211; ter compaix\u00e3o, mas n\u00e3o deplorar<\/span><br \/>\n<span data-href=\"https:\/\/www.irdin.org.br\/site\/envios\/audios\/0019_0056__por_por__defender_mas_sem_gesticular_impassivelmente_afirmar_mas_sem_se_confundir_e_sem_se_envolver.mp3\" data-title=\"5 - defender, mas sem gesticular, impassivelmente \/ afirmar, mas sem se confundir e sem se envolver\" data-rel=\"\" data-target=\"\" data-meta=\"#fap-meta-69e16df8a6f52\" class=\"fap-single-track fap-track-button fap-play-button\" data-enqueue=\"no\" data-autoenqueue=\"no\" title=\"5 - defender, mas sem gesticular, impassivelmente \/ afirmar, mas sem se confundir e sem se envolver\"><span class=\"fap-icon-play\"><\/span>Ouvir<\/span> <a href=\"https:\/\/www.irdin.org.br\/site\/envios\/audios\/0019_0056__por_por__defender_mas_sem_gesticular_impassivelmente_afirmar_mas_sem_se_confundir_e_sem_se_envolver.mp3\" class=\"baixar\"><span class=\"fa fa-arrow-down\"><\/span>Baixar<\/span><\/a> <span class=\"textobaixar\"> 5 &#8211; defender, mas sem gesticular, impassivelmente \/ afirmar, mas sem se confundir e sem se envolver<\/span><br \/>\n<span data-href=\"https:\/\/www.irdin.org.br\/site\/envios\/audios\/0019_0042__por_por__advertir_mas_sem_retardar_golpear_se_necessario_mas_sem_ferir.mp3\" data-title=\"6 - advertir, mas sem retardar \/ golpear, se necess\u00e1rio, mas sem ferir\" data-rel=\"\" data-target=\"\" data-meta=\"#fap-meta-69e16df8a7047\" class=\"fap-single-track fap-track-button fap-play-button\" data-enqueue=\"no\" data-autoenqueue=\"no\" title=\"6 - advertir, mas sem retardar \/ golpear, se necess\u00e1rio, mas sem ferir\"><span class=\"fap-icon-play\"><\/span>Ouvir<\/span> <a href=\"https:\/\/www.irdin.org.br\/site\/envios\/audios\/0019_0042__por_por__advertir_mas_sem_retardar_golpear_se_necessario_mas_sem_ferir.mp3\" class=\"baixar\"><span class=\"fa fa-arrow-down\"><\/span>Baixar<\/span><\/a> <span class=\"textobaixar\"> 6 &#8211; advertir, mas sem retardar \/ golpear, se necess\u00e1rio, mas sem ferir<\/span><br \/>\n<span data-href=\"https:\/\/www.irdin.org.br\/site\/envios\/audios\/0019_0074__por_por__ponderar_mas_sem_mostrar_fraqueza.mp3\" data-title=\"7 - ponderar, mas sem mostrar fraqueza\" data-rel=\"\" data-target=\"\" data-meta=\"#fap-meta-69e16df8a712b\" class=\"fap-single-track fap-track-button fap-play-button\" data-enqueue=\"no\" data-autoenqueue=\"no\" title=\"7 - ponderar, mas sem mostrar fraqueza\"><span class=\"fap-icon-play\"><\/span>Ouvir<\/span> <a href=\"https:\/\/www.irdin.org.br\/site\/envios\/audios\/0019_0074__por_por__ponderar_mas_sem_mostrar_fraqueza.mp3\" class=\"baixar\"><span class=\"fa fa-arrow-down\"><\/span>Baixar<\/span><\/a> <span class=\"textobaixar\"> 7 &#8211; ponderar, mas sem mostrar fraqueza<\/span><br \/>\n<span data-href=\"https:\/\/www.irdin.org.br\/site\/envios\/audios\/0019_0082__por_por__cuidar_atenciosamente_mas_sem_incomodar.mp3\" data-title=\"8 - cuidar atenciosamente, mas sem incomodar\" data-rel=\"\" data-target=\"\" data-meta=\"#fap-meta-69e16df8a71f2\" class=\"fap-single-track fap-track-button fap-play-button\" data-enqueue=\"no\" data-autoenqueue=\"no\" title=\"8 - cuidar atenciosamente, mas sem incomodar\"><span class=\"fap-icon-play\"><\/span>Ouvir<\/span> <a href=\"https:\/\/www.irdin.org.br\/site\/envios\/audios\/0019_0082__por_por__cuidar_atenciosamente_mas_sem_incomodar.mp3\" class=\"baixar\"><span class=\"fa fa-arrow-down\"><\/span>Baixar<\/span><\/a> <span class=\"textobaixar\"> 8 &#8211; cuidar atenciosamente, mas sem incomodar<\/span><br \/>\n<span data-href=\"https:\/\/www.irdin.org.br\/site\/envios\/audios\/0019_0046__por_por__nada_temer_mas_ser_prudente.mp3\" data-title=\"9 - nada temer, mas ser prudente\" data-rel=\"\" data-target=\"\" data-meta=\"#fap-meta-69e16df8a72e8\" class=\"fap-single-track fap-track-button fap-play-button\" data-enqueue=\"no\" data-autoenqueue=\"no\" title=\"9 - nada temer, mas ser prudente\"><span class=\"fap-icon-play\"><\/span>Ouvir<\/span> <a href=\"https:\/\/www.irdin.org.br\/site\/envios\/audios\/0019_0046__por_por__nada_temer_mas_ser_prudente.mp3\" class=\"baixar\"><span class=\"fa fa-arrow-down\"><\/span>Baixar<\/span><\/a> <span class=\"textobaixar\"> 9 &#8211; nada temer, mas ser prudente<\/span><br \/>\n<span data-href=\"https:\/\/www.irdin.org.br\/site\/envios\/audios\/0019_0081__por_por__deixar_crescer_o_espirito_conscientemente.mp3\" data-title=\"10 - deixar crescer o esp\u00edrito, conscientemente\" data-rel=\"\" data-target=\"\" data-meta=\"#fap-meta-69e16df8a73c4\" class=\"fap-single-track fap-track-button fap-play-button\" data-enqueue=\"no\" data-autoenqueue=\"no\" title=\"10 - deixar crescer o esp\u00edrito, conscientemente\"><span class=\"fap-icon-play\"><\/span>Ouvir<\/span> <a href=\"https:\/\/www.irdin.org.br\/site\/envios\/audios\/0019_0081__por_por__deixar_crescer_o_espirito_conscientemente.mp3\" class=\"baixar\"><span class=\"fa fa-arrow-down\"><\/span>Baixar<\/span><\/a> <span class=\"textobaixar\"> 10 &#8211; deixar crescer o esp\u00edrito, conscientemente<\/span><\/p>\n<p>&nbsp;<\/p>\n","protected":false},"excerpt":{"rendered":"<p>Os Monast\u00e9rios da Ordem Gra\u00e7a Miseric\u00f3rdia correspondem a um estado de consci\u00eancia, uma realidade interna que se projeta na vida<\/p>\n","protected":false},"featured_media":7998,"template":"","meta":{"_acf_changed":false},"product_brand":[],"product_cat":[18076,33109],"product_tag":[39155],"class_list":{"0":"post-82890","1":"product","2":"type-product","3":"status-publish","4":"has-post-thumbnail","6":"product_cat-cddvd","7":"product_cat-colecoes","8":"product_tag-39155","9":"pa_autor-ordem-graca-misericordia","10":"pa_autor-trigueirinho","11":"pa_codigo-da-serie-24024","12":"pa_data-de-gravacao-19956","13":"pa_idioma-de-destino-portugues","14":"pa_lancamento-no","15":"pa_midia-cd","16":"pa_moac-39154","17":"pa_quantidade-de-saldo-33067","18":"pa_sequencial-da-serie-31883","19":"pa_tipo-de-traducao-nao-classificado","21":"first","22":"outofstock","23":"product-type-simple"},"acf":[],"_links":{"self":[{"href":"https:\/\/www.irdin.org.br\/site\/wp-json\/wp\/v2\/product\/82890","targetHints":{"allow":["GET"]}}],"collection":[{"href":"https:\/\/www.irdin.org.br\/site\/wp-json\/wp\/v2\/product"}],"about":[{"href":"https:\/\/www.irdin.org.br\/site\/wp-json\/wp\/v2\/types\/product"}],"version-history":[{"count":0,"href":"https:\/\/www.irdin.org.br\/site\/wp-json\/wp\/v2\/product\/82890\/revisions"}],"wp:featuredmedia":[{"embeddable":true,"href":"https:\/\/www.irdin.org.br\/site\/wp-json\/wp\/v2\/media\/7998"}],"wp:attachment":[{"href":"https:\/\/www.irdin.org.br\/site\/wp-json\/wp\/v2\/media?parent=82890"}],"wp:term":[{"taxonomy":"product_brand","embeddable":true,"href":"https:\/\/www.irdin.org.br\/site\/wp-json\/wp\/v2\/product_brand?post=82890"},{"taxonomy":"product_cat","embeddable":true,"href":"https:\/\/www.irdin.org.br\/site\/wp-json\/wp\/v2\/product_cat?post=82890"},{"taxonomy":"product_tag","embeddable":true,"href":"https:\/\/www.irdin.org.br\/site\/wp-json\/wp\/v2\/product_tag?post=82890"}],"curies":[{"name":"wp","href":"https:\/\/api.w.org\/{rel}","templated":true}]}}