{"id":82891,"date":"2018-04-26T18:12:51","date_gmt":"2018-04-26T18:12:51","guid":{"rendered":"http:\/\/www.irdin.org.br\/site\/produto\/atributos-dos-monasterios-igualdade-volume-2\/"},"modified":"2022-01-29T00:53:45","modified_gmt":"2022-01-29T00:53:45","slug":"atributos-dos-monasterios-igualdade-volume-2","status":"publish","type":"product","link":"https:\/\/www.irdin.org.br\/site\/produtos\/atributos-dos-monasterios-igualdade-volume-2\/","title":{"rendered":"Atributos dos Monast\u00e9rios &#8211; Igualdade &#8211; Volume 2"},"content":{"rendered":"<p>Os Monast\u00e9rios da Ordem Gra\u00e7a Miseric\u00f3rdia correspondem a um estado de consci\u00eancia, uma realidade interna que se projeta na vida externa. Esse estado de consci\u00eancia, a ser descoberto e aprofundado, \u00e9 composto de leis e tarefas expressas em sete grupos de doze atributos.<\/p>\n<p>&nbsp;<br \/>\n<strong>Faixas:<\/strong><\/p>\n<p><span data-href=\"https:\/\/www.irdin.org.br\/site\/envios\/audios\/0019_0057__por_por__despertar_para_o_universo_que_o_proprio_interior_guarda.mp3\" data-title=\"1 - despertar para o universo que o pr\u00f3prio interior guarda\" data-rel=\"\" data-target=\"\" data-meta=\"#fap-meta-69fa5844328fe\" class=\"fap-single-track fap-track-button fap-play-button\" data-enqueue=\"no\" data-autoenqueue=\"no\" title=\"1 - despertar para o universo que o pr\u00f3prio interior guarda\"><span class=\"fap-icon-play\"><\/span>Ouvir<\/span> <a href=\"https:\/\/www.irdin.org.br\/site\/envios\/audios\/0019_0057__por_por__despertar_para_o_universo_que_o_proprio_interior_guarda.mp3\" class=\"baixar\"><span class=\"fa fa-arrow-down\"><\/span>Baixar<\/span><\/a> <span class=\"textobaixar\"> 1 &#8211; despertar para o universo que o pr\u00f3prio interior guarda<\/span><br \/>\n<span data-href=\"https:\/\/www.irdin.org.br\/site\/envios\/audios\/0019_0017__por_por__cruzar_os_portais_do_grande_templo.mp3\" data-title=\"2 - cruzar os portais do grande templo\" data-rel=\"\" data-target=\"\" data-meta=\"#fap-meta-69fa5844329ec\" class=\"fap-single-track fap-track-button fap-play-button\" data-enqueue=\"no\" data-autoenqueue=\"no\" title=\"2 - cruzar os portais do grande templo\"><span class=\"fap-icon-play\"><\/span>Ouvir<\/span> <a href=\"https:\/\/www.irdin.org.br\/site\/envios\/audios\/0019_0017__por_por__cruzar_os_portais_do_grande_templo.mp3\" class=\"baixar\"><span class=\"fa fa-arrow-down\"><\/span>Baixar<\/span><\/a> <span class=\"textobaixar\"> 2 &#8211; cruzar os portais do grande templo<\/span><br \/>\n<span data-href=\"https:\/\/www.irdin.org.br\/site\/envios\/audios\/0019_0001__por_por__diante_da_chama_do_Esp\u00edrito_encontrar_se_na_morada_dos_puros.mp3\" data-title=\"3 - diante da chama do esp\u00edrito, encontrar-se na morada dos puros\" data-rel=\"\" data-target=\"\" data-meta=\"#fap-meta-69fa584432aac\" class=\"fap-single-track fap-track-button fap-play-button\" data-enqueue=\"no\" data-autoenqueue=\"no\" title=\"3 - diante da chama do esp\u00edrito, encontrar-se na morada dos puros\"><span class=\"fap-icon-play\"><\/span>Ouvir<\/span> <a href=\"https:\/\/www.irdin.org.br\/site\/envios\/audios\/0019_0001__por_por__diante_da_chama_do_Esp\u00edrito_encontrar_se_na_morada_dos_puros.mp3\" class=\"baixar\"><span class=\"fa fa-arrow-down\"><\/span>Baixar<\/span><\/a> <span class=\"textobaixar\"> 3 &#8211; diante da chama do esp\u00edrito, encontrar-se na morada dos puros<\/span><br \/>\n<span data-href=\"https:\/\/www.irdin.org.br\/site\/envios\/audios\/0019_0036__por_por__preservar_os_impulsos_cosmicos_para_a_elevacao.mp3\" data-title=\"4 - preservar os impulsos c\u00f3smicos para a eleva\u00e7\u00e3o\" data-rel=\"\" data-target=\"\" data-meta=\"#fap-meta-69fa584432b6f\" class=\"fap-single-track fap-track-button fap-play-button\" data-enqueue=\"no\" data-autoenqueue=\"no\" title=\"4 - preservar os impulsos c\u00f3smicos para a eleva\u00e7\u00e3o\"><span class=\"fap-icon-play\"><\/span>Ouvir<\/span> <a href=\"https:\/\/www.irdin.org.br\/site\/envios\/audios\/0019_0036__por_por__preservar_os_impulsos_cosmicos_para_a_elevacao.mp3\" class=\"baixar\"><span class=\"fa fa-arrow-down\"><\/span>Baixar<\/span><\/a> <span class=\"textobaixar\"> 4 &#8211; preservar os impulsos c\u00f3smicos para a eleva\u00e7\u00e3o<\/span><br \/>\n<span data-href=\"https:\/\/www.irdin.org.br\/site\/envios\/audios\/0019_0050__por_por__estar_totalmente_disposto_a_transformar_se.mp3\" data-title=\"5 - estar totalmente disposto a transformar-se\" data-rel=\"\" data-target=\"\" data-meta=\"#fap-meta-69fa584432bdf\" class=\"fap-single-track fap-track-button fap-play-button\" data-enqueue=\"no\" data-autoenqueue=\"no\" title=\"5 - estar totalmente disposto a transformar-se\"><span class=\"fap-icon-play\"><\/span>Ouvir<\/span> <a href=\"https:\/\/www.irdin.org.br\/site\/envios\/audios\/0019_0050__por_por__estar_totalmente_disposto_a_transformar_se.mp3\" class=\"baixar\"><span class=\"fa fa-arrow-down\"><\/span>Baixar<\/span><\/a> <span class=\"textobaixar\"> 5 &#8211; estar totalmente disposto a transformar-se<\/span><br \/>\n<span data-href=\"https:\/\/www.irdin.org.br\/site\/envios\/audios\/0019_0051__por_por__perceber_a_grande_consciencia.mp3\" data-title=\"6 - perceber a grande consci\u00eancia\" data-rel=\"\" data-target=\"\" data-meta=\"#fap-meta-69fa584432c48\" class=\"fap-single-track fap-track-button fap-play-button\" data-enqueue=\"no\" data-autoenqueue=\"no\" title=\"6 - perceber a grande consci\u00eancia\"><span class=\"fap-icon-play\"><\/span>Ouvir<\/span> <a href=\"https:\/\/www.irdin.org.br\/site\/envios\/audios\/0019_0051__por_por__perceber_a_grande_consciencia.mp3\" class=\"baixar\"><span class=\"fa fa-arrow-down\"><\/span>Baixar<\/span><\/a> <span class=\"textobaixar\"> 6 &#8211; perceber a grande consci\u00eancia<\/span><br \/>\n<span data-href=\"https:\/\/www.irdin.org.br\/site\/envios\/audios\/0019_0032__por_por__deixar_se_marcar_pelo_encontro_maior.mp3\" data-title=\"7 - deixar-se marcar pelo encontro maior\" data-rel=\"\" data-target=\"\" data-meta=\"#fap-meta-69fa584432caa\" class=\"fap-single-track fap-track-button fap-play-button\" data-enqueue=\"no\" data-autoenqueue=\"no\" title=\"7 - deixar-se marcar pelo encontro maior\"><span class=\"fap-icon-play\"><\/span>Ouvir<\/span> <a href=\"https:\/\/www.irdin.org.br\/site\/envios\/audios\/0019_0032__por_por__deixar_se_marcar_pelo_encontro_maior.mp3\" class=\"baixar\"><span class=\"fa fa-arrow-down\"><\/span>Baixar<\/span><\/a> <span class=\"textobaixar\"> 7 &#8211; deixar-se marcar pelo encontro maior<\/span><br \/>\n<span data-href=\"https:\/\/www.irdin.org.br\/site\/envios\/audios\/0019_0049__por_por__expressar_cerimonial_e_ritmo_de_maneira_cada_vez_mais_impessoal.mp3\" data-title=\"8 - expressar cerimonial e ritmo de maneira cada vez mais impessoal\" data-rel=\"\" data-target=\"\" data-meta=\"#fap-meta-69fa584432d33\" class=\"fap-single-track fap-track-button fap-play-button\" data-enqueue=\"no\" data-autoenqueue=\"no\" title=\"8 - expressar cerimonial e ritmo de maneira cada vez mais impessoal\"><span class=\"fap-icon-play\"><\/span>Ouvir<\/span> <a href=\"https:\/\/www.irdin.org.br\/site\/envios\/audios\/0019_0049__por_por__expressar_cerimonial_e_ritmo_de_maneira_cada_vez_mais_impessoal.mp3\" class=\"baixar\"><span class=\"fa fa-arrow-down\"><\/span>Baixar<\/span><\/a> <span class=\"textobaixar\"> 8 &#8211; expressar cerimonial e ritmo de maneira cada vez mais impessoal<\/span><br \/>\n<span data-href=\"https:\/\/www.irdin.org.br\/site\/envios\/audios\/0019_0008__por_por__descobrir_a_libertacao_no_cumprimento_obediente_de_cada_etapa.mp3\" data-title=\"9 - descobrir a liberta\u00e7\u00e3o no cumprimento obediente de cada etapa\" data-rel=\"\" data-target=\"\" data-meta=\"#fap-meta-69fa584432dc9\" class=\"fap-single-track fap-track-button fap-play-button\" data-enqueue=\"no\" data-autoenqueue=\"no\" title=\"9 - descobrir a liberta\u00e7\u00e3o no cumprimento obediente de cada etapa\"><span class=\"fap-icon-play\"><\/span>Ouvir<\/span> <a href=\"https:\/\/www.irdin.org.br\/site\/envios\/audios\/0019_0008__por_por__descobrir_a_libertacao_no_cumprimento_obediente_de_cada_etapa.mp3\" class=\"baixar\"><span class=\"fa fa-arrow-down\"><\/span>Baixar<\/span><\/a> <span class=\"textobaixar\"> 9 &#8211; descobrir a liberta\u00e7\u00e3o no cumprimento obediente de cada etapa<\/span><br \/>\n<span data-href=\"https:\/\/www.irdin.org.br\/site\/envios\/audios\/0019_0061__por_por__jamais_retroceder.mp3\" data-title=\"10 - jamais retroceder\" data-rel=\"\" data-target=\"\" data-meta=\"#fap-meta-69fa584432e25\" class=\"fap-single-track fap-track-button fap-play-button\" data-enqueue=\"no\" data-autoenqueue=\"no\" title=\"10 - jamais retroceder\"><span class=\"fap-icon-play\"><\/span>Ouvir<\/span> <a href=\"https:\/\/www.irdin.org.br\/site\/envios\/audios\/0019_0061__por_por__jamais_retroceder.mp3\" class=\"baixar\"><span class=\"fa fa-arrow-down\"><\/span>Baixar<\/span><\/a> <span class=\"textobaixar\"> 10 &#8211; jamais retroceder<\/span><br \/>\n<span data-href=\"https:\/\/www.irdin.org.br\/site\/envios\/audios\/0019_0076__por_por__ser_portador_da_realidade_imaterial.mp3\" data-title=\"11 - ser portador da realidade imaterial\" data-rel=\"\" data-target=\"\" data-meta=\"#fap-meta-69fa584432eb4\" class=\"fap-single-track fap-track-button fap-play-button\" data-enqueue=\"no\" data-autoenqueue=\"no\" title=\"11 - ser portador da realidade imaterial\"><span class=\"fap-icon-play\"><\/span>Ouvir<\/span> <a href=\"https:\/\/www.irdin.org.br\/site\/envios\/audios\/0019_0076__por_por__ser_portador_da_realidade_imaterial.mp3\" class=\"baixar\"><span class=\"fa fa-arrow-down\"><\/span>Baixar<\/span><\/a> <span class=\"textobaixar\"> 11 &#8211; ser portador da realidade imaterial<\/span><br \/>\n<span data-href=\"https:\/\/www.irdin.org.br\/site\/envios\/audios\/0019_0026__por_por__depois_de_abencoado_abencoar.mp3\" data-title=\"12 - depois de aben\u00e7oado, aben\u00e7oar\" data-rel=\"\" data-target=\"\" data-meta=\"#fap-meta-69fa584432f32\" class=\"fap-single-track fap-track-button fap-play-button\" data-enqueue=\"no\" data-autoenqueue=\"no\" title=\"12 - depois de aben\u00e7oado, aben\u00e7oar\"><span class=\"fap-icon-play\"><\/span>Ouvir<\/span> <a href=\"https:\/\/www.irdin.org.br\/site\/envios\/audios\/0019_0026__por_por__depois_de_abencoado_abencoar.mp3\" class=\"baixar\"><span class=\"fa fa-arrow-down\"><\/span>Baixar<\/span><\/a> <span class=\"textobaixar\"> 12 &#8211; depois de aben\u00e7oado, aben\u00e7oar<\/span><\/p>\n<p>&nbsp;<\/p>\n","protected":false},"excerpt":{"rendered":"<p>Os Monast\u00e9rios da Ordem Gra\u00e7a Miseric\u00f3rdia correspondem a um estado de consci\u00eancia, uma realidade interna que se projeta na vida<\/p>\n","protected":false},"featured_media":7988,"template":"","meta":{"_acf_changed":false},"product_brand":[],"product_cat":[18076,33109],"product_tag":[39157],"class_list":{"0":"post-82891","1":"product","2":"type-product","3":"status-publish","4":"has-post-thumbnail","6":"product_cat-cddvd","7":"product_cat-colecoes","8":"product_tag-39157","9":"pa_autor-ordem-graca-misericordia","10":"pa_autor-trigueirinho","11":"pa_codigo-da-serie-24024","12":"pa_data-de-gravacao-19903","13":"pa_idioma-de-destino-portugues","14":"pa_lancamento-no","15":"pa_midia-cd","16":"pa_moac-39156","17":"pa_quantidade-de-saldo-33067","18":"pa_sequencial-da-serie-31878","19":"pa_tipo-de-traducao-nao-classificado","21":"first","22":"outofstock","23":"product-type-simple"},"acf":[],"_links":{"self":[{"href":"https:\/\/www.irdin.org.br\/site\/wp-json\/wp\/v2\/product\/82891","targetHints":{"allow":["GET"]}}],"collection":[{"href":"https:\/\/www.irdin.org.br\/site\/wp-json\/wp\/v2\/product"}],"about":[{"href":"https:\/\/www.irdin.org.br\/site\/wp-json\/wp\/v2\/types\/product"}],"version-history":[{"count":0,"href":"https:\/\/www.irdin.org.br\/site\/wp-json\/wp\/v2\/product\/82891\/revisions"}],"wp:featuredmedia":[{"embeddable":true,"href":"https:\/\/www.irdin.org.br\/site\/wp-json\/wp\/v2\/media\/7988"}],"wp:attachment":[{"href":"https:\/\/www.irdin.org.br\/site\/wp-json\/wp\/v2\/media?parent=82891"}],"wp:term":[{"taxonomy":"product_brand","embeddable":true,"href":"https:\/\/www.irdin.org.br\/site\/wp-json\/wp\/v2\/product_brand?post=82891"},{"taxonomy":"product_cat","embeddable":true,"href":"https:\/\/www.irdin.org.br\/site\/wp-json\/wp\/v2\/product_cat?post=82891"},{"taxonomy":"product_tag","embeddable":true,"href":"https:\/\/www.irdin.org.br\/site\/wp-json\/wp\/v2\/product_tag?post=82891"}],"curies":[{"name":"wp","href":"https:\/\/api.w.org\/{rel}","templated":true}]}}