{"id":82892,"date":"2018-04-26T18:12:51","date_gmt":"2018-04-26T18:12:51","guid":{"rendered":"http:\/\/www.irdin.org.br\/site\/produto\/atributos-dos-monasterios-transcendencia-volume-3\/"},"modified":"2022-01-29T00:54:03","modified_gmt":"2022-01-29T00:54:03","slug":"atributos-dos-monasterios-transcendencia-volume-3","status":"publish","type":"product","link":"https:\/\/www.irdin.org.br\/site\/produtos\/atributos-dos-monasterios-transcendencia-volume-3\/","title":{"rendered":"Atributos dos Monast\u00e9rios &#8211; Transcend\u00eancia &#8211; Volume 3"},"content":{"rendered":"<p>Os Monast\u00e9rios da Ordem Gra\u00e7a Miseric\u00f3rdia correspondem a um estado de consci\u00eancia, uma realidade interna que se projeta na vida externa. Esse estado de consci\u00eancia, a ser descoberto e aprofundado, \u00e9 composto de leis e tarefas expressas em sete grupos de doze atributos.<\/p>\n<p>&nbsp;<br \/>\n<strong>Faixas:<\/strong><\/p>\n<p><span data-href=\"https:\/\/www.irdin.org.br\/site\/envios\/audios\/0019_0023__por_por__escavar_ate_encontrar_a_fonte.mp3\" data-title=\"1 - escavar at\u00e9 encontrar a fonte\" data-rel=\"\" data-target=\"\" data-meta=\"#fap-meta-69f3cc4a3fb73\" class=\"fap-single-track fap-track-button fap-play-button\" data-enqueue=\"no\" data-autoenqueue=\"no\" title=\"1 - escavar at\u00e9 encontrar a fonte\"><span class=\"fap-icon-play\"><\/span>Ouvir<\/span> <a href=\"https:\/\/www.irdin.org.br\/site\/envios\/audios\/0019_0023__por_por__escavar_ate_encontrar_a_fonte.mp3\" class=\"baixar\"><span class=\"fa fa-arrow-down\"><\/span>Baixar<\/span><\/a> <span class=\"textobaixar\"> 1 &#8211; escavar at\u00e9 encontrar a fonte<\/span><br \/>\n<span data-href=\"https:\/\/www.irdin.org.br\/site\/envios\/audios\/0019_0060__por_por__decidido_dirigir_se_ao_seu_destino.mp3\" data-title=\"2 - decidido, dirigir-se ao seu destino\" data-rel=\"\" data-target=\"\" data-meta=\"#fap-meta-69f3cc4a3fc7f\" class=\"fap-single-track fap-track-button fap-play-button\" data-enqueue=\"no\" data-autoenqueue=\"no\" title=\"2 - decidido, dirigir-se ao seu destino\"><span class=\"fap-icon-play\"><\/span>Ouvir<\/span> <a href=\"https:\/\/www.irdin.org.br\/site\/envios\/audios\/0019_0060__por_por__decidido_dirigir_se_ao_seu_destino.mp3\" class=\"baixar\"><span class=\"fa fa-arrow-down\"><\/span>Baixar<\/span><\/a> <span class=\"textobaixar\"> 2 &#8211; decidido, dirigir-se ao seu destino<\/span><br \/>\n<span data-href=\"https:\/\/www.irdin.org.br\/site\/envios\/audios\/0019_0014__por_por__penetrar_com_coragem_o_misterio_do_trajeto.mp3\" data-title=\"3 - penetrar com coragem o mist\u00e9rio do trajeto\" data-rel=\"\" data-target=\"\" data-meta=\"#fap-meta-69f3cc4a3fd92\" class=\"fap-single-track fap-track-button fap-play-button\" data-enqueue=\"no\" data-autoenqueue=\"no\" title=\"3 - penetrar com coragem o mist\u00e9rio do trajeto\"><span class=\"fap-icon-play\"><\/span>Ouvir<\/span> <a href=\"https:\/\/www.irdin.org.br\/site\/envios\/audios\/0019_0014__por_por__penetrar_com_coragem_o_misterio_do_trajeto.mp3\" class=\"baixar\"><span class=\"fa fa-arrow-down\"><\/span>Baixar<\/span><\/a> <span class=\"textobaixar\"> 3 &#8211; penetrar com coragem o mist\u00e9rio do trajeto<\/span><br \/>\n<span data-href=\"https:\/\/www.irdin.org.br\/site\/envios\/audios\/0019_0005__por_por__aprender_a_linguagem_das_estrelas.mp3\" data-title=\"4 - aprender a linguagem das estrelas\" data-rel=\"\" data-target=\"\" data-meta=\"#fap-meta-69f3cc4a3fe72\" class=\"fap-single-track fap-track-button fap-play-button\" data-enqueue=\"no\" data-autoenqueue=\"no\" title=\"4 - aprender a linguagem das estrelas\"><span class=\"fap-icon-play\"><\/span>Ouvir<\/span> <a href=\"https:\/\/www.irdin.org.br\/site\/envios\/audios\/0019_0005__por_por__aprender_a_linguagem_das_estrelas.mp3\" class=\"baixar\"><span class=\"fa fa-arrow-down\"><\/span>Baixar<\/span><\/a> <span class=\"textobaixar\"> 4 &#8211; aprender a linguagem das estrelas<\/span><br \/>\n<span data-href=\"https:\/\/www.irdin.org.br\/site\/envios\/audios\/0019_0022__por_por__no_proprio_coracao_jamais_deixar_que_o_sol_decline.mp3\" data-title=\"5 - no pr\u00f3prio cora\u00e7\u00e3o, jamais deixar que o sol decline\" data-rel=\"\" data-target=\"\" data-meta=\"#fap-meta-69f3cc4a3ffaa\" class=\"fap-single-track fap-track-button fap-play-button\" data-enqueue=\"no\" data-autoenqueue=\"no\" title=\"5 - no pr\u00f3prio cora\u00e7\u00e3o, jamais deixar que o sol decline\"><span class=\"fap-icon-play\"><\/span>Ouvir<\/span> <a href=\"https:\/\/www.irdin.org.br\/site\/envios\/audios\/0019_0022__por_por__no_proprio_coracao_jamais_deixar_que_o_sol_decline.mp3\" class=\"baixar\"><span class=\"fa fa-arrow-down\"><\/span>Baixar<\/span><\/a> <span class=\"textobaixar\"> 5 &#8211; no pr\u00f3prio cora\u00e7\u00e3o, jamais deixar que o sol decline<\/span><br \/>\n<span data-href=\"https:\/\/www.irdin.org.br\/site\/envios\/audios\/0019_0011__por_por__perceber_se_parte_do_infinito.mp3\" data-title=\"6 - perceber-se parte do infinito\" data-rel=\"\" data-target=\"\" data-meta=\"#fap-meta-69f3cc4a400a4\" class=\"fap-single-track fap-track-button fap-play-button\" data-enqueue=\"no\" data-autoenqueue=\"no\" title=\"6 - perceber-se parte do infinito\"><span class=\"fap-icon-play\"><\/span>Ouvir<\/span> <a href=\"https:\/\/www.irdin.org.br\/site\/envios\/audios\/0019_0011__por_por__perceber_se_parte_do_infinito.mp3\" class=\"baixar\"><span class=\"fa fa-arrow-down\"><\/span>Baixar<\/span><\/a> <span class=\"textobaixar\"> 6 &#8211; perceber-se parte do infinito<\/span><br \/>\n<span data-href=\"https:\/\/www.irdin.org.br\/site\/envios\/audios\/0019_0045__por_por__ter_como_unica_companhia_a_essencia_das_estrelas_mais_distantes.mp3\" data-title=\"7 - ter como \u00fanica companhia a ess\u00eancia das estrelas mais distantes\" data-rel=\"\" data-target=\"\" data-meta=\"#fap-meta-69f3cc4a401b0\" class=\"fap-single-track fap-track-button fap-play-button\" data-enqueue=\"no\" data-autoenqueue=\"no\" title=\"7 - ter como \u00fanica companhia a ess\u00eancia das estrelas mais distantes\"><span class=\"fap-icon-play\"><\/span>Ouvir<\/span> <a href=\"https:\/\/www.irdin.org.br\/site\/envios\/audios\/0019_0045__por_por__ter_como_unica_companhia_a_essencia_das_estrelas_mais_distantes.mp3\" class=\"baixar\"><span class=\"fa fa-arrow-down\"><\/span>Baixar<\/span><\/a> <span class=\"textobaixar\"> 7 &#8211; ter como \u00fanica companhia a ess\u00eancia das estrelas mais distantes<\/span><br \/>\n<span data-href=\"https:\/\/www.irdin.org.br\/site\/envios\/audios\/0019_0077__por_por__esquecer_o_caminho.mp3\" data-title=\"8 - esquecer o caminho\" data-rel=\"\" data-target=\"\" data-meta=\"#fap-meta-69f3cc4a40227\" class=\"fap-single-track fap-track-button fap-play-button\" data-enqueue=\"no\" data-autoenqueue=\"no\" title=\"8 - esquecer o caminho\"><span class=\"fap-icon-play\"><\/span>Ouvir<\/span> <a href=\"https:\/\/www.irdin.org.br\/site\/envios\/audios\/0019_0077__por_por__esquecer_o_caminho.mp3\" class=\"baixar\"><span class=\"fa fa-arrow-down\"><\/span>Baixar<\/span><\/a> <span class=\"textobaixar\"> 8 &#8211; esquecer o caminho<\/span><br \/>\n<span data-href=\"https:\/\/www.irdin.org.br\/site\/envios\/audios\/0019_0003__por_por__manter_a_tempera_que_leva_a_perfeicao.mp3\" data-title=\"9 - manter a t\u00eampera que leva \u00e0 perfei\u00e7\u00e3o\" data-rel=\"\" data-target=\"\" data-meta=\"#fap-meta-69f3cc4a402a1\" class=\"fap-single-track fap-track-button fap-play-button\" data-enqueue=\"no\" data-autoenqueue=\"no\" title=\"9 - manter a t\u00eampera que leva \u00e0 perfei\u00e7\u00e3o\"><span class=\"fap-icon-play\"><\/span>Ouvir<\/span> <a href=\"https:\/\/www.irdin.org.br\/site\/envios\/audios\/0019_0003__por_por__manter_a_tempera_que_leva_a_perfeicao.mp3\" class=\"baixar\"><span class=\"fa fa-arrow-down\"><\/span>Baixar<\/span><\/a> <span class=\"textobaixar\"> 9 &#8211; manter a t\u00eampera que leva \u00e0 perfei\u00e7\u00e3o<\/span><br \/>\n<span data-href=\"https:\/\/www.irdin.org.br\/site\/envios\/audios\/0019_0021__por_por__nao_perceber_quando_os_pes_ja_nao_tocarem_o_solo.mp3\" data-title=\"10 - n\u00e3o perceber quando os p\u00e9s j\u00e1 n\u00e3o tocarem o solo\" data-rel=\"\" data-target=\"\" data-meta=\"#fap-meta-69f3cc4a4033c\" class=\"fap-single-track fap-track-button fap-play-button\" data-enqueue=\"no\" data-autoenqueue=\"no\" title=\"10 - n\u00e3o perceber quando os p\u00e9s j\u00e1 n\u00e3o tocarem o solo\"><span class=\"fap-icon-play\"><\/span>Ouvir<\/span> <a href=\"https:\/\/www.irdin.org.br\/site\/envios\/audios\/0019_0021__por_por__nao_perceber_quando_os_pes_ja_nao_tocarem_o_solo.mp3\" class=\"baixar\"><span class=\"fa fa-arrow-down\"><\/span>Baixar<\/span><\/a> <span class=\"textobaixar\"> 10 &#8211; n\u00e3o perceber quando os p\u00e9s j\u00e1 n\u00e3o tocarem o solo<\/span><br \/>\n<span data-href=\"https:\/\/www.irdin.org.br\/site\/envios\/audios\/0019_0012__por_por__reconhecer_quando_sirius_os_enviar_os_que_estiveram_presentes_no_principio.mp3\" data-title=\"11 - reconhecer, quando sirius os enviar, os que estiveram presentes no princ\u00edpio\" data-rel=\"\" data-target=\"\" data-meta=\"#fap-meta-69f3cc4a40405\" class=\"fap-single-track fap-track-button fap-play-button\" data-enqueue=\"no\" data-autoenqueue=\"no\" title=\"11 - reconhecer, quando sirius os enviar, os que estiveram presentes no princ\u00edpio\"><span class=\"fap-icon-play\"><\/span>Ouvir<\/span> <a href=\"https:\/\/www.irdin.org.br\/site\/envios\/audios\/0019_0012__por_por__reconhecer_quando_sirius_os_enviar_os_que_estiveram_presentes_no_principio.mp3\" class=\"baixar\"><span class=\"fa fa-arrow-down\"><\/span>Baixar<\/span><\/a> <span class=\"textobaixar\"> 11 &#8211; reconhecer, quando sirius os enviar, os que estiveram presentes no princ\u00edpio<\/span><br \/>\n<span data-href=\"https:\/\/www.irdin.org.br\/site\/envios\/audios\/0019_0006__por_por__sem_nome_sem_morada_ser_verdadeiro_aos_olhos_do_grande_conclave.mp3\" data-title=\"12 - sem nome, sem morada, ser verdadeiro aos olhos do grande conclave\" data-rel=\"\" data-target=\"\" data-meta=\"#fap-meta-69f3cc4a404df\" class=\"fap-single-track fap-track-button fap-play-button\" data-enqueue=\"no\" data-autoenqueue=\"no\" title=\"12 - sem nome, sem morada, ser verdadeiro aos olhos do grande conclave\"><span class=\"fap-icon-play\"><\/span>Ouvir<\/span> <a href=\"https:\/\/www.irdin.org.br\/site\/envios\/audios\/0019_0006__por_por__sem_nome_sem_morada_ser_verdadeiro_aos_olhos_do_grande_conclave.mp3\" class=\"baixar\"><span class=\"fa fa-arrow-down\"><\/span>Baixar<\/span><\/a> <span class=\"textobaixar\"> 12 &#8211; sem nome, sem morada, ser verdadeiro aos olhos do grande conclave<\/span><\/p>\n<p>&nbsp;<\/p>\n","protected":false},"excerpt":{"rendered":"<p>Os Monast\u00e9rios da Ordem Gra\u00e7a Miseric\u00f3rdia correspondem a um estado de consci\u00eancia, uma realidade interna que se projeta na vida<\/p>\n","protected":false},"featured_media":7990,"template":"","meta":{"_acf_changed":false},"product_brand":[],"product_cat":[18076,33109],"product_tag":[39159],"class_list":{"0":"post-82892","1":"product","2":"type-product","3":"status-publish","4":"has-post-thumbnail","6":"product_cat-cddvd","7":"product_cat-colecoes","8":"product_tag-39159","9":"pa_autor-ordem-graca-misericordia","10":"pa_autor-trigueirinho","11":"pa_codigo-da-serie-24024","12":"pa_data-de-gravacao-19911","13":"pa_idioma-de-destino-portugues","14":"pa_lancamento-no","15":"pa_midia-cd","16":"pa_moac-39158","17":"pa_quantidade-de-saldo-33067","18":"pa_sequencial-da-serie-31879","19":"pa_tipo-de-traducao-nao-classificado","21":"first","22":"outofstock","23":"product-type-simple"},"acf":[],"_links":{"self":[{"href":"https:\/\/www.irdin.org.br\/site\/wp-json\/wp\/v2\/product\/82892","targetHints":{"allow":["GET"]}}],"collection":[{"href":"https:\/\/www.irdin.org.br\/site\/wp-json\/wp\/v2\/product"}],"about":[{"href":"https:\/\/www.irdin.org.br\/site\/wp-json\/wp\/v2\/types\/product"}],"version-history":[{"count":0,"href":"https:\/\/www.irdin.org.br\/site\/wp-json\/wp\/v2\/product\/82892\/revisions"}],"wp:featuredmedia":[{"embeddable":true,"href":"https:\/\/www.irdin.org.br\/site\/wp-json\/wp\/v2\/media\/7990"}],"wp:attachment":[{"href":"https:\/\/www.irdin.org.br\/site\/wp-json\/wp\/v2\/media?parent=82892"}],"wp:term":[{"taxonomy":"product_brand","embeddable":true,"href":"https:\/\/www.irdin.org.br\/site\/wp-json\/wp\/v2\/product_brand?post=82892"},{"taxonomy":"product_cat","embeddable":true,"href":"https:\/\/www.irdin.org.br\/site\/wp-json\/wp\/v2\/product_cat?post=82892"},{"taxonomy":"product_tag","embeddable":true,"href":"https:\/\/www.irdin.org.br\/site\/wp-json\/wp\/v2\/product_tag?post=82892"}],"curies":[{"name":"wp","href":"https:\/\/api.w.org\/{rel}","templated":true}]}}