{"id":82895,"date":"2018-04-26T18:12:51","date_gmt":"2018-04-26T18:12:51","guid":{"rendered":"http:\/\/www.irdin.org.br\/site\/produto\/a-mae-do-mundo-volume-2\/"},"modified":"2025-03-15T23:40:45","modified_gmt":"2025-03-15T23:40:45","slug":"a-mae-do-mundo-volume-2","status":"publish","type":"product","link":"https:\/\/www.irdin.org.br\/site\/produtos\/a-mae-do-mundo-volume-2\/","title":{"rendered":"A M\u00e3e do Mundo &#8211; Volume 2"},"content":{"rendered":"<p>4\u00aa Parte: Na simplicidade, encontramos os portais abertos para a \u00e9poca da M\u00e3e do Mundo. Com a M\u00e3e presente, e se manifestando, vir\u00e1 a compreens\u00e3o do esp\u00edrito e isso mudar\u00e1 completamente a vida no planeta. Ela nos deixa como exerc\u00edcio a ora\u00e7\u00e3o contemplativa, ou seja, colocarmos o cora\u00e7\u00e3o, a mente e o esp\u00edrito em Deus. 5\u00aa Parte: A M\u00e3e do Mundo, em suas in\u00fameras manifesta\u00e7\u00f5es durante os s\u00e9culos, vem trazendo impulsos que podem mudar o rumo de nossas vidas. Na ess\u00eancia das mensagens da M\u00e3e est\u00e1 a ora\u00e7\u00e3o e o sil\u00eancio no cora\u00e7\u00e3o. Ter\u00edamos que chegar a isso, com total dedica\u00e7\u00e3o e decis\u00e3o de nossa parte. Esta quinta parte completa-se com respostas \u00e0s perguntas enviadas ap\u00f3s a realiza\u00e7\u00e3o das demais palestras desta S\u00e9rie.<\/p>\n<p>&nbsp;<br \/>\n<strong>Faixas:<\/strong><\/p>\n<p><span data-href=\"https:\/\/www.irdin.org.br\/site\/envios\/audios\/2825_0004__por_por__a_mae_do_mundo_4_parte.mp3\" data-title=\"1 - a m\u00e3e do mundo - 4\u00aa parte\" data-rel=\"\" data-target=\"\" data-meta=\"#fap-meta-69e72f29708f6\" class=\"fap-single-track fap-track-button fap-play-button\" data-enqueue=\"no\" data-autoenqueue=\"no\" title=\"1 - a m\u00e3e do mundo - 4\u00aa parte\"><span class=\"fap-icon-play\"><\/span>Ouvir<\/span> <a href=\"https:\/\/www.irdin.org.br\/site\/envios\/audios\/2825_0004__por_por__a_mae_do_mundo_4_parte.mp3\" class=\"baixar\"><span class=\"fa fa-arrow-down\"><\/span>Baixar<\/span><\/a> <span class=\"textobaixar\"> 1 &#8211; a m\u00e3e do mundo &#8211; 4\u00aa parte<\/span><br \/>\n<span data-href=\"https:\/\/www.irdin.org.br\/site\/envios\/audios\/2825_0005__por_por__a_mae_do_mundo_5_parte_conclusao.mp3\" data-title=\"2 - a m\u00e3e do mundo - 5\u00aa parte - conclus\u00e3o\" data-rel=\"\" data-target=\"\" data-meta=\"#fap-meta-69e72f29709d1\" class=\"fap-single-track fap-track-button fap-play-button\" data-enqueue=\"no\" data-autoenqueue=\"no\" title=\"2 - a m\u00e3e do mundo - 5\u00aa parte - conclus\u00e3o\"><span class=\"fap-icon-play\"><\/span>Ouvir<\/span> <a href=\"https:\/\/www.irdin.org.br\/site\/envios\/audios\/2825_0005__por_por__a_mae_do_mundo_5_parte_conclusao.mp3\" class=\"baixar\"><span class=\"fa fa-arrow-down\"><\/span>Baixar<\/span><\/a> <span class=\"textobaixar\"> 2 &#8211; a m\u00e3e do mundo &#8211; 5\u00aa parte &#8211; conclus\u00e3o<\/span><\/p>\n<p>&nbsp;<\/p>\n","protected":false},"excerpt":{"rendered":"<p>4\u00aa Parte: Na simplicidade, encontramos os portais abertos para a \u00e9poca da M\u00e3e do Mundo. Com a M\u00e3e presente, e<\/p>\n","protected":false},"featured_media":7924,"template":"","meta":{"_acf_changed":false},"product_brand":[],"product_cat":[18076,33109],"product_tag":[39165],"class_list":{"0":"post-82895","1":"product","2":"type-product","3":"status-publish","4":"has-post-thumbnail","6":"product_cat-cddvd","7":"product_cat-colecoes","8":"product_tag-39165","9":"pa_autor-trigueirinho","10":"pa_codigo-da-serie-33116","11":"pa_data-de-gravacao-23862","12":"pa_idioma-de-destino-portugues","13":"pa_lancamento-no","14":"pa_midia-cd","15":"pa_moac-39164","16":"pa_quantidade-de-saldo-33067","17":"pa_sequencial-da-serie-31882","18":"pa_tipo-de-traducao-nao-classificado","20":"first","21":"outofstock","22":"product-type-simple"},"acf":[],"_links":{"self":[{"href":"https:\/\/www.irdin.org.br\/site\/wp-json\/wp\/v2\/product\/82895","targetHints":{"allow":["GET"]}}],"collection":[{"href":"https:\/\/www.irdin.org.br\/site\/wp-json\/wp\/v2\/product"}],"about":[{"href":"https:\/\/www.irdin.org.br\/site\/wp-json\/wp\/v2\/types\/product"}],"version-history":[{"count":1,"href":"https:\/\/www.irdin.org.br\/site\/wp-json\/wp\/v2\/product\/82895\/revisions"}],"predecessor-version":[{"id":106712,"href":"https:\/\/www.irdin.org.br\/site\/wp-json\/wp\/v2\/product\/82895\/revisions\/106712"}],"wp:featuredmedia":[{"embeddable":true,"href":"https:\/\/www.irdin.org.br\/site\/wp-json\/wp\/v2\/media\/7924"}],"wp:attachment":[{"href":"https:\/\/www.irdin.org.br\/site\/wp-json\/wp\/v2\/media?parent=82895"}],"wp:term":[{"taxonomy":"product_brand","embeddable":true,"href":"https:\/\/www.irdin.org.br\/site\/wp-json\/wp\/v2\/product_brand?post=82895"},{"taxonomy":"product_cat","embeddable":true,"href":"https:\/\/www.irdin.org.br\/site\/wp-json\/wp\/v2\/product_cat?post=82895"},{"taxonomy":"product_tag","embeddable":true,"href":"https:\/\/www.irdin.org.br\/site\/wp-json\/wp\/v2\/product_tag?post=82895"}],"curies":[{"name":"wp","href":"https:\/\/api.w.org\/{rel}","templated":true}]}}