{"id":82897,"date":"2018-04-26T18:12:51","date_gmt":"2018-04-26T18:12:51","guid":{"rendered":"http:\/\/www.irdin.org.br\/site\/produto\/misericordia-maria-disco-2\/"},"modified":"2024-02-26T13:33:41","modified_gmt":"2024-02-26T13:33:41","slug":"album-misericordia-maria","status":"publish","type":"product","link":"https:\/\/www.irdin.org.br\/site\/produtos\/album-misericordia-maria\/","title":{"rendered":"\u00c1lbum Misericordia Mar\u00eda"},"content":{"rendered":"<p>Este \u00e1lbum es fruto de una respuesta al llamado de Mar\u00eda, nuestra Madre Divina, para que oremos con el coraz\u00f3n abierto.<br \/>\nLa m\u00fasica y el canto espont\u00e1neos son formas de expresar la pureza original, por medio de la armon\u00eda y de la palabra con ritmo.<br \/>\nEs la voz que sale del alma en direcci\u00f3n a lo Alto, una oraci\u00f3n que busca a las estrellas. As\u00ed&#8230;<\/p>\n<p>&#8230; OREMOS, EN ALABANZA Y AL UN\u00cdSONO, POR LA PAZ EN ESTE PLANETA.<\/p>\n<p>M\u00daSICA DE LAS COMUNIDADES-LUZ<\/p>\n<p>&nbsp;<br \/>\n<strong>Faixas:<\/strong><\/p>\n<p><span data-href=\"https:\/\/www.irdin.org.br\/site\/envios\/audios\/2838_0001__por_por__ave_luminosa.mp3\" data-title=\"01 - Ave Luminosa\" data-rel=\"\" data-target=\"\" data-meta=\"#fap-meta-69e2d42771ed2\" class=\"fap-single-track fap-track-button fap-play-button\" data-enqueue=\"no\" data-autoenqueue=\"no\" title=\"01 - Ave Luminosa\"><span class=\"fap-icon-play\"><\/span>Ouvir<\/span> <a href=\"https:\/\/www.irdin.org.br\/site\/envios\/audios\/2838_0001__por_por__ave_luminosa.mp3\" class=\"baixar\" download><span class=\"fa fa-arrow-down\"><\/span>Baixar<\/span><\/a> <span class=\"textobaixar\"> 01 &#8211; Ave Luminosa<\/span><br \/>\n<span data-href=\"https:\/\/www.irdin.org.br\/site\/envios\/audios\/2838_0002__spa_spa__revelaciones_en_aurora.mp3\" data-title=\"02 - Revelaciones en Aurora\" data-rel=\"\" data-target=\"\" data-meta=\"#fap-meta-69e2d42771f9d\" class=\"fap-single-track fap-track-button fap-play-button\" data-enqueue=\"no\" data-autoenqueue=\"no\" title=\"02 - Revelaciones en Aurora\"><span class=\"fap-icon-play\"><\/span>Ouvir<\/span> <a href=\"https:\/\/www.irdin.org.br\/site\/envios\/audios\/2838_0002__spa_spa__revelaciones_en_aurora.mp3\" class=\"baixar\" download><span class=\"fa fa-arrow-down\"><\/span>Baixar<\/span><\/a> <span class=\"textobaixar\"> 02 &#8211; Revelaciones en Aurora<\/span><br \/>\n<span data-href=\"https:\/\/www.irdin.org.br\/site\/envios\/audios\/2838_0003__por_por__encontro_com_maria_no_coracao.mp3\" data-title=\"03 - Encontro com Maria no cora\u00e7\u00e3o\" data-rel=\"\" data-target=\"\" data-meta=\"#fap-meta-69e2d42772074\" class=\"fap-single-track fap-track-button fap-play-button\" data-enqueue=\"no\" data-autoenqueue=\"no\" title=\"03 - Encontro com Maria no cora\u00e7\u00e3o\"><span class=\"fap-icon-play\"><\/span>Ouvir<\/span> <a href=\"https:\/\/www.irdin.org.br\/site\/envios\/audios\/2838_0003__por_por__encontro_com_maria_no_coracao.mp3\" class=\"baixar\" download><span class=\"fa fa-arrow-down\"><\/span>Baixar<\/span><\/a> <span class=\"textobaixar\"> 03 &#8211; Encontro com Maria no cora\u00e7\u00e3o<\/span><br \/>\n<span data-href=\"https:\/\/www.irdin.org.br\/site\/envios\/audios\/2838_0004__spa_spa__madre_escucha.mp3\" data-title=\"04 - Madre escucha\" data-rel=\"\" data-target=\"\" data-meta=\"#fap-meta-69e2d42772126\" class=\"fap-single-track fap-track-button fap-play-button\" data-enqueue=\"no\" data-autoenqueue=\"no\" title=\"04 - Madre escucha\"><span class=\"fap-icon-play\"><\/span>Ouvir<\/span> <a href=\"https:\/\/www.irdin.org.br\/site\/envios\/audios\/2838_0004__spa_spa__madre_escucha.mp3\" class=\"baixar\" download><span class=\"fa fa-arrow-down\"><\/span>Baixar<\/span><\/a> <span class=\"textobaixar\"> 04 &#8211; Madre escucha<\/span><br \/>\n<span data-href=\"https:\/\/www.irdin.org.br\/site\/envios\/audios\/2838_0005__spa_spa__faces_de_la_madre_divina.mp3\" data-title=\"05 - Faces de la Madre Divina\" data-rel=\"\" data-target=\"\" data-meta=\"#fap-meta-69e2d427721de\" class=\"fap-single-track fap-track-button fap-play-button\" data-enqueue=\"no\" data-autoenqueue=\"no\" title=\"05 - Faces de la Madre Divina\"><span class=\"fap-icon-play\"><\/span>Ouvir<\/span> <a href=\"https:\/\/www.irdin.org.br\/site\/envios\/audios\/2838_0005__spa_spa__faces_de_la_madre_divina.mp3\" class=\"baixar\" download><span class=\"fa fa-arrow-down\"><\/span>Baixar<\/span><\/a> <span class=\"textobaixar\"> 05 &#8211; Faces de la Madre Divina<\/span><br \/>\n<span data-href=\"https:\/\/www.irdin.org.br\/site\/envios\/audios\/2838_0006__spa_spa__el_llamado_de_maria.mp3\" data-title=\"06 - El llamado de Mar\u00eda\" data-rel=\"\" data-target=\"\" data-meta=\"#fap-meta-69e2d4277228a\" class=\"fap-single-track fap-track-button fap-play-button\" data-enqueue=\"no\" data-autoenqueue=\"no\" title=\"06 - El llamado de Mar\u00eda\"><span class=\"fap-icon-play\"><\/span>Ouvir<\/span> <a href=\"https:\/\/www.irdin.org.br\/site\/envios\/audios\/2838_0006__spa_spa__el_llamado_de_maria.mp3\" class=\"baixar\" download><span class=\"fa fa-arrow-down\"><\/span>Baixar<\/span><\/a> <span class=\"textobaixar\"> 06 &#8211; El llamado de Mar\u00eda<\/span><br \/>\n<span data-href=\"https:\/\/www.irdin.org.br\/site\/envios\/audios\/2838_0007__spa_spa__madre_del_sol.mp3\" data-title=\"07 - Madre del Sol\" data-rel=\"\" data-target=\"\" data-meta=\"#fap-meta-69e2d4277231c\" class=\"fap-single-track fap-track-button fap-play-button\" data-enqueue=\"no\" data-autoenqueue=\"no\" title=\"07 - Madre del Sol\"><span class=\"fap-icon-play\"><\/span>Ouvir<\/span> <a href=\"https:\/\/www.irdin.org.br\/site\/envios\/audios\/2838_0007__spa_spa__madre_del_sol.mp3\" class=\"baixar\" download><span class=\"fa fa-arrow-down\"><\/span>Baixar<\/span><\/a> <span class=\"textobaixar\"> 07 &#8211; Madre del Sol<\/span><br \/>\n<span data-href=\"https:\/\/www.irdin.org.br\/site\/envios\/audios\/2838_0008__spa_spa__misericordia_maria.mp3\" data-title=\"08 - Misericordia Mar\u00eda\" data-rel=\"\" data-target=\"\" data-meta=\"#fap-meta-69e2d427723bb\" class=\"fap-single-track fap-track-button fap-play-button\" data-enqueue=\"no\" data-autoenqueue=\"no\" title=\"08 - Misericordia Mar\u00eda\"><span class=\"fap-icon-play\"><\/span>Ouvir<\/span> <a href=\"https:\/\/www.irdin.org.br\/site\/envios\/audios\/2838_0008__spa_spa__misericordia_maria.mp3\" class=\"baixar\" download><span class=\"fa fa-arrow-down\"><\/span>Baixar<\/span><\/a> <span class=\"textobaixar\"> 08 &#8211; Misericordia Mar\u00eda<\/span><br \/>\n<span data-href=\"https:\/\/www.irdin.org.br\/site\/envios\/audios\/2838_0009__spa_spa__immaculado_corazon_de_maria.mp3\" data-title=\"09 - Immaculado Coraz\u00f3n de Mar\u00eda\" data-rel=\"\" data-target=\"\" data-meta=\"#fap-meta-69e2d42772469\" class=\"fap-single-track fap-track-button fap-play-button\" data-enqueue=\"no\" data-autoenqueue=\"no\" title=\"09 - Immaculado Coraz\u00f3n de Mar\u00eda\"><span class=\"fap-icon-play\"><\/span>Ouvir<\/span> <a href=\"https:\/\/www.irdin.org.br\/site\/envios\/audios\/2838_0009__spa_spa__immaculado_corazon_de_maria.mp3\" class=\"baixar\" download><span class=\"fa fa-arrow-down\"><\/span>Baixar<\/span><\/a> <span class=\"textobaixar\"> 09 &#8211; Immaculado Coraz\u00f3n de Mar\u00eda<\/span><br \/>\n<span data-href=\"https:\/\/www.irdin.org.br\/site\/envios\/audios\/2838_0010__spa_spa__oferta_a_la_madre_divina.mp3\" data-title=\"10 - Oferta a la Madre Divina\" data-rel=\"\" data-target=\"\" data-meta=\"#fap-meta-69e2d42772521\" class=\"fap-single-track fap-track-button fap-play-button\" data-enqueue=\"no\" data-autoenqueue=\"no\" title=\"10 - Oferta a la Madre Divina\"><span class=\"fap-icon-play\"><\/span>Ouvir<\/span> <a href=\"https:\/\/www.irdin.org.br\/site\/envios\/audios\/2838_0010__spa_spa__oferta_a_la_madre_divina.mp3\" class=\"baixar\" download><span class=\"fa fa-arrow-down\"><\/span>Baixar<\/span><\/a> <span class=\"textobaixar\"> 10 &#8211; Oferta a la Madre Divina<\/span><br \/>\n<span data-href=\"https:\/\/www.irdin.org.br\/site\/envios\/audios\/2838_0011__spa_spa__ella_llegando_esta.mp3\" data-title=\"11 - Ella llegando est\u00e1\" data-rel=\"\" data-target=\"\" data-meta=\"#fap-meta-69e2d427725e3\" class=\"fap-single-track fap-track-button fap-play-button\" data-enqueue=\"no\" data-autoenqueue=\"no\" title=\"11 - Ella llegando est\u00e1\"><span class=\"fap-icon-play\"><\/span>Ouvir<\/span> <a href=\"https:\/\/www.irdin.org.br\/site\/envios\/audios\/2838_0011__spa_spa__ella_llegando_esta.mp3\" class=\"baixar\" download><span class=\"fa fa-arrow-down\"><\/span>Baixar<\/span><\/a> <span class=\"textobaixar\"> 11 &#8211; Ella llegando est\u00e1<\/span><br \/>\n<span data-href=\"https:\/\/www.irdin.org.br\/site\/envios\/audios\/2838_0012__spa_spa__las_cuatro_llaves.mp3\" data-title=\"12 - Las cuatro llaves\" data-rel=\"\" data-target=\"\" data-meta=\"#fap-meta-69e2d4277267b\" class=\"fap-single-track fap-track-button fap-play-button\" data-enqueue=\"no\" data-autoenqueue=\"no\" title=\"12 - Las cuatro llaves\"><span class=\"fap-icon-play\"><\/span>Ouvir<\/span> <a href=\"https:\/\/www.irdin.org.br\/site\/envios\/audios\/2838_0012__spa_spa__las_cuatro_llaves.mp3\" class=\"baixar\" download><span class=\"fa fa-arrow-down\"><\/span>Baixar<\/span><\/a> <span class=\"textobaixar\"> 12 &#8211; Las cuatro llaves<\/span><br \/>\n<span data-href=\"https:\/\/www.irdin.org.br\/site\/envios\/audios\/2838_0013__spa_spa__immaculada_senora_de_la_paz.mp3\" data-title=\"13 - Immaculada Se\u00f1ora de la Paz\" data-rel=\"\" data-target=\"\" data-meta=\"#fap-meta-69e2d4277271e\" class=\"fap-single-track fap-track-button fap-play-button\" data-enqueue=\"no\" data-autoenqueue=\"no\" title=\"13 - Immaculada Se\u00f1ora de la Paz\"><span class=\"fap-icon-play\"><\/span>Ouvir<\/span> <a href=\"https:\/\/www.irdin.org.br\/site\/envios\/audios\/2838_0013__spa_spa__immaculada_senora_de_la_paz.mp3\" class=\"baixar\" download><span class=\"fa fa-arrow-down\"><\/span>Baixar<\/span><\/a> <span class=\"textobaixar\"> 13 &#8211; Immaculada Se\u00f1ora de la Paz<\/span><br \/>\n<span data-href=\"https:\/\/www.irdin.org.br\/site\/envios\/audios\/2838_0014__por_por__mae_divina_em_mirna_jad.mp3\" data-title=\"14 - M\u00e3e Divina em Mirna Jad\" data-rel=\"\" data-target=\"\" data-meta=\"#fap-meta-69e2d427727d2\" class=\"fap-single-track fap-track-button fap-play-button\" data-enqueue=\"no\" data-autoenqueue=\"no\" title=\"14 - M\u00e3e Divina em Mirna Jad\"><span class=\"fap-icon-play\"><\/span>Ouvir<\/span> <a href=\"https:\/\/www.irdin.org.br\/site\/envios\/audios\/2838_0014__por_por__mae_divina_em_mirna_jad.mp3\" class=\"baixar\" download><span class=\"fa fa-arrow-down\"><\/span>Baixar<\/span><\/a> <span class=\"textobaixar\"> 14 &#8211; M\u00e3e Divina em Mirna Jad<\/span><br \/>\n<span data-href=\"https:\/\/www.irdin.org.br\/site\/envios\/audios\/2838_0015__spa_spa__nuestra_paz.mp3\" data-title=\"15 - Nuestra Paz\" data-rel=\"\" data-target=\"\" data-meta=\"#fap-meta-69e2d4277285b\" class=\"fap-single-track fap-track-button fap-play-button\" data-enqueue=\"no\" data-autoenqueue=\"no\" title=\"15 - Nuestra Paz\"><span class=\"fap-icon-play\"><\/span>Ouvir<\/span> <a href=\"https:\/\/www.irdin.org.br\/site\/envios\/audios\/2838_0015__spa_spa__nuestra_paz.mp3\" class=\"baixar\" download><span class=\"fa fa-arrow-down\"><\/span>Baixar<\/span><\/a> <span class=\"textobaixar\"> 15 &#8211; Nuestra Paz<\/span><br \/>\n<span data-href=\"https:\/\/www.irdin.org.br\/site\/envios\/audios\/2838_0016__por_por__misericordia_para_este_planeta.mp3\" data-title=\"16 - Misericordia para este planeta\" data-rel=\"\" data-target=\"\" data-meta=\"#fap-meta-69e2d42772913\" class=\"fap-single-track fap-track-button fap-play-button\" data-enqueue=\"no\" data-autoenqueue=\"no\" title=\"16 - Misericordia para este planeta\"><span class=\"fap-icon-play\"><\/span>Ouvir<\/span> <a href=\"https:\/\/www.irdin.org.br\/site\/envios\/audios\/2838_0016__por_por__misericordia_para_este_planeta.mp3\" class=\"baixar\" download><span class=\"fa fa-arrow-down\"><\/span>Baixar<\/span><\/a> <span class=\"textobaixar\"> 16 &#8211; Misericordia para este planeta<\/span><\/p>\n<p><a class=\"pdf\" href=\"\/pdf\/Letras CD Misericordia Maria.pdf\" target=\"_blank\" rel=\"noopener\">Encarte das Letras<\/a> <\/p>\n<p>&nbsp;<\/p>\n","protected":false},"excerpt":{"rendered":"<p>Este \u00e1lbum es fruto de una respuesta al llamado de Mar\u00eda, nuestra Madre Divina, para que oremos con el coraz\u00f3n<\/p>\n","protected":false},"featured_media":88768,"template":"","meta":{"_acf_changed":false},"product_brand":[],"product_cat":[18076,33098],"product_tag":[33938],"class_list":{"0":"post-82897","1":"product","2":"type-product","3":"status-publish","4":"has-post-thumbnail","6":"product_cat-cddvd","7":"product_cat-musicas","8":"product_tag-33938","9":"pa_autor-associacao-maria-mae-da-divina-concepcao-2","10":"pa_autor-coral-das-comunidades-luz","11":"pa_codigo-da-serie-24240","12":"pa_codigo-de-barras-24241","13":"pa_codigo-externo-co-28380018","14":"pa_data-de-edicao-24437","15":"pa_data-de-gravacao-24236","16":"pa_duracao-53min17s","17":"pa_idioma-de-destino-espanhol","18":"pa_idioma-de-origem-espanhol","19":"pa_lancamento-no","20":"pa_midia-cd","21":"pa_moac-33937","22":"pa_quantidade-de-saldo-33067","23":"pa_sequencial-da-serie-31871","24":"pa_tipo-de-traducao-nao-traduzido","26":"first","27":"outofstock","28":"product-type-simple"},"acf":[],"_links":{"self":[{"href":"https:\/\/www.irdin.org.br\/site\/wp-json\/wp\/v2\/product\/82897","targetHints":{"allow":["GET"]}}],"collection":[{"href":"https:\/\/www.irdin.org.br\/site\/wp-json\/wp\/v2\/product"}],"about":[{"href":"https:\/\/www.irdin.org.br\/site\/wp-json\/wp\/v2\/types\/product"}],"version-history":[{"count":0,"href":"https:\/\/www.irdin.org.br\/site\/wp-json\/wp\/v2\/product\/82897\/revisions"}],"wp:featuredmedia":[{"embeddable":true,"href":"https:\/\/www.irdin.org.br\/site\/wp-json\/wp\/v2\/media\/88768"}],"wp:attachment":[{"href":"https:\/\/www.irdin.org.br\/site\/wp-json\/wp\/v2\/media?parent=82897"}],"wp:term":[{"taxonomy":"product_brand","embeddable":true,"href":"https:\/\/www.irdin.org.br\/site\/wp-json\/wp\/v2\/product_brand?post=82897"},{"taxonomy":"product_cat","embeddable":true,"href":"https:\/\/www.irdin.org.br\/site\/wp-json\/wp\/v2\/product_cat?post=82897"},{"taxonomy":"product_tag","embeddable":true,"href":"https:\/\/www.irdin.org.br\/site\/wp-json\/wp\/v2\/product_tag?post=82897"}],"curies":[{"name":"wp","href":"https:\/\/api.w.org\/{rel}","templated":true}]}}