{"id":82898,"date":"2018-04-26T18:13:07","date_gmt":"2018-04-26T18:13:07","guid":{"rendered":"http:\/\/www.irdin.org.br\/site\/produto\/os-signos-reveladores-da-nossa-instrucao\/"},"modified":"2022-07-25T01:55:36","modified_gmt":"2022-07-25T01:55:36","slug":"os-signos-reveladores-da-nossa-instrucao","status":"publish","type":"product","link":"https:\/\/www.irdin.org.br\/site\/produtos\/os-signos-reveladores-da-nossa-instrucao\/","title":{"rendered":"Os Signos Reveladores da nossa Instru\u00e7\u00e3o"},"content":{"rendered":"<p>Como os signos c\u00f3smicos dinamizam o nosso magnetismo interno. Deles emanam os nossos modelos arquet\u00edpicos, e sua instru\u00e7\u00e3o leva-nos a transcender a \u00f3rbita planet\u00e1ria. A import\u00e2ncia de chegarmos \u00e0 fonte interna de conhecimento, de onde a instru\u00e7\u00e3o vem sem interfer\u00eancias nem manipula\u00e7\u00f5es.<\/p>\n<p>&nbsp;<\/p>\n<p><strong>Ou\u00e7a agora:<\/strong><\/p>\n<p><span data-href=\"https:\/\/www.irdin.org.br\/site\/envios\/audios\/2899_0001__por_por__os_signos_reveladores_da_nossa_instrucao_1.mp3\" data-title=\"Os signos reveladores da nossa instru\u00e7\u00e3o \u2013 1\" data-rel=\"\" data-target=\"\" data-meta=\"#fap-meta-6a04d0763d45b\" class=\"fap-single-track fap-track-button fap-play-button\" data-enqueue=\"no\" data-autoenqueue=\"no\" title=\"Os signos reveladores da nossa instru\u00e7\u00e3o \u2013 1\"><span class=\"fap-icon-play\"><\/span>Ouvir<\/span> <a href=\"https:\/\/www.irdin.org.br\/site\/envios\/audios\/2899_0001__por_por__os_signos_reveladores_da_nossa_instrucao_1.mp3\" class=\"baixar\"><span class=\"fa fa-arrow-down\"><\/span>Baixar<\/span><\/a> <span class=\"textobaixar\"> Os signos reveladores da nossa instru\u00e7\u00e3o \u2013 1<\/span><\/p>\n<p><span data-href=\"https:\/\/www.irdin.org.br\/site\/envios\/audios\/2899_0002__por_por__os_signos_reveladores_da_nossa_instrucao_2.mp3\" data-title=\"Os signos reveladores da nossa instru\u00e7\u00e3o \u2013 2\" data-rel=\"\" data-target=\"\" data-meta=\"#fap-meta-6a04d0763d4d3\" class=\"fap-single-track fap-track-button fap-play-button\" data-enqueue=\"no\" data-autoenqueue=\"no\" title=\"Os signos reveladores da nossa instru\u00e7\u00e3o \u2013 2\"><span class=\"fap-icon-play\"><\/span>Ouvir<\/span> <a href=\"https:\/\/www.irdin.org.br\/site\/envios\/audios\/2899_0002__por_por__os_signos_reveladores_da_nossa_instrucao_2.mp3\" class=\"baixar\"><span class=\"fa fa-arrow-down\"><\/span>Baixar<\/span><\/a> <span class=\"textobaixar\"> Os signos reveladores da nossa instru\u00e7\u00e3o \u2013 2<\/span><\/p>\n","protected":false},"excerpt":{"rendered":"<p>Como os signos c\u00f3smicos dinamizam o nosso magnetismo interno. Deles emanam os nossos modelos arquet\u00edpicos, e sua instru\u00e7\u00e3o leva-nos a<\/p>\n","protected":false},"featured_media":73039,"template":"","meta":{"_acf_changed":false},"product_brand":[],"product_cat":[18076,33068],"product_tag":[39167],"class_list":{"0":"post-82898","1":"product","2":"type-product","3":"status-publish","4":"has-post-thumbnail","6":"product_cat-cddvd","7":"product_cat-palestras","8":"product_tag-39167","9":"pa_autor-trigueirinho","10":"pa_codigo-da-serie-24024","11":"pa_data-de-gravacao-21004","12":"pa_idioma-de-destino-portugues","13":"pa_lancamento-no","14":"pa_midia-cd","15":"pa_moac-39166","16":"pa_quantidade-de-saldo-33067","17":"pa_sequencial-da-serie-31922","18":"pa_tipo-de-traducao-nao-classificado","20":"first","21":"outofstock","22":"product-type-simple"},"acf":[],"_links":{"self":[{"href":"https:\/\/www.irdin.org.br\/site\/wp-json\/wp\/v2\/product\/82898","targetHints":{"allow":["GET"]}}],"collection":[{"href":"https:\/\/www.irdin.org.br\/site\/wp-json\/wp\/v2\/product"}],"about":[{"href":"https:\/\/www.irdin.org.br\/site\/wp-json\/wp\/v2\/types\/product"}],"version-history":[{"count":0,"href":"https:\/\/www.irdin.org.br\/site\/wp-json\/wp\/v2\/product\/82898\/revisions"}],"wp:featuredmedia":[{"embeddable":true,"href":"https:\/\/www.irdin.org.br\/site\/wp-json\/wp\/v2\/media\/73039"}],"wp:attachment":[{"href":"https:\/\/www.irdin.org.br\/site\/wp-json\/wp\/v2\/media?parent=82898"}],"wp:term":[{"taxonomy":"product_brand","embeddable":true,"href":"https:\/\/www.irdin.org.br\/site\/wp-json\/wp\/v2\/product_brand?post=82898"},{"taxonomy":"product_cat","embeddable":true,"href":"https:\/\/www.irdin.org.br\/site\/wp-json\/wp\/v2\/product_cat?post=82898"},{"taxonomy":"product_tag","embeddable":true,"href":"https:\/\/www.irdin.org.br\/site\/wp-json\/wp\/v2\/product_tag?post=82898"}],"curies":[{"name":"wp","href":"https:\/\/api.w.org\/{rel}","templated":true}]}}