{"id":82900,"date":"2018-04-26T18:13:07","date_gmt":"2018-04-26T18:13:07","guid":{"rendered":"http:\/\/www.irdin.org.br\/site\/produto\/segredos-desvelados-iberah-e-anu-tea\/"},"modified":"2022-01-28T22:00:56","modified_gmt":"2022-01-28T22:00:56","slug":"segredos-desvelados-iberah-e-anu-tea","status":"publish","type":"product","link":"https:\/\/www.irdin.org.br\/site\/produtos\/segredos-desvelados-iberah-e-anu-tea\/","title":{"rendered":"Segredos Desvelados &#8211; Iberah e Anu Tea"},"content":{"rendered":"<p>O centro planet\u00e1rio Iberah procura queimar nossa in\u00e9rcia, a ilus\u00e3o de que podemos reter a vida. O centro planet\u00e1rio Anu Tea ensinou \u00e0 humanidade que ilus\u00e3o e sofrimento s\u00e3o fruto do desejo. Os centros planet\u00e1rios Iberah e Anu Tea nos elevam da vida corriqueira a um caminho de amor.<\/p>\n<p>&nbsp;<br \/>\n<strong>Faixas:<\/strong><\/p>\n<p><span data-href=\"https:\/\/www.irdin.org.br\/site\/envios\/audios\/2898_0001__por_por__segredos_desvelados_1.mp3\" data-title=\"1 - segredos desvelados - 1\" data-rel=\"\" data-target=\"\" data-meta=\"#fap-meta-69fb0d1d10183\" class=\"fap-single-track fap-track-button fap-play-button\" data-enqueue=\"no\" data-autoenqueue=\"no\" title=\"1 - segredos desvelados - 1\"><span class=\"fap-icon-play\"><\/span>Ouvir<\/span> <a href=\"https:\/\/www.irdin.org.br\/site\/envios\/audios\/2898_0001__por_por__segredos_desvelados_1.mp3\" class=\"baixar\" download><span class=\"fa fa-arrow-down\"><\/span>Baixar<\/span><\/a> <span class=\"textobaixar\"> 1 &#8211; segredos desvelados &#8211; 1<\/span><br \/>\n<span data-href=\"https:\/\/www.irdin.org.br\/site\/envios\/audios\/2898_0002__por_por__segredos_desvelados_2.mp3\" data-title=\"2 - segredos desvelados - 2\" data-rel=\"\" data-target=\"\" data-meta=\"#fap-meta-69fb0d1d102c6\" class=\"fap-single-track fap-track-button fap-play-button\" data-enqueue=\"no\" data-autoenqueue=\"no\" title=\"2 - segredos desvelados - 2\"><span class=\"fap-icon-play\"><\/span>Ouvir<\/span> <a href=\"https:\/\/www.irdin.org.br\/site\/envios\/audios\/2898_0002__por_por__segredos_desvelados_2.mp3\" class=\"baixar\" download><span class=\"fa fa-arrow-down\"><\/span>Baixar<\/span><\/a> <span class=\"textobaixar\"> 2 &#8211; segredos desvelados &#8211; 2<\/span><br \/>\n<span data-href=\"https:\/\/www.irdin.org.br\/site\/envios\/audios\/2898_0003__por_por__segredos_desvelados_3.mp3\" data-title=\"3 - segredos desvelados - 3\" data-rel=\"\" data-target=\"\" data-meta=\"#fap-meta-69fb0d1d1037d\" class=\"fap-single-track fap-track-button fap-play-button\" data-enqueue=\"no\" data-autoenqueue=\"no\" title=\"3 - segredos desvelados - 3\"><span class=\"fap-icon-play\"><\/span>Ouvir<\/span> <a href=\"https:\/\/www.irdin.org.br\/site\/envios\/audios\/2898_0003__por_por__segredos_desvelados_3.mp3\" class=\"baixar\" download><span class=\"fa fa-arrow-down\"><\/span>Baixar<\/span><\/a> <span class=\"textobaixar\"> 3 &#8211; segredos desvelados &#8211; 3<\/span><\/p>\n<p>&nbsp;<\/p>\n","protected":false},"excerpt":{"rendered":"<p>O centro planet\u00e1rio Iberah procura queimar nossa in\u00e9rcia, a ilus\u00e3o de que podemos reter a vida. O centro planet\u00e1rio Anu<\/p>\n","protected":false},"featured_media":8061,"template":"","meta":{"_acf_changed":false},"product_brand":[],"product_cat":[18076,33068],"product_tag":[39171],"class_list":{"0":"post-82900","1":"product","2":"type-product","3":"status-publish","4":"has-post-thumbnail","6":"product_cat-cddvd","7":"product_cat-palestras","8":"product_tag-39171","9":"pa_autor-trigueirinho","10":"pa_codigo-da-serie-24024","11":"pa_data-de-gravacao-24177","12":"pa_idioma-de-destino-portugues","13":"pa_lancamento-no","14":"pa_midia-cd","15":"pa_moac-39170","16":"pa_quantidade-de-saldo-33067","17":"pa_sequencial-da-serie-31920","18":"pa_tipo-de-traducao-nao-classificado","20":"first","21":"outofstock","22":"product-type-simple"},"acf":[],"_links":{"self":[{"href":"https:\/\/www.irdin.org.br\/site\/wp-json\/wp\/v2\/product\/82900","targetHints":{"allow":["GET"]}}],"collection":[{"href":"https:\/\/www.irdin.org.br\/site\/wp-json\/wp\/v2\/product"}],"about":[{"href":"https:\/\/www.irdin.org.br\/site\/wp-json\/wp\/v2\/types\/product"}],"version-history":[{"count":1,"href":"https:\/\/www.irdin.org.br\/site\/wp-json\/wp\/v2\/product\/82900\/revisions"}],"predecessor-version":[{"id":86572,"href":"https:\/\/www.irdin.org.br\/site\/wp-json\/wp\/v2\/product\/82900\/revisions\/86572"}],"wp:featuredmedia":[{"embeddable":true,"href":"https:\/\/www.irdin.org.br\/site\/wp-json\/wp\/v2\/media\/8061"}],"wp:attachment":[{"href":"https:\/\/www.irdin.org.br\/site\/wp-json\/wp\/v2\/media?parent=82900"}],"wp:term":[{"taxonomy":"product_brand","embeddable":true,"href":"https:\/\/www.irdin.org.br\/site\/wp-json\/wp\/v2\/product_brand?post=82900"},{"taxonomy":"product_cat","embeddable":true,"href":"https:\/\/www.irdin.org.br\/site\/wp-json\/wp\/v2\/product_cat?post=82900"},{"taxonomy":"product_tag","embeddable":true,"href":"https:\/\/www.irdin.org.br\/site\/wp-json\/wp\/v2\/product_tag?post=82900"}],"curies":[{"name":"wp","href":"https:\/\/api.w.org\/{rel}","templated":true}]}}