{"id":82918,"date":"2018-04-26T18:13:23","date_gmt":"2018-04-26T18:13:23","guid":{"rendered":"http:\/\/www.irdin.org.br\/site\/produto\/os-reinos-da-natureza-antologia-pendrive\/"},"modified":"2026-04-16T09:49:56","modified_gmt":"2026-04-16T12:49:56","slug":"9788560835867","status":"publish","type":"product","link":"https:\/\/www.irdin.org.br\/site\/produtos\/9788560835867\/","title":{"rendered":"Os Reinos da Natureza &#8211; Antologia (Palestras em \u00e1udio &#8211; pendrive)"},"content":{"rendered":"<p><a style=\"text-decoration: none; width: 370px; height: 45px; line-height: 45px; padding: 0; margin: 0; text-align: center; font-weight: bold; vertical-align: middle; border: 1px dotted transparent; background-color: #a0ce4e; color: #000000;\" href=\"https:\/\/www.trigueirinho.org.br\/OsReinosDaNatureza_Antologia\/index.html\" target=\"_blank\" rel=\"noopener\">Ouvir gratuitamente on-line<\/a><\/p>\n<p>Nesta antologia, a Irdin Editora apresenta trechos retirados de partilhas feitas por Trigueirinho, gravadas em Figueira entre os anos 2000 e 2016. Selecionados a partir de centenas de horas de confer\u00eancias e conversas, estes conte\u00fados apresentam observa\u00e7\u00f5es sobre os Reinos da Natureza, a colabora\u00e7\u00e3o deles com o Plano Evolutivo universal e planet\u00e1rio, suas influ\u00eancias em nossa vida e em nossas tarefas e as formas de atua\u00e7\u00e3o entre eles. Esta sele\u00e7\u00e3o comp\u00f5e-se de informa\u00e7\u00f5es, \u00e0s vezes contundentes, sobre os Reinos: Mineral, Vegetal, Animal, Humano, D\u00e9vico e Ang\u00e9lico. E mostra as circunst\u00e2ncias, nem sempre favor\u00e1veis, nas quais eles existem neste planeta. Em certo sentido, estas grava\u00e7\u00f5es s\u00e3o apenas informativas, mas, em geral, elas querem despertar em n\u00f3s reflex\u00f5es sobre a nossa atua\u00e7\u00e3o como Reino Humano no dia a dia, diante dos demais Reinos, nossos irm\u00e3os. Existir\u00e3o outros Reinos nos infinitos universos, al\u00e9m desses que conhecemos?<\/p>\n<p>&nbsp;<\/p>\n","protected":false},"excerpt":{"rendered":"<p>Ouvir gratuitamente on-line Nesta antologia, a Irdin Editora apresenta trechos retirados de partilhas feitas por Trigueirinho, gravadas em Figueira entre<\/p>\n","protected":false},"featured_media":71004,"template":"","meta":{"_acf_changed":false},"product_brand":[],"product_cat":[18076,33136],"product_tag":[39175],"class_list":{"0":"post-82918","1":"product","2":"type-product","3":"status-publish","4":"has-post-thumbnail","6":"product_cat-cddvd","7":"product_cat-pendrive","8":"product_tag-39175","9":"pa_autor-trigueirinho","10":"pa_codigo-da-serie-33134","11":"pa_codigo-de-barras-33135","12":"pa_data-de-gravacao-25468","13":"pa_idioma-de-destino-portugues","14":"pa_lancamento-no","15":"pa_midia-pen-drive","16":"pa_moac-39174","17":"pa_quantidade-de-saldo-23847","18":"pa_sequencial-da-serie-31877","19":"pa_tipo-de-traducao-nao-classificado","21":"first","22":"instock","23":"purchasable","24":"product-type-simple"},"acf":[],"_links":{"self":[{"href":"https:\/\/www.irdin.org.br\/site\/wp-json\/wp\/v2\/product\/82918","targetHints":{"allow":["GET"]}}],"collection":[{"href":"https:\/\/www.irdin.org.br\/site\/wp-json\/wp\/v2\/product"}],"about":[{"href":"https:\/\/www.irdin.org.br\/site\/wp-json\/wp\/v2\/types\/product"}],"version-history":[{"count":3,"href":"https:\/\/www.irdin.org.br\/site\/wp-json\/wp\/v2\/product\/82918\/revisions"}],"predecessor-version":[{"id":109541,"href":"https:\/\/www.irdin.org.br\/site\/wp-json\/wp\/v2\/product\/82918\/revisions\/109541"}],"wp:featuredmedia":[{"embeddable":true,"href":"https:\/\/www.irdin.org.br\/site\/wp-json\/wp\/v2\/media\/71004"}],"wp:attachment":[{"href":"https:\/\/www.irdin.org.br\/site\/wp-json\/wp\/v2\/media?parent=82918"}],"wp:term":[{"taxonomy":"product_brand","embeddable":true,"href":"https:\/\/www.irdin.org.br\/site\/wp-json\/wp\/v2\/product_brand?post=82918"},{"taxonomy":"product_cat","embeddable":true,"href":"https:\/\/www.irdin.org.br\/site\/wp-json\/wp\/v2\/product_cat?post=82918"},{"taxonomy":"product_tag","embeddable":true,"href":"https:\/\/www.irdin.org.br\/site\/wp-json\/wp\/v2\/product_tag?post=82918"}],"curies":[{"name":"wp","href":"https:\/\/api.w.org\/{rel}","templated":true}]}}