{"id":82920,"date":"2018-04-26T18:13:23","date_gmt":"2018-04-26T18:13:23","guid":{"rendered":"http:\/\/www.irdin.org.br\/site\/produto\/os-sonhos-em-nossa-evolucao-pendrive\/"},"modified":"2026-04-16T09:50:04","modified_gmt":"2026-04-16T12:50:04","slug":"9788554410001","status":"publish","type":"product","link":"https:\/\/www.irdin.org.br\/site\/produtos\/9788554410001\/","title":{"rendered":"Os Sonhos em nossa Evolu\u00e7\u00e3o (Palestras em \u00e1udio &#8211; pendrive)"},"content":{"rendered":"<p><a style=\"text-decoration: none; width: 370px; height: 45px; line-height: 45px; padding: 0; margin: 0; text-align: center; font-weight: bold; vertical-align: middle; border: 1px dotted transparent; background-color: #a0ce4e; color: #000000;\" href=\"https:\/\/www.trigueirinho.org.br\/OsSonhosEmNossaEvolucao\/index.html\" target=\"_blank\" rel=\"noopener\">Ouvir gratuitamente on-line<\/a><\/p>\n<p>O pen drive \u00b4Os Sonhos em nossa evolu\u00e7\u00e3o\u00b4, \u00e9 uma obra gravada que trata da nossa vida durante o sono, com ou sem sonhos. Este trabalho \u00e9 proposto como parte de nossa busca de autoconhecimento.<br \/>\nEstes \u00e1udios formam uma antologia de trechos selecionados de ensinamentos de Trigueirinho, gravados ao vivo, na Comunidade-Luz Figueira do ano 2000 a 2016, e editados pelo pr\u00f3prio autor.<\/p>\n<p>&nbsp;<\/p>\n","protected":false},"excerpt":{"rendered":"<p>Ouvir gratuitamente on-line O pen drive \u00b4Os Sonhos em nossa evolu\u00e7\u00e3o\u00b4, \u00e9 uma obra gravada que trata da nossa vida<\/p>\n","protected":false},"featured_media":85287,"template":"","meta":{"_acf_changed":false},"product_brand":[],"product_cat":[18076,33136],"product_tag":[39179],"class_list":{"0":"post-82920","1":"product","2":"type-product","3":"status-publish","4":"has-post-thumbnail","6":"product_cat-cddvd","7":"product_cat-pendrive","8":"product_tag-39179","9":"pa_autor-trigueirinho","10":"pa_codigo-da-serie-33134","11":"pa_codigo-de-barras-44221","12":"pa_data-de-gravacao-25468","13":"pa_idioma-de-destino-portugues","14":"pa_lancamento-no","15":"pa_midia-pen-drive","16":"pa_moac-39178","17":"pa_quantidade-de-saldo-23847","18":"pa_sequencial-da-serie-31877","19":"pa_tipo-de-traducao-nao-classificado","21":"first","22":"instock","23":"purchasable","24":"product-type-simple"},"acf":[],"_links":{"self":[{"href":"https:\/\/www.irdin.org.br\/site\/wp-json\/wp\/v2\/product\/82920","targetHints":{"allow":["GET"]}}],"collection":[{"href":"https:\/\/www.irdin.org.br\/site\/wp-json\/wp\/v2\/product"}],"about":[{"href":"https:\/\/www.irdin.org.br\/site\/wp-json\/wp\/v2\/types\/product"}],"version-history":[{"count":3,"href":"https:\/\/www.irdin.org.br\/site\/wp-json\/wp\/v2\/product\/82920\/revisions"}],"predecessor-version":[{"id":109616,"href":"https:\/\/www.irdin.org.br\/site\/wp-json\/wp\/v2\/product\/82920\/revisions\/109616"}],"wp:featuredmedia":[{"embeddable":true,"href":"https:\/\/www.irdin.org.br\/site\/wp-json\/wp\/v2\/media\/85287"}],"wp:attachment":[{"href":"https:\/\/www.irdin.org.br\/site\/wp-json\/wp\/v2\/media?parent=82920"}],"wp:term":[{"taxonomy":"product_brand","embeddable":true,"href":"https:\/\/www.irdin.org.br\/site\/wp-json\/wp\/v2\/product_brand?post=82920"},{"taxonomy":"product_cat","embeddable":true,"href":"https:\/\/www.irdin.org.br\/site\/wp-json\/wp\/v2\/product_cat?post=82920"},{"taxonomy":"product_tag","embeddable":true,"href":"https:\/\/www.irdin.org.br\/site\/wp-json\/wp\/v2\/product_tag?post=82920"}],"curies":[{"name":"wp","href":"https:\/\/api.w.org\/{rel}","templated":true}]}}