{"id":82924,"date":"2018-04-26T18:13:23","date_gmt":"2018-04-26T18:13:23","guid":{"rendered":"http:\/\/www.irdin.org.br\/site\/produto\/presenca-de-sao-jose-volumes-1-e-2\/"},"modified":"2025-03-15T23:37:46","modified_gmt":"2025-03-15T23:37:46","slug":"presenca-de-sao-jose-volumes-1-e-2","status":"publish","type":"product","link":"https:\/\/www.irdin.org.br\/site\/produtos\/presenca-de-sao-jose-volumes-1-e-2\/","title":{"rendered":"Presen\u00e7a de S\u00e3o Jos\u00e9 &#8211; Volumes 1 e 2"},"content":{"rendered":"<p><em>Presen\u00e7a de S\u00e3o Jos\u00e9<\/em><\/p>\n<p><strong>Faixas:<\/strong><\/p>\n<p><span data-href=\"https:\/\/www.irdin.org.br\/site\/envios\/audios\/2867_0001__por_por__a_sublime_obra_de_sao_jose_em_nossas_vidas.mp3\" data-title=\"01 - a sublime obra de s\u00e3o jos\u00e9 em nossas vidas\" data-rel=\"\" data-target=\"\" data-meta=\"#fap-meta-69e196d32e5c9\" class=\"fap-single-track fap-track-button fap-play-button\" data-enqueue=\"no\" data-autoenqueue=\"no\" title=\"01 - a sublime obra de s\u00e3o jos\u00e9 em nossas vidas\"><span class=\"fap-icon-play\"><\/span>Ouvir<\/span> <a class=\"baixar\" href=\"https:\/\/www.irdin.org.br\/site\/envios\/audios\/2867_0001__por_por__a_sublime_obra_de_sao_jose_em_nossas_vidas.mp3\">Baixar<\/a> <span class=\"textobaixar\"> 01 &#8211; a sublime obra de s\u00e3o jos\u00e9 em nossas vidas<\/span><br \/>\n<span data-href=\"https:\/\/www.irdin.org.br\/site\/envios\/audios\/2867_0002__por_por__a_sagrada_alegria_da_devocao_segundo_sao_jose.mp3\" data-title=\"02 - a sagrada alegria da devo\u00e7\u00e3o, segundo s\u00e3o jos\u00e9\" data-rel=\"\" data-target=\"\" data-meta=\"#fap-meta-69e196d32e6d0\" class=\"fap-single-track fap-track-button fap-play-button\" data-enqueue=\"no\" data-autoenqueue=\"no\" title=\"02 - a sagrada alegria da devo\u00e7\u00e3o, segundo s\u00e3o jos\u00e9\"><span class=\"fap-icon-play\"><\/span>Ouvir<\/span> <a class=\"baixar\" href=\"https:\/\/www.irdin.org.br\/site\/envios\/audios\/2867_0002__por_por__a_sagrada_alegria_da_devocao_segundo_sao_jose.mp3\">Baixar<\/a> <span class=\"textobaixar\"> 02 &#8211; a sagrada alegria da devo\u00e7\u00e3o, segundo s\u00e3o jos\u00e9<\/span><br \/>\n<span data-href=\"https:\/\/www.irdin.org.br\/site\/envios\/audios\/2867_0003__por_por__sao_jose_e_a_reverencia_que_leva_ao_silencio.mp3\" data-title=\"03 - s\u00e3o jos\u00e9 e a rever\u00eancia que leva ao sil\u00eancio\" data-rel=\"\" data-target=\"\" data-meta=\"#fap-meta-69e196d32e7ba\" class=\"fap-single-track fap-track-button fap-play-button\" data-enqueue=\"no\" data-autoenqueue=\"no\" title=\"03 - s\u00e3o jos\u00e9 e a rever\u00eancia que leva ao sil\u00eancio\"><span class=\"fap-icon-play\"><\/span>Ouvir<\/span> <a class=\"baixar\" href=\"https:\/\/www.irdin.org.br\/site\/envios\/audios\/2867_0003__por_por__sao_jose_e_a_reverencia_que_leva_ao_silencio.mp3\">Baixar<\/a> <span class=\"textobaixar\"> 03 &#8211; s\u00e3o jos\u00e9 e a rever\u00eancia que leva ao sil\u00eancio<\/span><br \/>\n<span data-href=\"https:\/\/www.irdin.org.br\/site\/envios\/audios\/2867_0004__por_por__sao_jose_e_a_vida_no_coracao.mp3\" data-title=\"04 - s\u00e3o jos\u00e9 e a vida no cora\u00e7\u00e3o\" data-rel=\"\" data-target=\"\" data-meta=\"#fap-meta-69e196d32e8b8\" class=\"fap-single-track fap-track-button fap-play-button\" data-enqueue=\"no\" data-autoenqueue=\"no\" title=\"04 - s\u00e3o jos\u00e9 e a vida no cora\u00e7\u00e3o\"><span class=\"fap-icon-play\"><\/span>Ouvir<\/span> <a class=\"baixar\" href=\"https:\/\/www.irdin.org.br\/site\/envios\/audios\/2867_0004__por_por__sao_jose_e_a_vida_no_coracao.mp3\">Baixar<\/a> <span class=\"textobaixar\"> 04 &#8211; s\u00e3o jos\u00e9 e a vida no cora\u00e7\u00e3o<\/span><br \/>\n<span data-href=\"https:\/\/www.irdin.org.br\/site\/envios\/audios\/2867_0005__por_por__sao_jose_e_a_manifestacao_da_nova_terra.mp3\" data-title=\"05 - s\u00e3o jos\u00e9 e a manifesta\u00e7\u00e3o da nova terra\" data-rel=\"\" data-target=\"\" data-meta=\"#fap-meta-69e196d32e961\" class=\"fap-single-track fap-track-button fap-play-button\" data-enqueue=\"no\" data-autoenqueue=\"no\" title=\"05 - s\u00e3o jos\u00e9 e a manifesta\u00e7\u00e3o da nova terra\"><span class=\"fap-icon-play\"><\/span>Ouvir<\/span> <a class=\"baixar\" href=\"https:\/\/www.irdin.org.br\/site\/envios\/audios\/2867_0005__por_por__sao_jose_e_a_manifestacao_da_nova_terra.mp3\">Baixar<\/a> <span class=\"textobaixar\"> 05 &#8211; s\u00e3o jos\u00e9 e a manifesta\u00e7\u00e3o da nova terra<\/span><br \/>\n<span data-href=\"https:\/\/www.irdin.org.br\/site\/envios\/audios\/2867_0006__por_por__sao_jose_e_a_transformacao_do_nosso_mundo_interior.mp3\" data-title=\"06 - s\u00e3o jos\u00e9 e a transforma\u00e7\u00e3o do nosso mundo interior\" data-rel=\"\" data-target=\"\" data-meta=\"#fap-meta-69e196d32e9f2\" class=\"fap-single-track fap-track-button fap-play-button\" data-enqueue=\"no\" data-autoenqueue=\"no\" title=\"06 - s\u00e3o jos\u00e9 e a transforma\u00e7\u00e3o do nosso mundo interior\"><span class=\"fap-icon-play\"><\/span>Ouvir<\/span> <a class=\"baixar\" href=\"https:\/\/www.irdin.org.br\/site\/envios\/audios\/2867_0006__por_por__sao_jose_e_a_transformacao_do_nosso_mundo_interior.mp3\">Baixar<\/a> <span class=\"textobaixar\"> 06 &#8211; s\u00e3o jos\u00e9 e a transforma\u00e7\u00e3o do nosso mundo interior<\/span><br \/>\n<span data-href=\"https:\/\/www.irdin.org.br\/site\/envios\/audios\/2867_0007__por_por__sao_jose_e_a_nova_forma_de_viver_e_de_amar.mp3\" data-title=\"07 - s\u00e3o jos\u00e9 e a nova forma de viver e de amar\" data-rel=\"\" data-target=\"\" data-meta=\"#fap-meta-69e196d32ea7f\" class=\"fap-single-track fap-track-button fap-play-button\" data-enqueue=\"no\" data-autoenqueue=\"no\" title=\"07 - s\u00e3o jos\u00e9 e a nova forma de viver e de amar\"><span class=\"fap-icon-play\"><\/span>Ouvir<\/span> <a class=\"baixar\" href=\"https:\/\/www.irdin.org.br\/site\/envios\/audios\/2867_0007__por_por__sao_jose_e_a_nova_forma_de_viver_e_de_amar.mp3\">Baixar<\/a> <span class=\"textobaixar\"> 07 &#8211; s\u00e3o jos\u00e9 e a nova forma de viver e de amar<\/span><br \/>\n<span data-href=\"https:\/\/www.irdin.org.br\/site\/envios\/audios\/2867_0008__por_por__sao_jose_diante_de_nossas_escolhas.mp3\" data-title=\"08 - s\u00e3o jos\u00e9 diante de nossas escolhas\" data-rel=\"\" data-target=\"\" data-meta=\"#fap-meta-69e196d32eb1c\" class=\"fap-single-track fap-track-button fap-play-button\" data-enqueue=\"no\" data-autoenqueue=\"no\" title=\"08 - s\u00e3o jos\u00e9 diante de nossas escolhas\"><span class=\"fap-icon-play\"><\/span>Ouvir<\/span> <a class=\"baixar\" href=\"https:\/\/www.irdin.org.br\/site\/envios\/audios\/2867_0008__por_por__sao_jose_diante_de_nossas_escolhas.mp3\">Baixar<\/a> <span class=\"textobaixar\"> 08 &#8211; s\u00e3o jos\u00e9 diante de nossas escolhas<\/span><br \/>\n<span data-href=\"https:\/\/www.irdin.org.br\/site\/envios\/audios\/2867_0009__por_por__sao_jose_e_o_chamado_para_um_grande_passo.mp3\" data-title=\"09 - s\u00e3o jos\u00e9 e o chamado para um grande passo\" data-rel=\"\" data-target=\"\" data-meta=\"#fap-meta-69e196d32ebb0\" class=\"fap-single-track fap-track-button fap-play-button\" data-enqueue=\"no\" data-autoenqueue=\"no\" title=\"09 - s\u00e3o jos\u00e9 e o chamado para um grande passo\"><span class=\"fap-icon-play\"><\/span>Ouvir<\/span> <a class=\"baixar\" href=\"https:\/\/www.irdin.org.br\/site\/envios\/audios\/2867_0009__por_por__sao_jose_e_o_chamado_para_um_grande_passo.mp3\">Baixar<\/a> <span class=\"textobaixar\"> 09 &#8211; s\u00e3o jos\u00e9 e o chamado para um grande passo<\/span><br \/>\n<span data-href=\"https:\/\/www.irdin.org.br\/site\/envios\/audios\/2867_0010__por_por__estar_consciente_e_estar_simples_na_aura_de_sao_jose.mp3\" data-title=\"10 - estar consciente e estar simples, na aura de s\u00e3o jos\u00e9\" data-rel=\"\" data-target=\"\" data-meta=\"#fap-meta-69e196d32ec72\" class=\"fap-single-track fap-track-button fap-play-button\" data-enqueue=\"no\" data-autoenqueue=\"no\" title=\"10 - estar consciente e estar simples, na aura de s\u00e3o jos\u00e9\"><span class=\"fap-icon-play\"><\/span>Ouvir<\/span> <a class=\"baixar\" href=\"https:\/\/www.irdin.org.br\/site\/envios\/audios\/2867_0010__por_por__estar_consciente_e_estar_simples_na_aura_de_sao_jose.mp3\">Baixar<\/a> <span class=\"textobaixar\"> 10 &#8211; estar consciente e estar simples, na aura de s\u00e3o jos\u00e9<\/span><\/p>\n<p>&nbsp;<\/p>\n","protected":false},"excerpt":{"rendered":"<p>Presen\u00e7a de S\u00e3o Jos\u00e9 Faixas: Baixar 01 &#8211; a sublime obra de s\u00e3o jos\u00e9 em nossas vidas Baixar 02 &#8211;<\/p>\n","protected":false},"featured_media":85445,"template":"","meta":{"_acf_changed":false},"product_brand":[],"product_cat":[18076,33109],"product_tag":[39187],"class_list":{"0":"post-82924","1":"product","2":"type-product","3":"status-publish","4":"has-post-thumbnail","6":"product_cat-cddvd","7":"product_cat-colecoes","8":"product_tag-39187","9":"pa_autor-trigueirinho","10":"pa_codigo-da-serie-24289","11":"pa_data-de-gravacao-33982","12":"pa_idioma-de-destino-portugues","13":"pa_lancamento-no","14":"pa_midia-cd","15":"pa_moac-39186","16":"pa_quantidade-de-saldo-33067","17":"pa_sequencial-da-serie-31878","18":"pa_tipo-de-traducao-nao-classificado","20":"first","21":"outofstock","22":"product-type-simple"},"acf":[],"_links":{"self":[{"href":"https:\/\/www.irdin.org.br\/site\/wp-json\/wp\/v2\/product\/82924","targetHints":{"allow":["GET"]}}],"collection":[{"href":"https:\/\/www.irdin.org.br\/site\/wp-json\/wp\/v2\/product"}],"about":[{"href":"https:\/\/www.irdin.org.br\/site\/wp-json\/wp\/v2\/types\/product"}],"version-history":[{"count":2,"href":"https:\/\/www.irdin.org.br\/site\/wp-json\/wp\/v2\/product\/82924\/revisions"}],"predecessor-version":[{"id":106708,"href":"https:\/\/www.irdin.org.br\/site\/wp-json\/wp\/v2\/product\/82924\/revisions\/106708"}],"wp:featuredmedia":[{"embeddable":true,"href":"https:\/\/www.irdin.org.br\/site\/wp-json\/wp\/v2\/media\/85445"}],"wp:attachment":[{"href":"https:\/\/www.irdin.org.br\/site\/wp-json\/wp\/v2\/media?parent=82924"}],"wp:term":[{"taxonomy":"product_brand","embeddable":true,"href":"https:\/\/www.irdin.org.br\/site\/wp-json\/wp\/v2\/product_brand?post=82924"},{"taxonomy":"product_cat","embeddable":true,"href":"https:\/\/www.irdin.org.br\/site\/wp-json\/wp\/v2\/product_cat?post=82924"},{"taxonomy":"product_tag","embeddable":true,"href":"https:\/\/www.irdin.org.br\/site\/wp-json\/wp\/v2\/product_tag?post=82924"}],"curies":[{"name":"wp","href":"https:\/\/api.w.org\/{rel}","templated":true}]}}