{"id":82925,"date":"2018-04-26T18:13:23","date_gmt":"2018-04-26T18:13:23","guid":{"rendered":"http:\/\/www.irdin.org.br\/site\/produto\/presenca-de-sao-jose-%c2%96-volumes-5-e-6\/"},"modified":"2025-03-15T23:37:58","modified_gmt":"2025-03-15T23:37:58","slug":"presenca-de-sao-jose-volumes-5-e-6","status":"publish","type":"product","link":"https:\/\/www.irdin.org.br\/site\/produtos\/presenca-de-sao-jose-volumes-5-e-6\/","title":{"rendered":"Presen\u00e7a de S\u00e3o Jos\u00e9 &#8211; Volumes 5 e 6"},"content":{"rendered":"<p><em>O que lhes digo, filhos, \u00e9 mais do que uma instru\u00e7\u00e3o, \u00e9 um clamor para o despertar, porque poucos compreendem verdadeiramente a urg\u00eancia dos tempos.<\/em><\/p>\n<p><strong>Faixas:<\/strong><\/p>\n<p><span data-href=\"https:\/\/www.irdin.org.br\/site\/envios\/audios\/2867_0032__por_por__a_indiferenca_no_coracao_humano.mp3\" data-title=\"01 - a indiferen\u00e7a no cora\u00e7\u00e3o humano\" data-rel=\"\" data-target=\"\" data-meta=\"#fap-meta-69e1833a78838\" class=\"fap-single-track fap-track-button fap-play-button\" data-enqueue=\"no\" data-autoenqueue=\"no\" title=\"01 - a indiferen\u00e7a no cora\u00e7\u00e3o humano\"><span class=\"fap-icon-play\"><\/span>Ouvir<\/span> <a class=\"baixar\" href=\"https:\/\/www.irdin.org.br\/site\/envios\/audios\/2867_0032__por_por__a_indiferenca_no_coracao_humano.mp3\" download=\"\">Baixar<\/a> <span class=\"textobaixar\"> 01 &#8211; a indiferen\u00e7a no cora\u00e7\u00e3o humano<\/span><br \/>\n<span data-href=\"https:\/\/www.irdin.org.br\/site\/envios\/audios\/2867_0033__por_por__rumo_a_reconstrucao_espiritual_da_terra.mp3\" data-title=\"02 - rumo \u00e0 reconstru\u00e7\u00e3o espiritual da terra\" data-rel=\"\" data-target=\"\" data-meta=\"#fap-meta-69e1833a78951\" class=\"fap-single-track fap-track-button fap-play-button\" data-enqueue=\"no\" data-autoenqueue=\"no\" title=\"02 - rumo \u00e0 reconstru\u00e7\u00e3o espiritual da terra\"><span class=\"fap-icon-play\"><\/span>Ouvir<\/span> <a class=\"baixar\" href=\"https:\/\/www.irdin.org.br\/site\/envios\/audios\/2867_0033__por_por__rumo_a_reconstrucao_espiritual_da_terra.mp3\" download=\"\">Baixar<\/a> <span class=\"textobaixar\"> 02 &#8211; rumo \u00e0 reconstru\u00e7\u00e3o espiritual da terra<\/span><br \/>\n<span data-href=\"https:\/\/www.irdin.org.br\/site\/envios\/audios\/2867_0024__por_por__humildade_liberdade_e_alegria.mp3\" data-title=\"03 - humildade, liberdade e alegria\" data-rel=\"\" data-target=\"\" data-meta=\"#fap-meta-69e1833a78a4d\" class=\"fap-single-track fap-track-button fap-play-button\" data-enqueue=\"no\" data-autoenqueue=\"no\" title=\"03 - humildade, liberdade e alegria\"><span class=\"fap-icon-play\"><\/span>Ouvir<\/span> <a class=\"baixar\" href=\"https:\/\/www.irdin.org.br\/site\/envios\/audios\/2867_0024__por_por__humildade_liberdade_e_alegria.mp3\" download=\"\">Baixar<\/a> <span class=\"textobaixar\"> 03 &#8211; humildade, liberdade e alegria<\/span><br \/>\n<span data-href=\"https:\/\/www.irdin.org.br\/site\/envios\/audios\/2867_0034__por_por__sao_jose_e_o_despertar_dos_nossos_dons.mp3\" data-title=\"04 - s\u00e3o jos\u00e9 e o despertar dos nossos dons\" data-rel=\"\" data-target=\"\" data-meta=\"#fap-meta-69e1833a78b50\" class=\"fap-single-track fap-track-button fap-play-button\" data-enqueue=\"no\" data-autoenqueue=\"no\" title=\"04 - s\u00e3o jos\u00e9 e o despertar dos nossos dons\"><span class=\"fap-icon-play\"><\/span>Ouvir<\/span> <a class=\"baixar\" href=\"https:\/\/www.irdin.org.br\/site\/envios\/audios\/2867_0034__por_por__sao_jose_e_o_despertar_dos_nossos_dons.mp3\" download=\"\">Baixar<\/a> <span class=\"textobaixar\"> 04 &#8211; s\u00e3o jos\u00e9 e o despertar dos nossos dons<\/span><br \/>\n<span data-href=\"https:\/\/www.irdin.org.br\/site\/envios\/audios\/2867_0025__por_por__mensagem_para_adultos.mp3\" data-title=\"05 - mensagem para adultos\" data-rel=\"\" data-target=\"\" data-meta=\"#fap-meta-69e1833a78c34\" class=\"fap-single-track fap-track-button fap-play-button\" data-enqueue=\"no\" data-autoenqueue=\"no\" title=\"05 - mensagem para adultos\"><span class=\"fap-icon-play\"><\/span>Ouvir<\/span> <a class=\"baixar\" href=\"https:\/\/www.irdin.org.br\/site\/envios\/audios\/2867_0025__por_por__mensagem_para_adultos.mp3\" download=\"\">Baixar<\/a> <span class=\"textobaixar\"> 05 &#8211; mensagem para adultos<\/span><br \/>\n<span data-href=\"https:\/\/www.irdin.org.br\/site\/envios\/audios\/2867_0026__por_por__crescer_em_amor.mp3\" data-title=\"06 - crescer em amor\" data-rel=\"\" data-target=\"\" data-meta=\"#fap-meta-69e1833a78cee\" class=\"fap-single-track fap-track-button fap-play-button\" data-enqueue=\"no\" data-autoenqueue=\"no\" title=\"06 - crescer em amor\"><span class=\"fap-icon-play\"><\/span>Ouvir<\/span> <a class=\"baixar\" href=\"https:\/\/www.irdin.org.br\/site\/envios\/audios\/2867_0026__por_por__crescer_em_amor.mp3\" download=\"\">Baixar<\/a> <span class=\"textobaixar\"> 06 &#8211; crescer em amor<\/span><br \/>\n<span data-href=\"https:\/\/www.irdin.org.br\/site\/envios\/audios\/2867_0035__por_por__a_verdade_sobre_o_amor.mp3\" data-title=\"07 - a verdade sobre o amor\" data-rel=\"\" data-target=\"\" data-meta=\"#fap-meta-69e1833a78d9e\" class=\"fap-single-track fap-track-button fap-play-button\" data-enqueue=\"no\" data-autoenqueue=\"no\" title=\"07 - a verdade sobre o amor\"><span class=\"fap-icon-play\"><\/span>Ouvir<\/span> <a class=\"baixar\" href=\"https:\/\/www.irdin.org.br\/site\/envios\/audios\/2867_0035__por_por__a_verdade_sobre_o_amor.mp3\" download=\"\">Baixar<\/a> <span class=\"textobaixar\"> 07 &#8211; a verdade sobre o amor<\/span><br \/>\n<span data-href=\"https:\/\/www.irdin.org.br\/site\/envios\/audios\/2867_0027__por_por__nosso_mundo_interior_em_expansao.mp3\" data-title=\"08 - nosso mundo interior em expans\u00e3o\" data-rel=\"\" data-target=\"\" data-meta=\"#fap-meta-69e1833a78e6b\" class=\"fap-single-track fap-track-button fap-play-button\" data-enqueue=\"no\" data-autoenqueue=\"no\" title=\"08 - nosso mundo interior em expans\u00e3o\"><span class=\"fap-icon-play\"><\/span>Ouvir<\/span> <a class=\"baixar\" href=\"https:\/\/www.irdin.org.br\/site\/envios\/audios\/2867_0027__por_por__nosso_mundo_interior_em_expansao.mp3\" download=\"\">Baixar<\/a> <span class=\"textobaixar\"> 08 &#8211; nosso mundo interior em expans\u00e3o<\/span><br \/>\n<span data-href=\"https:\/\/www.irdin.org.br\/site\/envios\/audios\/2867_0031__por_por__o_encontro_da_solidao_espiritual.mp3\" data-title=\"09 - o encontro da solid\u00e3o espiritual\" data-rel=\"\" data-target=\"\" data-meta=\"#fap-meta-69e1833a78f31\" class=\"fap-single-track fap-track-button fap-play-button\" data-enqueue=\"no\" data-autoenqueue=\"no\" title=\"09 - o encontro da solid\u00e3o espiritual\"><span class=\"fap-icon-play\"><\/span>Ouvir<\/span> <a class=\"baixar\" href=\"https:\/\/www.irdin.org.br\/site\/envios\/audios\/2867_0031__por_por__o_encontro_da_solidao_espiritual.mp3\" download=\"\">Baixar<\/a> <span class=\"textobaixar\"> 09 &#8211; o encontro da solid\u00e3o espiritual<\/span><br \/>\n<span data-href=\"https:\/\/www.irdin.org.br\/site\/envios\/audios\/2867_0029__por_por__a_necessidade_de_um_perdao_mundial.mp3\" data-title=\"10 - a necessidade de um perd\u00e3o mundial\" data-rel=\"\" data-target=\"\" data-meta=\"#fap-meta-69e1833a79043\" class=\"fap-single-track fap-track-button fap-play-button\" data-enqueue=\"no\" data-autoenqueue=\"no\" title=\"10 - a necessidade de um perd\u00e3o mundial\"><span class=\"fap-icon-play\"><\/span>Ouvir<\/span> <a class=\"baixar\" href=\"https:\/\/www.irdin.org.br\/site\/envios\/audios\/2867_0029__por_por__a_necessidade_de_um_perdao_mundial.mp3\" download=\"\">Baixar<\/a> <span class=\"textobaixar\"> 10 &#8211; a necessidade de um perd\u00e3o mundial<\/span><br \/>\n<span data-href=\"https:\/\/www.irdin.org.br\/site\/envios\/audios\/2867_0028__por_por__os_segredos_da_fe_e_da_vida_segundo_sao_jose.mp3\" data-title=\"11 - os segredos da f\u00e9 e da vida segundo s\u00e3o jos\u00e9\" data-rel=\"\" data-target=\"\" data-meta=\"#fap-meta-69e1833a79122\" class=\"fap-single-track fap-track-button fap-play-button\" data-enqueue=\"no\" data-autoenqueue=\"no\" title=\"11 - os segredos da f\u00e9 e da vida segundo s\u00e3o jos\u00e9\"><span class=\"fap-icon-play\"><\/span>Ouvir<\/span> <a class=\"baixar\" href=\"https:\/\/www.irdin.org.br\/site\/envios\/audios\/2867_0028__por_por__os_segredos_da_fe_e_da_vida_segundo_sao_jose.mp3\" download=\"\">Baixar<\/a> <span class=\"textobaixar\"> 11 &#8211; os segredos da f\u00e9 e da vida segundo s\u00e3o jos\u00e9<\/span><\/p>\n<p>&nbsp;<\/p>\n","protected":false},"excerpt":{"rendered":"<p>O que lhes digo, filhos, \u00e9 mais do que uma instru\u00e7\u00e3o, \u00e9 um clamor para o despertar, porque poucos compreendem<\/p>\n","protected":false},"featured_media":85446,"template":"","meta":{"_acf_changed":false},"product_brand":[],"product_cat":[18076,33109],"product_tag":[39189],"class_list":{"0":"post-82925","1":"product","2":"type-product","3":"status-publish","4":"has-post-thumbnail","6":"product_cat-cddvd","7":"product_cat-colecoes","8":"product_tag-39189","9":"pa_autor-trigueirinho","10":"pa_codigo-da-serie-24289","11":"pa_data-de-gravacao-33982","12":"pa_idioma-de-destino-portugues","13":"pa_lancamento-no","14":"pa_midia-cd","15":"pa_moac-39188","16":"pa_quantidade-de-saldo-33067","17":"pa_sequencial-da-serie-31878","18":"pa_tipo-de-traducao-nao-classificado","20":"first","21":"outofstock","22":"product-type-simple"},"acf":[],"_links":{"self":[{"href":"https:\/\/www.irdin.org.br\/site\/wp-json\/wp\/v2\/product\/82925","targetHints":{"allow":["GET"]}}],"collection":[{"href":"https:\/\/www.irdin.org.br\/site\/wp-json\/wp\/v2\/product"}],"about":[{"href":"https:\/\/www.irdin.org.br\/site\/wp-json\/wp\/v2\/types\/product"}],"version-history":[{"count":2,"href":"https:\/\/www.irdin.org.br\/site\/wp-json\/wp\/v2\/product\/82925\/revisions"}],"predecessor-version":[{"id":106703,"href":"https:\/\/www.irdin.org.br\/site\/wp-json\/wp\/v2\/product\/82925\/revisions\/106703"}],"wp:featuredmedia":[{"embeddable":true,"href":"https:\/\/www.irdin.org.br\/site\/wp-json\/wp\/v2\/media\/85446"}],"wp:attachment":[{"href":"https:\/\/www.irdin.org.br\/site\/wp-json\/wp\/v2\/media?parent=82925"}],"wp:term":[{"taxonomy":"product_brand","embeddable":true,"href":"https:\/\/www.irdin.org.br\/site\/wp-json\/wp\/v2\/product_brand?post=82925"},{"taxonomy":"product_cat","embeddable":true,"href":"https:\/\/www.irdin.org.br\/site\/wp-json\/wp\/v2\/product_cat?post=82925"},{"taxonomy":"product_tag","embeddable":true,"href":"https:\/\/www.irdin.org.br\/site\/wp-json\/wp\/v2\/product_tag?post=82925"}],"curies":[{"name":"wp","href":"https:\/\/api.w.org\/{rel}","templated":true}]}}