{"id":82927,"date":"2018-04-26T18:13:23","date_gmt":"2018-04-26T18:13:23","guid":{"rendered":"http:\/\/www.irdin.org.br\/site\/produto\/atributos-do-monasterio-pendrive\/"},"modified":"2026-04-05T15:07:48","modified_gmt":"2026-04-05T18:07:48","slug":"9788554410056","status":"publish","type":"product","link":"https:\/\/www.irdin.org.br\/site\/produtos\/9788554410056\/","title":{"rendered":"Atributos dos Monast\u00e9rios (Palestras em \u00e1udio &#8211; pendrive)"},"content":{"rendered":"<p><a style=\"text-decoration: none; width: 370px; height: 45px; line-height: 45px; padding: 0; margin: 0; text-align: center; font-weight: bold; vertical-align: middle; border: 1px dotted transparent; background-color: #a0ce4e; color: #000000;\" href=\"http:\/\/www.trigueirinho.org.br\/atributos-do-monasterio\/\" target=\"_blank\" rel=\"noopener\">Ouvir gratuitamente on-line<\/a><\/p>\n<p>No princ\u00edpio do nosso caminho espiritual, n\u00e3o sabermos o que na verdade somos. \u00c9 gradualmente que a nossa exist\u00eancia nos vai sendo revelada.<br \/>\nO pen drive &#8220;Atributos dos Monast\u00e9rios&#8221;, \u00e9 uma obra gravada que trata de 84 atributos, abordados em 80 palestras gravadas ao vivo, no per\u00edodo que se estende de 2000 a 2004.<br \/>\nOs Atributos dos Monast\u00e9rios da Ordem Gra\u00e7a e Miseric\u00f3rdia, apresentados nesta cole\u00e7\u00e3o em pen drive, s\u00e3o estrelas guias na busca espiritual. Iluminam nosso caminho, revelam-nos passos a dar e orientam-nos na tarefa de tornar a vida sagrada.<br \/>\nEstes \u00e1udios formam uma antologia de trechos selecionados de ensinamentos de Trigueirinho, gravados ao vivo,<br \/>\nna Comunidade-Luz Figueira do ano 2000 a 2016, e editados pelo pr\u00f3prio autor.<\/p>\n<p>&nbsp;<\/p>\n","protected":false},"excerpt":{"rendered":"<p>Ouvir gratuitamente on-line No princ\u00edpio do nosso caminho espiritual, n\u00e3o sabermos o que na verdade somos. \u00c9 gradualmente que a<\/p>\n","protected":false},"featured_media":86292,"template":"","meta":{"_acf_changed":false},"product_brand":[],"product_cat":[18076,33136],"product_tag":[39193],"class_list":{"0":"post-82927","1":"product","2":"type-product","3":"status-publish","4":"has-post-thumbnail","6":"product_cat-cddvd","7":"product_cat-pendrive","8":"product_tag-39193","9":"pa_autor-ordem-graca-misericordia","10":"pa_autor-trigueirinho","11":"pa_codigo-da-serie-33134","12":"pa_codigo-de-barras-33269","13":"pa_data-de-gravacao-25468","14":"pa_idioma-de-destino-portugues","15":"pa_lancamento-no","16":"pa_midia-pen-drive","17":"pa_moac-39192","18":"pa_quantidade-de-saldo-23847","19":"pa_sequencial-da-serie-31877","20":"pa_tipo-de-traducao-nao-classificado","22":"first","23":"instock","24":"purchasable","25":"product-type-simple"},"acf":[],"_links":{"self":[{"href":"https:\/\/www.irdin.org.br\/site\/wp-json\/wp\/v2\/product\/82927","targetHints":{"allow":["GET"]}}],"collection":[{"href":"https:\/\/www.irdin.org.br\/site\/wp-json\/wp\/v2\/product"}],"about":[{"href":"https:\/\/www.irdin.org.br\/site\/wp-json\/wp\/v2\/types\/product"}],"version-history":[{"count":3,"href":"https:\/\/www.irdin.org.br\/site\/wp-json\/wp\/v2\/product\/82927\/revisions"}],"predecessor-version":[{"id":89337,"href":"https:\/\/www.irdin.org.br\/site\/wp-json\/wp\/v2\/product\/82927\/revisions\/89337"}],"wp:featuredmedia":[{"embeddable":true,"href":"https:\/\/www.irdin.org.br\/site\/wp-json\/wp\/v2\/media\/86292"}],"wp:attachment":[{"href":"https:\/\/www.irdin.org.br\/site\/wp-json\/wp\/v2\/media?parent=82927"}],"wp:term":[{"taxonomy":"product_brand","embeddable":true,"href":"https:\/\/www.irdin.org.br\/site\/wp-json\/wp\/v2\/product_brand?post=82927"},{"taxonomy":"product_cat","embeddable":true,"href":"https:\/\/www.irdin.org.br\/site\/wp-json\/wp\/v2\/product_cat?post=82927"},{"taxonomy":"product_tag","embeddable":true,"href":"https:\/\/www.irdin.org.br\/site\/wp-json\/wp\/v2\/product_tag?post=82927"}],"curies":[{"name":"wp","href":"https:\/\/api.w.org\/{rel}","templated":true}]}}