{"id":82928,"date":"2018-04-26T18:13:23","date_gmt":"2018-04-26T18:13:23","guid":{"rendered":"http:\/\/www.irdin.org.br\/site\/produto\/o-despertar-da-vida-espiritual\/"},"modified":"2025-03-15T23:38:30","modified_gmt":"2025-03-15T23:38:30","slug":"o-despertar-da-vida-espiritual","status":"publish","type":"product","link":"https:\/\/www.irdin.org.br\/site\/produtos\/o-despertar-da-vida-espiritual\/","title":{"rendered":"O Despertar da Vida Espiritual (DVD)"},"content":{"rendered":"<p><em> Procurando atender aos que aspiram a compreender mais profundamente o ensinamento espiritual nos tempos de hoje e aplic\u00e1-lo na vida di\u00e1ria, Trigueirinho compartilha suas experi\u00eancias e reflex\u00f5es. Nesta palestra aborda como despertamos para a vida espiritual e a unimos \u00e0 vida mat\u00e9ria. O reconhecimento interior do que somos e do que viemos fazer neste planeta s\u00e3o chaves para vivermos conscientemente a transi\u00e7\u00e3o planet\u00e1ria.<\/em><\/p>\n<p><iframe loading=\"lazy\" title=\"Trigueirinho | O Despertar da Vida Espiritual\" width=\"500\" height=\"281\" src=\"https:\/\/www.youtube.com\/embed\/JS5dtGhwx4I?feature=oembed\" frameborder=\"0\" allow=\"accelerometer; autoplay; clipboard-write; encrypted-media; gyroscope; picture-in-picture; web-share\" referrerpolicy=\"strict-origin-when-cross-origin\" allowfullscreen><\/iframe><\/p>\n<p>&nbsp;<\/p>\n","protected":false},"excerpt":{"rendered":"<p>Procurando atender aos que aspiram a compreender mais profundamente o ensinamento espiritual nos tempos de hoje e aplic\u00e1-lo na vida<\/p>\n","protected":false},"featured_media":12036,"template":"","meta":{"_acf_changed":false},"product_brand":[],"product_cat":[18076,33109,33111],"product_tag":[39195],"class_list":{"0":"post-82928","1":"product","2":"type-product","3":"status-publish","4":"has-post-thumbnail","6":"product_cat-cddvd","7":"product_cat-colecoes","8":"product_cat-dvds","9":"product_tag-39195","10":"pa_autor-trigueirinho","11":"pa_codigo-da-serie-32815","12":"pa_idioma-de-destino-portugues","13":"pa_lancamento-no","14":"pa_midia-dvd","15":"pa_moac-39194","16":"pa_quantidade-de-saldo-33067","17":"pa_sequencial-da-serie-31873","18":"pa_tipo-de-traducao-nao-classificado","20":"first","21":"outofstock","22":"product-type-simple"},"acf":[],"_links":{"self":[{"href":"https:\/\/www.irdin.org.br\/site\/wp-json\/wp\/v2\/product\/82928","targetHints":{"allow":["GET"]}}],"collection":[{"href":"https:\/\/www.irdin.org.br\/site\/wp-json\/wp\/v2\/product"}],"about":[{"href":"https:\/\/www.irdin.org.br\/site\/wp-json\/wp\/v2\/types\/product"}],"version-history":[{"count":2,"href":"https:\/\/www.irdin.org.br\/site\/wp-json\/wp\/v2\/product\/82928\/revisions"}],"predecessor-version":[{"id":106701,"href":"https:\/\/www.irdin.org.br\/site\/wp-json\/wp\/v2\/product\/82928\/revisions\/106701"}],"wp:featuredmedia":[{"embeddable":true,"href":"https:\/\/www.irdin.org.br\/site\/wp-json\/wp\/v2\/media\/12036"}],"wp:attachment":[{"href":"https:\/\/www.irdin.org.br\/site\/wp-json\/wp\/v2\/media?parent=82928"}],"wp:term":[{"taxonomy":"product_brand","embeddable":true,"href":"https:\/\/www.irdin.org.br\/site\/wp-json\/wp\/v2\/product_brand?post=82928"},{"taxonomy":"product_cat","embeddable":true,"href":"https:\/\/www.irdin.org.br\/site\/wp-json\/wp\/v2\/product_cat?post=82928"},{"taxonomy":"product_tag","embeddable":true,"href":"https:\/\/www.irdin.org.br\/site\/wp-json\/wp\/v2\/product_tag?post=82928"}],"curies":[{"name":"wp","href":"https:\/\/api.w.org\/{rel}","templated":true}]}}