{"id":82931,"date":"2018-04-26T18:13:23","date_gmt":"2018-04-26T18:13:23","guid":{"rendered":"http:\/\/www.irdin.org.br\/site\/produto\/arvores-guardias\/"},"modified":"2020-08-24T19:31:58","modified_gmt":"2020-08-24T19:31:58","slug":"arvores-guardias","status":"publish","type":"product","link":"https:\/\/www.irdin.org.br\/site\/produtos\/arvores-guardias\/","title":{"rendered":"\u00c1rvores Guardi\u00e3s"},"content":{"rendered":"<p><a href=\"http:\/\/www.fraterinternacional.org\/trigueirinho-arvores-guardias\/\/\" target=\"_blank\" style=\"text-decoration: none;width: 370px;height: 45px;line-height: 45px;padding: 0;margin: 0;text-align: center;font-weight: bold;vertical-align: middle;border: 1px dotted transparent;background-color: #a0ce4e;color: #000000\">Assistir gratuitamente on-line<\/a><br \/>\n&nbsp;<br \/>\nAs \u00e1rvores doam harmonia a planeta, cobrindo de verde toda a sua superf\u00edcie.<br \/>\nAo crescerem para o alto, coligam a terra ao C\u00e9u; e ao penetrarem o ch\u00e3o com suas ra\u00edzes, trazem o C\u00e9u para a terra.<br \/>\nFazemos um trabalho semelhante quando oramos de cora\u00e7\u00e3o aberto.<br \/>\n&nbsp;<\/p>\n","protected":false},"excerpt":{"rendered":"<p>Assistir gratuitamente on-line &nbsp; As \u00e1rvores doam harmonia a planeta, cobrindo de verde toda a sua superf\u00edcie. Ao crescerem para<\/p>\n","protected":false},"featured_media":12042,"template":"","meta":{"_acf_changed":false},"product_brand":[],"product_cat":[18076,33111],"product_tag":[33718],"class_list":{"0":"post-82931","1":"product","2":"type-product","3":"status-publish","4":"has-post-thumbnail","6":"product_cat-cddvd","7":"product_cat-dvds","8":"product_tag-33718","9":"pa_autor-trigueirinho","10":"pa_codigo-da-serie-24398","11":"pa_codigo-externo-28830002porcd","12":"pa_data-de-gravacao-24400","13":"pa_duracao-69-min","14":"pa_idioma-de-destino-portugues","15":"pa_idioma-de-origem-portugues","16":"pa_lancamento-no","17":"pa_midia-dvd","18":"pa_moac-33717","19":"pa_quantidade-de-saldo-33067","20":"pa_sequencial-da-serie-31878","21":"pa_tipo-de-traducao-nao-classificado","23":"first","24":"outofstock","25":"product-type-simple"},"acf":[],"_links":{"self":[{"href":"https:\/\/www.irdin.org.br\/site\/wp-json\/wp\/v2\/product\/82931","targetHints":{"allow":["GET"]}}],"collection":[{"href":"https:\/\/www.irdin.org.br\/site\/wp-json\/wp\/v2\/product"}],"about":[{"href":"https:\/\/www.irdin.org.br\/site\/wp-json\/wp\/v2\/types\/product"}],"version-history":[{"count":1,"href":"https:\/\/www.irdin.org.br\/site\/wp-json\/wp\/v2\/product\/82931\/revisions"}],"predecessor-version":[{"id":86338,"href":"https:\/\/www.irdin.org.br\/site\/wp-json\/wp\/v2\/product\/82931\/revisions\/86338"}],"wp:featuredmedia":[{"embeddable":true,"href":"https:\/\/www.irdin.org.br\/site\/wp-json\/wp\/v2\/media\/12042"}],"wp:attachment":[{"href":"https:\/\/www.irdin.org.br\/site\/wp-json\/wp\/v2\/media?parent=82931"}],"wp:term":[{"taxonomy":"product_brand","embeddable":true,"href":"https:\/\/www.irdin.org.br\/site\/wp-json\/wp\/v2\/product_brand?post=82931"},{"taxonomy":"product_cat","embeddable":true,"href":"https:\/\/www.irdin.org.br\/site\/wp-json\/wp\/v2\/product_cat?post=82931"},{"taxonomy":"product_tag","embeddable":true,"href":"https:\/\/www.irdin.org.br\/site\/wp-json\/wp\/v2\/product_tag?post=82931"}],"curies":[{"name":"wp","href":"https:\/\/api.w.org\/{rel}","templated":true}]}}