{"id":82936,"date":"2018-04-26T18:13:23","date_gmt":"2018-04-26T18:13:23","guid":{"rendered":"http:\/\/www.irdin.org.br\/site\/produto\/ankar-el-templo-interior\/"},"modified":"2024-02-26T13:06:55","modified_gmt":"2024-02-26T13:06:55","slug":"ankar-el-templo-interior","status":"publish","type":"product","link":"https:\/\/www.irdin.org.br\/site\/produtos\/ankar-el-templo-interior\/","title":{"rendered":"Ankar &#8211; El Templo Interior"},"content":{"rendered":"<p><em>Este CD \u00e9 fruto do trabalho fraterno de um grupo que desde alguns anos estabelece contato com a consci\u00eancia do Retiros Intraterrenos e com seus habitantes. A essa Consci\u00eancias abnegadas, dedicamos humildemente esta obra. As letras e m\u00fasicas foram captadas interiormente, provem, por tanto, da inspira\u00e7\u00e3o interior. S\u00e3o express\u00f5es de um idioma interno, que repousa oculto nos idiomas ind\u00edgenas conhecidos.<\/em><\/p>\n<p>&nbsp;<br \/>\n<strong>Faixas:<\/strong><\/p>\n<p><span data-href=\"https:\/\/www.irdin.org.br\/site\/envios\/audios\/2856_0001__por_por__el_aguila_el_vuelo_el_viento.mp3\" data-title=\"01 - el aguila el vuelo el viento\" data-rel=\"\" data-target=\"\" data-meta=\"#fap-meta-69e1d2d975e9c\" class=\"fap-single-track fap-track-button fap-play-button\" data-enqueue=\"no\" data-autoenqueue=\"no\" title=\"01 - el aguila el vuelo el viento\"><span class=\"fap-icon-play\"><\/span>Ouvir<\/span> <a href=\"https:\/\/www.irdin.org.br\/site\/envios\/audios\/2856_0001__por_por__el_aguila_el_vuelo_el_viento.mp3\" class=\"baixar\" download><span class=\"fa fa-arrow-down\"><\/span>Baixar<\/span><\/a> <span class=\"textobaixar\"> 01 &#8211; el aguila el vuelo el viento<\/span><br \/>\n<span data-href=\"https:\/\/www.irdin.org.br\/site\/envios\/audios\/2856_0002__por_por__ovenobe.mp3\" data-title=\"02 - ovenobe\" data-rel=\"\" data-target=\"\" data-meta=\"#fap-meta-69e1d2d975f62\" class=\"fap-single-track fap-track-button fap-play-button\" data-enqueue=\"no\" data-autoenqueue=\"no\" title=\"02 - ovenobe\"><span class=\"fap-icon-play\"><\/span>Ouvir<\/span> <a href=\"https:\/\/www.irdin.org.br\/site\/envios\/audios\/2856_0002__por_por__ovenobe.mp3\" class=\"baixar\" download><span class=\"fa fa-arrow-down\"><\/span>Baixar<\/span><\/a> <span class=\"textobaixar\"> 02 &#8211; ovenobe<\/span><br \/>\n<span data-href=\"https:\/\/www.irdin.org.br\/site\/envios\/audios\/2856_0003__por_por__enturinah.mp3\" data-title=\"03 - enturinah\" data-rel=\"\" data-target=\"\" data-meta=\"#fap-meta-69e1d2d975fec\" class=\"fap-single-track fap-track-button fap-play-button\" data-enqueue=\"no\" data-autoenqueue=\"no\" title=\"03 - enturinah\"><span class=\"fap-icon-play\"><\/span>Ouvir<\/span> <a href=\"https:\/\/www.irdin.org.br\/site\/envios\/audios\/2856_0003__por_por__enturinah.mp3\" class=\"baixar\" download><span class=\"fa fa-arrow-down\"><\/span>Baixar<\/span><\/a> <span class=\"textobaixar\"> 03 &#8211; enturinah<\/span><br \/>\n<span data-href=\"https:\/\/www.irdin.org.br\/site\/envios\/audios\/2856_0004__por_por__kianu_shemene.mp3\" data-title=\"04 - kianu shemene\" data-rel=\"\" data-target=\"\" data-meta=\"#fap-meta-69e1d2d9760d6\" class=\"fap-single-track fap-track-button fap-play-button\" data-enqueue=\"no\" data-autoenqueue=\"no\" title=\"04 - kianu shemene\"><span class=\"fap-icon-play\"><\/span>Ouvir<\/span> <a href=\"https:\/\/www.irdin.org.br\/site\/envios\/audios\/2856_0004__por_por__kianu_shemene.mp3\" class=\"baixar\" download><span class=\"fa fa-arrow-down\"><\/span>Baixar<\/span><\/a> <span class=\"textobaixar\"> 04 &#8211; kianu shemene<\/span><br \/>\n<span data-href=\"https:\/\/www.irdin.org.br\/site\/envios\/audios\/2856_0005__por_po__umantove.mp3\" data-title=\"05 - umantove\" data-rel=\"\" data-target=\"\" data-meta=\"#fap-meta-69e1d2d9761f7\" class=\"fap-single-track fap-track-button fap-play-button\" data-enqueue=\"no\" data-autoenqueue=\"no\" title=\"05 - umantove\"><span class=\"fap-icon-play\"><\/span>Ouvir<\/span> <a href=\"https:\/\/www.irdin.org.br\/site\/envios\/audios\/2856_0005__por_po__umantove.mp3\" class=\"baixar\" download><span class=\"fa fa-arrow-down\"><\/span>Baixar<\/span><\/a> <span class=\"textobaixar\"> 05 &#8211; umantove<\/span><br \/>\n<span data-href=\"https:\/\/www.irdin.org.br\/site\/envios\/audios\/2856_0006__por_por__elei_elei_haua.mp3\" data-title=\"06 - elei elei haua\" data-rel=\"\" data-target=\"\" data-meta=\"#fap-meta-69e1d2d976288\" class=\"fap-single-track fap-track-button fap-play-button\" data-enqueue=\"no\" data-autoenqueue=\"no\" title=\"06 - elei elei haua\"><span class=\"fap-icon-play\"><\/span>Ouvir<\/span> <a href=\"https:\/\/www.irdin.org.br\/site\/envios\/audios\/2856_0006__por_por__elei_elei_haua.mp3\" class=\"baixar\" download><span class=\"fa fa-arrow-down\"><\/span>Baixar<\/span><\/a> <span class=\"textobaixar\"> 06 &#8211; elei elei haua<\/span><br \/>\n<span data-href=\"https:\/\/www.irdin.org.br\/site\/envios\/audios\/2856_0007__por_por__ipiruena_umun.mp3\" data-title=\"07 - ipiruena umun\" data-rel=\"\" data-target=\"\" data-meta=\"#fap-meta-69e1d2d976305\" class=\"fap-single-track fap-track-button fap-play-button\" data-enqueue=\"no\" data-autoenqueue=\"no\" title=\"07 - ipiruena umun\"><span class=\"fap-icon-play\"><\/span>Ouvir<\/span> <a href=\"https:\/\/www.irdin.org.br\/site\/envios\/audios\/2856_0007__por_por__ipiruena_umun.mp3\" class=\"baixar\" download><span class=\"fa fa-arrow-down\"><\/span>Baixar<\/span><\/a> <span class=\"textobaixar\"> 07 &#8211; ipiruena umun<\/span><br \/>\n<span data-href=\"https:\/\/www.irdin.org.br\/site\/envios\/audios\/2856_0008__por_por__waiki_semet.mp3\" data-title=\"08 - waiki semet\" data-rel=\"\" data-target=\"\" data-meta=\"#fap-meta-69e1d2d9763a9\" class=\"fap-single-track fap-track-button fap-play-button\" data-enqueue=\"no\" data-autoenqueue=\"no\" title=\"08 - waiki semet\"><span class=\"fap-icon-play\"><\/span>Ouvir<\/span> <a href=\"https:\/\/www.irdin.org.br\/site\/envios\/audios\/2856_0008__por_por__waiki_semet.mp3\" class=\"baixar\" download><span class=\"fa fa-arrow-down\"><\/span>Baixar<\/span><\/a> <span class=\"textobaixar\"> 08 &#8211; waiki semet<\/span><br \/>\n<span data-href=\"https:\/\/www.irdin.org.br\/site\/envios\/audios\/2856_0009__por_por__maestros_indigenas.mp3\" data-title=\"09 - maestros indigenas\" data-rel=\"\" data-target=\"\" data-meta=\"#fap-meta-69e1d2d97649d\" class=\"fap-single-track fap-track-button fap-play-button\" data-enqueue=\"no\" data-autoenqueue=\"no\" title=\"09 - maestros indigenas\"><span class=\"fap-icon-play\"><\/span>Ouvir<\/span> <a href=\"https:\/\/www.irdin.org.br\/site\/envios\/audios\/2856_0009__por_por__maestros_indigenas.mp3\" class=\"baixar\" download><span class=\"fa fa-arrow-down\"><\/span>Baixar<\/span><\/a> <span class=\"textobaixar\"> 09 &#8211; maestros indigenas<\/span><br \/>\n<span data-href=\"https:\/\/www.irdin.org.br\/site\/envios\/audios\/2856_0010__por_por__ankar.mp3\" data-title=\"10 - ankar\" data-rel=\"\" data-target=\"\" data-meta=\"#fap-meta-69e1d2d9765bf\" class=\"fap-single-track fap-track-button fap-play-button\" data-enqueue=\"no\" data-autoenqueue=\"no\" title=\"10 - ankar\"><span class=\"fap-icon-play\"><\/span>Ouvir<\/span> <a href=\"https:\/\/www.irdin.org.br\/site\/envios\/audios\/2856_0010__por_por__ankar.mp3\" class=\"baixar\" download><span class=\"fa fa-arrow-down\"><\/span>Baixar<\/span><\/a> <span class=\"textobaixar\"> 10 &#8211; ankar<\/span><\/p>\n<p><a class=\"pdf\" href=\"\/pdf\/Letras CD Ankar.pdf\" target=\"_blank\" rel=\"noopener\">Encarte das Letras<\/a><\/p>\n<p>&nbsp;<\/p>\n","protected":false},"excerpt":{"rendered":"<p>Este CD \u00e9 fruto do trabalho fraterno de um grupo que desde alguns anos estabelece contato com a consci\u00eancia do<\/p>\n","protected":false},"featured_media":86847,"template":"","meta":{"_acf_changed":false},"product_brand":[],"product_cat":[18076,33098],"product_tag":[39209],"class_list":{"0":"post-82936","1":"product","2":"type-product","3":"status-publish","4":"has-post-thumbnail","6":"product_cat-cddvd","7":"product_cat-musicas","8":"product_tag-39209","9":"pa_autor-coral-de-figueira","10":"pa_codigo-da-serie-33097","11":"pa_data-de-gravacao-24355","12":"pa_idioma-de-destino-espanhol","13":"pa_lancamento-no","14":"pa_midia-cd","15":"pa_moac-39208","16":"pa_quantidade-de-saldo-33067","17":"pa_sequencial-da-serie-31881","18":"pa_tipo-de-traducao-nao-classificado","20":"first","21":"outofstock","22":"product-type-simple"},"acf":[],"_links":{"self":[{"href":"https:\/\/www.irdin.org.br\/site\/wp-json\/wp\/v2\/product\/82936","targetHints":{"allow":["GET"]}}],"collection":[{"href":"https:\/\/www.irdin.org.br\/site\/wp-json\/wp\/v2\/product"}],"about":[{"href":"https:\/\/www.irdin.org.br\/site\/wp-json\/wp\/v2\/types\/product"}],"version-history":[{"count":0,"href":"https:\/\/www.irdin.org.br\/site\/wp-json\/wp\/v2\/product\/82936\/revisions"}],"wp:featuredmedia":[{"embeddable":true,"href":"https:\/\/www.irdin.org.br\/site\/wp-json\/wp\/v2\/media\/86847"}],"wp:attachment":[{"href":"https:\/\/www.irdin.org.br\/site\/wp-json\/wp\/v2\/media?parent=82936"}],"wp:term":[{"taxonomy":"product_brand","embeddable":true,"href":"https:\/\/www.irdin.org.br\/site\/wp-json\/wp\/v2\/product_brand?post=82936"},{"taxonomy":"product_cat","embeddable":true,"href":"https:\/\/www.irdin.org.br\/site\/wp-json\/wp\/v2\/product_cat?post=82936"},{"taxonomy":"product_tag","embeddable":true,"href":"https:\/\/www.irdin.org.br\/site\/wp-json\/wp\/v2\/product_tag?post=82936"}],"curies":[{"name":"wp","href":"https:\/\/api.w.org\/{rel}","templated":true}]}}