{"id":82939,"date":"2018-04-26T18:13:51","date_gmt":"2018-04-26T18:13:51","guid":{"rendered":"http:\/\/www.irdin.org.br\/site\/produto\/vida-em-signos-cosmicos\/"},"modified":"2019-12-12T18:34:18","modified_gmt":"2019-12-12T18:34:18","slug":"vida-em-signos-cosmicos","status":"publish","type":"product","link":"https:\/\/www.irdin.org.br\/site\/produtos\/vida-em-signos-cosmicos\/","title":{"rendered":"Vida em signos c\u00f3smicos"},"content":{"rendered":"<p><em>O ensinamento atual para aqueles cuja m\u00f4nada se coliga com planos extraterrestres.<\/em><\/p>\n<p>&nbsp;<br \/>\n<strong>Ou\u00e7a agora:<\/strong><\/p>\n<p><span data-href=\"https:\/\/www.irdin.org.br\/site\/envios\/audios\/0020_0003__por_por__vida_em_signos_cosmicos.mp3\" data-title=\"vida em signos c\u00f3smicos\" data-rel=\"\" data-target=\"\" data-meta=\"#fap-meta-6a0a3419bbfcd\" class=\"fap-single-track fap-track-button fap-play-button\" data-enqueue=\"no\" data-autoenqueue=\"no\" title=\"vida em signos c\u00f3smicos\"><span class=\"fap-icon-play\"><\/span>Ouvir<\/span> <a href=\"https:\/\/www.irdin.org.br\/site\/envios\/audios\/0020_0003__por_por__vida_em_signos_cosmicos.mp3\" class=\"baixar\" download><span class=\"fa fa-arrow-down\"><\/span>Baixar<\/span><\/a> <span class=\"textobaixar\"> vida em signos c\u00f3smicos<\/span><\/p>\n<p>&nbsp;<\/p>\n","protected":false},"excerpt":{"rendered":"<p>O ensinamento atual para aqueles cuja m\u00f4nada se coliga com planos extraterrestres. &nbsp; Ou\u00e7a agora: Baixar vida em signos c\u00f3smicos<\/p>\n","protected":false},"featured_media":37803,"template":"","meta":{"_acf_changed":false},"product_brand":[],"product_cat":[18076,33068],"product_tag":[39215],"class_list":{"0":"post-82939","1":"product","2":"type-product","3":"status-publish","4":"has-post-thumbnail","6":"product_cat-cddvd","7":"product_cat-palestras","8":"product_tag-39215","9":"pa_autor-trigueirinho","10":"pa_codigo-da-serie-32786","11":"pa_codigo-externo-00200003porcd","12":"pa_data-de-gravacao-20241","13":"pa_duracao-48min6s","14":"pa_idioma-de-destino-portugues","15":"pa_idioma-de-origem-portugues","16":"pa_lancamento-no","17":"pa_midia-cd","18":"pa_moac-39214","19":"pa_quantidade-de-saldo-33067","20":"pa_sequencial-da-serie-31879","21":"pa_tipo-de-traducao-nao-classificado","23":"first","24":"outofstock","25":"product-type-simple"},"acf":[],"_links":{"self":[{"href":"https:\/\/www.irdin.org.br\/site\/wp-json\/wp\/v2\/product\/82939","targetHints":{"allow":["GET"]}}],"collection":[{"href":"https:\/\/www.irdin.org.br\/site\/wp-json\/wp\/v2\/product"}],"about":[{"href":"https:\/\/www.irdin.org.br\/site\/wp-json\/wp\/v2\/types\/product"}],"version-history":[{"count":0,"href":"https:\/\/www.irdin.org.br\/site\/wp-json\/wp\/v2\/product\/82939\/revisions"}],"wp:featuredmedia":[{"embeddable":true,"href":"https:\/\/www.irdin.org.br\/site\/wp-json\/wp\/v2\/media\/37803"}],"wp:attachment":[{"href":"https:\/\/www.irdin.org.br\/site\/wp-json\/wp\/v2\/media?parent=82939"}],"wp:term":[{"taxonomy":"product_brand","embeddable":true,"href":"https:\/\/www.irdin.org.br\/site\/wp-json\/wp\/v2\/product_brand?post=82939"},{"taxonomy":"product_cat","embeddable":true,"href":"https:\/\/www.irdin.org.br\/site\/wp-json\/wp\/v2\/product_cat?post=82939"},{"taxonomy":"product_tag","embeddable":true,"href":"https:\/\/www.irdin.org.br\/site\/wp-json\/wp\/v2\/product_tag?post=82939"}],"curies":[{"name":"wp","href":"https:\/\/api.w.org\/{rel}","templated":true}]}}